{"id":118306,"date":"2026-03-24T04:03:39","date_gmt":"2026-03-24T04:03:39","guid":{"rendered":"https:\/\/soydeaqui.ddns.net\/pachuca\/index.php\/producto\/cargador-para-bateria-de-litio-de-18v-para-rotomartillo-dhp-482-sye-2\/"},"modified":"2026-03-24T04:03:42","modified_gmt":"2026-03-24T04:03:42","slug":"cargador-para-bateria-de-litio-de-18v-para-rotomartillo-dhp-482-sye-2","status":"publish","type":"product","link":"https:\/\/soydeaqui.ddns.net\/pachuca\/index.php\/producto\/cargador-para-bateria-de-litio-de-18v-para-rotomartillo-dhp-482-sye-2\/","title":{"rendered":"Cargador para bater\u00eda de litio de 18v para rotomartillo DHP-482-SYE"},"content":{"rendered":"<div style='width: 100%; max-width: 1200px; margin: 0 auto; font-family: sans-serif; line-height: 1.6; color: inherit;'>\n<div style='display: flex; flex-direction: column; gap: 20px;'>\n<div style='flex: 1 1 auto;'>\n<p style='margin: 0 0 15px 0; font-size: 15px; color: inherit;'>El cargador se comunica con la celda individual de la bater\u00eda con una CPU incorporada<\/p>\n<p style='margin: 0 0 15px 0; font-size: 15px; color: inherit;'>y luego controla la corriente&comma; el voltaje y la temperatura para una carga r\u00e1pida y \u00f3ptima<\/p>\n<p style='margin: 0 0 15px 0; font-size: 15px; color: inherit;'>Por lo tanto&comma; la bater\u00eda tiene una vida \u00fatil m\u00e1s larga&comma; ya que se puede cargar con<\/p>\n<p style='margin: 0 0 15px 0; font-size: 15px; color: inherit;'>el mejor m\u00e9todo y duraci\u00f3n<\/p>\n<\/p><\/div>\n<div style='flex: 1 1 auto;'>\n<p style='margin: 0 0 15px 0; font-size: 15px; color: inherit;'>Los cargadores de bater\u00edas Makita est\u00e1n dise\u00f1ados especialmente para ser compatibles con las bater\u00edas Makita correspondientes. Esto significa que cada cargador est\u00e1 dise\u00f1ado para proporcionar la corriente y el voltaje para cada modelo.<\/p>\n<p style='margin: 0 0 15px 0; font-size: 15px; color: inherit;'>Es importante destacar que no todos los cargadores Makita son compatibles con todas las bater\u00edas Makita. Makita ofrece una amplia variedad de bater\u00edas con diferentes capacidades y tecnolog\u00edas&comma; a continuaci\u00f3n se presenta una tabla de compatibilidad:<\/p>\n<div style='width: 100%; margin: 20px 0;'> <img style='width: 100%; height: auto; border: 1px solid rgba(150&comma;150&comma;150&comma;0.3); border-radius: 8px;' src='https:\/\/ftp3.syscom.mx\/usuarios\/mtopete\/Imagen%20Pagina\/Makita\/COMPATIBILIDAD%20MAKITA%20BAT.JPG' alt='Tabla de compatibilidad de bater\u00edas Makita'> <\/div>\n<p style='margin: 0 0 15px 0; font-size: 15px; color: inherit;'>Nota: La serie &#8216;G&#8217; es solo compatible con equipos que manejan bater\u00eda blanca de f\u00e1brica.<\/p>\n<\/p><\/div>\n<\/p><\/div>\n<\/p><\/div>\n","protected":false},"excerpt":{"rendered":"<p>Cargador para bater\u00eda de litio de 18v para rotomartillo DHP-482-SYE<\/p>\n","protected":false},"featured_media":32,"comment_status":"open","ping_status":"closed","template":"","meta":[],"product_brand":[],"product_cat":[245],"product_tag":[247,252,246],"class_list":{"0":"post-118306","1":"product","2":"type-product","3":"status-publish","4":"has-post-thumbnail","6":"product_cat-herramientas-de-instalacion","7":"product_tag-herramientas-de-instalacion","8":"product_tag-makita","9":"product_tag-torres-y-mastiles","11":"first","12":"outofstock","13":"sale","14":"shipping-taxable","15":"purchasable","16":"product-type-simple"},"_links":{"self":[{"href":"https:\/\/soydeaqui.ddns.net\/pachuca\/index.php\/wp-json\/wp\/v2\/product\/118306","targetHints":{"allow":["GET"]}}],"collection":[{"href":"https:\/\/soydeaqui.ddns.net\/pachuca\/index.php\/wp-json\/wp\/v2\/product"}],"about":[{"href":"https:\/\/soydeaqui.ddns.net\/pachuca\/index.php\/wp-json\/wp\/v2\/types\/product"}],"replies":[{"embeddable":true,"href":"https:\/\/soydeaqui.ddns.net\/pachuca\/index.php\/wp-json\/wp\/v2\/comments?post=118306"}],"wp:featuredmedia":[{"embeddable":true,"href":"https:\/\/soydeaqui.ddns.net\/pachuca\/index.php\/wp-json\/wp\/v2\/media\/32"}],"wp:attachment":[{"href":"https:\/\/soydeaqui.ddns.net\/pachuca\/index.php\/wp-json\/wp\/v2\/media?parent=118306"}],"wp:term":[{"taxonomy":"product_brand","embeddable":true,"href":"https:\/\/soydeaqui.ddns.net\/pachuca\/index.php\/wp-json\/wp\/v2\/product_brand?post=118306"},{"taxonomy":"product_cat","embeddable":true,"href":"https:\/\/soydeaqui.ddns.net\/pachuca\/index.php\/wp-json\/wp\/v2\/product_cat?post=118306"},{"taxonomy":"product_tag","embeddable":true,"href":"https:\/\/soydeaqui.ddns.net\/pachuca\/index.php\/wp-json\/wp\/v2\/product_tag?post=118306"}],"curies":[{"name":"wp","href":"https:\/\/api.w.org\/{rel}","templated":true}]}}