{"id":118302,"date":"2026-03-24T04:03:23","date_gmt":"2026-03-24T04:03:23","guid":{"rendered":"https:\/\/soydeaqui.ddns.net\/pachuca\/index.php\/producto\/cargador-para-bateria-de-litio-makita-de-12v\/"},"modified":"2026-03-24T04:03:37","modified_gmt":"2026-03-24T04:03:37","slug":"cargador-para-bateria-de-litio-makita-de-12v","status":"publish","type":"product","link":"https:\/\/soydeaqui.ddns.net\/pachuca\/index.php\/producto\/cargador-para-bateria-de-litio-makita-de-12v\/","title":{"rendered":"Cargador para bater\u00eda de litio Makita de 12v."},"content":{"rendered":"<div style='width: 100%; max-width: 1200px; margin: 0 auto; font-family: sans-serif; line-height: 1.6; color: inherit; background-color: transparent;'>\n<div style='display: flex; flex-wrap: wrap; gap: 30px; margin-bottom: 30px;'>\n<div style='flex: 1 1 300px; min-width: 280px;'>\n<h3 style='font-size: 22px; border-bottom: 2px solid currentColor; padding-bottom: 5px; margin-top: 0; color: inherit; opacity: 0.8;'>Caracter\u00edsticas<\/h3>\n<ul style='padding-left: 20px; font-size: 15px; color: inherit;'>\n<li style='margin-bottom: 5px;'><strong style='color: #008290;'>TECNOLOG\u00cdA<\/strong>: Optimiza la vida de la bater\u00eda y controla activamente corriente&comma; voltaje y temperatura<\/li>\n<li style='margin-bottom: 5px;'><strong style='color: #008290;'>EFICIENCIA<\/strong>: Carga una bater\u00eda Litio-Ion 12V max 1.5Ah en 22 min.<\/li>\n<li style='margin-bottom: 5px;'><strong style='color: #008290;'>INNOVACI\u00d3N<\/strong>: Se comunica con el chip integrado en la bater\u00eda durante el proceso de carga para optimizar la vida de la bater\u00eda<\/li>\n<li style='margin-bottom: 5px;'><strong style='color: #008290;'>CONVENIENCIA<\/strong>: Luces indicadoras de estado de carga indican el tiempo que llevar\u00e1 cargar una bater\u00eda.<\/li>\n<li style='margin-bottom: 5px;'><strong style='color: #008290;'>INCLUYE<\/strong>: S\u00f3lo cargador (no incluye bater\u00eda)<\/li>\n<\/ul><\/div>\n<\/p><\/div>\n<div style='display: flex; flex-wrap: wrap; gap: 30px; margin-bottom: 30px;'>\n<div style='flex: 1 1 300px; min-width: 280px;'>\n<p style='margin: 0 0 15px; font-size: 15px; color: inherit;'>Compatible con bater\u00edas: BL1016&comma; BL1021B y BL1041B.<\/p>\n<p style='margin: 0 0 15px; font-size: 15px; color: inherit;'>Los cargadores de bater\u00edas Makita est\u00e1n dise\u00f1ados especialmente para ser compatibles con las bater\u00edas Makita correspondientes. Esto significa que cada cargador est\u00e1 dise\u00f1ado para proporcionar la corriente y el voltaje para cada modelo.<\/p>\n<p style='margin: 0 0 15px; font-size: 15px; color: inherit;'>Es importante destacar que no todos los cargadores Makita son compatibles con todas las bater\u00edas Makita. Makita ofrece una amplia variedad de bater\u00edas con diferentes capacidades y tecnolog\u00edas.<\/p>\n<\/p><\/div>\n<\/p><\/div>\n<div style='display: flex; flex-wrap: wrap; gap: 30px; margin-bottom: 30px;'>\n<div style='flex: 1 1 300px; min-width: 280px;'> <img style='width: 100%; height: auto; border: 1px solid rgba(150&comma;150&comma;150&comma;0.3); border-radius: 8px;' src='https:\/\/ftp3.syscom.mx\/usuarios\/mtopete\/Imagen%20Pagina\/Makita\/COMPATIBILIDAD%20MAKITA%20BAT.JPG' alt=''> <\/div>\n<\/p><\/div>\n<div style='display: flex; flex-wrap: wrap; gap: 30px;'>\n<div style='flex: 1 1 300px; min-width: 280px;'>\n<p style='margin: 0 0 15px; font-size: 15px; color: inherit;'>Nota: La serie &#8216;G&#8217; es solo compatible con equipos que manejan bater\u00eda blanca de f\u00e1brica.<\/p>\n<\/p><\/div>\n<\/p><\/div>\n<\/p><\/div>\n","protected":false},"excerpt":{"rendered":"<p>Cargador para bater\u00eda de litio Makita de 12v.<\/p>\n","protected":false},"featured_media":118301,"comment_status":"open","ping_status":"closed","template":"","meta":[],"product_brand":[],"product_cat":[130],"product_tag":[25,131,252],"class_list":{"0":"post-118302","1":"product","2":"type-product","3":"status-publish","4":"has-post-thumbnail","6":"product_cat-herramientas-electricas","7":"product_tag-herramientas","8":"product_tag-herramientas-electricas","9":"product_tag-makita","11":"first","12":"outofstock","13":"sale","14":"shipping-taxable","15":"purchasable","16":"product-type-simple"},"_links":{"self":[{"href":"https:\/\/soydeaqui.ddns.net\/pachuca\/index.php\/wp-json\/wp\/v2\/product\/118302","targetHints":{"allow":["GET"]}}],"collection":[{"href":"https:\/\/soydeaqui.ddns.net\/pachuca\/index.php\/wp-json\/wp\/v2\/product"}],"about":[{"href":"https:\/\/soydeaqui.ddns.net\/pachuca\/index.php\/wp-json\/wp\/v2\/types\/product"}],"replies":[{"embeddable":true,"href":"https:\/\/soydeaqui.ddns.net\/pachuca\/index.php\/wp-json\/wp\/v2\/comments?post=118302"}],"wp:featuredmedia":[{"embeddable":true,"href":"https:\/\/soydeaqui.ddns.net\/pachuca\/index.php\/wp-json\/wp\/v2\/media\/118301"}],"wp:attachment":[{"href":"https:\/\/soydeaqui.ddns.net\/pachuca\/index.php\/wp-json\/wp\/v2\/media?parent=118302"}],"wp:term":[{"taxonomy":"product_brand","embeddable":true,"href":"https:\/\/soydeaqui.ddns.net\/pachuca\/index.php\/wp-json\/wp\/v2\/product_brand?post=118302"},{"taxonomy":"product_cat","embeddable":true,"href":"https:\/\/soydeaqui.ddns.net\/pachuca\/index.php\/wp-json\/wp\/v2\/product_cat?post=118302"},{"taxonomy":"product_tag","embeddable":true,"href":"https:\/\/soydeaqui.ddns.net\/pachuca\/index.php\/wp-json\/wp\/v2\/product_tag?post=118302"}],"curies":[{"name":"wp","href":"https:\/\/api.w.org\/{rel}","templated":true}]}}