{"id":118241,"date":"2026-03-24T04:00:05","date_gmt":"2026-03-24T04:00:05","guid":{"rendered":"https:\/\/soydeaqui.ddns.net\/pachuca\/index.php\/producto\/ptz-turbohd-2-megapixel-1080p-25x-zoom-100-mts-ir-exir-exterior-ip66-wdr-120-db-rs-485-ultra-baja-iluminacion-2\/"},"modified":"2026-03-24T04:00:21","modified_gmt":"2026-03-24T04:00:21","slug":"ptz-turbohd-2-megapixel-1080p-25x-zoom-100-mts-ir-exir-exterior-ip66-wdr-120-db-rs-485-ultra-baja-iluminacion-2","status":"publish","type":"product","link":"https:\/\/soydeaqui.ddns.net\/pachuca\/index.php\/producto\/ptz-turbohd-2-megapixel-1080p-25x-zoom-100-mts-ir-exir-exterior-ip66-wdr-120-db-rs-485-ultra-baja-iluminacion-2\/","title":{"rendered":"PTZ TurboHD 2 Megapixel (1080P) \/ 25X Zoom \/ 100 mts IR EXIR \/ Exterior IP66 \/ WDR 120 dB \/ RS-485 \/ Ultra Baja Iluminaci\u00f3n"},"content":{"rendered":"<div style='width: 100%; max-width: 1200px; margin: 0 auto; font-family: sans-serif; line-height: 1.6; color: inherit; background-color: transparent;'>\n<p style='text-align: center; margin: 20px 0;'><img style='width: 100%; max-width: 400px; height: auto; border: 1px solid rgba(150&comma;150&comma;150&comma;0.3); border-radius: 8px;' src='https:\/\/ftp3.syscom.mx\/usuarios\/jsosa\/HIKVISION\/imagenes\/logo\/hikvision%20see%20far.png' alt='Logo Hikvision' \/><\/p>\n<div style='display: flex; flex-wrap: wrap; gap: 30px; margin-bottom: 30px;'> <!-- Caracter\u00edsticas principales --> <\/p>\n<div style='flex: 1 1 300px; min-width: 280px;'>\n<h3 style='font-size: 22px; border-bottom: 2px solid currentColor; padding-bottom: 5px; margin-top: 0; color: inherit; opacity: 0.8;'>Caracter\u00edsticas principales<\/h3>\n<ul style='padding-left: 20px; font-size: 15px; color: inherit;'>\n<li style='margin-bottom: 5px;'><strong>Resoluci\u00f3n m\u00e1xima:<\/strong> 2 Megapixel (1920 x 1080)<\/li>\n<li style='margin-bottom: 5px;'><strong>Iluminaci\u00f3n m\u00ednima Color:<\/strong> 0.005 Lux (F1.6&comma; AGC ON)<\/li>\n<li style='margin-bottom: 5px;'><strong>Iluminaci\u00f3n m\u00ednima B\/N:<\/strong> 0.001 Lux (F1.6&comma; AGC ON)<\/li>\n<li style='margin-bottom: 5px;'><strong>Funciones:<\/strong> WDR 120dB \/ 3D-DNR \/ BLC \/ HLC \/ EIS<\/li>\n<li style='margin-bottom: 5px;'><strong>Distancia Focal:<\/strong> 4.8 a 120 mm (25X Zoom \u00f3ptico \/ 16X Zoom digital)<\/li>\n<li style='margin-bottom: 5px;'><strong>Distancia de Infrarrojos:<\/strong> 100 mts IR (visi\u00f3n nocturna)<\/li>\n<li style='margin-bottom: 5px;'><strong>Soporta puertos:<\/strong> RS-485 (anal\u00f3gica) y COAXITRON (TURBOHD)<\/li>\n<\/ul><\/div>\n<p> <!-- Caracter\u00edsticas F\u00edsicas y El\u00e9ctricas --> <\/p>\n<div style='flex: 1 1 300px; min-width: 280px;'>\n<h3 style='font-size: 22px; border-bottom: 2px solid currentColor; padding-bottom: 5px; margin-top: 0; color: inherit; opacity: 0.8;'>Caracter\u00edsticas F\u00edsicas y El\u00e9ctricas<\/h3>\n<ul style='padding-left: 20px; font-size: 15px; color: inherit;'>\n<li style='margin-bottom: 5px;'><strong>Alimentaci\u00f3n:<\/strong> 12 Vcc \/ 24 Watts (fuente incluida)<\/li>\n<li style='margin-bottom: 5px;'><strong>Temperatura de operaci\u00f3n:<\/strong> -30\u00ba a 65\u00ba C<\/li>\n<li style='margin-bottom: 5px;'><strong>Protecci\u00f3n:<\/strong> Interior &#8211; Exterior (IP66)<\/li>\n<li style='margin-bottom: 5px;'><strong>Dimensiones:<\/strong> 164.5 x 295 mm<\/li>\n<li style='margin-bottom: 5px;'><strong>Peso:<\/strong> 2 Kgs<\/li>\n<li style='margin-bottom: 5px;'><strong>El PTZ incluye:<\/strong> brazo de pared <a href='https:\/\/www.syscom.mx\/producto\/DS-1618ZJ-HIKVISION-69383.html' target='_blank' rel='noopener' style='color: inherit; text-decoration: underline;'>DS-1618ZJ<\/a> y fuente de poder<\/li>\n<li style='margin-bottom: 5px;'><strong>Recomendaci\u00f3n:<\/strong> Para cuestiones de inducci\u00f3n se recomienda colocar el cople <a href='https:\/\/www.syscom.mx\/producto\/DS-1601ZJ-CP-Syscom-78253.html' target='_blank' rel='noopener' style='color: inherit; text-decoration: underline;'>DS-1601ZJ-CP<\/a> para aislar el PTZ del brazo de pared y prevenir fallas<\/li>\n<\/ul>\n<h4 style='font-size: 18px; margin-top: 20px; margin-bottom: 10px; color: inherit;'>Accesorios:<\/h4>\n<ul style='padding-left: 20px; font-size: 14px; color: inherit;'>\n<li style='margin-bottom: 5px;'>Montaje de pared para interior o exterior&comma; modelo: <a href='https:\/\/www.syscom.mx\/producto\/DS-1602ZJ-HIKVISION-77700.html' target='_blank' rel='noopener' style='color: inherit; text-decoration: underline;'>DS-1602ZJ<\/a><\/li>\n<li style='margin-bottom: 5px;'>Montaje de pared para interior o exterior&comma; modelo: <a href='https:\/\/www.syscom.mx\/producto\/DS-1602ZJ-HIKVISION-77700.html' target='_blank' rel='noopener' style='color: inherit; text-decoration: underline;'>DS-1602ZJ-Conner<\/a><\/li>\n<li style='margin-bottom: 5px;'>Montaje de poste vertical&comma; modelo: <a href='https:\/\/www.syscom.mx\/producto\/DS-1602ZJ-POLE-HIKVISION-78569.html' target='_blank' rel='noopener' style='color: inherit; text-decoration: underline;'>DS-1602ZJ-Pole<\/a><\/li>\n<li style='margin-bottom: 5px;'>Montaje de Pared con Caja de Conexiones&comma; modelo: <a href='https:\/\/www.syscom.mx\/producto\/DS-1602ZJ-BOX-HIKVISION-78425.html' target='_blank' rel='noopener' style='color: inherit; text-decoration: underline;'>DS-1602ZJ-Box<\/a><\/li>\n<li style='margin-bottom: 5px;'>Montaje de Techo sin tubo&comma; modelo: <a href='https:\/\/www.syscom.mx\/producto\/DS-1663ZJ-HIKVISION-75318.html' target='_blank' rel='noopener' style='color: inherit; text-decoration: underline;'>DS-1663ZJ<\/a><\/li>\n<li style='margin-bottom: 5px;'>Montaje de Techo tipo tubo&comma; modelo: <a href='https:\/\/www.syscom.mx\/producto\/DS-1661ZJ-HIKVISION-69425.html' target='_blank' rel='noopener' style='color: inherit; text-decoration: underline;'>DS-1661ZJ<\/a><\/li>\n<li style='margin-bottom: 5px;'>Montaje de Techo tipo tubo&comma; modelo: <a href='https:\/\/www.syscom.mx\/producto\/DS-1662ZJ-HIKVISION-69426.html' target='_blank' rel='noopener' style='color: inherit; text-decoration: underline;'>DS-1662ZJ<\/a><\/li>\n<li style='margin-bottom: 5px;'>Montaje Tipo Ganzo&comma; modelo: <a href='https:\/\/www.syscom.mx\/producto\/DS-1619ZJ-HIKVISION-84690.html' target='_blank' rel='noopener' style='color: inherit; text-decoration: underline;'>DS-1619ZJ<\/a><\/li>\n<\/ul><\/div>\n<p> <!-- Caracter\u00edsticas Generales --> <\/p>\n<div style='flex: 1 1 300px; min-width: 280px;'>\n<h3 style='font-size: 22px; border-bottom: 2px solid currentColor; padding-bottom: 5px; margin-top: 0; color: inherit; opacity: 0.8;'>Caracter\u00edsticas Generales<\/h3>\n<ul style='padding-left: 20px; font-size: 15px; color: inherit;'>\n<li style='margin-bottom: 5px;'><strong>Pan:<\/strong> 360\u00ba<\/li>\n<li style='margin-bottom: 5px;'><strong>Tilt:<\/strong> -15\u00ba a 90\u00ba<\/li>\n<li style='margin-bottom: 5px;'><strong>Preset:<\/strong> 256<\/li>\n<li style='margin-bottom: 5px;'><strong>Patrol:<\/strong> 10 (32 Preset cada uno)<\/li>\n<li style='margin-bottom: 5px;'><strong>Pattern:<\/strong> 5 (10 minutos de grabaci\u00f3n m\u00e1ximo)<\/li>\n<li style='margin-bottom: 5px;'><strong>Soporta:<\/strong> tareas calendarizadas<\/li>\n<li style='margin-bottom: 5px;'><strong>Protocolos:<\/strong> HIKVISION \/ Pelco-P \/ Pelco-D<\/li>\n<li style='margin-bottom: 5px;'><strong>Nota:<\/strong> \u00danicamente soporta tecnolog\u00eda TVI<\/li>\n<\/ul><\/div>\n<\/p><\/div>\n<p> <!-- Consideraciones --> <\/p>\n<div style='margin-bottom: 30px;'>\n<h3 style='font-size: 22px; border-bottom: 2px solid currentColor; padding-bottom: 5px; margin-top: 0; color: inherit; opacity: 0.8;'>Consideraciones<\/h3>\n<p style='font-size: 15px; color: inherit;'>No hay consideraciones espec\u00edficas mencionadas en la documentaci\u00f3n.<\/p>\n<\/p><\/div>\n<p> <!-- Recursos --> <\/p>\n<div style='margin-bottom: 30px;'>\n<h2 style='text-align: center; font-size: 24px; margin-bottom: 20px; color: inherit;'>Recursos<\/h2>\n<div style='display: flex; flex-wrap: wrap; justify-content: center; gap: 20px; margin-bottom: 30px;'>\n<div style='flex: 1 1 200px; min-width: 180px; text-align: center;'> <a href='https:\/\/www.hikvision.com\/es-la\/support\/download\/software\/ivms4200-series\/?q=serie%20ivms4200&#038;position=1' target='_blank' rel='noopener' style='color: inherit; text-decoration: none;'> <img style='width: 100%; max-width: 200px; height: auto; border: 1px solid rgba(150&comma;150&comma;150&comma;0.3); border-radius: 8px;' src='https:\/\/ftp3.syscom.mx\/usuarios\/gmagos\/HIK\/IP\/IPC\/Imagenes%20pagina\/Descargas%20IVMS4200.jpg' alt='IVMS4200' \/> <\/p>\n<p style='margin-top: 10px; font-size: 14px;'>Descargar IVMS4200<\/p>\n<p> <\/a> <\/div>\n<div style='flex: 1 1 200px; min-width: 180px; text-align: center;'> <a href='https:\/\/appstore.hikvision.com\/' target='_blank' rel='noopener' style='color: inherit; text-decoration: none;'> <img style='width: 100%; max-width: 200px; height: auto; border: 1px solid rgba(150&comma;150&comma;150&comma;0.3); border-radius: 8px;' src='https:\/\/ftp3.syscom.mx\/usuarios\/gmagos\/HIK\/IP\/IPC\/Imagenes%20pagina\/Descargas%20de%20app.jpg' alt='App Hikvision' \/> <\/p>\n<p style='margin-top: 10px; font-size: 14px;'>Descargar App Hikvision<\/p>\n<p> <\/a> <\/div>\n<div style='flex: 1 1 200px; min-width: 180px; text-align: center;'> <a href='https:\/\/ftp3.syscom.mx\/usuarios\/ftp\/2022\/03\/11\/f7058\/Especificaci%C3%B3nes%20T%C3%A9cnicas%20-%20DS-2AE4225TI-D(E).pdf' target='_blank' rel='noopener' style='color: inherit; text-decoration: none;'> <img style='width: 100%; max-width: 200px; height: auto; border: 1px solid rgba(150&comma;150&comma;150&comma;0.3); border-radius: 8px;' src='https:\/\/ftp3.syscom.mx\/usuarios\/gmagos\/HIK\/IP\/IPC\/Imagenes%20pagina\/Descarga%20de%20PDF.jpg' alt='Especificaciones T\u00e9cnicas' \/> <\/p>\n<p style='margin-top: 10px; font-size: 14px;'>Especificaciones T\u00e9cnicas<\/p>\n<p> <\/a> <\/div>\n<\/p><\/div>\n<\/p><\/div>\n<p> <!-- Imagen adicional --> <\/p>\n<div style='margin-bottom: 30px;'>\n<p style='text-align: center; margin: 20px 0;'> <img style='width: 100%; max-width: 800px; height: auto; border: 1px solid rgba(150&comma;150&comma;150&comma;0.3); border-radius: 8px;' src='http:\/\/ftp3.syscom.mx\/usuarios\/jdelafuente\/EPCOM\/TURBO%20HD\/100%253.png' alt='Imagen adicional del producto' \/> <\/p>\n<\/p><\/div>\n<\/p><\/div>\n","protected":false},"excerpt":{"rendered":"<p>PTZ TurboHD 2 Megapixel (1080P) \/ 25X Zoom \/ 100 mts IR EXIR \/ Exterior IP66 \/ WDR 120 dB \/ RS-485 \/ Ultra Baja Iluminaci\u00f3n<\/p>\n","protected":false},"featured_media":118240,"comment_status":"open","ping_status":"closed","template":"","meta":[],"product_brand":[],"product_cat":[2344],"product_tag":[2255,54,1225],"class_list":{"0":"post-118241","1":"product","2":"type-product","3":"status-publish","4":"has-post-thumbnail","6":"product_cat-ptz-camaras-y-dvrs-hd-turbohd-ahd-hd-tvi","7":"product_tag-camaras-y-dvrs-hd-turbohd-ahd-hd-tvi","8":"product_tag-hikvision","9":"product_tag-ptz","11":"first","12":"instock","13":"sale","14":"shipping-taxable","15":"purchasable","16":"product-type-simple"},"_links":{"self":[{"href":"https:\/\/soydeaqui.ddns.net\/pachuca\/index.php\/wp-json\/wp\/v2\/product\/118241","targetHints":{"allow":["GET"]}}],"collection":[{"href":"https:\/\/soydeaqui.ddns.net\/pachuca\/index.php\/wp-json\/wp\/v2\/product"}],"about":[{"href":"https:\/\/soydeaqui.ddns.net\/pachuca\/index.php\/wp-json\/wp\/v2\/types\/product"}],"replies":[{"embeddable":true,"href":"https:\/\/soydeaqui.ddns.net\/pachuca\/index.php\/wp-json\/wp\/v2\/comments?post=118241"}],"wp:featuredmedia":[{"embeddable":true,"href":"https:\/\/soydeaqui.ddns.net\/pachuca\/index.php\/wp-json\/wp\/v2\/media\/118240"}],"wp:attachment":[{"href":"https:\/\/soydeaqui.ddns.net\/pachuca\/index.php\/wp-json\/wp\/v2\/media?parent=118241"}],"wp:term":[{"taxonomy":"product_brand","embeddable":true,"href":"https:\/\/soydeaqui.ddns.net\/pachuca\/index.php\/wp-json\/wp\/v2\/product_brand?post=118241"},{"taxonomy":"product_cat","embeddable":true,"href":"https:\/\/soydeaqui.ddns.net\/pachuca\/index.php\/wp-json\/wp\/v2\/product_cat?post=118241"},{"taxonomy":"product_tag","embeddable":true,"href":"https:\/\/soydeaqui.ddns.net\/pachuca\/index.php\/wp-json\/wp\/v2\/product_tag?post=118241"}],"curies":[{"name":"wp","href":"https:\/\/api.w.org\/{rel}","templated":true}]}}