{"id":118224,"date":"2026-03-24T03:59:07","date_gmt":"2026-03-24T03:59:07","guid":{"rendered":"https:\/\/soydeaqui.ddns.net\/pachuca\/index.php\/producto\/domo-ptz-turbohd-2-megapixel-1080p-25x-zoom-100-mts-ir-exir-exterior-ip66-wdr-120-db-rs-485-ultra-baja-iluminacion-recorridos-programados\/"},"modified":"2026-03-24T03:59:21","modified_gmt":"2026-03-24T03:59:21","slug":"domo-ptz-turbohd-2-megapixel-1080p-25x-zoom-100-mts-ir-exir-exterior-ip66-wdr-120-db-rs-485-ultra-baja-iluminacion-recorridos-programados","status":"publish","type":"product","link":"https:\/\/soydeaqui.ddns.net\/pachuca\/index.php\/producto\/domo-ptz-turbohd-2-megapixel-1080p-25x-zoom-100-mts-ir-exir-exterior-ip66-wdr-120-db-rs-485-ultra-baja-iluminacion-recorridos-programados\/","title":{"rendered":"Domo PTZ TurboHD 2 Megapixel (1080P) \/ 25X Zoom \/ 100 mts IR EXIR \/ Exterior IP66 \/ WDR 120 dB \/ RS-485 \/ Ultra Baja Iluminaci\u00f3n \/ Recorridos Programados"},"content":{"rendered":"<div style='width: 100%; max-width: 1200px; margin: 0 auto; font-family: sans-serif; line-height: 1.6; color: inherit; background-color: transparent;'> <!-- Imagen principal --> <\/p>\n<div style='text-align: center; margin-bottom: 30px;'> <img style='width: 100%; max-width: 540px; height: auto; border: 1px solid rgba(150&comma;150&comma;150&comma;0.3); border-radius: 8px;' src='https:\/\/ftp3.syscom.mx\/usuarios\/fotos\/D50TURBOZW\/157682-epcom-video-surv.png' alt=''> <\/div>\n<p> <!-- Secci\u00f3n de caracter\u00edsticas --> <\/p>\n<div style='display: flex; flex-wrap: wrap; gap: 30px; margin-bottom: 30px;'>\n<div style='flex: 1 1 300px; min-width: 280px;'>\n<h3 style='font-size: 22px; border-bottom: 2px solid currentColor; padding-bottom: 5px; margin-top: 0; color: inherit; opacity: 0.8;'>Caracter\u00edsticas principales<\/h3>\n<ul style='padding-left: 20px; font-size: 15px; color: inherit;'>\n<li style='margin-bottom: 5px;'>Resoluci\u00f3n m\u00e1xima: 2 Megapixel (1920 x 1080)<\/li>\n<li style='margin-bottom: 5px;'>Iluminaci\u00f3n m\u00ednima: Color 0.005 Lux (F1.6&comma; AGC ON)<\/li>\n<li style='margin-bottom: 5px;'>Iluminaci\u00f3n m\u00ednima: B\/N 0.001 Lux (F1.6&comma; AGC ON)<\/li>\n<li style='margin-bottom: 5px;'>Funciones: WDR 120dB \/ 3D-DNR \/ BLC \/ HLC \/ EIS<\/li>\n<li style='margin-bottom: 5px;'>Distancia Focal: 4.8 a 120 mm (25X Zoom \u00f3ptico \/ 16X Zoom digital)<\/li>\n<li style='margin-bottom: 5px;'>Distancia de Infrarrojos: 100 mts IR (visi\u00f3n nocturna)<\/li>\n<li style='margin-bottom: 5px;'>Soporta comunicaci\u00f3n RS-485 para control PTZ y COAXITRON en TURBOHD (TVI)<\/li>\n<\/ul><\/div>\n<div style='flex: 1 1 300px; min-width: 280px;'>\n<h3 style='font-size: 22px; border-bottom: 2px solid currentColor; padding-bottom: 5px; margin-top: 0; color: inherit; opacity: 0.8;'>Caracter\u00edsticas F\u00edsicas y El\u00e9ctricas<\/h3>\n<ul style='padding-left: 20px; font-size: 15px; color: inherit;'>\n<li style='margin-bottom: 5px;'>Alimentaci\u00f3n: 12 Vcc \/ 20 Watts<\/li>\n<li style='margin-bottom: 5px;'>Temperatura de operaci\u00f3n: -30\u00ba a 65\u00ba C<\/li>\n<li style='margin-bottom: 5px;'>Protecci\u00f3n: Interior &#8211; Exterior (IP66)<\/li>\n<li style='margin-bottom: 5px;'>Dimensiones: 164.5 x 295 mm<\/li>\n<li style='margin-bottom: 5px;'>Peso: 2 Kgs<\/li>\n<li style='margin-bottom: 5px;'><strong>El PTZ incluye<\/strong> brazo de pared (DS-1618ZJ) y fuente de alimentaci\u00f3n (12 Vcc \/ 2 Amp)<\/li>\n<li style='margin-bottom: 5px;'>Para cuestiones de inducci\u00f3n se recomienda colocar el cople DS-1601ZJ-CP para aislar el PTZ del brazo de pared y prevenir fallas<\/li>\n<\/ul><\/div>\n<div style='flex: 1 1 300px; min-width: 280px;'>\n<h3 style='font-size: 22px; border-bottom: 2px solid currentColor; padding-bottom: 5px; margin-top: 0; color: inherit; opacity: 0.8;'>Caracter\u00edsticas Generales<\/h3>\n<ul style='padding-left: 20px; font-size: 15px; color: inherit;'>\n<li style='margin-bottom: 5px;'>Paneo: 360\u00ba<\/li>\n<li style='margin-bottom: 5px;'>Tildeo: -15\u00ba a 90\u00ba<\/li>\n<li style='margin-bottom: 5px;'>Preset: 256<\/li>\n<li style='margin-bottom: 5px;'>Patrol: 10 (32 Preset cada uno)<\/li>\n<li style='margin-bottom: 5px;'>Pattern: 5 (10 minutos de grabaci\u00f3n m\u00e1ximo)<\/li>\n<li style='margin-bottom: 5px;'>Soporta tareas calendarizadas<\/li>\n<li style='margin-bottom: 5px;'>Protocolos: HIKVISION \/ Pelco-P \/ Pelco-D<\/li>\n<li style='margin-bottom: 5px;'><strong>\u00danicamente soporta tecnolog\u00eda TVI<\/strong><\/li>\n<\/ul><\/div>\n<\/p><\/div>\n<p> <!-- Separador --> <\/p>\n<hr style='border: 0; border-top: 1px solid rgba(150&comma; 150&comma; 150&comma; 0.3); margin: 30px 0;'> <!-- Imagen de garant\u00eda --> <\/p>\n<div style='text-align: center; margin-bottom: 30px;'> <img style='width: 100%; max-width: 1200px; height: auto; border: 1px solid rgba(150&comma;150&comma;150&comma;0.3); border-radius: 8px;' src='https:\/\/ftp3.syscom.mx\/usuarios\/fotos\/B8TURBOC\/189682-5-year-epcom-es_(2).png' alt=''> <\/div>\n<p> <!-- Imagen de tecnolog\u00eda --> <\/p>\n<div style='text-align: center;'> <img style='width: 100%; max-width: 720px; height: auto; border: 1px solid rgba(150&comma;150&comma;150&comma;0.3); border-radius: 8px;' src='http:\/\/ftp3.syscom.mx\/usuarios\/jdelafuente\/EPCOM\/TURBO%20HD\/100%253.png' alt=''> <\/div>\n<\/p><\/div>\n","protected":false},"excerpt":{"rendered":"<p>Domo PTZ TurboHD 2 Megapixel (1080P) \/ 25X Zoom \/ 100 mts IR EXIR \/ Exterior IP66 \/ WDR 120 dB \/ RS-485 \/ Ultra Baja Iluminaci\u00f3n \/ Recorridos Programados<\/p>\n","protected":false},"featured_media":118223,"comment_status":"open","ping_status":"closed","template":"","meta":[],"product_brand":[],"product_cat":[2344],"product_tag":[2255,2257,1225],"class_list":{"0":"post-118224","1":"product","2":"type-product","3":"status-publish","4":"has-post-thumbnail","6":"product_cat-ptz-camaras-y-dvrs-hd-turbohd-ahd-hd-tvi","7":"product_tag-camaras-y-dvrs-hd-turbohd-ahd-hd-tvi","8":"product_tag-epcom-professional","9":"product_tag-ptz","11":"first","12":"instock","13":"sale","14":"shipping-taxable","15":"purchasable","16":"product-type-simple"},"_links":{"self":[{"href":"https:\/\/soydeaqui.ddns.net\/pachuca\/index.php\/wp-json\/wp\/v2\/product\/118224","targetHints":{"allow":["GET"]}}],"collection":[{"href":"https:\/\/soydeaqui.ddns.net\/pachuca\/index.php\/wp-json\/wp\/v2\/product"}],"about":[{"href":"https:\/\/soydeaqui.ddns.net\/pachuca\/index.php\/wp-json\/wp\/v2\/types\/product"}],"replies":[{"embeddable":true,"href":"https:\/\/soydeaqui.ddns.net\/pachuca\/index.php\/wp-json\/wp\/v2\/comments?post=118224"}],"wp:featuredmedia":[{"embeddable":true,"href":"https:\/\/soydeaqui.ddns.net\/pachuca\/index.php\/wp-json\/wp\/v2\/media\/118223"}],"wp:attachment":[{"href":"https:\/\/soydeaqui.ddns.net\/pachuca\/index.php\/wp-json\/wp\/v2\/media?parent=118224"}],"wp:term":[{"taxonomy":"product_brand","embeddable":true,"href":"https:\/\/soydeaqui.ddns.net\/pachuca\/index.php\/wp-json\/wp\/v2\/product_brand?post=118224"},{"taxonomy":"product_cat","embeddable":true,"href":"https:\/\/soydeaqui.ddns.net\/pachuca\/index.php\/wp-json\/wp\/v2\/product_cat?post=118224"},{"taxonomy":"product_tag","embeddable":true,"href":"https:\/\/soydeaqui.ddns.net\/pachuca\/index.php\/wp-json\/wp\/v2\/product_tag?post=118224"}],"curies":[{"name":"wp","href":"https:\/\/api.w.org\/{rel}","templated":true}]}}