{"id":118210,"date":"2026-03-24T03:58:21","date_gmt":"2026-03-24T03:58:21","guid":{"rendered":"https:\/\/soydeaqui.ddns.net\/pachuca\/index.php\/producto\/domo-ptz-turbohd-2-megapixel-1080p-15x-zoom-100-mts-ir-exir-exterior-ip66-wdr-120-db-rs-485-ultra-baja-iluminacion-2\/"},"modified":"2026-03-24T03:58:38","modified_gmt":"2026-03-24T03:58:38","slug":"domo-ptz-turbohd-2-megapixel-1080p-15x-zoom-100-mts-ir-exir-exterior-ip66-wdr-120-db-rs-485-ultra-baja-iluminacion-2","status":"publish","type":"product","link":"https:\/\/soydeaqui.ddns.net\/pachuca\/index.php\/producto\/domo-ptz-turbohd-2-megapixel-1080p-15x-zoom-100-mts-ir-exir-exterior-ip66-wdr-120-db-rs-485-ultra-baja-iluminacion-2\/","title":{"rendered":"Domo PTZ TurboHD 2 Megapixel (1080P) \/ 15X Zoom \/ 100 mts IR EXIR \/ Exterior IP66 \/ WDR 120 dB \/ RS-485 \/ Ultra Baja Iluminaci\u00f3n"},"content":{"rendered":"<div style='width: 100%; max-width: 1200px; margin: 0 auto; font-family: sans-serif; line-height: 1.6; color: inherit; background-color: transparent;'> <!-- Logo --> <\/p>\n<div style='text-align: center; margin: 30px 0;'> <img style='width: 45%; height: auto; border: 1px solid rgba(150&comma;150&comma;150&comma;0.3); border-radius: 8px;' src='http:\/\/ftp3.syscom.mx\/usuarios\/jdelafuente\/HIKVISION\/hikvision%20logo%20complete.png' alt='Logo Hikvision'> <\/div>\n<p> <!-- Secci\u00f3n de caracter\u00edsticas --> <\/p>\n<div style='display: flex; flex-wrap: wrap; gap: 30px; margin-bottom: 30px;'>\n<div style='flex: 1 1 300px; min-width: 280px;'>\n<h3 style='font-size: 22px; border-bottom: 2px solid currentColor; padding-bottom: 5px; margin-top: 0; color: inherit; opacity: 0.8;'>Caracter\u00edsticas principales<\/h3>\n<ul style='padding-left: 20px; font-size: 15px; color: inherit;'>\n<li style='margin-bottom: 5px;'><strong>Resoluci\u00f3n m\u00e1xima:<\/strong> 2 Megapixel (1920 x 1080)<\/li>\n<li style='margin-bottom: 5px;'><strong>Iluminaci\u00f3n m\u00ednima (Color):<\/strong> 0.005 Lux (F1.6&comma; AGC ON)<\/li>\n<li style='margin-bottom: 5px;'><strong>Iluminaci\u00f3n m\u00ednima (B\/N):<\/strong> 0.001 Lux (F1.6&comma; AGC ON)<\/li>\n<li style='margin-bottom: 5px;'><strong>Funciones:<\/strong> WDR 120dB \/ 3D-DNR \/ BLC \/ HLC \/ EIS<\/li>\n<li style='margin-bottom: 5px;'><strong>Distancia Focal:<\/strong> 5 a 75 mm (15X Zoom \u00f3ptico \/ 16X Zoom digital)<\/li>\n<li style='margin-bottom: 5px;'><strong>Distancia de Infrarrojos:<\/strong> 100 mts IR (visi\u00f3n nocturna)<\/li>\n<li style='margin-bottom: 5px;'><strong>Comunicaci\u00f3n:<\/strong> Puertos RS-485 (anal\u00f3gica) y COAXITRON (TURBOHD)<\/li>\n<\/ul><\/div>\n<div style='flex: 1 1 300px; min-width: 280px;'>\n<h3 style='font-size: 22px; border-bottom: 2px solid currentColor; padding-bottom: 5px; margin-top: 0; color: inherit; opacity: 0.8;'>Caracter\u00edsticas F\u00edsicas y El\u00e9ctricas<\/h3>\n<ul style='padding-left: 20px; font-size: 15px; color: inherit;'>\n<li style='margin-bottom: 5px;'><strong>Alimentaci\u00f3n:<\/strong> 12 Vcc \/ 20 Watts (fuente incluida)<\/li>\n<li style='margin-bottom: 5px;'><strong>Temperatura de operaci\u00f3n:<\/strong> -30\u00ba a 65\u00ba C<\/li>\n<li style='margin-bottom: 5px;'><strong>Protecci\u00f3n:<\/strong> Interior &#8211; Exterior (IP66)<\/li>\n<li style='margin-bottom: 5px;'><strong>Dimensiones:<\/strong> 164.5 x 295 mm<\/li>\n<li style='margin-bottom: 5px;'><strong>Peso:<\/strong> 2 Kgs<\/li>\n<li style='margin-bottom: 5px;'><strong>El PTZ incluye<\/strong> brazo de pared <a href='https:\/\/www.syscom.mx\/producto\/DS-1618ZJ-HIKVISION-69383.html' target='_blank' rel='noopener' style='color: inherit; text-decoration: underline;'>DS-1618ZJ<\/a> y fuente de poder<\/li>\n<li style='margin-bottom: 5px;'><strong>Recomendaci\u00f3n:<\/strong> Para cuestiones de inducci\u00f3n se recomienda colocar el cople <a href='https:\/\/www.syscom.mx\/producto\/DS-1601ZJ-CP-Syscom-78253.html' target='_blank' rel='noopener' style='color: inherit; text-decoration: underline;'>DS-1601ZJ-CP<\/a> para aislar el PTZ del brazo de pared y prevenir fallas<\/li>\n<li style='margin-bottom: 5px;'><strong>Accesorios:<\/strong><\/li>\n<li style='margin-bottom: 5px;'><span style='color: inherit;'>Montaje de pared para interior o exterior&comma; modelo: <a href='https:\/\/www.syscom.mx\/producto\/DS-1602ZJ-HIKVISION-77700.html' target='_blank' rel='noopener' style='color: inherit; text-decoration: underline;'>DS-1602ZJ<\/a><\/span><\/li>\n<li style='margin-bottom: 5px;'><span style='color: inherit;'>Montaje de pared para interior o exterior&comma; modelo: <a href='https:\/\/www.syscom.mx\/producto\/DS-1602ZJ-HIKVISION-77700.html' target='_blank' rel='noopener' style='color: inherit; text-decoration: underline;'>DS-1602ZJ-Conner<\/a><\/span><\/li>\n<li style='margin-bottom: 5px;'><span style='color: inherit;'>Montaje de poste vertical&comma; modelo: <a href='https:\/\/www.syscom.mx\/producto\/DS-1602ZJ-POLE-HIKVISION-78569.html' target='_blank' rel='noopener' style='color: inherit; text-decoration: underline;'>DS-1602ZJ-Pole<\/a><\/span><\/li>\n<li style='margin-bottom: 5px;'><span style='color: inherit;'>Montaje de Pared con Caja de Conexiones&comma; modelo: <a href='https:\/\/www.syscom.mx\/producto\/DS-1602ZJ-BOX-HIKVISION-78425.html' target='_blank' rel='noopener' style='color: inherit; text-decoration: underline;'>DS-1602ZJ-Box<\/a><\/span><\/li>\n<li style='margin-bottom: 5px;'><span style='color: inherit;'>Montaje de Techo sin tubo&comma; modelo: <a href='https:\/\/www.syscom.mx\/producto\/DS-1663ZJ-HIKVISION-75318.html' target='_blank' rel='noopener' style='color: inherit; text-decoration: underline;'>DS-1663ZJ<\/a><\/span><\/li>\n<li style='margin-bottom: 5px;'><span style='color: inherit;'>Montaje de Techo tipo tubo&comma; modelo: <a href='https:\/\/www.syscom.mx\/producto\/DS-1661ZJ-HIKVISION-69425.html' target='_blank' rel='noopener' style='color: inherit; text-decoration: underline;'>DS-1661ZJ<\/a><\/span><\/li>\n<li style='margin-bottom: 5px;'><span style='color: inherit;'>Montaje de Techo tipo tubo&comma; modelo: <a href='https:\/\/www.syscom.mx\/producto\/DS-1662ZJ-HIKVISION-69426.html' target='_blank' rel='noopener' style='color: inherit; text-decoration: underline;'>DS-1662ZJ<\/a><\/span><\/li>\n<li style='margin-bottom: 5px;'><span style='color: inherit;'>Montaje Tipo Ganzo&comma; modelo: <a href='https:\/\/www.syscom.mx\/producto\/DS-1619ZJ-HIKVISION-84690.html' target='_blank' rel='noopener' style='color: inherit; text-decoration: underline;'>DS-1619ZJ<\/a><\/span><\/li>\n<\/ul><\/div>\n<div style='flex: 1 1 300px; min-width: 280px;'>\n<h3 style='font-size: 22px; border-bottom: 2px solid currentColor; padding-bottom: 5px; margin-top: 0; color: inherit; opacity: 0.8;'>Caracter\u00edsticas Generales<\/h3>\n<ul style='padding-left: 20px; font-size: 15px; color: inherit;'>\n<li style='margin-bottom: 5px;'><strong>Paneo:<\/strong> 360\u00ba<\/li>\n<li style='margin-bottom: 5px;'><strong>Tildeo:<\/strong> -15\u00ba a 90\u00ba<\/li>\n<li style='margin-bottom: 5px;'><strong>Preset:<\/strong> 256<\/li>\n<li style='margin-bottom: 5px;'><strong>Patrol:<\/strong> 10 (32 Preset cada uno)<\/li>\n<li style='margin-bottom: 5px;'><strong>Pattern:<\/strong> 5 (10 minutos de grabaci\u00f3n m\u00e1ximo)<\/li>\n<li style='margin-bottom: 5px;'><strong>Soporta:<\/strong> Tareas calendarizadas<\/li>\n<li style='margin-bottom: 5px;'><strong>Protocolos:<\/strong> HIKVISION \/ Pelco-P \/ Pelco-D<\/li>\n<li style='margin-bottom: 5px;'><strong>Soporte de tecnolog\u00eda:<\/strong> \u00danicamente soporta tecnolog\u00eda TVI<\/li>\n<\/ul><\/div>\n<\/p><\/div>\n<p> <!-- Secci\u00f3n de consideraciones --> <\/p>\n<div style='margin-bottom: 30px;'>\n<h3 style='font-size: 22px; border-bottom: 2px solid currentColor; padding-bottom: 5px; margin-top: 0; color: inherit; opacity: 0.8;'>Consideraciones<\/h3>\n<p style='font-size: 15px; color: inherit;'>No hay consideraciones espec\u00edficas mencionadas en la documentaci\u00f3n.<\/p>\n<\/p><\/div>\n<p> <!-- Separador --> <\/p>\n<hr style='border: 0; border-top: 1px solid rgba(150&comma; 150&comma; 150&comma; 0.3); margin: 30px 0;'> <!-- Secci\u00f3n de recursos --> <\/p>\n<div style='margin-bottom: 30px;'>\n<h2 style='text-align: center; font-size: 20px; margin-bottom: 20px; color: inherit; opacity: 0.8;'>Recursos<\/h2>\n<div style='display: flex; flex-wrap: wrap; gap: 20px; justify-content: center;'>\n<div style='flex: 1 1 200px; min-width: 180px;'> <a href='https:\/\/www.hikvision.com\/es-la\/support\/download\/software\/ivms4200-series\/?q=serie%20ivms4200&#038;position=1' target='_blank' rel='noopener' style='text-decoration: none;'> <img style='width: 100%; height: auto; border: 1px solid rgba(150&comma;150&comma;150&comma;0.3); border-radius: 8px;' src='https:\/\/ftp3.syscom.mx\/usuarios\/gmagos\/HIK\/IP\/IPC\/Imagenes%20pagina\/Descargas%20IVMS4200.jpg' alt='IVMS4200'> <\/a> <\/div>\n<div style='flex: 1 1 200px; min-width: 180px;'> <a href='https:\/\/appstore.hikvision.com\/' target='_blank' rel='noopener' style='text-decoration: none;'> <img style='width: 100%; height: auto; border: 1px solid rgba(150&comma;150&comma;150&comma;0.3); border-radius: 8px;' src='https:\/\/ftp3.syscom.mx\/usuarios\/gmagos\/HIK\/IP\/IPC\/Imagenes%20pagina\/Descargas%20de%20app.jpg' alt='App Store Hikvision'> <\/a> <\/div>\n<div style='flex: 1 1 200px; min-width: 180px;'> <a href='https:\/\/ftp3.syscom.mx\/usuarios\/ftp\/2022\/03\/11\/d806a\/Especificaci%C3%B3nes%20T%C3%A9cnicas%20-%20DS-2AE4215TI-D(E).pdf' target='_blank' rel='noopener' style='text-decoration: none;'> <img style='width: 100%; height: auto; border: 1px solid rgba(150&comma;150&comma;150&comma;0.3); border-radius: 8px;' src='https:\/\/ftp3.syscom.mx\/usuarios\/gmagos\/HIK\/IP\/IPC\/Imagenes%20pagina\/Descarga%20de%20PDF.jpg' alt='Especificaciones t\u00e9cnicas PDF'> <\/a> <\/div>\n<\/p><\/div>\n<\/p><\/div>\n<p> <!-- Imagen final --> <\/p>\n<div style='text-align: center; margin: 30px 0;'> <img style='width: 60%; height: auto; border: 1px solid rgba(150&comma;150&comma;150&comma;0.3); border-radius: 8px;' src='http:\/\/ftp3.syscom.mx\/usuarios\/jdelafuente\/EPCOM\/TURBO%20HD\/100%253.png' alt='Producto'> <\/div>\n<\/p><\/div>\n","protected":false},"excerpt":{"rendered":"<p>Domo PTZ TurboHD 2 Megapixel (1080P) \/ 15X Zoom \/ 100 mts IR EXIR \/ Exterior IP66 \/ WDR 120 dB \/ RS-485 \/ Ultra Baja Iluminaci\u00f3n<\/p>\n","protected":false},"featured_media":118209,"comment_status":"open","ping_status":"closed","template":"","meta":[],"product_brand":[],"product_cat":[2344],"product_tag":[2255,54,1225],"class_list":{"0":"post-118210","1":"product","2":"type-product","3":"status-publish","4":"has-post-thumbnail","6":"product_cat-ptz-camaras-y-dvrs-hd-turbohd-ahd-hd-tvi","7":"product_tag-camaras-y-dvrs-hd-turbohd-ahd-hd-tvi","8":"product_tag-hikvision","9":"product_tag-ptz","11":"first","12":"instock","13":"sale","14":"shipping-taxable","15":"purchasable","16":"product-type-simple"},"_links":{"self":[{"href":"https:\/\/soydeaqui.ddns.net\/pachuca\/index.php\/wp-json\/wp\/v2\/product\/118210","targetHints":{"allow":["GET"]}}],"collection":[{"href":"https:\/\/soydeaqui.ddns.net\/pachuca\/index.php\/wp-json\/wp\/v2\/product"}],"about":[{"href":"https:\/\/soydeaqui.ddns.net\/pachuca\/index.php\/wp-json\/wp\/v2\/types\/product"}],"replies":[{"embeddable":true,"href":"https:\/\/soydeaqui.ddns.net\/pachuca\/index.php\/wp-json\/wp\/v2\/comments?post=118210"}],"wp:featuredmedia":[{"embeddable":true,"href":"https:\/\/soydeaqui.ddns.net\/pachuca\/index.php\/wp-json\/wp\/v2\/media\/118209"}],"wp:attachment":[{"href":"https:\/\/soydeaqui.ddns.net\/pachuca\/index.php\/wp-json\/wp\/v2\/media?parent=118210"}],"wp:term":[{"taxonomy":"product_brand","embeddable":true,"href":"https:\/\/soydeaqui.ddns.net\/pachuca\/index.php\/wp-json\/wp\/v2\/product_brand?post=118210"},{"taxonomy":"product_cat","embeddable":true,"href":"https:\/\/soydeaqui.ddns.net\/pachuca\/index.php\/wp-json\/wp\/v2\/product_cat?post=118210"},{"taxonomy":"product_tag","embeddable":true,"href":"https:\/\/soydeaqui.ddns.net\/pachuca\/index.php\/wp-json\/wp\/v2\/product_tag?post=118210"}],"curies":[{"name":"wp","href":"https:\/\/api.w.org\/{rel}","templated":true}]}}