{"id":118138,"date":"2026-03-24T03:54:32","date_gmt":"2026-03-24T03:54:32","guid":{"rendered":"https:\/\/soydeaqui.ddns.net\/pachuca\/index.php\/producto\/paquete-de-licencias-synology-mailplus-20-cuentas-de-correo-electronico-activas-licencias-permanentes-compatible-con-synology-nas-alta-disponibilidad-migracion-de-licencias\/"},"modified":"2026-03-24T03:54:35","modified_gmt":"2026-03-24T03:54:35","slug":"paquete-de-licencias-synology-mailplus-20-cuentas-de-correo-electronico-activas-licencias-permanentes-compatible-con-synology-nas-alta-disponibilidad-migracion-de-licencias","status":"publish","type":"product","link":"https:\/\/soydeaqui.ddns.net\/pachuca\/index.php\/producto\/paquete-de-licencias-synology-mailplus-20-cuentas-de-correo-electronico-activas-licencias-permanentes-compatible-con-synology-nas-alta-disponibilidad-migracion-de-licencias\/","title":{"rendered":"Paquete de Licencias Synology MailPlus | 20 Cuentas de Correo Electr\u00f3nico Activas | Licencias Permanentes | Compatible con Synology NAS | Alta Disponibilidad | Migraci\u00f3n de Licencias."},"content":{"rendered":"<div style='width: 100%; max-width: 1200px; margin: 0 auto; font-family: sans-serif; line-height: 1.6; color: inherit; background-color: transparent;'>\n<h1 style='font-size: 24px; margin-top: 0; margin-bottom: 15px; color: inherit;'><strong>Synology MailPlus<\/strong><\/h1>\n<p style='color: inherit;'>El paquete MailPlus permite que su empresa configure un servidor de correo seguro&comma; confiable y privado&comma; a la vez que ofrece a sus empleados un cliente basado en la Web para administrar correos electr\u00f3nicos y aumentar la productividad.<\/p>\n<div style='display: flex; flex-wrap: wrap; gap: 30px; margin: 30px 0;'>\n<div style='flex: 1 1 400px; min-width: 280px;'> <img style='width: 100%; height: auto; border: 1px solid rgba(150&comma;150&comma;150&comma;0.3); border-radius: 8px;' src='https:\/\/ftp3.syscom.mx\/usuarios\/nortega\/synology\/imagenes\/mailplus\/filtros.png' alt='Filtros inteligentes'> <\/div>\n<div style='flex: 1 1 400px; min-width: 280px;'>\n<h2 style='font-size: 22px; margin-top: 0; color: inherit;'>Filtros inteligentes<\/h2>\n<p style='color: inherit;'>Clasifique y etiquete autom\u00e1ticamente los correos electr\u00f3nicos entrantes mediante reglas personalizadas.<\/p>\n<\/p><\/div>\n<\/p><\/div>\n<div style='display: flex; flex-wrap: wrap; gap: 30px; margin: 30px 0;'>\n<div style='flex: 1 1 400px; min-width: 280px;'>\n<h2 style='font-size: 22px; margin-top: 0; color: inherit;'>Bandeja de prioridad<\/h2>\n<p style='color: inherit;'>Muestra correos electr\u00f3nicos de bandejas o etiquetas espec\u00edficas en una vista para una administraci\u00f3n centralizada.<\/p>\n<\/p><\/div>\n<div style='flex: 1 1 400px; min-width: 280px;'> <img style='width: 100%; height: auto; border: 1px solid rgba(150&comma;150&comma;150&comma;0.3); border-radius: 8px;' src='https:\/\/ftp3.syscom.mx\/usuarios\/nortega\/synology\/imagenes\/mailplus\/prioridad.png' alt='Bandeja de prioridad'> <\/div>\n<\/p><\/div>\n<div style='display: flex; flex-wrap: wrap; gap: 30px; margin: 30px 0;'>\n<div style='flex: 1 1 400px; min-width: 280px;'> <img style='width: 100%; height: auto; border: 1px solid rgba(150&comma;150&comma;150&comma;0.3); border-radius: 8px;' src='https:\/\/ftp3.syscom.mx\/usuarios\/nortega\/synology\/imagenes\/mailplus\/vistaindividual.png' alt='Vista de mensaje individual'> <\/div>\n<div style='flex: 1 1 400px; min-width: 280px;'>\n<h2 style='font-size: 22px; margin-top: 0; color: inherit;'>Vista de mensaje individual<\/h2>\n<p style='color: inherit;'>Organice los mensajes de correo electr\u00f3nico en funci\u00f3n de sus preferencias: desactive la vista de conversaci\u00f3n y divida los mensajes de correo electr\u00f3nico en mensajes individuales con iconos que indiquen si ya los ha respondido.<\/p>\n<\/p><\/div>\n<\/p><\/div>\n<div style='display: flex; flex-wrap: wrap; gap: 30px; margin: 30px 0;'>\n<div style='flex: 1 1 400px; min-width: 280px;'>\n<h2 style='font-size: 22px; margin-top: 0; color: inherit;'>Bandeja compartida<\/h2>\n<p style='color: inherit;'>Comparta las bandejas con sus colegas para llevar juntos un seguimiento de los proyectos.<\/p>\n<\/p><\/div>\n<div style='flex: 1 1 400px; min-width: 280px;'> <img style='width: 100%; height: auto; border: 1px solid rgba(150&comma;150&comma;150&comma;0.3); border-radius: 8px;' src='https:\/\/ftp3.syscom.mx\/usuarios\/nortega\/synology\/imagenes\/mailplus\/bandejacompartida.png' alt='Bandeja compartida'> <\/div>\n<\/p><\/div>\n<div style='display: flex; flex-wrap: wrap; gap: 30px; margin: 30px 0;'>\n<div style='flex: 1 1 400px; min-width: 280px;'> <img style='width: 100%; height: auto; border: 1px solid rgba(150&comma;150&comma;150&comma;0.3); border-radius: 8px;' src='https:\/\/ftp3.syscom.mx\/usuarios\/nortega\/synology\/imagenes\/mailplus\/libretacompartida.png' alt='Libreta de direcciones compartida'> <\/div>\n<div style='flex: 1 1 400px; min-width: 280px;'>\n<h2 style='font-size: 22px; margin-top: 0; color: inherit;'>Libreta de direcciones compartida<\/h2>\n<p style='color: inherit;'>Cuando se une a un servidor LDAP o un dominio AD de Windows&comma; MailPlus puede crear una libreta de direcciones con acceso para todos los empleados.<\/p>\n<\/p><\/div>\n<\/p><\/div>\n<h1 style='font-size: 24px; margin-top: 30px; margin-bottom: 15px; color: inherit;'>Mecanismos robustos de seguridad<\/h1>\n<p style='color: inherit;'>MailPlus Server cuenta con caracter\u00edsticas integrales de seguridad para proteger la informaci\u00f3n de ataques malintencionados.<\/p>\n<ul style='padding-left: 20px; color: inherit;'>\n<li style='margin-bottom: 5px;'><strong>Monitor de amenazas:<\/strong> Proporciona estad\u00edsticas de amenazas de correo entrante y saliente&comma; junto con gr\u00e1ficos claros para una r\u00e1pida visi\u00f3n general.<\/li>\n<li style='margin-bottom: 5px;'><strong>Denuncias de correo no deseado y antispam:<\/strong> Detecte correos no deseados con gran precisi\u00f3n&comma; comparable con populares puertas de enlace de seguridad y aprenda de correos no deseados denunciados para detectarlos de mejor manera.<\/li>\n<li style='margin-bottom: 5px;'><strong>Antimalware y acciones posteriores:<\/strong> Proporcione una fuerte protecci\u00f3n antimalware con la navegaci\u00f3n segura de Google y los motores de antivirus est\u00e1ndares de la industria para mantener en cuarentena los correos sospechosos a fin de aplicar acciones posteriores.<\/li>\n<li style='margin-bottom: 5px;'><strong>Seguridad SMTP avanzada:<\/strong> Regule las conexiones de cliente SMTP para defenderse contra ataques de sobrecarga y limitar la cantidad de correos electr\u00f3nicos salientes a fin de evitar que los usuarios sean sospechosos de correos no deseados.<\/li>\n<\/ul>\n<div style='margin: 30px 0; text-align: center;'>\n<h1 style='font-size: 20px; margin-top: 0; margin-bottom: 15px; color: inherit;'>MailPlus Server es intuitivo y confiable<\/h1>\n<p style='font-size: 14px; color: inherit;'>MailPlus Server transforma su Synology NAS en un servidor de correos intuitivo y confiable&comma; lo que permite contar con una administraci\u00f3n de servidores r\u00e1pida&comma; intuitiva y sin complicaciones.<\/p>\n<\/p><\/div>\n<div style='display: grid; grid-template-columns: repeat(auto-fill&comma; minmax(300px&comma; 1fr)); gap: 20px; margin-bottom: 30px;'>\n<div style='border: 1px solid rgba(150&comma;150&comma;150&comma;0.3); border-radius: 8px; padding: 15px;'>\n<h3 style='font-size: 18px; margin-top: 0; margin-bottom: 10px; color: inherit;'>F\u00e1cil configuraci\u00f3n<\/h3>\n<p style='color: inherit;'>Cree un sistema de correos r\u00e1pidamente en su Synology NAS sin cargos adicionales ni consultas sobre TI.<\/p>\n<\/p><\/div>\n<div style='border: 1px solid rgba(150&comma;150&comma;150&comma;0.3); border-radius: 8px; padding: 15px;'>\n<h3 style='font-size: 18px; margin-top: 0; margin-bottom: 10px; color: inherit;'>Migrar correos e importar configuraci\u00f3n<\/h3>\n<p style='color: inherit;'>Migre correos electr\u00f3nicos de G Suite\/Exchange a MailPlus sin recopilar contrase\u00f1as&comma; y reutilice las configuraciones del sistema de Exchange para agilizar la sustituci\u00f3n de sistemas.<\/p>\n<\/p><\/div>\n<div style='border: 1px solid rgba(150&comma;150&comma;150&comma;0.3); border-radius: 8px; padding: 15px;'>\n<h3 style='font-size: 18px; margin-top: 0; margin-bottom: 10px; color: inherit;'>Mail Search<\/h3>\n<p style='color: inherit;'>El personal autorizado puede realizar consultas de b\u00fasqueda sobre todas las cuentas de correo electr\u00f3nico&comma; previsualizar el contenido de los correos electr\u00f3nicos y optar por exportar o eliminar ciertos correos electr\u00f3nicos.<\/p>\n<\/p><\/div>\n<div style='border: 1px solid rgba(150&comma;150&comma;150&comma;0.3); border-radius: 8px; padding: 15px;'>\n<h3 style='font-size: 18px; margin-top: 0; margin-bottom: 10px; color: inherit;'>Pol\u00edticas de usuario y grupo<\/h3>\n<p style='color: inherit;'>Personalice las pol\u00edticas de grupo y usuario en cuanto a sus m\u00e9todos de inicio de sesi\u00f3n&comma; tr\u00e1fico diario de correos electr\u00f3nicos y entrega de correos.<\/p>\n<\/p><\/div>\n<div style='border: 1px solid rgba(150&comma;150&comma;150&comma;0.3); border-radius: 8px; padding: 15px;'>\n<h3 style='font-size: 18px; margin-top: 0; margin-bottom: 10px; color: inherit;'>Dise\u00f1o high-availability<\/h3>\n<p style='color: inherit;'>Maximice el tiempo de actividad del servicio de correos durante las actualizaciones del sistema y los reemplazos de hardware mediante el cambio del sistema de correos al servidor emparejado en segundos.<\/p>\n<\/p><\/div>\n<div style='border: 1px solid rgba(150&comma;150&comma;150&comma;0.3); border-radius: 8px; padding: 15px;'>\n<h3 style='font-size: 18px; margin-top: 0; margin-bottom: 10px; color: inherit;'>Direcci\u00f3n de correo electr\u00f3nico internacional<\/h3>\n<p style='color: inherit;'>Personalice los nombres de dominio en los idiomas locales y mientras sigue siendo capaz de intercambiar correos electr\u00f3nicos sin problemas con todos los dem\u00e1s servidores de correo&comma; cumpliendo con el est\u00e1ndar global para la internacionalizaci\u00f3n de direcciones de correo electr\u00f3nico (EAI).<\/p>\n<\/p><\/div>\n<\/p><\/div>\n<h1 style='font-size: 24px; margin-top: 30px; margin-bottom: 15px; color: inherit;'>Descarga y visualizaci\u00f3n inmediata<\/h1>\n<p style='color: inherit;'>La aplicaci\u00f3n MailPlus es su plataforma de correo electr\u00f3nico m\u00f3vil para administrar el correo donde vaya. Ahora est\u00e1 disponible para iOS y Android\u2122.<\/p>\n<div style='display: flex; flex-wrap: wrap; justify-content: center; gap: 30px; margin-top: 20px;'>\n<div style='text-align: center;'> <img style='width: 145px; height: auto; border: 1px solid rgba(150&comma;150&comma;150&comma;0.3); border-radius: 8px;' src='https:\/\/ftp3.syscom.mx\/usuarios\/nortega\/synology\/imagenes\/mailplus\/android.png' alt='Android'> <\/p>\n<p style='margin-top: 10px; color: inherit;'><strong>Android<\/strong><\/p>\n<\/p><\/div>\n<div style='text-align: center;'> <img style='width: 145px; height: auto; border: 1px solid rgba(150&comma;150&comma;150&comma;0.3); border-radius: 8px;' src='https:\/\/ftp3.syscom.mx\/usuarios\/nortega\/synology\/imagenes\/mailplus\/ios.png' alt='iOS'> <\/p>\n<p style='margin-top: 10px; color: inherit;'><strong>iOS<\/strong><\/p>\n<\/p><\/div>\n<\/p><\/div>\n<\/p><\/div>\n","protected":false},"excerpt":{"rendered":"<p>Paquete de Licencias Synology MailPlus | 20 Cuentas de Correo Electr\u00f3nico Activas | Licencias Permanentes | Compatible con Synology NAS | Alta Disponibilidad | Migraci\u00f3n de Licencias.<\/p>\n","protected":false},"featured_media":118137,"comment_status":"open","ping_status":"closed","template":"","meta":[],"product_brand":[],"product_cat":[2337],"product_tag":[2263,1976],"class_list":{"0":"post-118138","1":"product","2":"type-product","3":"status-publish","4":"has-post-thumbnail","6":"product_cat-synology","7":"product_tag-software-vms-y-analiticas","8":"product_tag-synology","10":"first","11":"outofstock","12":"sale","13":"shipping-taxable","14":"purchasable","15":"product-type-simple"},"_links":{"self":[{"href":"https:\/\/soydeaqui.ddns.net\/pachuca\/index.php\/wp-json\/wp\/v2\/product\/118138","targetHints":{"allow":["GET"]}}],"collection":[{"href":"https:\/\/soydeaqui.ddns.net\/pachuca\/index.php\/wp-json\/wp\/v2\/product"}],"about":[{"href":"https:\/\/soydeaqui.ddns.net\/pachuca\/index.php\/wp-json\/wp\/v2\/types\/product"}],"replies":[{"embeddable":true,"href":"https:\/\/soydeaqui.ddns.net\/pachuca\/index.php\/wp-json\/wp\/v2\/comments?post=118138"}],"wp:featuredmedia":[{"embeddable":true,"href":"https:\/\/soydeaqui.ddns.net\/pachuca\/index.php\/wp-json\/wp\/v2\/media\/118137"}],"wp:attachment":[{"href":"https:\/\/soydeaqui.ddns.net\/pachuca\/index.php\/wp-json\/wp\/v2\/media?parent=118138"}],"wp:term":[{"taxonomy":"product_brand","embeddable":true,"href":"https:\/\/soydeaqui.ddns.net\/pachuca\/index.php\/wp-json\/wp\/v2\/product_brand?post=118138"},{"taxonomy":"product_cat","embeddable":true,"href":"https:\/\/soydeaqui.ddns.net\/pachuca\/index.php\/wp-json\/wp\/v2\/product_cat?post=118138"},{"taxonomy":"product_tag","embeddable":true,"href":"https:\/\/soydeaqui.ddns.net\/pachuca\/index.php\/wp-json\/wp\/v2\/product_tag?post=118138"}],"curies":[{"name":"wp","href":"https:\/\/api.w.org\/{rel}","templated":true}]}}