{"id":118128,"date":"2026-03-24T03:54:02","date_gmt":"2026-03-24T03:54:02","guid":{"rendered":"https:\/\/soydeaqui.ddns.net\/pachuca\/index.php\/producto\/fusionadora-de-fibra-ptica-de-alineacin-por-ncleo-con-6-motores-con-prdida-tpica-sm-0-01-db-mm-0-04-db-capacitacin-bsica-virtual-gratuita\/"},"modified":"2026-03-24T03:54:10","modified_gmt":"2026-03-24T03:54:10","slug":"fusionadora-de-fibra-ptica-de-alineacin-por-ncleo-con-6-motores-con-prdida-tpica-sm-0-01-db-mm-0-04-db-capacitacin-bsica-virtual-gratuita","status":"publish","type":"product","link":"https:\/\/soydeaqui.ddns.net\/pachuca\/index.php\/producto\/fusionadora-de-fibra-ptica-de-alineacin-por-ncleo-con-6-motores-con-prdida-tpica-sm-0-01-db-mm-0-04-db-capacitacin-bsica-virtual-gratuita\/","title":{"rendered":"Fusionadora de Fibra ?ptica de Alineaci?n por N?cleo con 6 Motores con P?rdida T?pica (SM); 0.01 dB (MM); 0.04 dB) \/ Capacitaci?n B?sica Virtual Gratuita"},"content":{"rendered":"<div style='width: 100%; max-width: 1200px; margin: 0 auto; font-family: sans-serif; line-height: 1.6; color: inherit; background-color: transparent;'>\n<div style='display: flex; flex-wrap: wrap; gap: 30px; margin-bottom: 30px;'>\n<div style='flex: 1 1 300px; min-width: 280px;'> <img style='width: 100%; height: auto; border: 1px solid rgba(150&comma;150&comma;150&comma;0.3); border-radius: 8px;' src='https:\/\/ftp3.syscom.mx\/usuarios\/orobles\/GREENLEE\/TEMPO-COMMUNICATIONS-lg.jpg' alt=''> <\/div>\n<\/p><\/div>\n<div style='display: flex; flex-wrap: wrap; gap: 30px; margin-bottom: 30px;'>\n<div style='flex: 1 1 300px; min-width: 280px;'>\n<h3 style='font-size: 22px; border-bottom: 2px solid currentColor; padding-bottom: 5px; margin-top: 0; color: inherit; opacity: 0.8;'>Descripci\u00f3n<\/h3>\n<p style='font-size: 15px; color: inherit; margin-bottom: 15px;'>La empalmadora de fusi\u00f3n \u00f3ptica FSP200 utiliza tecnolog\u00eda de alineaci\u00f3n de n\u00facleo que permite al t\u00e9cnico fusionar cables de fibra \u00f3ptica de manera confiable con bajas p\u00e9rdidas de empalme en tan solo 7 segundos. La interfaz de usuario intuitiva mantiene la curva de aprendizaje corta y permite al t\u00e9cnico ser productivo en muy poco tiempo. Las instalaciones FTTx&comma; P2P y todas las fibras est\u00e1ndar son compatibles con los perfiles de empalme predefinidos en el equipo y pueden ser modificados y almacenarse posteriormente para aplicaciones de fibra m\u00e1s exigentes.<\/p>\n<p style='font-size: 15px; color: inherit;'>El FSP200 est\u00e1 disponible en el popular kit Contractor que agrupa la empalmadora de fusi\u00f3n&comma; la cuchilla&comma; una bater\u00eda adicional y los pelacables para que el t\u00e9cnico tenga todas las herramientas que necesitar\u00e1.<\/p>\n<\/p><\/div>\n<\/p><\/div>\n<div style='display: flex; flex-wrap: wrap; gap: 20px; margin-bottom: 30px;'>\n<div style='flex: 1 1 250px; border: 1px solid rgba(150&comma; 150&comma; 150&comma; 0.4); border-radius: 8px; overflow: hidden; display: flex; flex-direction: column;'>\n<div style='padding: 15px; border-bottom: 1px solid rgba(150&comma; 150&comma; 150&comma; 0.2); font-weight: bold; font-size: 18px; color: inherit;'>Caracter\u00edsticas Principales<\/div>\n<div style='padding: 15px; color: inherit;'>\n<ul style='padding-left: 20px; margin: 0; font-size: 14px; list-style-type: disc;'>\n<li style='margin-bottom: 5px;'><strong>Alineaci\u00f3n de n\u00facleo<\/strong> (tecnolog\u00eda de 6 motores)<\/li>\n<li style='margin-bottom: 5px;'><strong>Tecnolog\u00eda de empalme<\/strong> con la p\u00e9rdida de inserci\u00f3n m\u00e1s baja del mercado<\/li>\n<li style='margin-bottom: 5px;'><strong>Empalme de 7 segundos<\/strong><\/li>\n<li style='margin-bottom: 5px;'><strong>Tiempo de arranque<\/strong> de 5 segundos<\/li>\n<li style='margin-bottom: 5px;'><strong>200 ciclos completos<\/strong> por carga de bater\u00eda<\/li>\n<li style='margin-bottom: 5px;'><strong>Equipo compacto y ligero<\/strong> para los trabajos m\u00e1s exigentes<\/li>\n<li style='margin-bottom: 5px;'><strong>Compatible con fibras loose tube<\/strong><\/li>\n<li style='margin-bottom: 5px;'><strong>Opci\u00f3n con captura de pantalla<\/strong><\/li>\n<li style='margin-bottom: 5px;'><strong>Prueba de ca\u00edda<\/strong> a 76 cm<\/li>\n<li style='margin-bottom: 5px;'><strong>Tiempo de horneado de la manga<\/strong> de 18 segundos<\/li>\n<li style='margin-bottom: 5px;'><strong>Tiempo de vida del electrodo<\/strong>: 5&comma;000 fusiones<\/li>\n<li style='margin-bottom: 5px;'><strong>Opci\u00f3n de atenuar un empalme<\/strong> para evitar el uso de atenuadores<\/li>\n<li style='margin-bottom: 5px;'><strong>Protecci\u00f3n con contrase\u00f1a<\/strong> (antirrobo)<\/li>\n<li style='margin-bottom: 5px;'><strong>Compatible con conectores de fusi\u00f3n<\/strong>: SC&comma; LC&comma; FC y ST<\/li>\n<li style='margin-bottom: 5px;'><strong>Protecci\u00f3n al ingreso<\/strong>: IP52<\/li>\n<li style='margin-bottom: 5px;'><strong>Pantalla LCD giratoria<\/strong> de 3.5&#8242; con aumento de 200X<\/li>\n<li style='margin-bottom: 5px;'><strong>Compatible con fibra:<\/strong> SM (G.652)&comma; MM (G.651)&comma; DSF (G.653)&comma; NZDS (G.655)&comma; BIF (G.657) y EDF<\/li>\n<li style='margin-bottom: 5px;'><strong>P\u00e9rdida t\u00edpica de empalme:<\/strong> 0.02 dB (SM)&comma; 0.01 dB (MM)&comma; 0.04 dB (DS) y 0.04 dB (NZDS &#038; BIF)<\/li>\n<li style='margin-bottom: 5px;'><strong>Idioma configurable:<\/strong> Ingl\u00e9s&comma; Espa\u00f1ol&comma; Chino&comma; Fin\u00e9s&comma; Ruso&comma; Franc\u00e9s&comma; Polaco&comma; Italiano&comma; Alem\u00e1n<\/li>\n<\/ul><\/div>\n<\/p><\/div>\n<\/p><\/div>\n<div style='display: flex; flex-wrap: wrap; gap: 20px; margin-bottom: 30px;'>\n<div style='flex: 1 1 250px; border: 1px solid rgba(150&comma; 150&comma; 150&comma; 0.4); border-radius: 8px; overflow: hidden; display: flex; flex-direction: column;'>\n<div style='padding: 15px; border-bottom: 1px solid rgba(150&comma; 150&comma; 150&comma; 0.2); font-weight: bold; font-size: 18px; color: inherit;'>Contenido del Kit<\/div>\n<div style='padding: 15px; color: inherit;'>\n<ul style='padding-left: 20px; margin: 0; font-size: 14px; list-style-type: disc;'>\n<li style='margin-bottom: 5px;'>Empalmadora de fusi\u00f3n \u00f3ptica FSP200<\/li>\n<li style='margin-bottom: 5px;'>Cleaver <a href='https:\/\/www.syscom.mx\/producto\/FCL200-TEMPO-187582.html' style='color: inherit; text-decoration: underline;' target='_blank' rel='noopener'>FCL200<\/a> para 48&comma;000 cortes<\/li>\n<li style='margin-bottom: 5px;'>Estuche para transporte<\/li>\n<li style='margin-bottom: 5px;'>2 Pares de Electrodos para 5 mil fusiones c\/ par (10 mil en total)<\/li>\n<li style='margin-bottom: 5px;'>Cable USB<\/li>\n<li style='margin-bottom: 5px;'>Par de adaptadores (holders) para fibra 250 \u00b5m<\/li>\n<li style='margin-bottom: 5px;'>Par de adaptadores (holders) para fibra 900 \u00b5m<\/li>\n<li style='margin-bottom: 5px;'>Adaptador Splice on Connector para conectores SC\/LC<\/li>\n<li style='margin-bottom: 5px;'>Adaptador Splice on Connector para calentamiento de manga<\/li>\n<li style='margin-bottom: 5px;'>Llave Allen<\/li>\n<li style='margin-bottom: 5px;'>Fuente de Alimentaci\u00f3n<\/li>\n<li style='margin-bottom: 5px;'>Bater\u00eda<\/li>\n<li style='margin-bottom: 5px;'>Limpiador de electrodos<\/li>\n<\/ul><\/div>\n<\/p><\/div>\n<\/p><\/div>\n<div style='display: flex; flex-wrap: wrap; gap: 30px; margin-bottom: 30px;'>\n<div style='flex: 1 1 300px; min-width: 280px;'>\n<h3 style='font-size: 22px; border-bottom: 2px solid currentColor; padding-bottom: 5px; margin-top: 0; color: inherit; opacity: 0.8;'>Nota<\/h3>\n<p style='font-size: 15px; color: inherit; margin-bottom: 15px;'>Al adquirir una fusionadora FSP200KIT1 se puede solicitar una capacitaci\u00f3n en l\u00ednea impartida directamente por proveedor&comma; solicitara con su ejecutivo de ventas.<\/p>\n<\/p><\/div>\n<\/p><\/div>\n<div style='display: flex; flex-wrap: wrap; gap: 30px; margin-bottom: 30px;'>\n<div style='flex: 1 1 300px; min-width: 280px;'>\n<h3 style='font-size: 22px; border-bottom: 2px solid currentColor; padding-bottom: 5px; margin-top: 0; color: inherit; opacity: 0.8;'>Videos<\/h3>\n<div style='position: relative; padding-bottom: 56.25%; height: 0; overflow: hidden; margin-bottom: 30px;'>   <\/div>\n<div style='position: relative; padding-bottom: 56.25%; height: 0; overflow: hidden; margin-bottom: 30px;'>   <\/div>\n<\/p><\/div>\n<\/p><\/div>\n<\/p><\/div>\n","protected":false},"excerpt":{"rendered":"<p>Fusionadora de Fibra ?ptica de Alineaci?n por N?cleo con 6 Motores con P?rdida T?pica (SM); 0.01 dB (MM); 0.04 dB) \/ Capacitaci?n B?sica Virtual Gratuita<\/p>\n","protected":false},"featured_media":118127,"comment_status":"open","ping_status":"closed","template":"","meta":[],"product_brand":[],"product_cat":[636],"product_tag":[611,25,658],"class_list":{"0":"post-118128","1":"product","2":"type-product","3":"status-publish","4":"has-post-thumbnail","6":"product_cat-herramientas-fibra-optica","7":"product_tag-fibra-optica","8":"product_tag-herramientas","9":"product_tag-tempo","11":"first","12":"instock","13":"sale","14":"shipping-taxable","15":"purchasable","16":"product-type-simple"},"_links":{"self":[{"href":"https:\/\/soydeaqui.ddns.net\/pachuca\/index.php\/wp-json\/wp\/v2\/product\/118128","targetHints":{"allow":["GET"]}}],"collection":[{"href":"https:\/\/soydeaqui.ddns.net\/pachuca\/index.php\/wp-json\/wp\/v2\/product"}],"about":[{"href":"https:\/\/soydeaqui.ddns.net\/pachuca\/index.php\/wp-json\/wp\/v2\/types\/product"}],"replies":[{"embeddable":true,"href":"https:\/\/soydeaqui.ddns.net\/pachuca\/index.php\/wp-json\/wp\/v2\/comments?post=118128"}],"wp:featuredmedia":[{"embeddable":true,"href":"https:\/\/soydeaqui.ddns.net\/pachuca\/index.php\/wp-json\/wp\/v2\/media\/118127"}],"wp:attachment":[{"href":"https:\/\/soydeaqui.ddns.net\/pachuca\/index.php\/wp-json\/wp\/v2\/media?parent=118128"}],"wp:term":[{"taxonomy":"product_brand","embeddable":true,"href":"https:\/\/soydeaqui.ddns.net\/pachuca\/index.php\/wp-json\/wp\/v2\/product_brand?post=118128"},{"taxonomy":"product_cat","embeddable":true,"href":"https:\/\/soydeaqui.ddns.net\/pachuca\/index.php\/wp-json\/wp\/v2\/product_cat?post=118128"},{"taxonomy":"product_tag","embeddable":true,"href":"https:\/\/soydeaqui.ddns.net\/pachuca\/index.php\/wp-json\/wp\/v2\/product_tag?post=118128"}],"curies":[{"name":"wp","href":"https:\/\/api.w.org\/{rel}","templated":true}]}}