{"id":11812,"date":"2026-03-18T07:55:10","date_gmt":"2026-03-18T07:55:10","guid":{"rendered":"https:\/\/soydeaqui.ddns.net\/pachuca\/index.php\/producto\/placa-de-pared-vertical-resistente-al-agua-con-proteccin-ip56-acepta-4-mdulos-mini-com-color-gris\/"},"modified":"2026-03-18T07:55:13","modified_gmt":"2026-03-18T07:55:13","slug":"placa-de-pared-vertical-resistente-al-agua-con-proteccin-ip56-acepta-4-mdulos-mini-com-color-gris","status":"publish","type":"product","link":"https:\/\/soydeaqui.ddns.net\/pachuca\/index.php\/producto\/placa-de-pared-vertical-resistente-al-agua-con-proteccin-ip56-acepta-4-mdulos-mini-com-color-gris\/","title":{"rendered":"Placa de Pared Vertical, Resistente al Agua con Protecci?n IP56, Acepta 4 M?dulos Mini-Com, Color Gris"},"content":{"rendered":"<div style='width: 100%; max-width: 1200px; margin: 0 auto; font-family: sans-serif; line-height: 1.6; color: inherit; background-color: transparent;'>\n<div style='display: flex; flex-wrap: wrap; gap: 30px; margin-bottom: 30px;'>\n<div style='flex: 1 1 300px; min-width: 280px;'>\n<h3 style='font-size: 22px; border-bottom: 2px solid currentColor; padding-bottom: 5px; margin-top: 0; color: inherit; opacity: 0.8;'>Caracter\u00edsticas Principales<\/h3>\n<ul style='padding-left: 20px; font-size: 15px; color: inherit;'>\n<li style='margin-bottom: 5px;'>Placa frontal IP56 resistente al agua<\/li>\n<li style='margin-bottom: 5px;'>Material de policarbonato de alto impacto<\/li>\n<li style='margin-bottom: 5px;'>Dise\u00f1o de bisagras para f\u00e1cil acceso<\/li>\n<li style='margin-bottom: 5px;'>Cuatro puertos inclinados para mejor curva<\/li>\n<li style='margin-bottom: 5px;'>Ranuras para iconos de identificaci\u00f3n<\/li>\n<\/ul><\/div>\n<div style='flex: 1 1 300px; min-width: 280px;'>\n<h3 style='font-size: 22px; border-bottom: 2px solid currentColor; padding-bottom: 5px; margin-top: 0; color: inherit; opacity: 0.8;'>Especificaciones T\u00e9cnicas<\/h3>\n<ul style='padding-left: 20px; font-size: 15px; color: inherit;'>\n<li style='margin-bottom: 5px;'><strong>Tipo de M\u00f3dulo:<\/strong> Mini-Com<\/li>\n<li style='margin-bottom: 5px;'><strong>No. de Puertos:<\/strong> 4<\/li>\n<li style='margin-bottom: 5px;'><strong>Color:<\/strong> Gris Internacional<\/li>\n<li style='margin-bottom: 5px;'><strong>Material:<\/strong> Policarbonato<\/li>\n<li style='margin-bottom: 5px;'><strong>Dimensiones:<\/strong> 144.5 x 78 x 55.7 mm<\/li>\n<li style='margin-bottom: 5px;'><strong>Grado de protecci\u00f3n:<\/strong> IP56<\/li>\n<\/ul><\/div>\n<\/p><\/div>\n<div style='display: flex; flex-wrap: wrap; gap: 20px; margin-bottom: 30px;'>\n<div style='flex: 1 1 250px; border: 1px solid rgba(150&comma; 150&comma; 150&comma; 0.4); border-radius: 8px; overflow: hidden; display: flex; flex-direction: column;'>\n<div style='padding: 15px; border-bottom: 1px solid rgba(150&comma; 150&comma; 150&comma; 0.2); font-weight: bold; font-size: 18px; color: inherit;'>Aplicaciones<\/div>\n<div style='padding: 15px; color: inherit;'>\n<ul style='padding-left: 20px; margin: 0; font-size: 14px; list-style-type: disc;'>\n<li style='margin-bottom: 5px;'>\u00c1reas de lavado<\/li>\n<li style='margin-bottom: 5px;'>Cocinas comerciales (hoteles&comma; restaurantes y hospitales)<\/li>\n<li style='margin-bottom: 5px;'>Industria automotriz<\/li>\n<li style='margin-bottom: 5px;'>Laboratorios<\/li>\n<li style='margin-bottom: 5px;'>Invernaderos<\/li>\n<\/ul><\/div>\n<\/p><\/div>\n<div style='flex: 1 1 250px; border: 1px solid rgba(150&comma; 150&comma; 150&comma; 0.4); border-radius: 8px; overflow: hidden; display: flex; flex-direction: column;'>\n<div style='padding: 15px; border-bottom: 1px solid rgba(150&comma; 150&comma; 150&comma; 0.2); font-weight: bold; font-size: 18px; color: inherit;'>Caracter\u00edsticas Adicionales<\/div>\n<div style='padding: 15px; color: inherit;'>\n<ul style='padding-left: 20px; margin: 0; font-size: 14px; list-style-type: disc;'>\n<li style='margin-bottom: 5px;'>Dise\u00f1o modular para f\u00e1cil instalaci\u00f3n<\/li>\n<li style='margin-bottom: 5px;'>Sistema de sellado para protecci\u00f3n contra agua<\/li>\n<li style='margin-bottom: 5px;'>Dise\u00f1o inclinado para control del radio de curvatura<\/li>\n<li style='margin-bottom: 5px;'>Material resistente a impactos<\/li>\n<li style='margin-bottom: 5px;'>Montaje en abertura est\u00e1ndar de salida de grupo<\/li>\n<\/ul><\/div>\n<\/p><\/div>\n<div style='flex: 1 1 250px; border: 1px solid rgba(150&comma; 150&comma; 150&comma; 0.4); border-radius: 8px; overflow: hidden; display: flex; flex-direction: column;'>\n<div style='padding: 15px; border-bottom: 1px solid rgba(150&comma; 150&comma; 150&comma; 0.2); font-weight: bold; font-size: 18px; color: inherit;'>Contenido del Empaque<\/div>\n<div style='padding: 15px; color: inherit;'>\n<ul style='padding-left: 20px; margin: 0; font-size: 14px; list-style-type: disc;'>\n<li style='margin-bottom: 5px;'>Cubierta y base de la placa frontal<\/li>\n<li style='margin-bottom: 5px;'>Dos tornillos de montaje (#6-32 x 1&#8242;)<\/li>\n<li style='margin-bottom: 5px;'>Juntas de cubierta y base<\/li>\n<li style='margin-bottom: 5px;'>Junta posterior<\/li>\n<li style='margin-bottom: 5px;'>Dos juegos de tornillos para fijar la cubierta a la base<\/li>\n<\/ul><\/div>\n<\/p><\/div>\n<\/p><\/div>\n<hr style='border: 0; border-top: 1px solid rgba(150&comma; 150&comma; 150&comma; 0.3); margin: 30px 0;'>\n<div style='display: flex; flex-wrap: wrap; gap: 30px; margin-bottom: 30px;'>\n<div style='flex: 1 1 300px; min-width: 280px;'>\n<h3 style='font-size: 22px; border-bottom: 2px solid currentColor; padding-bottom: 5px; margin-top: 0; color: inherit; opacity: 0.8;'>Informaci\u00f3n T\u00e9cnica<\/h3>\n<ul style='padding-left: 20px; font-size: 15px; color: inherit;'>\n<li style='margin-bottom: 5px;'><strong>Normas:<\/strong> Cumple con RoHS<\/li>\n<li style='margin-bottom: 5px;'><strong>Protecci\u00f3n:<\/strong> IP56<\/li>\n<li style='margin-bottom: 5px;'><strong>Material:<\/strong> Policarbonato de alto impacto<\/li>\n<li style='margin-bottom: 5px;'><strong>Montaje:<\/strong> Compatible con cajas est\u00e1ndar de pared<\/li>\n<\/ul><\/div>\n<\/p><\/div>\n<\/p><\/div>\n","protected":false},"excerpt":{"rendered":"<p>Placa de Pared Vertical, Resistente al Agua con Protecci?n IP56, Acepta 4 M?dulos Mini-Com, Color Gris<\/p>\n","protected":false},"featured_media":11811,"comment_status":"open","ping_status":"closed","template":"","meta":[],"product_brand":[],"product_cat":[601],"product_tag":[586,602,445],"class_list":{"0":"post-11812","1":"product","2":"type-product","3":"status-publish","4":"has-post-thumbnail","6":"product_cat-faceplates","7":"product_tag-cableado-de-cobre","8":"product_tag-faceplates","9":"product_tag-panduit","11":"first","12":"instock","13":"sale","14":"shipping-taxable","15":"purchasable","16":"product-type-simple"},"_links":{"self":[{"href":"https:\/\/soydeaqui.ddns.net\/pachuca\/index.php\/wp-json\/wp\/v2\/product\/11812","targetHints":{"allow":["GET"]}}],"collection":[{"href":"https:\/\/soydeaqui.ddns.net\/pachuca\/index.php\/wp-json\/wp\/v2\/product"}],"about":[{"href":"https:\/\/soydeaqui.ddns.net\/pachuca\/index.php\/wp-json\/wp\/v2\/types\/product"}],"replies":[{"embeddable":true,"href":"https:\/\/soydeaqui.ddns.net\/pachuca\/index.php\/wp-json\/wp\/v2\/comments?post=11812"}],"wp:featuredmedia":[{"embeddable":true,"href":"https:\/\/soydeaqui.ddns.net\/pachuca\/index.php\/wp-json\/wp\/v2\/media\/11811"}],"wp:attachment":[{"href":"https:\/\/soydeaqui.ddns.net\/pachuca\/index.php\/wp-json\/wp\/v2\/media?parent=11812"}],"wp:term":[{"taxonomy":"product_brand","embeddable":true,"href":"https:\/\/soydeaqui.ddns.net\/pachuca\/index.php\/wp-json\/wp\/v2\/product_brand?post=11812"},{"taxonomy":"product_cat","embeddable":true,"href":"https:\/\/soydeaqui.ddns.net\/pachuca\/index.php\/wp-json\/wp\/v2\/product_cat?post=11812"},{"taxonomy":"product_tag","embeddable":true,"href":"https:\/\/soydeaqui.ddns.net\/pachuca\/index.php\/wp-json\/wp\/v2\/product_tag?post=11812"}],"curies":[{"name":"wp","href":"https:\/\/api.w.org\/{rel}","templated":true}]}}