{"id":118117,"date":"2026-03-24T03:53:23","date_gmt":"2026-03-24T03:53:23","guid":{"rendered":"https:\/\/soydeaqui.ddns.net\/pachuca\/index.php\/producto\/kit-de-herramientas-basic-para-corte-pelado-y-preparacin-de-cables-de-fibra-ptica-para-terminacin\/"},"modified":"2026-03-24T03:53:26","modified_gmt":"2026-03-24T03:53:26","slug":"kit-de-herramientas-basic-para-corte-pelado-y-preparacin-de-cables-de-fibra-ptica-para-terminacin","status":"publish","type":"product","link":"https:\/\/soydeaqui.ddns.net\/pachuca\/index.php\/producto\/kit-de-herramientas-basic-para-corte-pelado-y-preparacin-de-cables-de-fibra-ptica-para-terminacin\/","title":{"rendered":"Kit de Herramientas Basic para Corte, Pelado y Preparaci?n de Cables de Fibra ?ptica para Terminaci?n"},"content":{"rendered":"<div style='width: 100%; max-width: 1200px; margin: 0 auto; font-family: sans-serif; line-height: 1.6; color: inherit;'>\n<div style='display: flex; flex-direction: column; gap: 30px;'>\n<div style='width: 100%;'> <img style='width: 100%; height: auto; border: 1px solid rgba(150&comma;150&comma;150&comma;0.3); border-radius: 8px; display: block; margin: 0 auto;' src='https:\/\/ftp3.syscom.mx\/usuarios\/orobles\/GREENLEE\/TEMPO-COMMUNICATIONS-lg.jpg' alt='' width='270' height='150' \/> <\/div>\n<div style='font-size: 14pt;'>\n<p style='font-size: 14pt;'>El kit de herramientas b\u00e1sico de fibra \u00f3ptica Tempo proporciona las herramientas necesarias para satisfacer diversas tareas que el t\u00e9cnico puede necesitar en el proceso de instalaci\u00f3n de fibra \u00f3ptica para realizarlo de manera segura y efectiva.<\/p>\n<p style='font-size: 14pt;'>El Kit FTK-B se suministra en un estuche resistente para mantener todas las herramientas organizadas de manera segura para un f\u00e1cil almacenamiento y recuperaci\u00f3n para su uso. Se incorporan bolsillos adicionales para sostener accesorios y otras herramientas.<\/p>\n<\/p><\/div>\n<div style='display: flex; flex-direction: column; gap: 15px;'>\n<h3 style='font-size: 22px; border-bottom: 2px solid currentColor; padding-bottom: 5px; margin-top: 0; color: inherit; opacity: 0.8;'>Incluye:<\/h3>\n<ul style='padding-left: 20px; font-size: 15px; color: inherit; list-style-type: disc;'>\n<li style='margin-bottom: 5px; font-size: 14pt;'><span style='color: inherit;'>Tijeras para corte de Kevlar<\/span> <a style='color: #005cb9; text-decoration: none; font-size: 12px; font-weight: 600; font-family: 'Open Sans'&comma; Helvetica&comma; Arial&comma; sans-serif;' href='https:\/\/www.syscom.mx\/principal\/searchcont?route=PA-1511-TEMPO-171763&#038;autodetect=PA1511'>PA-1511<\/a><\/li>\n<li style='margin-bottom: 5px; font-size: 14pt;'><span style='color: inherit;'>Desforradora de Fibra \u00d3ptica de Precisi\u00f3n de 3 posiciones<\/span> <a style='color: #005cb9; text-decoration: none; font-size: 12px; font-weight: 600; font-family: 'Open Sans'&comma; Helvetica&comma; Arial&comma; sans-serif;' href='https:\/\/www.syscom.mx\/principal\/searchcont?route=PA1177-TEMPO-172185&#038;autodetect=PA1177'>PA1177<\/a><\/li>\n<li style='margin-bottom: 5px; font-size: 14pt;'><span style='color: inherit;'>Desforradora ajustable de chaqueta de cable<\/span> <a style='color: #005cb9; text-decoration: none; font-size: 12px; font-weight: 600; font-family: 'Open Sans'&comma; Helvetica&comma; Arial&comma; sans-serif;' href='https:\/\/www.syscom.mx\/principal\/searchcont?route=PA1822-TEMPO-172411&#038;autodetect=PA1822'>PA1822<\/a><\/li>\n<li style='margin-bottom: 5px; font-size: 14pt;'><span style='color: inherit;'>Desarmador 6 en 1<\/span><\/li>\n<li style='margin-bottom: 5px; font-size: 14pt;'><span style='color: inherit;'>Pinzas de punta<\/span><\/li>\n<li style='margin-bottom: 5px; font-size: 14pt;'><span style='color: inherit;'>Estuche<\/span><\/li>\n<li style='margin-bottom: 5px; font-size: 14pt;'><span style='color: inherit;'>Pinzas de corte<\/span><\/li>\n<li style='margin-bottom: 5px; font-size: 14pt;'><span style='color: inherit;'>Desforradora de Fibra Drop<\/span><\/li>\n<li style='margin-bottom: 5px; font-size: 14pt;'><span style='color: inherit;'>Desforradora para Buffer de Fibra \u00d3ptica<\/span> <a style='color: #005cb9; text-decoration: none; font-size: 12px; font-weight: 600; font-family: 'Open Sans'&comma; Helvetica&comma; Arial&comma; sans-serif;' href='https:\/\/www.syscom.mx\/principal\/searchcont?route=MSS-100-TEMPO-172193&#038;autodetect=MSS100'>MSS-100<\/a><\/li>\n<li style='margin-bottom: 5px; font-size: 14pt;'><span style='color: inherit;'>Desforradora de corte circular y longitudinal<\/span><\/li>\n<\/ul><\/div>\n<div style='width: 100%;'> <img style='width: 100%; height: auto; border: 1px solid rgba(150&comma;150&comma;150&comma;0.3); border-radius: 8px;' src='https:\/\/ftp3.syscom.mx\/usuarios\/orobles\/GREENLEE\/FTK\/FTK-B_APP01.png' alt='' width='720' height='446' \/> <\/div>\n<div style='position: relative; padding-bottom: 56.25%; height: 0; overflow: hidden; margin-bottom: 30px;'>   <\/div>\n<div style='position: relative; padding-bottom: 56.25%; height: 0; overflow: hidden; margin-bottom: 30px;'>   <\/div>\n<\/p><\/div>\n<\/p><\/div>\n","protected":false},"excerpt":{"rendered":"<p>Kit de Herramientas Basic para Corte, Pelado y Preparaci?n de Cables de Fibra ?ptica para Terminaci?n<\/p>\n","protected":false},"featured_media":118116,"comment_status":"open","ping_status":"closed","template":"","meta":[],"product_brand":[],"product_cat":[636],"product_tag":[611,25,658],"class_list":{"0":"post-118117","1":"product","2":"type-product","3":"status-publish","4":"has-post-thumbnail","6":"product_cat-herramientas-fibra-optica","7":"product_tag-fibra-optica","8":"product_tag-herramientas","9":"product_tag-tempo","11":"first","12":"outofstock","13":"sale","14":"shipping-taxable","15":"purchasable","16":"product-type-simple"},"_links":{"self":[{"href":"https:\/\/soydeaqui.ddns.net\/pachuca\/index.php\/wp-json\/wp\/v2\/product\/118117","targetHints":{"allow":["GET"]}}],"collection":[{"href":"https:\/\/soydeaqui.ddns.net\/pachuca\/index.php\/wp-json\/wp\/v2\/product"}],"about":[{"href":"https:\/\/soydeaqui.ddns.net\/pachuca\/index.php\/wp-json\/wp\/v2\/types\/product"}],"replies":[{"embeddable":true,"href":"https:\/\/soydeaqui.ddns.net\/pachuca\/index.php\/wp-json\/wp\/v2\/comments?post=118117"}],"wp:featuredmedia":[{"embeddable":true,"href":"https:\/\/soydeaqui.ddns.net\/pachuca\/index.php\/wp-json\/wp\/v2\/media\/118116"}],"wp:attachment":[{"href":"https:\/\/soydeaqui.ddns.net\/pachuca\/index.php\/wp-json\/wp\/v2\/media?parent=118117"}],"wp:term":[{"taxonomy":"product_brand","embeddable":true,"href":"https:\/\/soydeaqui.ddns.net\/pachuca\/index.php\/wp-json\/wp\/v2\/product_brand?post=118117"},{"taxonomy":"product_cat","embeddable":true,"href":"https:\/\/soydeaqui.ddns.net\/pachuca\/index.php\/wp-json\/wp\/v2\/product_cat?post=118117"},{"taxonomy":"product_tag","embeddable":true,"href":"https:\/\/soydeaqui.ddns.net\/pachuca\/index.php\/wp-json\/wp\/v2\/product_tag?post=118117"}],"curies":[{"name":"wp","href":"https:\/\/api.w.org\/{rel}","templated":true}]}}