{"id":118114,"date":"2026-03-24T03:53:14","date_gmt":"2026-03-24T03:53:14","guid":{"rendered":"https:\/\/soydeaqui.ddns.net\/pachuca\/index.php\/producto\/kit-de-herramientas-pro-para-instalacin-de-fibra-ptica-con-accesorios-de-limpieza-de-puertos-conectores-y-desforradoras-de-fibra-ptica\/"},"modified":"2026-03-24T03:53:19","modified_gmt":"2026-03-24T03:53:19","slug":"kit-de-herramientas-pro-para-instalacin-de-fibra-ptica-con-accesorios-de-limpieza-de-puertos-conectores-y-desforradoras-de-fibra-ptica","status":"publish","type":"product","link":"https:\/\/soydeaqui.ddns.net\/pachuca\/index.php\/producto\/kit-de-herramientas-pro-para-instalacin-de-fibra-ptica-con-accesorios-de-limpieza-de-puertos-conectores-y-desforradoras-de-fibra-ptica\/","title":{"rendered":"Kit de Herramientas Pro para Instalaci?n de Fibra ?ptica con Accesorios de Limpieza de Puertos\/Conectores y Desforradoras de Fibra ?ptica"},"content":{"rendered":"<div style='width: 100%; max-width: 1200px; margin: 0 auto; font-family: sans-serif; line-height: 1.6; color: inherit; background-color: transparent;'>\n<div style='display: flex; flex-wrap: wrap; gap: 30px; margin-bottom: 30px;'>\n<div style='flex: 1 1 300px; min-width: 280px;'>\n<h3 style='font-size: 22px; border-bottom: 2px solid currentColor; padding-bottom: 5px; margin-top: 0; color: inherit; opacity: 0.8;'>Descripci\u00f3n<\/h3>\n<p style='font-size: 15px; margin-bottom: 15px; color: inherit;'>El kit de herramientas b\u00e1sico de fibra \u00f3ptica Tempo proporciona las herramientas necesarias para satisfacer diversas tareas que el t\u00e9cnico puede necesitar en el proceso de instalaci\u00f3n de fibra \u00f3ptica para realizarlo de manera segura y efectiva.<\/p>\n<p style='font-size: 15px; margin-bottom: 15px; color: inherit;'>El Kit FTK-P se suministra en un estuche resistente para mantener todas las herramientas organizadas de manera segura para un f\u00e1cil almacenamiento y recuperaci\u00f3n para su uso. Se incorporan bolsillos adicionales para sostener accesorios y otras herramientas.<\/p>\n<\/p><\/div>\n<\/p><\/div>\n<div style='display: flex; flex-wrap: wrap; gap: 20px; margin-bottom: 30px;'>\n<div style='flex: 1 1 250px; border: 1px solid rgba(150&comma; 150&comma; 150&comma; 0.4); border-radius: 8px; overflow: hidden; display: flex; flex-direction: column;'>\n<div style='padding: 15px; border-bottom: 1px solid rgba(150&comma; 150&comma; 150&comma; 0.2); font-weight: bold; font-size: 18px; color: inherit;'>Contenido del Kit<\/div>\n<div style='padding: 15px; color: inherit;'>\n<ul style='padding-left: 20px; margin: 0; font-size: 14px; list-style-type: disc;'>\n<li style='margin-bottom: 5px;'><span style='color: inherit;'>Tijeras para corte de Kevlar <a style='color: inherit; text-decoration: underline; font-weight: bold;' href='https:\/\/www.syscom.mx\/principal\/searchcont?route=PA-1511-TEMPO-171763&#038;autodetect=PA1511'>PA-1511<\/a><\/span><\/li>\n<li style='margin-bottom: 5px;'><span style='color: inherit;'>Desforradora de Fibra \u00d3ptica de Precisi\u00f3n de 3 posiciones <a style='color: inherit; text-decoration: underline; font-weight: bold;' href='https:\/\/www.syscom.mx\/principal\/searchcont?route=PA1177-TEMPO-172185&#038;autodetect=PA1177'>PA1177<\/a><\/span><\/li>\n<li style='margin-bottom: 5px;'><span style='color: inherit;'>Desforradora ajustable de chaqueta de cable <a style='color: inherit; text-decoration: underline; font-weight: bold;' href='https:\/\/www.syscom.mx\/principal\/searchcont?route=PA1822-TEMPO-172411&#038;autodetect=PA1822'>PA1822<\/a><\/span><\/li>\n<li style='margin-bottom: 5px;'><span style='color: inherit;'>Desarmador 6 en 1<\/span><\/li>\n<li style='margin-bottom: 5px;'><span style='color: inherit;'>Pinzas de punta<\/span><\/li>\n<li style='margin-bottom: 5px;'><span style='color: inherit;'>Estuche<\/span><\/li>\n<li style='margin-bottom: 5px;'><span style='color: inherit;'>Pinzas de corte<\/span><\/li>\n<li style='margin-bottom: 5px;'><span style='color: inherit;'>Desforradora de Fibra Drop<\/span><\/li>\n<li style='margin-bottom: 5px;'><span style='color: inherit;'>Desforradora para Buffer de Fibra \u00d3ptica <a style='color: inherit; text-decoration: underline; font-weight: bold;' href='https:\/\/www.syscom.mx\/principal\/searchcont?route=MSS-100-TEMPO-172193&#038;autodetect=MSS100'>MSS-100<\/a><\/span><\/li>\n<li style='margin-bottom: 5px;'><span style='color: inherit;'>Desforradora de corte circular y longitudinal<\/span><\/li>\n<li style='margin-bottom: 5px;'><span style='color: inherit;'>Localizador Visual de Fallos (VFL) <a style='color: inherit; text-decoration: underline; font-weight: bold;' href='https:\/\/www.syscom.mx\/principal\/searchcont?route=180XL-TEMPO-172647&#038;autodetect=180xl'>180XL<\/a><\/span><\/li>\n<li style='margin-bottom: 5px;'><span style='color: inherit;'>Pluma para limpieza de conectores de 2.5 mm (SC&comma; ST y FC)<\/span><\/li>\n<li style='margin-bottom: 5px;'><span style='color: inherit;'>Pluma para limpieza de conectores de 1.25 mm (LC)<\/span><\/li>\n<\/ul><\/div>\n<\/p><\/div>\n<\/p><\/div>\n<div style='display: flex; flex-wrap: wrap; gap: 30px; margin-bottom: 30px;'>\n<div style='flex: 1 1 300px; min-width: 280px;'>\n<h3 style='font-size: 22px; border-bottom: 2px solid currentColor; padding-bottom: 5px; margin-top: 0; color: inherit; opacity: 0.8;'>Im\u00e1genes<\/h3>\n<p> <img style='width: 100%; height: auto; border: 1px solid rgba(150&comma;150&comma;150&comma;0.3); border-radius: 8px;' src='https:\/\/ftp3.syscom.mx\/usuarios\/orobles\/GREENLEE\/TEMPO-COMMUNICATIONS-lg.jpg' alt=''> <img style='width: 100%; height: auto; border: 1px solid rgba(150&comma;150&comma;150&comma;0.3); border-radius: 8px; margin-top: 15px;' src='https:\/\/ftp3.syscom.mx\/usuarios\/orobles\/GREENLEE\/FTK\/FTK-P_APP01.png' alt=''> <\/div>\n<\/p><\/div>\n<div style='display: flex; flex-wrap: wrap; gap: 30px; margin-bottom: 30px;'>\n<div style='flex: 1 1 300px; min-width: 280px;'>\n<h3 style='font-size: 22px; border-bottom: 2px solid currentColor; padding-bottom: 5px; margin-top: 0; color: inherit; opacity: 0.8;'>Videos<\/h3>\n<div style='position: relative; padding-bottom: 56.25%; height: 0; overflow: hidden; margin-bottom: 30px;'>   <\/div>\n<div style='position: relative; padding-bottom: 56.25%; height: 0; overflow: hidden; margin-bottom: 30px;'>   <\/div>\n<\/p><\/div>\n<\/p><\/div>\n<\/p><\/div>\n","protected":false},"excerpt":{"rendered":"<p>Kit de Herramientas Pro para Instalaci?n de Fibra ?ptica con Accesorios de Limpieza de Puertos\/Conectores y Desforradoras de Fibra ?ptica<\/p>\n","protected":false},"featured_media":118113,"comment_status":"open","ping_status":"closed","template":"","meta":[],"product_brand":[],"product_cat":[636],"product_tag":[611,25,658],"class_list":{"0":"post-118114","1":"product","2":"type-product","3":"status-publish","4":"has-post-thumbnail","6":"product_cat-herramientas-fibra-optica","7":"product_tag-fibra-optica","8":"product_tag-herramientas","9":"product_tag-tempo","11":"first","12":"instock","13":"sale","14":"shipping-taxable","15":"purchasable","16":"product-type-simple"},"_links":{"self":[{"href":"https:\/\/soydeaqui.ddns.net\/pachuca\/index.php\/wp-json\/wp\/v2\/product\/118114","targetHints":{"allow":["GET"]}}],"collection":[{"href":"https:\/\/soydeaqui.ddns.net\/pachuca\/index.php\/wp-json\/wp\/v2\/product"}],"about":[{"href":"https:\/\/soydeaqui.ddns.net\/pachuca\/index.php\/wp-json\/wp\/v2\/types\/product"}],"replies":[{"embeddable":true,"href":"https:\/\/soydeaqui.ddns.net\/pachuca\/index.php\/wp-json\/wp\/v2\/comments?post=118114"}],"wp:featuredmedia":[{"embeddable":true,"href":"https:\/\/soydeaqui.ddns.net\/pachuca\/index.php\/wp-json\/wp\/v2\/media\/118113"}],"wp:attachment":[{"href":"https:\/\/soydeaqui.ddns.net\/pachuca\/index.php\/wp-json\/wp\/v2\/media?parent=118114"}],"wp:term":[{"taxonomy":"product_brand","embeddable":true,"href":"https:\/\/soydeaqui.ddns.net\/pachuca\/index.php\/wp-json\/wp\/v2\/product_brand?post=118114"},{"taxonomy":"product_cat","embeddable":true,"href":"https:\/\/soydeaqui.ddns.net\/pachuca\/index.php\/wp-json\/wp\/v2\/product_cat?post=118114"},{"taxonomy":"product_tag","embeddable":true,"href":"https:\/\/soydeaqui.ddns.net\/pachuca\/index.php\/wp-json\/wp\/v2\/product_tag?post=118114"}],"curies":[{"name":"wp","href":"https:\/\/api.w.org\/{rel}","templated":true}]}}