{"id":118104,"date":"2026-03-24T03:52:41","date_gmt":"2026-03-24T03:52:41","guid":{"rendered":"https:\/\/soydeaqui.ddns.net\/pachuca\/index.php\/producto\/carrete-de-4-kilmetros-de-fibra-ptica-area-mini-adss-asu-g-652d-monomodo-de-6-hilos-exterior-span-80-loose-tube\/"},"modified":"2026-03-24T03:52:45","modified_gmt":"2026-03-24T03:52:45","slug":"carrete-de-4-kilmetros-de-fibra-ptica-area-mini-adss-asu-g-652d-monomodo-de-6-hilos-exterior-span-80-loose-tube","status":"publish","type":"product","link":"https:\/\/soydeaqui.ddns.net\/pachuca\/index.php\/producto\/carrete-de-4-kilmetros-de-fibra-ptica-area-mini-adss-asu-g-652d-monomodo-de-6-hilos-exterior-span-80-loose-tube\/","title":{"rendered":"Carrete de 4 Kil?metros de Fibra ?ptica A?rea Mini ADSS (ASU) G.652D, Monomodo de 6 Hilos, Exterior, Span 80, Loose Tube"},"content":{"rendered":"<div style='width: 100%; max-width: 1200px; margin: 0 auto; font-family: sans-serif; line-height: 1.6; color: inherit; background-color: transparent;'>\n<div style='display: flex; flex-wrap: wrap; gap: 30px; margin-bottom: 30px;'>\n<div style='flex: 1 1 300px; min-width: 280px;'>\n<h3 style='font-size: 22px; border-bottom: 2px solid currentColor; padding-bottom: 5px; margin-top: 0; color: inherit; opacity: 0.8;'>Descripci\u00f3n del producto<\/h3>\n<p style='color: inherit; font-size: 15px; margin: 15px 0;'>El cable de fibra \u00f3ptica Mini ADSS (All Dielectric Self Supported&comma; completamente diel\u00e9ctrico y autosoportado) est\u00e1 dise\u00f1ado para instalaciones a\u00e9reas entre postes. Los cables Mini ADSS resisten la tracci\u00f3n necesaria gracias a sus elementos de refuerzo&comma; no contiene elementos met\u00e1licos.<\/p>\n<div style='margin: 20px 0;'> <img style='width: 100%; height: auto; border: 1px solid rgba(150&comma;150&comma;150&comma;0.3); border-radius: 8px;' src='https:\/\/ftp3.syscom.mx\/usuarios\/orobles\/FiberHome\/linkedpro_by_fiberhome_logo2.png' alt='Logo de LINKEDPRO BY FIBERHOME'> <\/div>\n<\/p><\/div>\n<\/p><\/div>\n<div style='display: flex; flex-wrap: wrap; gap: 20px; margin-bottom: 30px;'>\n<div style='flex: 1 1 250px; border: 1px solid rgba(150&comma; 150&comma; 150&comma; 0.4); border-radius: 8px; overflow: hidden; display: flex; flex-direction: column;'>\n<div style='padding: 15px; border-bottom: 1px solid rgba(150&comma; 150&comma; 150&comma; 0.2); font-weight: bold; font-size: 18px; color: inherit;'>Especificaciones T\u00e9cnicas<\/div>\n<div style='padding: 15px; color: inherit;'>\n<ul style='padding-left: 20px; margin: 0; font-size: 14px; list-style-type: disc;'>\n<li style='margin-bottom: 5px;'>Fibra \u00d3ptica Mini ADSS G.652D Monomodo Loose Tube<\/li>\n<li style='margin-bottom: 5px;'>Cubierta Exterior: MDPE (Polietileno de Media Densidad)<\/li>\n<li style='margin-bottom: 5px;'>Maxima tensi\u00f3n en operaci\u00f3n: 800N<\/li>\n<li style='margin-bottom: 5px;'>Maxima tensi\u00f3n en instalaci\u00f3n: 1250N<\/li>\n<li style='margin-bottom: 5px;'>Temperatura de operaci\u00f3n: -20\u00baC \u00ef\u00bd\u017e +65\u00baC<\/li>\n<li style='margin-bottom: 5px;'>Span (Distancia entre Postes): 80 metros<\/li>\n<li style='margin-bottom: 5px;'>Protecci\u00f3n contra rayos UV y humedad<\/li>\n<li style='margin-bottom: 5px;'>Diametro nominal (D): 6.3 \u00b1 0.2 mm<\/li>\n<li style='margin-bottom: 5px;'>Radio m\u00ednimo de curvatura: Instalaci\u00f3n 20D&comma; Operaci\u00f3n 10D<\/li>\n<li style='margin-bottom: 5px;'>Resistencia al aplastamiento: 1000N\/10cm<\/li>\n<li style='margin-bottom: 5px;'>Peso nominal (kg\/km): 50 \u00b1 10 kg\/km<\/li>\n<li style='margin-bottom: 5px;'>6 hilos<\/li>\n<li style='margin-bottom: 5px;'>Forro Negro<\/li>\n<li style='margin-bottom: 5px;'>Dimensiones (mm): 950 x 950 x 554<\/li>\n<li style='margin-bottom: 5px;'>Peso Bruto del Carrete (4 km): 170 kg<\/li>\n<\/ul><\/div>\n<\/p><\/div>\n<div style='flex: 1 1 250px; border: 1px solid rgba(150&comma; 150&comma; 150&comma; 0.4); border-radius: 8px; overflow: hidden; display: flex; flex-direction: column;'>\n<div style='padding: 15px; border-bottom: 1px solid rgba(150&comma; 150&comma; 150&comma; 0.2); font-weight: bold; font-size: 18px; color: inherit;'>Preformados compatibles<\/div>\n<div style='padding: 15px; color: inherit;'>\n<ul style='padding-left: 20px; margin: 0; font-size: 14px; list-style-type: disc;'>\n<li style='margin-bottom: 5px;'><a href='https:\/\/www.syscom.mx\/principal\/searchcont?route=GDE-ADS-060-PLP-191447&#038;autodetect=GDE-ADS-060' style='color: inherit; text-decoration: underline;'>GDE-ADS-060<\/a><\/li>\n<li style='margin-bottom: 5px;'><a href='https:\/\/www.syscom.mx\/principal\/searchcont?route=LP-RP0607-LINKEDPRO-BY-EPCOM-221792&#038;autodetect=LP-RP0607' style='color: inherit; text-decoration: underline;' target='_blank' rel='noopener'>LP-RP0607<\/a><\/li>\n<\/ul><\/div>\n<\/p><\/div>\n<div style='flex: 1 1 250px; border: 1px solid rgba(150&comma; 150&comma; 150&comma; 0.4); border-radius: 8px; overflow: hidden; display: flex; flex-direction: column;'>\n<div style='padding: 15px; border-bottom: 1px solid rgba(150&comma; 150&comma; 150&comma; 0.2); font-weight: bold; font-size: 18px; color: inherit;'>Performance del Cable<\/div>\n<div style='padding: 15px; color: inherit;'>\n<div style='margin: 15px 0;'> <img style='width: 100%; height: auto; border: 1px solid rgba(150&comma;150&comma;150&comma;0.3); border-radius: 8px;' src='https:\/\/ftp3.syscom.mx\/usuarios\/fotos\/MINIADSS06C\/4KM\/183609-cable_performance_miniadss_span_80.png' alt='Performance del cable MiniADSS Span 80'> <\/div>\n<\/p><\/div>\n<\/p><\/div>\n<\/p><\/div>\n<\/p><\/div>\n","protected":false},"excerpt":{"rendered":"<p>Carrete de 4 Kil?metros de Fibra ?ptica A?rea Mini ADSS (ASU) G.652D, Monomodo de 6 Hilos, Exterior, Span 80, Loose Tube<\/p>\n","protected":false},"featured_media":118103,"comment_status":"open","ping_status":"closed","template":"","meta":[],"product_brand":[],"product_cat":[625],"product_tag":[488,611,673],"class_list":{"0":"post-118104","1":"product","2":"type-product","3":"status-publish","4":"has-post-thumbnail","6":"product_cat-fibra-optica-cables-y-conectores","7":"product_tag-cables-y-conectores","8":"product_tag-fibra-optica","9":"product_tag-linkedpro-by-fiberhome","11":"first","12":"instock","13":"sale","14":"shipping-taxable","15":"purchasable","16":"product-type-simple"},"_links":{"self":[{"href":"https:\/\/soydeaqui.ddns.net\/pachuca\/index.php\/wp-json\/wp\/v2\/product\/118104","targetHints":{"allow":["GET"]}}],"collection":[{"href":"https:\/\/soydeaqui.ddns.net\/pachuca\/index.php\/wp-json\/wp\/v2\/product"}],"about":[{"href":"https:\/\/soydeaqui.ddns.net\/pachuca\/index.php\/wp-json\/wp\/v2\/types\/product"}],"replies":[{"embeddable":true,"href":"https:\/\/soydeaqui.ddns.net\/pachuca\/index.php\/wp-json\/wp\/v2\/comments?post=118104"}],"wp:featuredmedia":[{"embeddable":true,"href":"https:\/\/soydeaqui.ddns.net\/pachuca\/index.php\/wp-json\/wp\/v2\/media\/118103"}],"wp:attachment":[{"href":"https:\/\/soydeaqui.ddns.net\/pachuca\/index.php\/wp-json\/wp\/v2\/media?parent=118104"}],"wp:term":[{"taxonomy":"product_brand","embeddable":true,"href":"https:\/\/soydeaqui.ddns.net\/pachuca\/index.php\/wp-json\/wp\/v2\/product_brand?post=118104"},{"taxonomy":"product_cat","embeddable":true,"href":"https:\/\/soydeaqui.ddns.net\/pachuca\/index.php\/wp-json\/wp\/v2\/product_cat?post=118104"},{"taxonomy":"product_tag","embeddable":true,"href":"https:\/\/soydeaqui.ddns.net\/pachuca\/index.php\/wp-json\/wp\/v2\/product_tag?post=118104"}],"curies":[{"name":"wp","href":"https:\/\/api.w.org\/{rel}","templated":true}]}}