{"id":118101,"date":"2026-03-24T03:52:32","date_gmt":"2026-03-24T03:52:32","guid":{"rendered":"https:\/\/soydeaqui.ddns.net\/pachuca\/index.php\/producto\/carrete-de-4-kilmetros-de-fibra-ptica-area-mini-figura-8-g-652d-monomodo-de-6-hilos-exterior-span-80-loose-tube\/"},"modified":"2026-03-24T03:52:37","modified_gmt":"2026-03-24T03:52:37","slug":"carrete-de-4-kilmetros-de-fibra-ptica-area-mini-figura-8-g-652d-monomodo-de-6-hilos-exterior-span-80-loose-tube","status":"publish","type":"product","link":"https:\/\/soydeaqui.ddns.net\/pachuca\/index.php\/producto\/carrete-de-4-kilmetros-de-fibra-ptica-area-mini-figura-8-g-652d-monomodo-de-6-hilos-exterior-span-80-loose-tube\/","title":{"rendered":"Carrete de 4 Kil?metros de Fibra ?ptica A?rea Mini Figura 8, G.652D, Monomodo de 6 Hilos, Exterior, Span 80, Loose Tube"},"content":{"rendered":"<div style='width: 100%; max-width: 1200px; margin: 0 auto; font-family: sans-serif; line-height: 1.6; color: inherit; background-color: transparent;'>\n<div style='display: flex; flex-wrap: wrap; gap: 30px; margin-bottom: 30px;'>\n<div style='flex: 1 1 300px; min-width: 280px;'>\n<h3 style='font-size: 22px; border-bottom: 2px solid currentColor; padding-bottom: 5px; margin-top: 0; color: inherit; opacity: 0.8;'>Caracter\u00edsticas del producto<\/h3>\n<p style='font-size: 15px; color: inherit; margin-top: 0;'>El cable de fibra \u00f3ptica <strong>Mini Figura 8<\/strong> est\u00e1 dise\u00f1ado para instalaciones a\u00e9reas entre postes. Este tipo de cables ofrecen resistencia a la tracci\u00f3n necesaria gracias a su mensajero de acero.<\/p>\n<div style='margin-top: 20px;'> <img style='width: 100%; height: auto; border: 1px solid rgba(150&comma;150&comma;150&comma;0.3); border-radius: 8px;' src='https:\/\/ftp3.syscom.mx\/usuarios\/orobles\/FiberHome\/linkedpro_by_fiberhome_logo2.png' alt='Logo'> <\/div>\n<\/p><\/div>\n<div style='flex: 1 1 300px; min-width: 280px;'>\n<div style='border: 1px solid rgba(150&comma; 150&comma; 150&comma; 0.4); border-radius: 8px; overflow: hidden; display: flex; flex-direction: column; height: 100%;'>\n<div style='padding: 15px; border-bottom: 1px solid rgba(150&comma; 150&comma; 150&comma; 0.2); font-weight: bold; font-size: 18px; color: inherit;'>Especificaciones T\u00e9cnicas<\/div>\n<div style='padding: 15px; color: inherit; flex-grow: 1;'>\n<ul style='padding-left: 20px; margin: 0; font-size: 14px; list-style-type: disc;'>\n<li style='margin-bottom: 5px;'><strong>Fibra \u00d3ptica:<\/strong> Mini Figura 8 G.652D Monomodo Loose Tube<\/li>\n<li style='margin-bottom: 5px;'><strong>Cubierta Exterior:<\/strong> PE (Polietileno)<\/li>\n<li style='margin-bottom: 5px;'><strong>Mensajero:<\/strong> Acero galvanizado<\/li>\n<li style='margin-bottom: 5px;'><strong>Tensi\u00f3n M\u00e1xima:<\/strong> 1250N<\/li>\n<li style='margin-bottom: 5px;'><strong>Temperatura de Operaci\u00f3n:<\/strong> -20\u00baC a +65\u00baC<\/li>\n<li style='margin-bottom: 5px;'><strong>Span:<\/strong> 80 metros<\/li>\n<li style='margin-bottom: 5px;'><strong>Protecci\u00f3n:<\/strong> Rayos UV y humedad<\/li>\n<li style='margin-bottom: 5px;'><strong>Di\u00e1metro Nominal:<\/strong> 5.4 \u00b1 0.5 mm (Tubo \u00f3ptico) x 10.2 \u00b1 0.5 mm (Total)<\/li>\n<li style='margin-bottom: 5px;'><strong>Di\u00e1metro Mensajero:<\/strong> 1.6 mm<\/li>\n<li style='margin-bottom: 5px;'><strong>Di\u00e1metro Mensajero + Forro:<\/strong> 3.6 \u00b1 0.5 mm<\/li>\n<li style='margin-bottom: 5px;'><strong>Radio M\u00ednimo de Curvatura:<\/strong> Instalaci\u00f3n 30W&comma; Operaci\u00f3n 15W<\/li>\n<li style='margin-bottom: 5px;'><strong>Resistencia al Aplastamiento:<\/strong> 1000N\/10cm<\/li>\n<li style='margin-bottom: 5px;'><strong>Peso Nominal:<\/strong> 60 \u00b1 15 kg\/km<\/li>\n<li style='margin-bottom: 5px;'><strong>Hilos:<\/strong> 6<\/li>\n<li style='margin-bottom: 5px;'><strong>Forro:<\/strong> Negro<\/li>\n<li style='margin-bottom: 5px;'><strong>Precio:<\/strong> Por carrete de 4 km<\/li>\n<li style='margin-bottom: 5px;'><strong>Dimensiones:<\/strong> 1150 x 1150 x 750 mm<\/li>\n<li style='margin-bottom: 5px;'><strong>Peso Bruto del Carrete:<\/strong> 270 kg<\/li>\n<\/ul><\/div>\n<\/p><\/div>\n<\/p><\/div>\n<\/p><\/div>\n<div style='display: flex; flex-wrap: wrap; gap: 30px; margin-bottom: 30px;'>\n<div style='flex: 1 1 300px; min-width: 280px;'>\n<div style='border: 1px solid rgba(150&comma; 150&comma; 150&comma; 0.4); border-radius: 8px; overflow: hidden; display: flex; flex-direction: column; height: 100%;'>\n<div style='padding: 15px; border-bottom: 1px solid rgba(150&comma; 150&comma; 150&comma; 0.2); font-weight: bold; font-size: 18px; color: inherit;'>Secci\u00f3n Transversal<\/div>\n<div style='padding: 15px; color: inherit; text-align: center;'> <img style='width: 100%; height: auto; border: 1px solid rgba(150&comma;150&comma;150&comma;0.3); border-radius: 8px;' src='https:\/\/ftp3.syscom.mx\/usuarios\/orobles\/FiberHome\/Fibra\/Seccion-Transversal-W.JPG' alt='Secci\u00f3n Transversal'> <\/div>\n<\/p><\/div>\n<\/p><\/div>\n<div style='flex: 1 1 300px; min-width: 280px;'>\n<div style='border: 1px solid rgba(150&comma; 150&comma; 150&comma; 0.4); border-radius: 8px; overflow: hidden; display: flex; flex-direction: column; height: 100%;'>\n<div style='padding: 15px; border-bottom: 1px solid rgba(150&comma; 150&comma; 150&comma; 0.2); font-weight: bold; font-size: 18px; color: inherit;'>Compatibilidad<\/div>\n<div style='padding: 15px; color: inherit;'>\n<p style='margin: 0 0 10px; font-size: 14px;'><strong>Preformado compatible:<\/strong><\/p>\n<p style='margin: 0; font-size: 14px;'> <a style='color: inherit; text-decoration: underline;' href='https:\/\/www.syscom.mx\/producto\/2002505MX-PLP-207273.html'>2002505MX<\/a> <\/p>\n<\/p><\/div>\n<\/p><\/div>\n<\/p><\/div>\n<\/p><\/div>\n<\/p><\/div>\n","protected":false},"excerpt":{"rendered":"<p>Carrete de 4 Kil?metros de Fibra ?ptica A?rea Mini Figura 8, G.652D, Monomodo de 6 Hilos, Exterior, Span 80, Loose Tube<\/p>\n","protected":false},"featured_media":118100,"comment_status":"open","ping_status":"closed","template":"","meta":[],"product_brand":[],"product_cat":[625],"product_tag":[488,611,673],"class_list":{"0":"post-118101","1":"product","2":"type-product","3":"status-publish","4":"has-post-thumbnail","6":"product_cat-fibra-optica-cables-y-conectores","7":"product_tag-cables-y-conectores","8":"product_tag-fibra-optica","9":"product_tag-linkedpro-by-fiberhome","11":"first","12":"instock","13":"sale","14":"shipping-taxable","15":"purchasable","16":"product-type-simple"},"_links":{"self":[{"href":"https:\/\/soydeaqui.ddns.net\/pachuca\/index.php\/wp-json\/wp\/v2\/product\/118101","targetHints":{"allow":["GET"]}}],"collection":[{"href":"https:\/\/soydeaqui.ddns.net\/pachuca\/index.php\/wp-json\/wp\/v2\/product"}],"about":[{"href":"https:\/\/soydeaqui.ddns.net\/pachuca\/index.php\/wp-json\/wp\/v2\/types\/product"}],"replies":[{"embeddable":true,"href":"https:\/\/soydeaqui.ddns.net\/pachuca\/index.php\/wp-json\/wp\/v2\/comments?post=118101"}],"wp:featuredmedia":[{"embeddable":true,"href":"https:\/\/soydeaqui.ddns.net\/pachuca\/index.php\/wp-json\/wp\/v2\/media\/118100"}],"wp:attachment":[{"href":"https:\/\/soydeaqui.ddns.net\/pachuca\/index.php\/wp-json\/wp\/v2\/media?parent=118101"}],"wp:term":[{"taxonomy":"product_brand","embeddable":true,"href":"https:\/\/soydeaqui.ddns.net\/pachuca\/index.php\/wp-json\/wp\/v2\/product_brand?post=118101"},{"taxonomy":"product_cat","embeddable":true,"href":"https:\/\/soydeaqui.ddns.net\/pachuca\/index.php\/wp-json\/wp\/v2\/product_cat?post=118101"},{"taxonomy":"product_tag","embeddable":true,"href":"https:\/\/soydeaqui.ddns.net\/pachuca\/index.php\/wp-json\/wp\/v2\/product_tag?post=118101"}],"curies":[{"name":"wp","href":"https:\/\/api.w.org\/{rel}","templated":true}]}}