{"id":118096,"date":"2026-03-24T03:52:17","date_gmt":"2026-03-24T03:52:17","guid":{"rendered":"https:\/\/soydeaqui.ddns.net\/pachuca\/index.php\/producto\/carrete-de-4-kilmetros-de-fibra-ptica-para-exterior-g-652d-armada-monomodo-de-24-hilos-loose-tube-color-negro-para-instalacin-en-ducto-subterrneo-o-enterrado-directo\/"},"modified":"2026-03-24T03:52:22","modified_gmt":"2026-03-24T03:52:22","slug":"carrete-de-4-kilmetros-de-fibra-ptica-para-exterior-g-652d-armada-monomodo-de-24-hilos-loose-tube-color-negro-para-instalacin-en-ducto-subterrneo-o-enterrado-directo","status":"publish","type":"product","link":"https:\/\/soydeaqui.ddns.net\/pachuca\/index.php\/producto\/carrete-de-4-kilmetros-de-fibra-ptica-para-exterior-g-652d-armada-monomodo-de-24-hilos-loose-tube-color-negro-para-instalacin-en-ducto-subterrneo-o-enterrado-directo\/","title":{"rendered":"Carrete de 4 Kil?metros de Fibra ?ptica para Exterior G.652D, Armada, Monomodo de 24 Hilos, Loose Tube, Color Negro, para Instalaci?n en Ducto Subterr?neo o Enterrado Directo"},"content":{"rendered":"<div style='width: 100%; max-width: 1200px; margin: 0 auto; font-family: sans-serif; line-height: 1.6; color: inherit; background-color: transparent;'> <!-- Logo --> <\/p>\n<div style='width: 100%; margin: 20px 0;'> <img style='width: 100%; max-width: 432px; height: auto; border: 1px solid rgba(150&comma;150&comma;150&comma;0.3); border-radius: 8px;' src='https:\/\/ftp3.syscom.mx\/usuarios\/orobles\/FiberHome\/linkedpro_by_fiberhome_logo2.png' alt='Logo LINKEDPRO BY FIBERHOME'> <\/div>\n<p> <!-- Descripci\u00f3n --> <\/p>\n<div style='width: 100%; margin-bottom: 30px;'>\n<p style='font-size: 16px; color: inherit; margin: 0;'> Los cables de fibra GYFS est\u00e1n dise\u00f1ados para instalaciones subterr\u00e1neas en ducto&comma; cuentan con una armadura met\u00e1lica para protecci\u00f3n contra roedores. <\/p>\n<\/p><\/div>\n<p> <!-- Caracter\u00edsticas --> <\/p>\n<div style='display: flex; flex-wrap: wrap; gap: 30px; margin-bottom: 30px;'>\n<div style='flex: 1 1 300px; min-width: 280px;'>\n<h3 style='font-size: 22px; border-bottom: 2px solid currentColor; padding-bottom: 5px; margin-top: 0; color: inherit; opacity: 0.8;'>Caracter\u00edsticas<\/h3>\n<ul style='padding-left: 20px; font-size: 15px; color: inherit;'>\n<li style='margin-bottom: 5px;'><span style='color: inherit;'>Fibra \u00d3ptica Monomodo G.652D Loose Tube para Exterior<\/span><\/li>\n<li style='margin-bottom: 5px;'><span style='color: inherit;'>Para instalaci\u00f3n en tuber\u00eda subterranea o enterrado directo<\/span><\/li>\n<li style='margin-bottom: 5px;'><span style='color: inherit;'>Tipo de Armado: Cubierta de Acero<\/span><\/li>\n<li style='margin-bottom: 5px;'><span style='color: inherit;'>Cubierta con bloqueo de agua a prueba de humedad<\/span><\/li>\n<li style='margin-bottom: 5px;'><span style='color: inherit;'>Maxima Tensi\u00f3n: 2200N<\/span><\/li>\n<li style='margin-bottom: 5px;'><span style='color: inherit;'>Material de Forro: HDPE (Polietileno de alta densidad)<\/span><\/li>\n<li style='margin-bottom: 5px;'><span style='color: inherit;'>Temperatura de Operaci\u00f3n: -20\u00baC a +65\u00baC<\/span><\/li>\n<li style='margin-bottom: 5px;'><span style='color: inherit;'>Peso: 117 \u00b1 15 kg\/km<\/span><\/li>\n<li style='margin-bottom: 5px;'><span style='color: inherit;'>Di\u00e1metro del cable (D): 11.4 \u00b1 0.5 mm<\/span><\/li>\n<li style='margin-bottom: 5px;'><span style='color: inherit;'>Radio m\u00ednimo de curvatura: Instalaci\u00f3n 25D&comma; Operaci\u00f3n 12.5D<\/span><\/li>\n<li style='margin-bottom: 5px;'><span style='color: inherit;'>Resistencia al aplastamiento: 1000N\/10cm<\/span><\/li>\n<li style='margin-bottom: 5px;'><span style='color: inherit;'>24 hilos<\/span><\/li>\n<li style='margin-bottom: 5px;'><span style='color: inherit;'>Precio por carrete de 4 km<\/span><\/li>\n<li style='margin-bottom: 5px;'><span style='color: inherit;'>Dimensiones (mm): 1400 x 1400 x 750<\/span><\/li>\n<li style='margin-bottom: 5px;'><span style='color: inherit;'>Peso Bruto del carrete de 4 km: 560 kg<\/span><\/li>\n<\/ul><\/div>\n<\/p><\/div>\n<p> <!-- Imagen de rendimiento --> <\/p>\n<div style='width: 100%; margin: 30px 0;'> <img style='width: 100%; height: auto; border: 1px solid rgba(150&comma;150&comma;150&comma;0.3); border-radius: 8px;' src='https:\/\/ftp3.syscom.mx\/usuarios\/fotos\/GYFS24C\/4KM\/183619-cable_performance_gyfs.png' alt='Cable Performance'> <\/div>\n<\/p><\/div>\n","protected":false},"excerpt":{"rendered":"<p>Carrete de 4 Kil?metros de Fibra ?ptica para Exterior G.652D, Armada, Monomodo de 24 Hilos, Loose Tube, Color Negro, para Instalaci?n en Ducto Subterr?neo o Enterrado Directo<\/p>\n","protected":false},"featured_media":118095,"comment_status":"open","ping_status":"closed","template":"","meta":[],"product_brand":[],"product_cat":[625],"product_tag":[488,611,673],"class_list":{"0":"post-118096","1":"product","2":"type-product","3":"status-publish","4":"has-post-thumbnail","6":"product_cat-fibra-optica-cables-y-conectores","7":"product_tag-cables-y-conectores","8":"product_tag-fibra-optica","9":"product_tag-linkedpro-by-fiberhome","11":"first","12":"instock","13":"sale","14":"shipping-taxable","15":"purchasable","16":"product-type-simple"},"_links":{"self":[{"href":"https:\/\/soydeaqui.ddns.net\/pachuca\/index.php\/wp-json\/wp\/v2\/product\/118096","targetHints":{"allow":["GET"]}}],"collection":[{"href":"https:\/\/soydeaqui.ddns.net\/pachuca\/index.php\/wp-json\/wp\/v2\/product"}],"about":[{"href":"https:\/\/soydeaqui.ddns.net\/pachuca\/index.php\/wp-json\/wp\/v2\/types\/product"}],"replies":[{"embeddable":true,"href":"https:\/\/soydeaqui.ddns.net\/pachuca\/index.php\/wp-json\/wp\/v2\/comments?post=118096"}],"wp:featuredmedia":[{"embeddable":true,"href":"https:\/\/soydeaqui.ddns.net\/pachuca\/index.php\/wp-json\/wp\/v2\/media\/118095"}],"wp:attachment":[{"href":"https:\/\/soydeaqui.ddns.net\/pachuca\/index.php\/wp-json\/wp\/v2\/media?parent=118096"}],"wp:term":[{"taxonomy":"product_brand","embeddable":true,"href":"https:\/\/soydeaqui.ddns.net\/pachuca\/index.php\/wp-json\/wp\/v2\/product_brand?post=118096"},{"taxonomy":"product_cat","embeddable":true,"href":"https:\/\/soydeaqui.ddns.net\/pachuca\/index.php\/wp-json\/wp\/v2\/product_cat?post=118096"},{"taxonomy":"product_tag","embeddable":true,"href":"https:\/\/soydeaqui.ddns.net\/pachuca\/index.php\/wp-json\/wp\/v2\/product_tag?post=118096"}],"curies":[{"name":"wp","href":"https:\/\/api.w.org\/{rel}","templated":true}]}}