{"id":118034,"date":"2026-03-24T03:48:47","date_gmt":"2026-03-24T03:48:47","guid":{"rendered":"https:\/\/soydeaqui.ddns.net\/pachuca\/index.php\/producto\/conector-plug-rj45-de-uso-industrial-categora-5e-24awg-con-tapa-protectora-proteccin-ip67\/"},"modified":"2026-03-24T03:48:59","modified_gmt":"2026-03-24T03:48:59","slug":"conector-plug-rj45-de-uso-industrial-categora-5e-24awg-con-tapa-protectora-proteccin-ip67","status":"publish","type":"product","link":"https:\/\/soydeaqui.ddns.net\/pachuca\/index.php\/producto\/conector-plug-rj45-de-uso-industrial-categora-5e-24awg-con-tapa-protectora-proteccin-ip67\/","title":{"rendered":"Conector Plug RJ45 de Uso Industrial, Categor?a 5e, 24AWG, con Tapa Protectora, Protecci?n IP67"},"content":{"rendered":"<div style='width: 100%; max-width: 1200px; margin: 0 auto; font-family: sans-serif; line-height: 1.6; color: inherit; background-color: transparent;'> <!-- Descripci\u00f3n principal --> <\/p>\n<div style='margin-bottom: 30px; font-size: 15px; color: inherit;'>\n<p>El Plug modular IndustrialNet \u2122 Cat5e es de 8 posiciones y 8 hilos. Se termina en cable de cobre UTP Cat5e&comma; grado industrial&comma; 24 AWG. La tapa proporciona un sello con clasificaci\u00f3n IP67 que brinda protecci\u00f3n contra el polvo y la inmersi\u00f3n temporal en agua. Los sellos secundarios tanto en el conector como en el plug brindan protecciones adicionales.<\/p>\n<\/p><\/div>\n<p> <!-- Secci\u00f3n de especificaciones --> <\/p>\n<div style='display: flex; flex-wrap: wrap; gap: 20px; margin-bottom: 30px;'>\n<div style='flex: 1 1 250px; border: 1px solid rgba(150&comma; 150&comma; 150&comma; 0.4); border-radius: 8px; overflow: hidden; display: flex; flex-direction: column;'>\n<div style='padding: 15px; border-bottom: 1px solid rgba(150&comma; 150&comma; 150&comma; 0.2); font-weight: bold; font-size: 18px; color: inherit;'>Especificaciones T\u00e9cnicas<\/div>\n<div style='padding: 15px; color: inherit;'>\n<ul style='padding-left: 20px; margin: 0; font-size: 14px; list-style-type: disc;'>\n<li style='margin-bottom: 5px;'>Rendimiento: Supera los requisitos de canal y componentes de las normas ANSI\/ TIA568.2-D Categor\u00eda 5e e ISO11801 Clase D.<\/li>\n<li style='margin-bottom: 5px;'>Rendimiento El\u00e9ctrico\/Mec\u00e1nico: Cumple con todos los requisitos de rendimiento el\u00e9ctrico y mec\u00e1nico ODVA Ethernet\/IP<\/li>\n<li style='margin-bottom: 5px;'>Cumplimiento FCC y ANSI\/TIA: Cumple con ANSI\/TIA-1096-A; contactos chapados con 50 micropulgadas de oro para un rendimiento superior<\/li>\n<li style='margin-bottom: 5px;'>Cumplimiento IEC: Cumple con las especificaciones IEC 60603-7<\/li>\n<li style='margin-bottom: 5px;'>Cumplimiento IP: Clasificaci\u00f3n IP67 para protecci\u00f3n contra el polvo e inmersi\u00f3n temporal en l\u00edquido<\/li>\n<li style='margin-bottom: 5px;'>Cumplimiento NEMA\/UL: Clasificado UL Tipo 12&comma; 6\/6P&comma; 4X<\/li>\n<\/ul><\/div>\n<\/p><\/div>\n<\/p><\/div>\n<p> <!-- Separador --> <\/p>\n<hr style='border: 0; border-top: 1px solid rgba(150&comma; 150&comma; 150&comma; 0.3); margin: 30px 0;'> <\/div>\n","protected":false},"excerpt":{"rendered":"<p>Conector Plug RJ45 de Uso Industrial, Categor?a 5e, 24AWG, con Tapa Protectora, Protecci?n IP67<\/p>\n","protected":false},"featured_media":118033,"comment_status":"open","ping_status":"closed","template":"","meta":[],"product_brand":[],"product_cat":[619],"product_tag":[488,620,445],"class_list":{"0":"post-118034","1":"product","2":"type-product","3":"status-publish","4":"has-post-thumbnail","6":"product_cat-categoria-5e","7":"product_tag-cables-y-conectores","8":"product_tag-categoria-5e","9":"product_tag-panduit","11":"first","12":"outofstock","13":"sale","14":"shipping-taxable","15":"purchasable","16":"product-type-simple"},"_links":{"self":[{"href":"https:\/\/soydeaqui.ddns.net\/pachuca\/index.php\/wp-json\/wp\/v2\/product\/118034","targetHints":{"allow":["GET"]}}],"collection":[{"href":"https:\/\/soydeaqui.ddns.net\/pachuca\/index.php\/wp-json\/wp\/v2\/product"}],"about":[{"href":"https:\/\/soydeaqui.ddns.net\/pachuca\/index.php\/wp-json\/wp\/v2\/types\/product"}],"replies":[{"embeddable":true,"href":"https:\/\/soydeaqui.ddns.net\/pachuca\/index.php\/wp-json\/wp\/v2\/comments?post=118034"}],"wp:featuredmedia":[{"embeddable":true,"href":"https:\/\/soydeaqui.ddns.net\/pachuca\/index.php\/wp-json\/wp\/v2\/media\/118033"}],"wp:attachment":[{"href":"https:\/\/soydeaqui.ddns.net\/pachuca\/index.php\/wp-json\/wp\/v2\/media?parent=118034"}],"wp:term":[{"taxonomy":"product_brand","embeddable":true,"href":"https:\/\/soydeaqui.ddns.net\/pachuca\/index.php\/wp-json\/wp\/v2\/product_brand?post=118034"},{"taxonomy":"product_cat","embeddable":true,"href":"https:\/\/soydeaqui.ddns.net\/pachuca\/index.php\/wp-json\/wp\/v2\/product_cat?post=118034"},{"taxonomy":"product_tag","embeddable":true,"href":"https:\/\/soydeaqui.ddns.net\/pachuca\/index.php\/wp-json\/wp\/v2\/product_tag?post=118034"}],"curies":[{"name":"wp","href":"https:\/\/api.w.org\/{rel}","templated":true}]}}