{"id":118032,"date":"2026-03-24T03:48:42","date_gmt":"2026-03-24T03:48:42","guid":{"rendered":"https:\/\/soydeaqui.ddns.net\/pachuca\/index.php\/producto\/bobina-de-cable-blindado-sf-utp-categora-5e-de-4-pares-uso-industrial-con-resistencia-al-aceite-y-rayos-uv-multifilar-24-7-flexible-color-azul-cerceta-bobina-de-305-metros-1000-pies\/"},"modified":"2026-03-24T03:48:43","modified_gmt":"2026-03-24T03:48:43","slug":"bobina-de-cable-blindado-sf-utp-categora-5e-de-4-pares-uso-industrial-con-resistencia-al-aceite-y-rayos-uv-multifilar-24-7-flexible-color-azul-cerceta-bobina-de-305-metros-1000-pies","status":"publish","type":"product","link":"https:\/\/soydeaqui.ddns.net\/pachuca\/index.php\/producto\/bobina-de-cable-blindado-sf-utp-categora-5e-de-4-pares-uso-industrial-con-resistencia-al-aceite-y-rayos-uv-multifilar-24-7-flexible-color-azul-cerceta-bobina-de-305-metros-1000-pies\/","title":{"rendered":"Bobina de Cable Blindado SF\/UTP Categor?a 5e de 4 Pares, Uso Industrial con Resistencia al Aceite y Rayos UV, Multifilar 24\/7 (Flexible), Color Azul Cerceta, Bobina de 305 Metros (1000 Pies)"},"content":{"rendered":"<div style='width: 100%; max-width: 1200px; margin: 0 auto; font-family: sans-serif; line-height: 1.6; color: inherit; background-color: transparent;'> <!-- Secci\u00f3n de descripci\u00f3n principal --> <\/p>\n<div style='margin-bottom: 30px; font-size: 15px; color: inherit;'>\n<p>El cable de cobre SF\/UTP de 4 pares Categor\u00eda 5e supera los est\u00e1ndares IEC 61156-6&comma; ANSI\/TIA-568-C.2 Categor\u00eda 5e y ODVA Ethernet\/IP y CC-Link hasta 80 metros. Los conductores de cobre trenzados son 24\/7 AWG con aislamiento de polietileno de alta densidad (HDPE). Los conductores de cobre est\u00e1n trenzados en pares y se envuelven con una cinta de espuma de polipropileno para formar un n\u00facleo. Luego&comma; todos los pares est\u00e1n rodeados por un blindaje trenzado general y una l\u00e1mina met\u00e1lica&comma; y cubiertos con un forro de elast\u00f3mero termopl\u00e1stico (TPE). El forro es resistente al aceite&comma; los rayos UV&comma; las salpicaduras de soldadura y la abrasi\u00f3n para mejorar la resistencia qu\u00edmica y el rendimiento mec\u00e1nico. El forro es retardante de llama (CMX\/ CM) para aplicaciones de Ethernet industrial. Este cable admite aplicaciones de alta flexibilidad y estar\u00e1 clasificado para aplicaciones de panel o en la m\u00e1quina donde el espacio se comparte con cables de alto voltaje de 600V.<\/p>\n<\/p><\/div>\n<p> <!-- Secci\u00f3n de especificaciones --> <\/p>\n<div style='display: flex; flex-wrap: wrap; gap: 20px; margin-bottom: 30px;'>\n<div style='flex: 1 1 250px; border: 1px solid rgba(150&comma; 150&comma; 150&comma; 0.4); border-radius: 8px; overflow: hidden; display: flex; flex-direction: column;'>\n<div style='padding: 15px; border-bottom: 1px solid rgba(150&comma; 150&comma; 150&comma; 0.2); font-weight: bold; font-size: 18px; color: inherit;'>Especificaciones t\u00e9cnicas<\/div>\n<div style='padding: 15px; color: inherit;'>\n<ul style='padding-left: 20px; margin: 0; font-size: 14px; list-style-type: disc; color: inherit;'>\n<li style='margin-bottom: 5px;'>Rendimiento: certificado hasta 80 metros y supera los requisitos IEC 61156-6 y ANSI \/ TIA-568-C.2 Categor\u00eda 5e en frecuencias de 100MHz<\/li>\n<li style='margin-bottom: 5px;'>Temperatura: -40\u00baC a 80\u00baC (transporte&comma; instalaci\u00f3n y operaci\u00f3n)<\/li>\n<li style='margin-bottom: 5px;'>Di\u00e1metro nominal: 7.2 mm<\/li>\n<li style='margin-bottom: 5px;'>Peso: 18kg\/305m<\/li>\n<li style='margin-bottom: 5px;'>Tensi\u00f3n m\u00e1xima de instalaci\u00f3n: 110N (25 lbf)<\/li>\n<li style='margin-bottom: 5px;'>Calibre: 24 AWG<\/li>\n<\/ul><\/div>\n<\/p><\/div>\n<div style='flex: 1 1 250px; border: 1px solid rgba(150&comma; 150&comma; 150&comma; 0.4); border-radius: 8px; overflow: hidden; display: flex; flex-direction: column;'>\n<div style='padding: 15px; border-bottom: 1px solid rgba(150&comma; 150&comma; 150&comma; 0.2); font-weight: bold; font-size: 18px; color: inherit;'>Cumplimiento de est\u00e1ndares<\/div>\n<div style='padding: 15px; color: inherit;'>\n<ul style='padding-left: 20px; margin: 0; font-size: 14px; list-style-type: disc; color: inherit;'>\n<li style='margin-bottom: 5px;'>Flexi\u00f3n IEC 61935-2<\/li>\n<li style='margin-bottom: 5px;'>UL AWM Estilo 2463 (80\u00b0C 600V)<\/li>\n<li style='margin-bottom: 5px;'>Prueba de vida \u00fatil flexible: 1 mill\u00f3n de ciclos a 10 veces el di\u00e1metro del cable; 10 millones de ciclos a 20 veces el di\u00e1metro del cable<\/li>\n<li style='margin-bottom: 5px;'>Prueba de vida de torsi\u00f3n: 3 millones de ciclos&comma; 360\u00b0<\/li>\n<li style='margin-bottom: 5px;'>Resistencia al aceite 6 meses a 20\u00b0C<\/li>\n<\/ul><\/div>\n<\/p><\/div>\n<\/p><\/div>\n<p> <!-- Secci\u00f3n de construcci\u00f3n --> <\/p>\n<div style='display: flex; flex-wrap: wrap; gap: 30px; margin-bottom: 30px;'>\n<div style='flex: 1 1 300px; min-width: 280px;'>\n<h3 style='font-size: 22px; border-bottom: 2px solid currentColor; padding-bottom: 5px; margin-top: 0; color: inherit; opacity: 0.8;'>Construcci\u00f3n<\/h3>\n<p style='font-size: 15px; color: inherit;'>\n<div style='width: 100%;'> <img style='width: 100%; height: auto; border: 1px solid rgba(150&comma;150&comma;150&comma;0.3); border-radius: 8px;' src='https:\/\/ftp3.syscom.mx\/usuarios\/fotos\/ISFCH5C04ATLXG\/184033-captura_de_pantalla_2021-06-04_a_la(s)_9.43.12.png' alt=''> <\/div>\n<\/p><\/div>\n<\/p><\/div>\n<p> <!-- Separador --> <\/p>\n<hr style='border: 0; border-top: 1px solid rgba(150&comma; 150&comma; 150&comma; 0.3); margin: 30px 0;'> <\/div>\n","protected":false},"excerpt":{"rendered":"<p>Bobina de Cable Blindado SF\/UTP Categor?a 5e de 4 Pares, Uso Industrial con Resistencia al Aceite y Rayos UV, Multifilar 24\/7 (Flexible), Color Azul Cerceta, Bobina de 305 Metros (1000 Pies)<\/p>\n","protected":false},"featured_media":118031,"comment_status":"open","ping_status":"closed","template":"","meta":[],"product_brand":[],"product_cat":[619],"product_tag":[488,620,445],"class_list":{"0":"post-118032","1":"product","2":"type-product","3":"status-publish","4":"has-post-thumbnail","6":"product_cat-categoria-5e","7":"product_tag-cables-y-conectores","8":"product_tag-categoria-5e","9":"product_tag-panduit","11":"first","12":"instock","13":"sale","14":"shipping-taxable","15":"purchasable","16":"product-type-simple"},"_links":{"self":[{"href":"https:\/\/soydeaqui.ddns.net\/pachuca\/index.php\/wp-json\/wp\/v2\/product\/118032","targetHints":{"allow":["GET"]}}],"collection":[{"href":"https:\/\/soydeaqui.ddns.net\/pachuca\/index.php\/wp-json\/wp\/v2\/product"}],"about":[{"href":"https:\/\/soydeaqui.ddns.net\/pachuca\/index.php\/wp-json\/wp\/v2\/types\/product"}],"replies":[{"embeddable":true,"href":"https:\/\/soydeaqui.ddns.net\/pachuca\/index.php\/wp-json\/wp\/v2\/comments?post=118032"}],"wp:featuredmedia":[{"embeddable":true,"href":"https:\/\/soydeaqui.ddns.net\/pachuca\/index.php\/wp-json\/wp\/v2\/media\/118031"}],"wp:attachment":[{"href":"https:\/\/soydeaqui.ddns.net\/pachuca\/index.php\/wp-json\/wp\/v2\/media?parent=118032"}],"wp:term":[{"taxonomy":"product_brand","embeddable":true,"href":"https:\/\/soydeaqui.ddns.net\/pachuca\/index.php\/wp-json\/wp\/v2\/product_brand?post=118032"},{"taxonomy":"product_cat","embeddable":true,"href":"https:\/\/soydeaqui.ddns.net\/pachuca\/index.php\/wp-json\/wp\/v2\/product_cat?post=118032"},{"taxonomy":"product_tag","embeddable":true,"href":"https:\/\/soydeaqui.ddns.net\/pachuca\/index.php\/wp-json\/wp\/v2\/product_tag?post=118032"}],"curies":[{"name":"wp","href":"https:\/\/api.w.org\/{rel}","templated":true}]}}