{"id":118030,"date":"2026-03-24T03:48:36","date_gmt":"2026-03-24T03:48:36","guid":{"rendered":"https:\/\/soydeaqui.ddns.net\/pachuca\/index.php\/producto\/bobina-de-cable-blindado-s-ftp-categora-6a-uso-industrial-con-resistencia-al-aceite-rayos-uv-y-abrasin-multifilar-flexible-color-amarillo-bobina-de-500-metros-1640-pies\/"},"modified":"2026-03-24T03:48:37","modified_gmt":"2026-03-24T03:48:37","slug":"bobina-de-cable-blindado-s-ftp-categora-6a-uso-industrial-con-resistencia-al-aceite-rayos-uv-y-abrasin-multifilar-flexible-color-amarillo-bobina-de-500-metros-1640-pies","status":"publish","type":"product","link":"https:\/\/soydeaqui.ddns.net\/pachuca\/index.php\/producto\/bobina-de-cable-blindado-s-ftp-categora-6a-uso-industrial-con-resistencia-al-aceite-rayos-uv-y-abrasin-multifilar-flexible-color-amarillo-bobina-de-500-metros-1640-pies\/","title":{"rendered":"Bobina de Cable Blindado S\/FTP Categor?a 6A, Uso Industrial con Resistencia al Aceite, Rayos UV y Abrasi?n, Multifilar (Flexible), Color Amarillo, Bobina de 500 Metros (1640 Pies)"},"content":{"rendered":"<div style='width: 100%; max-width: 1200px; margin: 0 auto; font-family: sans-serif; line-height: 1.6; color: inherit; background-color: transparent;'>\n<div style='display: flex; flex-wrap: wrap; gap: 30px; margin-bottom: 30px;'>\n<div style='flex: 1 1 300px; min-width: 280px;'>\n<h3 style='font-size: 22px; border-bottom: 2px solid currentColor; padding-bottom: 5px; margin-top: 0; color: inherit; opacity: 0.8;'>Descripci\u00f3n<\/h3>\n<p style='font-size: 15px; color: inherit; margin-bottom: 15px;'>El cable de cobre blindado S\/FTP de Categor\u00eda 6A supera las normas IEC 61156-6 y ANSI\/TIA-568-C.2 Categor\u00eda 6A hasta 80 metros. Los conductores de cobre multifilar son 24\/7 AWG con aislamiento de polietileno (PE). Los conductores de cobre se est\u00e1n trenzados en cuatro pares y cada uno de los cuatro pares esta rodeado por una l\u00e1mina met\u00e1lica total. Los cuatro pares est\u00e1n rodeados por un blindaje trenzado general y cubiertos con un forro de poliuretano (PUR). El forro es resistente al aceite&comma; al ozono y a la abrasi\u00f3n para mejorar la resistencia qu\u00edmica y el rendimiento mec\u00e1nico. El forro ign\u00edfugo y libre de hal\u00f3genos para aplicaciones industriales Ethernet. El cable soportar aplicaciones de alta flexi\u00f3n y torsi\u00f3n.<\/p>\n<\/p><\/div>\n<\/p><\/div>\n<div style='display: flex; flex-wrap: wrap; gap: 20px; margin-bottom: 30px;'>\n<div style='flex: 1 1 250px; border: 1px solid rgba(150&comma; 150&comma; 150&comma; 0.4); border-radius: 8px; overflow: hidden; display: flex; flex-direction: column;'>\n<div style='padding: 15px; border-bottom: 1px solid rgba(150&comma; 150&comma; 150&comma; 0.2); font-weight: bold; font-size: 18px; color: inherit;'>Especificaciones t\u00e9cnicas<\/div>\n<div style='padding: 15px; color: inherit;'>\n<ul style='padding-left: 20px; margin: 0; font-size: 14px; list-style-type: disc;'>\n<li style='margin-bottom: 5px;'>Rendimiento: certificado hasta 80 metros y supera los requisitos IEC 61156-6 y ANSI \/ TIA-568-C.2 Categor\u00eda 6A en frecuencias de 500MHz<\/li>\n<li style='margin-bottom: 5px;'>Temperatura: -40\u00baC a 80\u00baC (transporte&comma; instalaci\u00f3n y operaci\u00f3n)<\/li>\n<li style='margin-bottom: 5px;'>Di\u00e1metro nominal: 8.00 mm<\/li>\n<li style='margin-bottom: 5px;'>Peso: 30kg\/500m<\/li>\n<li style='margin-bottom: 5px;'>Tensi\u00f3n m\u00e1xima de instalaci\u00f3n: 80N (18 lbf)<\/li>\n<li style='margin-bottom: 5px;'>Calibre: 24 AWG<\/li>\n<\/ul><\/div>\n<\/p><\/div>\n<div style='flex: 1 1 250px; border: 1px solid rgba(150&comma; 150&comma; 150&comma; 0.4); border-radius: 8px; overflow: hidden; display: flex; flex-direction: column;'>\n<div style='padding: 15px; border-bottom: 1px solid rgba(150&comma; 150&comma; 150&comma; 0.2); font-weight: bold; font-size: 18px; color: inherit;'>Cumplimiento de est\u00e1ndares<\/div>\n<div style='padding: 15px; color: inherit;'>\n<ul style='padding-left: 20px; margin: 0; font-size: 14px; list-style-type: disc;'>\n<li style='margin-bottom: 5px;'>Flexi\u00f3n IEC 61935-2<\/li>\n<li style='margin-bottom: 5px;'>Prueba de vida \u00fatil flexible: 1 mill\u00f3n de ciclos a 10 veces el di\u00e1metro del cable; 10 millones de ciclos a 20 veces el di\u00e1metro del cable<\/li>\n<li style='margin-bottom: 5px;'>Prueba de vida de torsi\u00f3n: 3 millones de ciclos&comma; 360\u00b0<\/li>\n<li style='margin-bottom: 5px;'>Resistencia al ozono VDE 0805<\/li>\n<li style='margin-bottom: 5px;'>Resistencia al aceite EN 60811-2-1 (7 d\u00edas x 24 horas \/ 90 \u00b0 C)<\/li>\n<\/ul><\/div>\n<\/p><\/div>\n<div style='flex: 1 1 250px; border: 1px solid rgba(150&comma; 150&comma; 150&comma; 0.4); border-radius: 8px; overflow: hidden; display: flex; flex-direction: column;'>\n<div style='padding: 15px; border-bottom: 1px solid rgba(150&comma; 150&comma; 150&comma; 0.2); font-weight: bold; font-size: 18px; color: inherit;'>Construcci\u00f3n<\/div>\n<div style='padding: 15px; color: inherit;'> <img style='width: 100%; height: auto; border: 1px solid rgba(150&comma;150&comma;150&comma;0.3); border-radius: 8px;' src='https:\/\/ftp3.syscom.mx\/usuarios\/fotos\/ISX6X04ATLLED\/184214-sin_t\u00edtulo.jpeg' alt=''> <\/div>\n<\/p><\/div>\n<\/p><\/div>\n<hr style='border: 0; border-top: 1px solid rgba(150&comma; 150&comma; 150&comma; 0.3); margin: 30px 0;'> <\/div>\n","protected":false},"excerpt":{"rendered":"<p>Bobina de Cable Blindado S\/FTP Categor?a 6A, Uso Industrial con Resistencia al Aceite, Rayos UV y Abrasi?n, Multifilar (Flexible), Color Amarillo, Bobina de 500 Metros (1640 Pies)<\/p>\n","protected":false},"featured_media":118029,"comment_status":"open","ping_status":"closed","template":"","meta":[],"product_brand":[],"product_cat":[668],"product_tag":[488,669,445],"class_list":{"0":"post-118030","1":"product","2":"type-product","3":"status-publish","4":"has-post-thumbnail","6":"product_cat-categoria-6a","7":"product_tag-cables-y-conectores","8":"product_tag-categoria-6a","9":"product_tag-panduit","11":"first","12":"instock","13":"sale","14":"shipping-taxable","15":"purchasable","16":"product-type-simple"},"_links":{"self":[{"href":"https:\/\/soydeaqui.ddns.net\/pachuca\/index.php\/wp-json\/wp\/v2\/product\/118030","targetHints":{"allow":["GET"]}}],"collection":[{"href":"https:\/\/soydeaqui.ddns.net\/pachuca\/index.php\/wp-json\/wp\/v2\/product"}],"about":[{"href":"https:\/\/soydeaqui.ddns.net\/pachuca\/index.php\/wp-json\/wp\/v2\/types\/product"}],"replies":[{"embeddable":true,"href":"https:\/\/soydeaqui.ddns.net\/pachuca\/index.php\/wp-json\/wp\/v2\/comments?post=118030"}],"wp:featuredmedia":[{"embeddable":true,"href":"https:\/\/soydeaqui.ddns.net\/pachuca\/index.php\/wp-json\/wp\/v2\/media\/118029"}],"wp:attachment":[{"href":"https:\/\/soydeaqui.ddns.net\/pachuca\/index.php\/wp-json\/wp\/v2\/media?parent=118030"}],"wp:term":[{"taxonomy":"product_brand","embeddable":true,"href":"https:\/\/soydeaqui.ddns.net\/pachuca\/index.php\/wp-json\/wp\/v2\/product_brand?post=118030"},{"taxonomy":"product_cat","embeddable":true,"href":"https:\/\/soydeaqui.ddns.net\/pachuca\/index.php\/wp-json\/wp\/v2\/product_cat?post=118030"},{"taxonomy":"product_tag","embeddable":true,"href":"https:\/\/soydeaqui.ddns.net\/pachuca\/index.php\/wp-json\/wp\/v2\/product_tag?post=118030"}],"curies":[{"name":"wp","href":"https:\/\/api.w.org\/{rel}","templated":true}]}}