{"id":117994,"date":"2026-03-24T03:46:30","date_gmt":"2026-03-24T03:46:30","guid":{"rendered":"https:\/\/soydeaqui.ddns.net\/pachuca\/index.php\/producto\/camara-ip-termica-imagen-dual-80-x-60-termica-y-1280-x-960-real-termometria-10-puntos-simultaneos-salida-de-alarma\/"},"modified":"2026-03-24T03:46:39","modified_gmt":"2026-03-24T03:46:39","slug":"camara-ip-termica-imagen-dual-80-x-60-termica-y-1280-x-960-real-termometria-10-puntos-simultaneos-salida-de-alarma","status":"publish","type":"product","link":"https:\/\/soydeaqui.ddns.net\/pachuca\/index.php\/producto\/camara-ip-termica-imagen-dual-80-x-60-termica-y-1280-x-960-real-termometria-10-puntos-simultaneos-salida-de-alarma\/","title":{"rendered":"C\u00e1mara IP T\u00e9rmica Imagen Dual  80 \u00d7  60 (T\u00e9rmica)  y 1280 X 960 (Real) | Termometr\u00eda |  10 Puntos Simult\u00e1neos |  Salida de Alarma"},"content":{"rendered":"<div style='width: 100%; max-width: 1200px; margin: 0 auto; font-family: sans-serif; line-height: 1.6; color: inherit; background-color: transparent;'> <!-- Imagen 1 --> <\/p>\n<div style='width: 100%; margin-bottom: 30px;'> <img style='width: 100%; height: auto; border: 1px solid rgba(150&comma;150&comma;150&comma;0.3); border-radius: 8px;' src='https:\/\/ftp3.syscom.mx\/usuarios\/fotos\/DCT4831HRXA\/196150-baner-proyectos.jpg' alt='Banner proyectos'> <\/div>\n<p> <!-- Logo --> <\/p>\n<div style='width: 100%; max-width: 45%; margin: 0 auto 30px;'> <img style='width: 100%; height: auto; border: 1px solid rgba(150&comma;150&comma;150&comma;0.3); border-radius: 8px;' src='https:\/\/ftp3.syscom.mx\/usuarios\/luis.vargas\/IDIS\/Imagenes\/logo.png' alt='Logo IDIS'> <\/div>\n<p> <!-- Secci\u00f3n de caracter\u00edsticas --> <\/p>\n<div style='display: flex; flex-wrap: wrap; gap: 30px; margin-bottom: 30px;'>\n<div style='flex: 1 1 300px; min-width: 280px;'>\n<h3 style='font-size: 22px; border-bottom: 2px solid currentColor; padding-bottom: 5px; margin-top: 0; color: inherit; opacity: 0.8;'>Caracter\u00edsticas Generales<\/h3>\n<ul style='padding-left: 20px; font-size: 15px; color: inherit;'>\n<li style='margin-bottom: 5px;'>Resolucion: 1280 x 960: 1.23M Pixeles ( Imagen Visual )<\/li>\n<li style='margin-bottom: 5px;'>Campo de vision: 51\u00ba H y 63.5\u00ba D ( Termica )<\/li>\n<li style='margin-bottom: 5px;'>Resolucion: 720 x 540: 388K pixeles ( Termica )<\/li>\n<li style='margin-bottom: 5px;'>Salida de alarma: 1 puerto (contacto seco&comma; salida de rel\u00e9)<\/li>\n<li style='margin-bottom: 5px;'>Rango de temperatura: 0\u00b0C ~ 120\u00b0C<\/li>\n<\/ul><\/div>\n<div style='flex: 1 1 300px; min-width: 280px;'>\n<h3 style='font-size: 22px; border-bottom: 2px solid currentColor; padding-bottom: 5px; margin-top: 0; color: inherit; opacity: 0.8;'>Caracter\u00edsticas f\u00edsicas y el\u00e9ctricas<\/h3>\n<ul style='padding-left: 20px; font-size: 15px; color: inherit;'>\n<li style='margin-bottom: 5px;'>Alimentacion: IEEE 802.3af PoE&comma; 12Vcc 3.9W<\/li>\n<li style='margin-bottom: 5px;'>Dimensiones: 80x113x33.1(mm)&comma; 80x113x41mm Foot (Incluye Bracket)<\/li>\n<li style='margin-bottom: 5px;'>No incluye Tripie<\/li>\n<li style='margin-bottom: 5px;'>Peso: 320g<\/li>\n<\/ul><\/div>\n<div style='flex: 1 1 300px; min-width: 280px;'>\n<h3 style='font-size: 22px; border-bottom: 2px solid currentColor; padding-bottom: 5px; margin-top: 0; color: inherit; opacity: 0.8;'>Caracter\u00edsticas Destacadas<\/h3>\n<ul style='padding-left: 20px; font-size: 15px; color: inherit;'>\n<li style='margin-bottom: 5px;'>Sensor Dual<\/li>\n<li style='margin-bottom: 5px;'>Hasta 10 puntos de medicion de la temperatura<\/li>\n<li style='margin-bottom: 5px;'>Compatible con Software IDIS Solution Suite (ISSEXPIDI1CH)<\/li>\n<li style='margin-bottom: 5px; font-weight: bold;'>2 a\u00f1os de garantia<\/li>\n<\/ul><\/div>\n<\/p><\/div>\n<p> <!-- Separador --> <\/p>\n<hr style='border: 0; border-top: 1px solid rgba(150&comma; 150&comma; 150&comma; 0.3); margin: 30px 0;'> <!-- Imagen 2 y descripci\u00f3n --> <\/p>\n<div style='display: flex; flex-wrap: wrap; gap: 30px; margin-bottom: 30px;'>\n<div style='flex: 1 1 300px; min-width: 280px; flex-grow: 2;'> <img style='width: 100%; height: auto; border: 1px solid rgba(150&comma;150&comma;150&comma;0.3); border-radius: 8px;' src='https:\/\/ftp3.syscom.mx\/usuarios\/luis.vargas\/IDIS\/Camara%20Termicas\/termica1.png' alt='C\u00e1mara t\u00e9rmica 1'> <\/div>\n<div style='flex: 1 1 300px; min-width: 280px; flex-grow: 2;'>\n<p style='font-size: 16px; color: inherit;'>La serie DC-TH detecta y reconoce la temperatura y produce una imagen t\u00e9rmica en tiempo real y muestra la variaci\u00f3n de temperatura por color.<\/p>\n<p style='font-size: 16px; color: inherit;'>La serie DC-TH tambi\u00e9n muestra la temperatura m\u00e1xima y m\u00ednima detectada.<\/p>\n<\/p><\/div>\n<\/p><\/div>\n<p> <!-- Imagen 3 y descripci\u00f3n --> <\/p>\n<div style='display: flex; flex-wrap: wrap; gap: 30px; margin-bottom: 30px;'>\n<div style='flex: 1 1 300px; min-width: 280px; flex-grow: 2;'>\n<p style='font-size: 16px; color: inherit;'>La serie DC-TH detecta alertas cuando la temperatura de la superficie corporal de una persona excede un l\u00edmite establecido.<\/p>\n<p style='font-size: 16px; color: inherit;'>Cuando est\u00e1 conectado al servidor ISS&comma; el usuario puede beneficiarse de las grabaciones&comma; las notificaciones de alarma y las alertas de manipulaci\u00f3n activa y detecci\u00f3n de movimiento.<\/p>\n<\/p><\/div>\n<div style='flex: 1 1 300px; min-width: 280px; flex-grow: 2;'> <img style='width: 100%; height: auto; border: 1px solid rgba(150&comma;150&comma;150&comma;0.3); border-radius: 8px;' src='https:\/\/ftp3.syscom.mx\/usuarios\/luis.vargas\/IDIS\/Camara%20Termicas\/termica2.png' alt='C\u00e1mara t\u00e9rmica 2'> <\/div>\n<\/p><\/div>\n<p> <!-- Imagen 4 --> <\/p>\n<div style='width: 100%; max-width: 70%; margin: 0 auto 30px;'> <img style='width: 100%; height: auto; border: 1px solid rgba(150&comma;150&comma;150&comma;0.3); border-radius: 8px;' src='https:\/\/ftp3.syscom.mx\/usuarios\/luis.vargas\/IDIS\/Camara%20Termicas\/termica.png' alt='C\u00e1mara t\u00e9rmica 3'> <\/div>\n<\/p><\/div>\n","protected":false},"excerpt":{"rendered":"<p>C\u00e1mara IP T\u00e9rmica Imagen Dual  80 \u00d7  60 (T\u00e9rmica)  y 1280 X 960 (Real) | Termometr\u00eda |  10 Puntos Simult\u00e1neos |  Salida de Alarma<\/p>\n","protected":false},"featured_media":117993,"comment_status":"open","ping_status":"closed","template":"","meta":[],"product_brand":[],"product_cat":[1049],"product_tag":[122,2276,1050],"class_list":{"0":"post-117994","1":"product","2":"type-product","3":"status-publish","4":"has-post-thumbnail","6":"product_cat-termicas","7":"product_tag-camaras-ip-y-nvrs","8":"product_tag-idis","9":"product_tag-termicas","11":"first","12":"outofstock","13":"sale","14":"shipping-taxable","15":"purchasable","16":"product-type-simple"},"_links":{"self":[{"href":"https:\/\/soydeaqui.ddns.net\/pachuca\/index.php\/wp-json\/wp\/v2\/product\/117994","targetHints":{"allow":["GET"]}}],"collection":[{"href":"https:\/\/soydeaqui.ddns.net\/pachuca\/index.php\/wp-json\/wp\/v2\/product"}],"about":[{"href":"https:\/\/soydeaqui.ddns.net\/pachuca\/index.php\/wp-json\/wp\/v2\/types\/product"}],"replies":[{"embeddable":true,"href":"https:\/\/soydeaqui.ddns.net\/pachuca\/index.php\/wp-json\/wp\/v2\/comments?post=117994"}],"wp:featuredmedia":[{"embeddable":true,"href":"https:\/\/soydeaqui.ddns.net\/pachuca\/index.php\/wp-json\/wp\/v2\/media\/117993"}],"wp:attachment":[{"href":"https:\/\/soydeaqui.ddns.net\/pachuca\/index.php\/wp-json\/wp\/v2\/media?parent=117994"}],"wp:term":[{"taxonomy":"product_brand","embeddable":true,"href":"https:\/\/soydeaqui.ddns.net\/pachuca\/index.php\/wp-json\/wp\/v2\/product_brand?post=117994"},{"taxonomy":"product_cat","embeddable":true,"href":"https:\/\/soydeaqui.ddns.net\/pachuca\/index.php\/wp-json\/wp\/v2\/product_cat?post=117994"},{"taxonomy":"product_tag","embeddable":true,"href":"https:\/\/soydeaqui.ddns.net\/pachuca\/index.php\/wp-json\/wp\/v2\/product_tag?post=117994"}],"curies":[{"name":"wp","href":"https:\/\/api.w.org\/{rel}","templated":true}]}}