{"id":117982,"date":"2026-03-24T03:45:50","date_gmt":"2026-03-24T03:45:50","guid":{"rendered":"https:\/\/soydeaqui.ddns.net\/pachuca\/index.php\/producto\/bala-turbohd-2-megapixel-1080p-gran-angular-106-lente-2-8-mm-audio-por-coaxitron-30-mts-ir-exir-exterior-ip66-4-tecnologias-dwdr\/"},"modified":"2026-03-24T03:46:08","modified_gmt":"2026-03-24T03:46:08","slug":"bala-turbohd-2-megapixel-1080p-gran-angular-106-lente-2-8-mm-audio-por-coaxitron-30-mts-ir-exir-exterior-ip66-4-tecnologias-dwdr","status":"publish","type":"product","link":"https:\/\/soydeaqui.ddns.net\/pachuca\/index.php\/producto\/bala-turbohd-2-megapixel-1080p-gran-angular-106-lente-2-8-mm-audio-por-coaxitron-30-mts-ir-exir-exterior-ip66-4-tecnologias-dwdr\/","title":{"rendered":"Bala TURBOHD 2 Megap\u00edxel (1080p) \/ Gran Angular 106\u00b0 \/ Lente 2.8 mm \/ Audio por Coaxitron \/ 30 mts IR EXIR \/ Exterior IP66 \/ 4 Tecnolog\u00edas \/ dWDR"},"content":{"rendered":"<div style='width: 100%; max-width: 1200px; margin: 0 auto; font-family: sans-serif; line-height: 1.6; color: inherit; background-color: transparent;'> <!-- Header --> <\/p>\n<div style='padding: 2rem 0; text-align: center;'> <img style='max-height: 6rem; width: auto; margin-bottom: 1rem;' src='https:\/\/ftp3.syscom.mx\/usuarios\/fotos\/logotipos\/hilook_by_hikvision.png' alt='Logo'> <\/p>\n<h1 style='font-size: 2.5rem; font-weight: bold; margin-bottom: 1rem; color: inherit;'>Controla y monitorea tus dispositivos de seguridad<\/h1>\n<p style='font-size: 1.25rem; margin-bottom: 0; color: inherit;'>Descarga la app oficial y aprovecha al m\u00e1ximo tu producto inteligente<\/p>\n<\/p><\/div>\n<p> <!-- Features --> <\/p>\n<div style='padding: 2rem 0;'>\n<h2 style='text-align: center; font-size: 2rem; margin-bottom: 2rem; color: inherit;'>Beneficios principales<\/h2>\n<div style='display: flex; flex-wrap: wrap; gap: 1.5rem; justify-content: center;'>\n<div style='flex: 1 1 200px; min-width: 180px; text-align: center;'>\n<div style='width: 3rem; height: 3rem; margin: 0 auto 1rem; background-color: #007bff; border-radius: 50%;'><\/div>\n<h5 style='margin-bottom: 0.5rem; font-size: 1.1rem; color: inherit;'>Control remoto<\/h5>\n<p style='color: rgba(128&comma; 128&comma; 128&comma; 0.8); margin: 0;'>Controla tus dispositivos desde cualquier lugar<\/p>\n<\/p><\/div>\n<div style='flex: 1 1 200px; min-width: 180px; text-align: center;'>\n<div style='width: 3rem; height: 3rem; margin: 0 auto 1rem; background-color: #28a745; border-radius: 50%;'><\/div>\n<h5 style='margin-bottom: 0.5rem; font-size: 1.1rem; color: inherit;'>Monitoreo en tiempo real<\/h5>\n<p style='color: rgba(128&comma; 128&comma; 128&comma; 0.8); margin: 0;'>Visualiza tus dispositivos al instante<\/p>\n<\/p><\/div>\n<div style='flex: 1 1 200px; min-width: 180px; text-align: center;'>\n<div style='width: 3rem; height: 3rem; margin: 0 auto 1rem; background-color: #17a2b8; border-radius: 50%;'><\/div>\n<h5 style='margin-bottom: 0.5rem; font-size: 1.1rem; color: inherit;'>Notificaciones<\/h5>\n<p style='color: rgba(128&comma; 128&comma; 128&comma; 0.8); margin: 0;'>Recibe notificaciones y alertas de los eventos que registra tu dispositivo.<\/p>\n<\/p><\/div>\n<div style='flex: 1 1 200px; min-width: 180px; text-align: center;'>\n<div style='width: 3rem; height: 3rem; margin: 0 auto 1rem; background-color: #ffc107; border-radius: 50%;'><\/div>\n<h5 style='margin-bottom: 0.5rem; font-size: 1.1rem; color: inherit;'>Interfaz de usuario sencilla<\/h5>\n<p style='color: rgba(128&comma; 128&comma; 128&comma; 0.8); margin: 0;'>Amigable para usuarios finales<\/p>\n<\/p><\/div>\n<\/p><\/div>\n<\/p><\/div>\n<p> <!-- Galer\u00eda de im\u00e1genes --> <\/p>\n<div style='padding: 2rem 0;'>\n<div style='display: flex; flex-wrap: wrap; gap: 1rem; justify-content: center;'>\n<div style='flex: 1 1 20%; min-width: 180px;'> <img style='width: 100%; height: auto; border: 1px solid rgba(150&comma;150&comma;150&comma;0.3); border-radius: 8px;' src='https:\/\/ftp3.syscom.mx\/usuarios\/ftp\/single_page\/hilook\/interfaz.jpg' alt='Imagen 1'> <\/div>\n<div style='flex: 1 1 20%; min-width: 180px;'> <img style='width: 100%; height: auto; border: 1px solid rgba(150&comma;150&comma;150&comma;0.3); border-radius: 8px;' src='https:\/\/ftp3.syscom.mx\/usuarios\/ftp\/single_page\/hilook\/grabaciones.jpg' alt='Imagen 2'> <\/div>\n<div style='flex: 1 1 20%; min-width: 180px;'> <img style='width: 100%; height: auto; border: 1px solid rgba(150&comma;150&comma;150&comma;0.3); border-radius: 8px;' src='https:\/\/ftp3.syscom.mx\/usuarios\/ftp\/single_page\/hilook\/directo.jpg' alt='Imagen 3'> <\/div>\n<div style='flex: 1 1 20%; min-width: 180px;'> <img style='width: 100%; height: auto; border: 1px solid rgba(150&comma;150&comma;150&comma;0.3); border-radius: 8px;' src='https:\/\/ftp3.syscom.mx\/usuarios\/ftp\/single_page\/hilook\/notificaciones2.jpg' alt='Imagen 4'> <\/div>\n<\/p><\/div>\n<\/p><\/div>\n<p> <!-- Videos --> <\/p>\n<div style='padding: 2rem 0;'>\n<div style='display: flex; flex-wrap: wrap; justify-content: center; gap: 1.5rem;'>\n<div style='flex: 1 1 60%; min-width: 300px;'>\n<div style='position: relative; padding-bottom: 56.25%; height: 0; overflow: hidden;'>   <\/div>\n<\/p><\/div>\n<div style='flex: 1 1 45%; min-width: 300px;'>\n<div style='position: relative; padding-bottom: 56.25%; height: 0; overflow: hidden;'>   <\/div>\n<\/p><\/div>\n<div style='flex: 1 1 45%; min-width: 300px;'>\n<div style='position: relative; padding-bottom: 56.25%; height: 0; overflow: hidden;'>   <\/div>\n<\/p><\/div>\n<\/p><\/div>\n<\/p><\/div>\n<p> <!-- Especificaciones --> <\/p>\n<div style='padding: 2rem 0;'>\n<div style='display: flex; flex-wrap: wrap; gap: 1.5rem;'> <!-- Columna 1 --> <\/p>\n<div style='flex: 1 1 400px; min-width: 300px;'>\n<div style='border: 1px solid rgba(150&comma; 150&comma; 150&comma; 0.4); border-radius: 8px; overflow: hidden; margin-bottom: 1.5rem;'>\n<div style='padding: 1rem; background-color: #266ca9; color: white; font-size: 1.25rem; font-weight: bold; border-bottom: 1px solid rgba(255&comma;255&comma;255&comma;0.2);'>Caracter\u00edsticas Principales<\/div>\n<div style='padding: 1rem;'>\n<ul style='padding-left: 1.2rem; margin: 0; font-size: 0.9375rem; list-style-type: disc; color: inherit;'>\n<li style='margin-bottom: 0.5rem;'>Resoluci\u00f3n m\u00e1xima: 2 Megap\u00edxeles (1920 x 1080)<\/li>\n<li style='margin-bottom: 0.5rem;'>Lente fijo: 2.8 mm (\u00e1ngulo de visi\u00f3n 106.4\u00b0)<\/li>\n<li style='margin-bottom: 0.5rem;'>30 m Smart IR EXIR<\/li>\n<li style='margin-bottom: 0.5rem;'>2D DNR \/ BLC \/ HLC<\/li>\n<li style='margin-bottom: 0.5rem;'>Micr\u00f3fono integrado: captura audio en \u00e1rea de 5 m\u00b2<\/li>\n<li style='margin-bottom: 0.5rem;'>Iluminaci\u00f3n minima: 0.01Lux<\/li>\n<li style='margin-bottom: 0;'>Permite cambiar la tecnolog\u00eda TVI\/AHD\/CVBS\/CVI<\/li>\n<\/ul><\/div>\n<\/p><\/div>\n<div style='border: 1px solid rgba(150&comma; 150&comma; 150&comma; 0.4); border-radius: 8px; overflow: hidden;'>\n<div style='padding: 1rem; background-color: #266ca9; color: white; font-size: 1.25rem; font-weight: bold; border-bottom: 1px solid rgba(255&comma;255&comma;255&comma;0.2);'>Caracter\u00edsticas Destacadas<\/div>\n<div style='padding: 1rem;'>\n<ul style='padding-left: 1.2rem; margin: 0; font-size: 0.9375rem; list-style-type: disc; color: inherit;'>\n<li style='margin-bottom: 0.5rem;'>IR se atenua dependiendo del objeto enfrente de la imagen<\/li>\n<li style='margin-bottom: 0.5rem;'>Resoluci\u00f3n y cuadros por segundo\n<ul style='padding-left: 1.2rem; margin: 0.5rem 0; font-size: 0.9375rem; list-style-type: disc; color: inherit;'>\n<li style='margin-bottom: 0.3rem;'>TVI: 1080p @25 fps\/30 fps<\/li>\n<li style='margin-bottom: 0.3rem;'>AHD: 1080p @25 fps\/30 fps<\/li>\n<li style='margin-bottom: 0;'>CVI: 1080p @25 fps\/30 fps<\/li>\n<\/ul>\n<\/li>\n<\/ul><\/div>\n<\/p><\/div>\n<\/p><\/div>\n<p> <!-- Columna 2 --> <\/p>\n<div style='flex: 1 1 400px; min-width: 300px;'>\n<div style='border: 1px solid rgba(150&comma; 150&comma; 150&comma; 0.4); border-radius: 8px; overflow: hidden; margin-bottom: 1.5rem;'>\n<div style='padding: 1rem; background-color: #266ca9; color: white; font-size: 1.25rem; font-weight: bold; border-bottom: 1px solid rgba(255&comma;255&comma;255&comma;0.2);'>Caracter\u00edsticas F\u00edsicas y El\u00e9ctricas<\/div>\n<div style='padding: 1rem;'>\n<ul style='padding-left: 1.2rem; margin: 0; font-size: 0.9375rem; list-style-type: disc; color: inherit;'>\n<li style='margin-bottom: 0.5rem;'>Alimentaci\u00f3n: 12 VCC \/ 3.7 Watts<\/li>\n<li style='margin-bottom: 0.5rem;'>Protecci\u00f3n IP66 (interior\/exterior)<\/li>\n<li style='margin-bottom: 0.5rem;'>Material: Metal<\/li>\n<li style='margin-bottom: 0.5rem;'>Peso total: 292 gramos<\/li>\n<li style='margin-bottom: 0;'>Temperatura operativa: -40\u00b0C a 60\u00b0C<\/li>\n<\/ul><\/div>\n<\/p><\/div>\n<div style='border: 1px solid rgba(150&comma; 150&comma; 150&comma; 0.4); border-radius: 8px; overflow: hidden;'>\n<div style='padding: 1rem; background-color: #266ca9; color: white; font-size: 1.25rem; font-weight: bold; border-bottom: 1px solid rgba(255&comma;255&comma;255&comma;0.2);'>Accesorios Opcionales<\/div>\n<div style='padding: 1rem;'>\n<ul style='padding-left: 1.2rem; margin: 0; font-size: 0.9375rem; list-style-type: disc; color: inherit;'>\n<li style='margin-bottom: 0;'>Caja conexiones &#8211; DS-1280ZJ-XS<\/li>\n<\/ul><\/div>\n<\/p><\/div>\n<\/p><\/div>\n<\/p><\/div>\n<p> <!-- Tabla DORI --> <\/p>\n<div style='margin-top: 1.5rem;'>\n<div style='border: 1px solid rgba(150&comma; 150&comma; 150&comma; 0.4); border-radius: 8px; overflow: hidden;'>\n<div style='padding: 1rem; background-color: #266ca9; color: white; font-size: 1.25rem; font-weight: bold; border-bottom: 1px solid rgba(255&comma;255&comma;255&comma;0.2);'>Distancias DORI<\/div>\n<div style='padding: 1rem;'>\n<p style='margin-bottom: 1rem; color: inherit;'>DORI es un est\u00e1ndar utilizado para definir la distancia a la cual se puede detectar&comma; observar&comma; reconocer e identificar personas y objetos con claridad utilizando una c\u00e1mara de vigilancia<\/p>\n<div style='overflow-x: auto;'>\n<table style='width: 100%; border-collapse: collapse; border: 1px solid rgba(150&comma;150&comma;150&comma;0.3);'>\n<thead>\n<tr>\n<th style='border: 1px solid rgba(150&comma;150&comma;150&comma;0.3); padding: 0.5rem; text-align: center; color: inherit;'>Distancia Focal<\/th>\n<th style='border: 1px solid rgba(150&comma;150&comma;150&comma;0.3); padding: 0.5rem; text-align: center; color: inherit;'>Detectar<\/th>\n<th style='border: 1px solid rgba(150&comma;150&comma;150&comma;0.3); padding: 0.5rem; text-align: center; color: inherit;'>Observar<\/th>\n<th style='border: 1px solid rgba(150&comma;150&comma;150&comma;0.3); padding: 0.5rem; text-align: center; color: inherit;'>Reconocer<\/th>\n<th style='border: 1px solid rgba(150&comma;150&comma;150&comma;0.3); padding: 0.5rem; text-align: center; color: inherit;'>Identificar<\/th>\n<\/tr>\n<\/thead>\n<tbody>\n<tr>\n<td style='border: 1px solid rgba(150&comma;150&comma;150&comma;0.3); padding: 0.5rem; text-align: center; color: inherit;'>2.8mm<\/td>\n<td style='border: 1px solid rgba(150&comma;150&comma;150&comma;0.3); padding: 0.5rem; text-align: center; color: inherit;'>30 metros<\/td>\n<td style='border: 1px solid rgba(150&comma;150&comma;150&comma;0.3); padding: 0.5rem; text-align: center; color: inherit;'>12 metros<\/td>\n<td style='border: 1px solid rgba(150&comma;150&comma;150&comma;0.3); padding: 0.5rem; text-align: center; color: inherit;'>4 metros<\/td>\n<td style='border: 1px solid rgba(150&comma;150&comma;150&comma;0.3); padding: 0.5rem; text-align: center; color: inherit;'>1 metros<\/td>\n<\/tr>\n<\/tbody>\n<\/table><\/div>\n<\/p><\/div>\n<\/p><\/div>\n<\/p><\/div>\n<\/p><\/div>\n<p> <!-- Banner final --> <\/p>\n<div style='padding: 2rem 0; text-align: center;'> <img style='width: 100%; max-width: 1200px; height: auto; border: 1px solid rgba(150&comma;150&comma;150&comma;0.3); border-radius: 8px;' src='https:\/\/ftp3.syscom.mx\/usuarios\/yvalenzuela\/Hilook\/hiklook.jpg' alt='Banner final'> <\/div>\n<\/p><\/div>\n","protected":false},"excerpt":{"rendered":"<p>Bala TURBOHD 2 Megap\u00edxel (1080p) \/ Gran Angular 106\u00b0 \/ Lente 2.8 mm \/ Audio por Coaxitron \/ 30 mts IR EXIR \/ Exterior IP66 \/ 4 Tecnolog\u00edas \/ dWDR<\/p>\n","protected":false},"featured_media":117981,"comment_status":"open","ping_status":"closed","template":"","meta":[],"product_brand":[],"product_cat":[2268],"product_tag":[439,2255,715],"class_list":{"0":"post-117982","1":"product","2":"type-product","3":"status-publish","4":"has-post-thumbnail","6":"product_cat-bala-camaras-y-dvrs-hd-turbohd-ahd-hd-tvi","7":"product_tag-bala","8":"product_tag-camaras-y-dvrs-hd-turbohd-ahd-hd-tvi","9":"product_tag-hilook-by-hikvision","11":"first","12":"instock","13":"sale","14":"shipping-taxable","15":"purchasable","16":"product-type-simple"},"_links":{"self":[{"href":"https:\/\/soydeaqui.ddns.net\/pachuca\/index.php\/wp-json\/wp\/v2\/product\/117982","targetHints":{"allow":["GET"]}}],"collection":[{"href":"https:\/\/soydeaqui.ddns.net\/pachuca\/index.php\/wp-json\/wp\/v2\/product"}],"about":[{"href":"https:\/\/soydeaqui.ddns.net\/pachuca\/index.php\/wp-json\/wp\/v2\/types\/product"}],"replies":[{"embeddable":true,"href":"https:\/\/soydeaqui.ddns.net\/pachuca\/index.php\/wp-json\/wp\/v2\/comments?post=117982"}],"wp:featuredmedia":[{"embeddable":true,"href":"https:\/\/soydeaqui.ddns.net\/pachuca\/index.php\/wp-json\/wp\/v2\/media\/117981"}],"wp:attachment":[{"href":"https:\/\/soydeaqui.ddns.net\/pachuca\/index.php\/wp-json\/wp\/v2\/media?parent=117982"}],"wp:term":[{"taxonomy":"product_brand","embeddable":true,"href":"https:\/\/soydeaqui.ddns.net\/pachuca\/index.php\/wp-json\/wp\/v2\/product_brand?post=117982"},{"taxonomy":"product_cat","embeddable":true,"href":"https:\/\/soydeaqui.ddns.net\/pachuca\/index.php\/wp-json\/wp\/v2\/product_cat?post=117982"},{"taxonomy":"product_tag","embeddable":true,"href":"https:\/\/soydeaqui.ddns.net\/pachuca\/index.php\/wp-json\/wp\/v2\/product_tag?post=117982"}],"curies":[{"name":"wp","href":"https:\/\/api.w.org\/{rel}","templated":true}]}}