{"id":117939,"date":"2026-03-24T03:43:18","date_gmt":"2026-03-24T03:43:18","guid":{"rendered":"https:\/\/soydeaqui.ddns.net\/pachuca\/index.php\/producto\/bateria-12v-recargable-12ah-para-respaldo-tecnologias-agm-vrla-5-anos-vida-util-terminales-tipo-f2-reconocida-ul-sin-mantenimiento-sin-derrames\/"},"modified":"2026-03-24T03:43:28","modified_gmt":"2026-03-24T03:43:28","slug":"bateria-12v-recargable-12ah-para-respaldo-tecnologias-agm-vrla-5-anos-vida-util-terminales-tipo-f2-reconocida-ul-sin-mantenimiento-sin-derrames","status":"publish","type":"product","link":"https:\/\/soydeaqui.ddns.net\/pachuca\/index.php\/producto\/bateria-12v-recargable-12ah-para-respaldo-tecnologias-agm-vrla-5-anos-vida-util-terminales-tipo-f2-reconocida-ul-sin-mantenimiento-sin-derrames\/","title":{"rendered":"Bater\u00eda 12V Recargable, 12AH, Para Respaldo, Tecnolog\u00edas AGM\/VRLA, 5 A\u00f1os Vida \u00datil, Terminales tipo F2, Reconocida UL , Sin Mantenimiento, Sin Derrames"},"content":{"rendered":"<div style='width: 100%; max-width: 1200px; margin: 0 auto; font-family: sans-serif; line-height: 1.6; color: inherit; background-color: transparent;'> <!-- Secci\u00f3n de introducci\u00f3n --> <\/p>\n<div style='margin-bottom: 30px;'>\n<p style='margin: 0; text-align: justify; font-size: 15px; color: inherit;'> <strong style='color: inherit;'>Power Sonic<\/strong> ofrece una amplia gama de productos de bater\u00eda innovadores que incluyen tecnolog\u00edas de litio de \u00e1cido de plomo selladas. Esto garantiza que tengamos la bater\u00eda adecuada para satisfacer las demandas \u00fanicas de su aplicaci\u00f3n. <\/p>\n<p style='margin: 0; text-align: justify; font-size: 15px; color: inherit; margin-top: 15px;'> Power Sonic ha brindado soluciones de bater\u00edas seguras&comma; confiables y de calidad en todo el mundo durante m\u00e1s de 50 a\u00f1os. Nuestros productos de bater\u00eda est\u00e1n dise\u00f1ados y fabricados con los \u00faltimos equipos de \u00faltima generaci\u00f3n y est\u00e1n sujetos al control de calidad m\u00e1s estricto. Este proceso es clave para garantizar tanto la consistencia como la confiabilidad con cualquier producto que lleve el nombre de <strong style='color: inherit;'>Power Sonic<\/strong>. <\/p>\n<\/p><\/div>\n<p> <!-- Secci\u00f3n de caracter\u00edsticas de la serie --> <\/p>\n<div style='margin-bottom: 30px;'>\n<h3 style='font-size: 22px; border-bottom: 2px solid currentColor; padding-bottom: 5px; margin-top: 0; color: inherit; opacity: 0.8;'>Serie PS<\/h3>\n<p style='margin: 0; text-align: justify; font-size: 15px; color: inherit;'> La serie <strong style='color: inherit;'>PS<\/strong> de Power Sonic <strong style='color: inherit;'>bater\u00edas selladas de plomo-\u00e1cido<\/strong> se han dise\u00f1ado con tecnolog\u00eda <strong style='color: inherit;'>AGM<\/strong> (Absorbent Glass Mat) para garantizar un rendimiento y una fiabilidad superiores. Disponibles en <strong style='color: inherit;'>2&comma; 4&comma; 6 y 12 V<\/strong> con capacidades desde <strong style='color: inherit;'>0.8 a 260 AH<\/strong>. Con gran variedad de modelos&comma; es la primera opci\u00f3n para la industria de seguridad humana. <\/p>\n<\/p><\/div>\n<p> <!-- Secci\u00f3n de caracter\u00edsticas generales --> <\/p>\n<div style='margin-bottom: 30px;'>\n<h3 style='font-size: 22px; border-bottom: 2px solid currentColor; padding-bottom: 5px; margin-top: 0; color: inherit; opacity: 0.8;'>Caracter\u00edsticas Generales Serie PS<\/h3>\n<ul style='padding-left: 20px; font-size: 15px; color: inherit; margin: 15px 0;'>\n<li style='margin-bottom: 5px;'><strong style='color: inherit;'>Bater\u00edas recargables selladas de plomo \u00e1cido.<\/strong><\/li>\n<li style='margin-bottom: 5px;'><strong style='color: inherit;'>Construcci\u00f3n a prueba de derrames&comma; regulada por v\u00e1lvula y sin necesidad de mantenimiento.<\/strong><\/li>\n<li style='margin-bottom: 5px;'><strong style='color: inherit;'>Dise\u00f1o de 5 a\u00f1os de vida \u00fatil<\/strong>.<\/li>\n<li style='margin-bottom: 5px;'><strong style='color: inherit;'>Reconocida UL<\/strong>.<\/li>\n<li style='margin-bottom: 5px;'><strong style='color: inherit;'>Tecnolog\u00eda VRLA<\/strong> (Bater\u00edas Regulated Lead Acid) para larga vida \u00fatil por liberaci\u00f3n de gases.<\/li>\n<li style='margin-bottom: 5px;'><strong style='color: inherit;'>Tecnolog\u00eda AGM<\/strong> (Absorbent Glass Mat) para garantizar un rendimiento y fiabilidad superiores.<\/li>\n<li style='margin-bottom: 5px;'>Relaci\u00f3n de potencia y volumen que produce una densidad de energ\u00eda inigualable.<\/li>\n<li style='margin-bottom: 5px;'><strong style='color: inherit;'>Recargables con cargadores VRLA.<\/strong><\/li>\n<li style='margin-bottom: 5px;'>Permite una operaci\u00f3n segura en cualquier orientaci\u00f3n (excepto el uso continuo invertido).<\/li>\n<li style='margin-bottom: 5px;'><strong style='color: inherit;'>Carcasa y cubierta de ABS resistentes a impactos y vibraciones.<\/strong><\/li>\n<li style='margin-bottom: 5px;'><strong style='color: inherit;'>Tecnolog\u00eda de recombinaci\u00f3n de gases<\/strong><\/li>\n<li style='margin-bottom: 5px;'>Baja tasa de descarga para una <strong style='color: inherit;'>larga vida \u00fatil<\/strong>.<\/li>\n<li style='margin-bottom: 5px;'>Certificado <strong style='color: inherit;'>ISO 9001:2015<\/strong>.<\/li>\n<li style='margin-bottom: 5px;'><strong style='color: inherit;'>Aprobado para transporte a\u00e9reo<\/strong>. Certificado por D.O.T.&comma; I.A.T.A.&comma; F.A.A. y C.A.B.<\/li>\n<\/ul><\/div>\n<p> <!-- Secci\u00f3n de caracter\u00edsticas espec\u00edficas --> <\/p>\n<div style='margin-bottom: 30px;'>\n<h3 style='font-size: 22px; border-bottom: 2px solid currentColor; padding-bottom: 5px; margin-top: 0; color: inherit; opacity: 0.8;'>Caracter\u00edsticas PS-12120-F2<\/h3>\n<ul style='padding-left: 20px; font-size: 15px; color: inherit; margin: 15px 0;'>\n<li style='margin-bottom: 5px;'><strong style='color: inherit;'>Dise\u00f1o de 5 a\u00f1os de vida \u00fatil<\/strong>.<\/li>\n<li style='margin-bottom: 5px;'><strong style='color: inherit;'>Reconocida UL<\/strong>.<\/li>\n<li style='margin-bottom: 5px;'><strong style='color: inherit;'>Tipo de terminal:<\/strong> F2<\/li>\n<li style='margin-bottom: 5px;'><strong style='color: inherit;'>Voltaje Nominal:<\/strong> 12V<\/li>\n<li style='margin-bottom: 5px;'><strong style='color: inherit;'>Capacidad @20HR (AH):<\/strong> 12.0 AH<\/li>\n<li style='margin-bottom: 5px;'><strong style='color: inherit;'>Capacidad @10HR (AH):<\/strong> 11.0 AH<\/li>\n<li style='margin-bottom: 5px;'><strong style='color: inherit;'>Capacidad @5HR (AH):<\/strong> 10.50 AH<\/li>\n<li style='margin-bottom: 5px;'><strong style='color: inherit;'>Capacidad @1HR (AH):<\/strong> 7.25 AH<\/li>\n<li style='margin-bottom: 5px;'><strong style='color: inherit;'>Peso:<\/strong> 3.59 kg\/7.92 lbs<\/li>\n<li style='margin-bottom: 5px;'><strong style='color: inherit;'>Temperatura de operaci\u00f3n de carga:<\/strong> -15 a 50\u00b0C<\/li>\n<li style='margin-bottom: 5px;'><strong style='color: inherit;'>Temperatura de operaci\u00f3n de descarga:<\/strong> -20 a 60\u00b0C<\/li>\n<li style='margin-bottom: 5px;'><strong style='color: inherit;'>Dimensiones:<\/strong> 5.94&#8217;\/151 mm Longitud x 3.86&#8217;\/98 mm Ancho x 3.66&#8217;\/93 mm Altura<\/li>\n<li style='margin-bottom: 5px;'><strong style='color: inherit;'>Cargador recomendado:<\/strong> <a href='https:\/\/www.syscom.mx\/principal\/searchcont?route=PSC-121000ACX-POWER-SONIC-218409&#038;autodetect=PSC-' style='color: #005cb9; text-decoration: none; font-weight: 600;'>PSC-121000ACX<\/a>&comma; <a href='https:\/\/www.syscom.mx\/principal\/searchcont?route=PSC-124000ACX-POWER-SONIC-218376&#038;autodetect=PSC-' style='color: #005cb9; text-decoration: none; font-weight: 600;'>PSC-124000ACX<\/a><\/li>\n<\/ul><\/div>\n<p> <!-- Secci\u00f3n de aplicaciones --> <\/p>\n<div style='margin-bottom: 30px;'>\n<h3 style='font-size: 22px; border-bottom: 2px solid currentColor; padding-bottom: 5px; margin-top: 0; color: inherit; opacity: 0.8;'>Aplicaciones<\/h3>\n<ul style='padding-left: 20px; font-size: 15px; color: inherit; margin: 15px 0;'>\n<li style='margin-bottom: 5px;'>Sistemas de seguridad y emergencia.<\/li>\n<li style='margin-bottom: 5px;'>Sistemas de control de acceso.<\/li>\n<li style='margin-bottom: 5px;'>Sistemas de alarma.<\/li>\n<li style='margin-bottom: 5px;'>Sistemas de detecci\u00f3n de incendio.<\/li>\n<li style='margin-bottom: 5px;'>Sistemas de videovigilancia.<\/li>\n<li style='margin-bottom: 5px;'>Muchas aplicaciones m\u00e1s&#8230;<\/li>\n<\/ul><\/div>\n<p> <!-- Separador final --> <\/p>\n<hr style='border: 0; border-top: 1px solid rgba(150&comma; 150&comma; 150&comma; 0.3); margin: 30px 0;'> <\/div>\n","protected":false},"excerpt":{"rendered":"<p>Bater\u00eda 12V Recargable, 12AH, Para Respaldo, Tecnolog\u00edas AGM\/VRLA, 5 A\u00f1os Vida \u00datil, Terminales tipo F2, Reconocida UL , Sin Mantenimiento, Sin Derrames<\/p>\n","protected":false},"featured_media":117938,"comment_status":"open","ping_status":"closed","template":"","meta":[],"product_brand":[],"product_cat":[141],"product_tag":[143,142,236],"class_list":{"0":"post-117939","1":"product","2":"type-product","3":"status-publish","4":"has-post-thumbnail","6":"product_cat-baterias","7":"product_tag-baterias","8":"product_tag-energia","9":"product_tag-power-sonic","11":"first","12":"instock","13":"sale","14":"shipping-taxable","15":"purchasable","16":"product-type-simple"},"_links":{"self":[{"href":"https:\/\/soydeaqui.ddns.net\/pachuca\/index.php\/wp-json\/wp\/v2\/product\/117939","targetHints":{"allow":["GET"]}}],"collection":[{"href":"https:\/\/soydeaqui.ddns.net\/pachuca\/index.php\/wp-json\/wp\/v2\/product"}],"about":[{"href":"https:\/\/soydeaqui.ddns.net\/pachuca\/index.php\/wp-json\/wp\/v2\/types\/product"}],"replies":[{"embeddable":true,"href":"https:\/\/soydeaqui.ddns.net\/pachuca\/index.php\/wp-json\/wp\/v2\/comments?post=117939"}],"wp:featuredmedia":[{"embeddable":true,"href":"https:\/\/soydeaqui.ddns.net\/pachuca\/index.php\/wp-json\/wp\/v2\/media\/117938"}],"wp:attachment":[{"href":"https:\/\/soydeaqui.ddns.net\/pachuca\/index.php\/wp-json\/wp\/v2\/media?parent=117939"}],"wp:term":[{"taxonomy":"product_brand","embeddable":true,"href":"https:\/\/soydeaqui.ddns.net\/pachuca\/index.php\/wp-json\/wp\/v2\/product_brand?post=117939"},{"taxonomy":"product_cat","embeddable":true,"href":"https:\/\/soydeaqui.ddns.net\/pachuca\/index.php\/wp-json\/wp\/v2\/product_cat?post=117939"},{"taxonomy":"product_tag","embeddable":true,"href":"https:\/\/soydeaqui.ddns.net\/pachuca\/index.php\/wp-json\/wp\/v2\/product_tag?post=117939"}],"curies":[{"name":"wp","href":"https:\/\/api.w.org\/{rel}","templated":true}]}}