{"id":117928,"date":"2026-03-24T03:42:40","date_gmt":"2026-03-24T03:42:40","guid":{"rendered":"https:\/\/soydeaqui.ddns.net\/pachuca\/index.php\/producto\/transformador-reductor-de-208-vca-a-120-vca-entrada-hardwire-con-cable-de-uso-rudo-con-6-salidas-nema-5-20r-y-terminal-hardwire-recomendado-para-ups-modelos-ol10krt-y-ol8krt\/"},"modified":"2026-03-24T03:42:51","modified_gmt":"2026-03-24T03:42:51","slug":"transformador-reductor-de-208-vca-a-120-vca-entrada-hardwire-con-cable-de-uso-rudo-con-6-salidas-nema-5-20r-y-terminal-hardwire-recomendado-para-ups-modelos-ol10krt-y-ol8krt","status":"publish","type":"product","link":"https:\/\/soydeaqui.ddns.net\/pachuca\/index.php\/producto\/transformador-reductor-de-208-vca-a-120-vca-entrada-hardwire-con-cable-de-uso-rudo-con-6-salidas-nema-5-20r-y-terminal-hardwire-recomendado-para-ups-modelos-ol10krt-y-ol8krt\/","title":{"rendered":"Transformador Reductor de 208 Vca a 120 Vca, Entrada Hardwire con Cable de Uso Rudo, Con 6 Salidas NEMA 5-20R y Terminal Hardwire, Recomendado para UPS modelos OL10KRT y OL8KRT"},"content":{"rendered":"<div style='width: 100%; max-width: 1200px; margin: 0 auto; font-family: sans-serif; line-height: 1.6; color: inherit; background-color: transparent;'> <!-- Logo --> <\/p>\n<div style='width: 100%; text-align: center; margin: 20px 0;'> <img style='width: auto; max-width: 100%; height: auto; max-height: 120px; border: 1px solid rgba(150&comma;150&comma;150&comma;0.3); border-radius: 8px;' src='https:\/\/ftp3.syscom.mx\/usuarios\/fotos\/logotipos\/cyberpower.png' alt='Logo CyberPower'> <\/div>\n<p> <!-- Contenido principal --> <\/p>\n<div style='display: flex; flex-wrap: wrap; gap: 30px; margin-bottom: 30px;'>\n<div style='flex: 1 1 300px; min-width: 280px;'>\n<h3 style='font-size: 22px; border-bottom: 2px solid currentColor; padding-bottom: 5px; margin-top: 0; color: inherit; opacity: 0.8;'>Descripci\u00f3n General<\/h3>\n<p style='font-size: 15px; color: inherit;'> El transformador de aislamiento reductor de torre\/rack OL10KSTF de CyberPower convierte el voltaje de entrada de 200 V a 240 V que se origina en la red el\u00e9ctrica&comma; a una salida de 120 V. <\/p>\n<p style='font-size: 15px; color: inherit;'> El OL10KSTF tiene una capacidad de 10&comma;000 VA \/ 10&comma;000 Watts. Cuenta con seis (6) recept\u00e1culos NEMA 5-20R que pueden admitir salida a cables de alimentaci\u00f3n NEMA 5-15P y 5-20P. Un bloque de terminales de salida de cableado proporciona un medio para conectarse a un subpanel el\u00e9ctrico. <\/p>\n<p style='font-size: 15px; color: inherit;'> El kit de cable de alimentaci\u00f3n de 3 pies incluido (6AWGHW3FT) conecta el OL10KSTF a la alimentaci\u00f3n de entrada. La protecci\u00f3n contra sobretemperatura protege su OL10KSTF de da\u00f1os si el calor interno excede los par\u00e1metros de operaci\u00f3n seguros. <\/p>\n<\/p><\/div>\n<\/p><\/div>\n<p> <!-- Especificaciones --> <\/p>\n<div style='display: flex; flex-wrap: wrap; gap: 20px; margin-bottom: 30px;'>\n<div style='flex: 1 1 250px; border: 1px solid rgba(150&comma; 150&comma; 150&comma; 0.4); border-radius: 8px; overflow: hidden; display: flex; flex-direction: column;'>\n<div style='padding: 15px; border-bottom: 1px solid rgba(150&comma; 150&comma; 150&comma; 0.2); font-weight: bold; font-size: 18px; color: inherit;'>Especificaciones T\u00e9cnicas<\/div>\n<div style='padding: 15px; color: inherit;'>\n<ul style='padding-left: 20px; margin: 0; font-size: 14px; list-style-type: disc; color: inherit;'>\n<li style='margin-bottom: 5px;'><strong>Potencia de Salida:<\/strong> 10&comma;000 VA \/ 10&comma;000 Watts<\/li>\n<li style='margin-bottom: 5px;'><strong>Voltaje de Salida:<\/strong> 120\/208 Vca a 50\/60 Hz<\/li>\n<li style='margin-bottom: 5px;'><strong>Entrada:<\/strong> Bloque Terminal Hardwire para cable de uso rudo (Cable de 3 pies 6AWGHW3FT incluido)<\/li>\n<li style='margin-bottom: 5px;'><strong>Conversi\u00f3n de potencia:<\/strong> 208V del suministro el\u00e9ctrico&comma; UPS o generador a 120V de salida<\/li>\n<li style='margin-bottom: 5px;'><strong>Salidas:<\/strong> Bloque terminal hardwire para cable uso rudo y 6 tomas NEMA 5-20R<\/li>\n<li style='margin-bottom: 5px;'><strong>Formato:<\/strong> Rack\/Torre<\/li>\n<li style='margin-bottom: 5px;'><strong>Unidades de Rack:<\/strong> 2<\/li>\n<li style='margin-bottom: 5px;'><strong>Protecci\u00f3n de sobrecarga:<\/strong> Circuit Breakers de salida<\/li>\n<li style='margin-bottom: 5px;'><strong>Protecci\u00f3n por sobretemperatura:<\/strong> S\u00ed<\/li>\n<li style='margin-bottom: 5px;'><strong>Dimensiones:<\/strong> 433 x 88 x 600 mm (Ancho x Alto x Profundidad)<\/li>\n<li style='margin-bottom: 5px;'><strong>Peso:<\/strong> 54.4 kg<\/li>\n<li style='margin-bottom: 5px;'><strong>Garant\u00eda:<\/strong> 3 a\u00f1os<\/li>\n<\/ul><\/div>\n<\/p><\/div>\n<p> <!-- Compatibilidad --> <\/p>\n<div style='flex: 1 1 250px; border: 1px solid rgba(150&comma; 150&comma; 150&comma; 0.4); border-radius: 8px; overflow: hidden; display: flex; flex-direction: column;'>\n<div style='padding: 15px; border-bottom: 1px solid rgba(150&comma; 150&comma; 150&comma; 0.2); font-weight: bold; font-size: 18px; color: inherit;'>Compatibilidad de UPS<\/div>\n<div style='padding: 15px; color: inherit;'>\n<ul style='padding-left: 20px; margin: 0; font-size: 14px; list-style-type: disc; color: inherit;'>\n<li style='margin-bottom: 5px;'>OL8000RT3U<\/li>\n<li style='margin-bottom: 5px;'>OL8000RT3UPDU<\/li>\n<li style='margin-bottom: 5px;'>OL8KRT<\/li>\n<li style='margin-bottom: 5px;'>OL10000RT3U<\/li>\n<li style='margin-bottom: 5px;'>OL10000RT3UPDU<\/li>\n<li style='margin-bottom: 5px;'>OL10KRT<\/li>\n<\/ul><\/div>\n<\/p><\/div>\n<p> <!-- Imagen adicional --> <\/p>\n<div style='flex: 1 1 250px; min-width: 200px;'> <img style='width: 100%; height: auto; border: 1px solid rgba(150&comma;150&comma;150&comma;0.3); border-radius: 8px;' src='https:\/\/www.cyberpower.com\/mx\/es\/File\/GetImageByDocId\/GeneralAttribute-370' alt='NEMA 5-20R'> <\/div>\n<\/p><\/div>\n<p> <!-- Separador --> <\/p>\n<hr style='border: 0; border-top: 1px solid rgba(150&comma; 150&comma; 150&comma; 0.3); margin: 30px 0;'> <\/div>\n","protected":false},"excerpt":{"rendered":"<p>Transformador Reductor de 208 Vca a 120 Vca, Entrada Hardwire con Cable de Uso Rudo, Con 6 Salidas NEMA 5-20R y Terminal Hardwire, Recomendado para UPS modelos OL10KRT y OL8KRT<\/p>\n","protected":false},"featured_media":117927,"comment_status":"open","ping_status":"closed","template":"","meta":[],"product_brand":[],"product_cat":[1231],"product_tag":[677,142,1232],"class_list":{"0":"post-117928","1":"product","2":"type-product","3":"status-publish","4":"has-post-thumbnail","6":"product_cat-ups-no-break-energia-videovigilancia","7":"product_tag-cyberpower","8":"product_tag-energia","9":"product_tag-ups-no-break-2","11":"first","12":"instock","13":"sale","14":"shipping-taxable","15":"purchasable","16":"product-type-simple"},"_links":{"self":[{"href":"https:\/\/soydeaqui.ddns.net\/pachuca\/index.php\/wp-json\/wp\/v2\/product\/117928","targetHints":{"allow":["GET"]}}],"collection":[{"href":"https:\/\/soydeaqui.ddns.net\/pachuca\/index.php\/wp-json\/wp\/v2\/product"}],"about":[{"href":"https:\/\/soydeaqui.ddns.net\/pachuca\/index.php\/wp-json\/wp\/v2\/types\/product"}],"replies":[{"embeddable":true,"href":"https:\/\/soydeaqui.ddns.net\/pachuca\/index.php\/wp-json\/wp\/v2\/comments?post=117928"}],"wp:featuredmedia":[{"embeddable":true,"href":"https:\/\/soydeaqui.ddns.net\/pachuca\/index.php\/wp-json\/wp\/v2\/media\/117927"}],"wp:attachment":[{"href":"https:\/\/soydeaqui.ddns.net\/pachuca\/index.php\/wp-json\/wp\/v2\/media?parent=117928"}],"wp:term":[{"taxonomy":"product_brand","embeddable":true,"href":"https:\/\/soydeaqui.ddns.net\/pachuca\/index.php\/wp-json\/wp\/v2\/product_brand?post=117928"},{"taxonomy":"product_cat","embeddable":true,"href":"https:\/\/soydeaqui.ddns.net\/pachuca\/index.php\/wp-json\/wp\/v2\/product_cat?post=117928"},{"taxonomy":"product_tag","embeddable":true,"href":"https:\/\/soydeaqui.ddns.net\/pachuca\/index.php\/wp-json\/wp\/v2\/product_tag?post=117928"}],"curies":[{"name":"wp","href":"https:\/\/api.w.org\/{rel}","templated":true}]}}