{"id":117882,"date":"2026-03-24T03:40:07","date_gmt":"2026-03-24T03:40:07","guid":{"rendered":"https:\/\/soydeaqui.ddns.net\/pachuca\/index.php\/producto\/nvr-12-megapixel-4k-reconocimiento-facial-16-canales-ip-base-de-datos-hasta-100000-fotografias-16-puertos-poe-2-bahias-de-disco-duro-switch-poe-300-mts-bases-de-datos-hdmi-en-4k\/"},"modified":"2026-03-24T03:40:10","modified_gmt":"2026-03-24T03:40:10","slug":"nvr-12-megapixel-4k-reconocimiento-facial-16-canales-ip-base-de-datos-hasta-100000-fotografias-16-puertos-poe-2-bahias-de-disco-duro-switch-poe-300-mts-bases-de-datos-hdmi-en-4k","status":"publish","type":"product","link":"https:\/\/soydeaqui.ddns.net\/pachuca\/index.php\/producto\/nvr-12-megapixel-4k-reconocimiento-facial-16-canales-ip-base-de-datos-hasta-100000-fotografias-16-puertos-poe-2-bahias-de-disco-duro-switch-poe-300-mts-bases-de-datos-hdmi-en-4k\/","title":{"rendered":"NVR 12 Megapixel (4K) \/ Reconocimiento Facial \/ 16 Canales IP \/ Base de Datos \/ Hasta 100,000 Fotograf\u00edas \/ 16 Puertos PoE+ \/ 2 Bah\u00edas de Disco Duro \/ Switch PoE 300 mts \/ Bases de Datos \/ HDMI en 4K"},"content":{"rendered":"<div style='width: 100%; max-width: 1200px; margin: 0 auto; font-family: sans-serif; line-height: 1.6; color: inherit; background-color: transparent;'>\n<p style='text-align: center; margin: 0 0 20px;'><img style='width: 45%; height: auto; border: 1px solid rgba(150&comma;150&comma;150&comma;0.3); border-radius: 8px;' src='http:\/\/ftp3.syscom.mx\/usuarios\/jdelafuente\/HIKVISION\/hikvision%20logo%20complete.png' alt='Logo Hikvision'><\/p>\n<div style='display: flex; flex-wrap: wrap; gap: 30px; margin: 30px 0;'>\n<div style='flex: 1 1 300px; min-width: 280px; border-left: 5px solid #ff0000; border-radius: 5px; padding: 5px; box-shadow: 2px 2px 10px rgba(150&comma;150&comma;150&comma;0.3);'>\n<h3 style='font-size: 20px; margin-top: 0; margin-bottom: 15px; color: inherit; opacity: 0.8;'>Caracter\u00edsticas principales:<\/h3>\n<ul style='padding-left: 20px; font-size: 14px; color: inherit; list-style-type: disc;'>\n<li style='margin-bottom: 5px;'>Gesti\u00f3n de almacenamiento de im\u00e1genes (rostros) de gran capacidad.<\/li>\n<li style='margin-bottom: 5px;'>Comparaci\u00f3n de rostros (base de datos) y accion de evento (alarmas).<\/li>\n<li style='margin-bottom: 5px;'>Reconocimiento f\u00e1cil y an\u00e1lisis mas precisos basados en algoritmos de Deep Learning (algoritmo de aprendizaje).<\/li>\n<li style='margin-bottom: 5px;'>Alarmas de audio&comma; aviso al centro de monitoreo (iVMS-4200&comma; envi\u00f3 de correo electr\u00f3nico y salidas de alarma).<\/li>\n<li style='margin-bottom: 5px;'>Compatible con Hik-Connect (P2P).<\/li>\n<\/ul>\n<h4 style='font-size: 18px; margin-top: 20px; margin-bottom: 10px; color: inherit; opacity: 0.8;'>Capacidad de procesamiento y funciones de red:<\/h4>\n<ul style='padding-left: 20px; font-size: 14px; color: inherit; list-style-type: disc;'>\n<li style='margin-bottom: 5px;'>Throughput entrada: 160 Mbps.<\/li>\n<li style='margin-bottom: 5px;'>Throughput salida: 256 Mbps.<\/li>\n<li style='margin-bottom: 5px;'>El Modo Extendido solo puede alimentar c\u00e1maras IP fijas (no PTZ)<\/li>\n<li style='margin-bottom: 5px;'>1 puerto red 10 \/ 100 \/ 1000 Mbps. (LAN).<\/li>\n<li style='margin-bottom: 5px;'>16 Puertos PoE Interconstruidos 802.3 af\/at.<\/li>\n<li style='margin-bottom: 5px;'>M\u00e1xima capacidad de suministros en puertos PoE: 200 W.<\/li>\n<li style='margin-bottom: 5px;'>Soporta compresi\u00f3n: H.265+ \/ H.265 \/ H.264+ \/ H.264.<\/li>\n<li style='margin-bottom: 5px;'>Soporta resoluci\u00f3n: 12MP \/ 8 MP \/ 6 MP \/ 5 MP \/ 4 MP \/ 3 MP \/ 1080p \/ 720p.<\/li>\n<li style='margin-bottom: 5px;'>Entrada y salida de alarmas: 4 \/ 1.<\/li>\n<\/ul><\/div>\n<div style='flex: 1 1 300px; min-width: 280px; border-left: 5px solid #ff0000; border-radius: 5px; padding: 5px; box-shadow: 2px 2px 10px rgba(150&comma;150&comma;150&comma;0.3);'>\n<h3 style='font-size: 20px; margin-top: 0; margin-bottom: 15px; color: inherit; opacity: 0.8;'>Caracter\u00edsticas F\u00edsicas y El\u00e9ctricas:<\/h3>\n<ul style='padding-left: 20px; font-size: 14px; color: inherit; list-style-type: disc;'>\n<li style='margin-bottom: 5px;'>Alimentaci\u00f3n y consumo: 100 a 240 VAC.<\/li>\n<li style='margin-bottom: 5px;'>Temperatura de operaci\u00f3n: -10\u00ba a 55\u00ba C.<\/li>\n<li style='margin-bottom: 5px;'>Dimensiones: 385 x 315 x 52 mm.<\/li>\n<li style='margin-bottom: 5px;'>Peso: 3 kg.<\/li>\n<li style='margin-bottom: 5px;'>Soporta 2 HDD\u00b4s de hasta 6 TB. (no incluido).<\/li>\n<li style='margin-bottom: 5px;'>Salida HDMI: 4K \/ 2K \/ 1080p \/ 720p.<\/li>\n<li style='margin-bottom: 5px;'>Salida independiente HDMI y VGA.<\/li>\n<li style='margin-bottom: 5px;'>Entrada de Audio: 1 Canal.<\/li>\n<li style='margin-bottom: 5px;'>Salida de Audio: 1 Canal.<\/li>\n<li style='margin-bottom: 5px;'>Soporta audio bidireccional (audio de dos v\u00edas).<\/li>\n<\/ul><\/div>\n<div style='flex: 1 1 300px; min-width: 280px; border-left: 5px solid #ff0000; border-radius: 5px; padding: 5px; box-shadow: 2px 2px 10px rgba(150&comma;150&comma;150&comma;0.3);'>\n<h3 style='font-size: 20px; margin-top: 0; margin-bottom: 15px; color: inherit; opacity: 0.8;'>Caracter\u00edsticas Destacadas:<\/h3>\n<ul style='padding-left: 20px; font-size: 14px; color: inherit; list-style-type: disc;'>\n<li style='margin-bottom: 5px;'>Podemos almacenar hasta 16 librer\u00edas.<\/li>\n<li style='margin-bottom: 5px;'>Podemos almacenar hasta 100&comma;000 im\u00e1genes (fotos).<\/li>\n<li style='margin-bottom: 5px;'>8 canales de video con reconocimiento de rostros.<\/li>\n<li style='margin-bottom: 5px;'>Al momento de detectar la c\u00e1mara el rostro y coincide con un rostros en la base de datos podemos: grabar&comma; notificar al software (iVMS-4200)&comma; envi\u00f3 de email&comma; activar alguna salida de alarma&comma; etc.<\/li>\n<li style='margin-bottom: 5px;'>Se recomienda colocar el modelo de c\u00e1maras IDS-2CD7 para poder tener los 8 canales de video con la funcion de reconocimiento facial. Cada camara permite tener un canal con reconocimiento facial.<\/li>\n<li style='margin-bottom: 5px;'>Podemos tener hasta 4 canales de reconocimiento facial si manejamos c\u00e1maras de la serie DS-2CD2XX3G0 \/ DS-2CD2XX3G1 \/ DS-2CD2XX3G2 \/ DS-2CD2XX7G2.<\/li>\n<\/ul><\/div>\n<\/p><\/div>\n<div style='width: 100%; margin: 30px 0;'> <img style='width: 100%; height: auto; border: 1px solid rgba(150&comma;150&comma;150&comma;0.3); border-radius: 8px;' src='http:\/\/ftp3.syscom.mx\/usuarios\/jdelafuente\/HIKVISION\/hikvision-solution banner.jpg' alt='Banner Hikvision'> <\/div>\n<\/p><\/div>\n","protected":false},"excerpt":{"rendered":"<p>NVR 12 Megapixel (4K) \/ Reconocimiento Facial \/ 16 Canales IP \/ Base de Datos \/ Hasta 100,000 Fotograf\u00edas \/ 16 Puertos PoE+ \/ 2 Bah\u00edas de Disco Duro \/ Switch PoE 300 mts \/ Bases de Datos \/ HDMI en 4K<\/p>\n","protected":false},"featured_media":117881,"comment_status":"open","ping_status":"closed","template":"","meta":[],"product_brand":[],"product_cat":[2234],"product_tag":[122,54,2235],"class_list":{"0":"post-117882","1":"product","2":"type-product","3":"status-publish","4":"has-post-thumbnail","6":"product_cat-nvrs-network-video-recorders","7":"product_tag-camaras-ip-y-nvrs","8":"product_tag-hikvision","9":"product_tag-nvrs-network-video-recorders","11":"first","12":"outofstock","13":"sale","14":"shipping-taxable","15":"purchasable","16":"product-type-simple"},"_links":{"self":[{"href":"https:\/\/soydeaqui.ddns.net\/pachuca\/index.php\/wp-json\/wp\/v2\/product\/117882","targetHints":{"allow":["GET"]}}],"collection":[{"href":"https:\/\/soydeaqui.ddns.net\/pachuca\/index.php\/wp-json\/wp\/v2\/product"}],"about":[{"href":"https:\/\/soydeaqui.ddns.net\/pachuca\/index.php\/wp-json\/wp\/v2\/types\/product"}],"replies":[{"embeddable":true,"href":"https:\/\/soydeaqui.ddns.net\/pachuca\/index.php\/wp-json\/wp\/v2\/comments?post=117882"}],"wp:featuredmedia":[{"embeddable":true,"href":"https:\/\/soydeaqui.ddns.net\/pachuca\/index.php\/wp-json\/wp\/v2\/media\/117881"}],"wp:attachment":[{"href":"https:\/\/soydeaqui.ddns.net\/pachuca\/index.php\/wp-json\/wp\/v2\/media?parent=117882"}],"wp:term":[{"taxonomy":"product_brand","embeddable":true,"href":"https:\/\/soydeaqui.ddns.net\/pachuca\/index.php\/wp-json\/wp\/v2\/product_brand?post=117882"},{"taxonomy":"product_cat","embeddable":true,"href":"https:\/\/soydeaqui.ddns.net\/pachuca\/index.php\/wp-json\/wp\/v2\/product_cat?post=117882"},{"taxonomy":"product_tag","embeddable":true,"href":"https:\/\/soydeaqui.ddns.net\/pachuca\/index.php\/wp-json\/wp\/v2\/product_tag?post=117882"}],"curies":[{"name":"wp","href":"https:\/\/api.w.org\/{rel}","templated":true}]}}