{"id":117870,"date":"2026-03-24T03:39:28","date_gmt":"2026-03-24T03:39:28","guid":{"rendered":"https:\/\/soydeaqui.ddns.net\/pachuca\/index.php\/producto\/fuente-de-poder-altronix-de-12-24-vcc-6-amper-con-capacidad-de-bateria-de-respaldo-requiere-bateria-8-salidas-con-voltaje-de-entrada-de-115-vca\/"},"modified":"2026-03-24T03:39:37","modified_gmt":"2026-03-24T03:39:37","slug":"fuente-de-poder-altronix-de-12-24-vcc-6-amper-con-capacidad-de-bateria-de-respaldo-requiere-bateria-8-salidas-con-voltaje-de-entrada-de-115-vca","status":"publish","type":"product","link":"https:\/\/soydeaqui.ddns.net\/pachuca\/index.php\/producto\/fuente-de-poder-altronix-de-12-24-vcc-6-amper-con-capacidad-de-bateria-de-respaldo-requiere-bateria-8-salidas-con-voltaje-de-entrada-de-115-vca\/","title":{"rendered":"Fuente de poder ALTRONIX de 12\/24 Vcc @ 6 Amper, con capacidad de bater\u00eda de respaldo, requiere bater\u00eda, 8 salidas, con voltaje de entrada de 115 Vca"},"content":{"rendered":"<div style='width: 100%; max-width: 1200px; margin: 0 auto; font-family: sans-serif; line-height: 1.6; color: inherit; background-color: transparent;'> <!-- Secci\u00f3n de caracter\u00edsticas --> <\/p>\n<div style='display: flex; flex-wrap: wrap; gap: 30px; margin-bottom: 30px;'>\n<div style='flex: 1 1 300px; min-width: 280px;'>\n<h3 style='font-size: 22px; border-bottom: 2px solid currentColor; padding-bottom: 5px; margin-top: 0; color: inherit; opacity: 0.8;'>Entrada<\/h3>\n<ul style='padding-left: 20px; font-size: 15px; color: inherit;'>\n<li style='margin-bottom: 5px;'>Entrada 115VAC 60Hz nominal @ 3.5A<\/li>\n<li style='margin-bottom: 5px;'>Ocho (8) entradas de activaci\u00f3n del sistema de control de acceso<\/li>\n<\/ul><\/div>\n<div style='flex: 1 1 300px; min-width: 280px;'>\n<h3 style='font-size: 22px; border-bottom: 2px solid currentColor; padding-bottom: 5px; margin-top: 0; color: inherit; opacity: 0.8;'>Opciones de entrada<\/h3>\n<ul style='padding-left: 20px; font-size: 15px; color: inherit;'>\n<li style='margin-bottom: 5px;'>Ocho (8) entradas normalmente abiertas (NO)<\/li>\n<li style='margin-bottom: 5px;'>Ocho (8) entradas de colector abierto<\/li>\n<li style='margin-bottom: 5px;'>Cualquier combinaci\u00f3n de lo anterior<\/li>\n<\/ul><\/div>\n<div style='flex: 1 1 300px; min-width: 280px;'>\n<h3 style='font-size: 22px; border-bottom: 2px solid currentColor; padding-bottom: 5px; margin-top: 0; color: inherit; opacity: 0.8;'>Salida<\/h3>\n<ul style='padding-left: 20px; font-size: 15px; color: inherit;'>\n<li style='margin-bottom: 5px;'>12VDC o 24VDC @ 6A corriente de suministro<\/li>\n<li style='margin-bottom: 5px;'>Ocho (8) salidas controladas independientemente<\/li>\n<\/ul><\/div>\n<div style='flex: 1 1 300px; min-width: 280px;'>\n<h3 style='font-size: 22px; border-bottom: 2px solid currentColor; padding-bottom: 5px; margin-top: 0; color: inherit; opacity: 0.8;'>Opciones de salida<\/h3>\n<ul style='padding-left: 20px; font-size: 15px; color: inherit;'>\n<li style='margin-bottom: 5px;'>Ocho (8) salidas de energ\u00eda a prueba de fallas y\/o a prueba de fallas<\/li>\n<li style='margin-bottom: 5px;'>Ocho (8) salidas de rel\u00e9 con clasificaci\u00f3n &#8216;C&#8217; 5A<\/li>\n<li style='margin-bottom: 5px;'>Cualquier combinaci\u00f3n de lo anterior<\/li>\n<li style='margin-bottom: 5px;'>Ocho (8) salidas de potencia auxiliar (sin interruptor)<\/li>\n<\/ul><\/div>\n<div style='flex: 1 1 300px; min-width: 280px;'>\n<h3 style='font-size: 22px; border-bottom: 2px solid currentColor; padding-bottom: 5px; margin-top: 0; color: inherit; opacity: 0.8;'>Supervisi\u00f3n<\/h3>\n<ul style='padding-left: 20px; font-size: 15px; color: inherit;'>\n<li style='margin-bottom: 5px;'>Supervisi\u00f3n de fallas de CA (contactos forma &#8216;C&#8217;)<\/li>\n<li style='margin-bottom: 5px;'>El disparador de notificaci\u00f3n se puede seleccionar durante 30 segundos (configurado de f\u00e1brica) o 6 horas<\/li>\n<li style='margin-bottom: 5px;'>Bater\u00eda baja y supervisi\u00f3n de presencia de bater\u00eda (contacto &#8216;C&#8217;)<\/li>\n<\/ul><\/div>\n<div style='flex: 1 1 300px; min-width: 280px;'>\n<h3 style='font-size: 22px; border-bottom: 2px solid currentColor; padding-bottom: 5px; margin-top: 0; color: inherit; opacity: 0.8;'>Caracter\u00edsticas<\/h3>\n<ul style='padding-left: 20px; font-size: 15px; color: inherit;'>\n<li style='margin-bottom: 5px;'>La desconexi\u00f3n de la alarma de incendio (con o sin bloqueo) se puede seleccionar individualmente para cualquiera o todas las ocho (8) salidas<\/li>\n<li style='margin-bottom: 5px;'>Opciones de entrada de desconexi\u00f3n de alarma de incendio:<\/li>\n<ul style='margin-left: 20px; margin-top: 5px; margin-bottom: 10px; padding-left: 20px; font-size: 15px; color: inherit;'>\n<li style='margin-bottom: 5px;'>Entrada de contacto seco normalmente abierto (NO) o normalmente cerrado (NC)<\/li>\n<li style='margin-bottom: 5px;'>Entrada de inversi\u00f3n de polaridad del circuito de se\u00f1alizaci\u00f3n FACP<\/li>\n<\/ul>\n<li style='margin-bottom: 5px;'>El rel\u00e9 de salida de alarma indica que se activa la entrada FACP (forma de contacto &#8216;C&#8217; clasificado a 1A 28VDC)<\/li>\n<li style='margin-bottom: 5px;'>Protecci\u00f3n contra cortocircuito y sobrecarga t\u00e9rmica<\/li>\n<li style='margin-bottom: 5px;'>Supervisi\u00f3n de fallos de CA (contacto de forma &#8216;C&#8217;)<\/li>\n<\/ul><\/div>\n<div style='flex: 1 1 300px; min-width: 280px;'>\n<h3 style='font-size: 22px; border-bottom: 2px solid currentColor; padding-bottom: 5px; margin-top: 0; color: inherit; opacity: 0.8;'>Capacidad de Bater\u00eda de respaldo<\/h3>\n<ul style='padding-left: 20px; font-size: 15px; color: inherit;'>\n<li style='margin-bottom: 5px;'>Cargador incorporado para bater\u00edas selladas de plomo \u00e1cido o gel<\/li>\n<li style='margin-bottom: 5px;'>Con capacidad de bater\u00eda de respaldo<\/li>\n<li style='margin-bottom: 5px;'>No se incluye la bater\u00eda<\/li>\n<li style='margin-bottom: 5px;'>Bater\u00edas sugeridas: PL4.512 \/ PL712 \/ PL912<\/li>\n<li style='margin-bottom: 5px;'>Cambio autom\u00e1tico a bater\u00eda de reserva cuando falla la CA<\/li>\n<li style='margin-bottom: 5px;'>Ca\u00edda de voltaje cero cuando las unidades cambian a bater\u00eda de respaldo (condici\u00f3n de falla de CA)<\/li>\n<li style='margin-bottom: 5px;'>Falla de la bater\u00eda y supervisi\u00f3n de la presencia de la bater\u00eda (contacto &#8216;C&#8217;)<\/li>\n<\/ul><\/div>\n<div style='flex: 1 1 300px; min-width: 280px;'>\n<h3 style='font-size: 22px; border-bottom: 2px solid currentColor; padding-bottom: 5px; margin-top: 0; color: inherit; opacity: 0.8;'>Temperatura<\/h3>\n<ul style='padding-left: 20px; font-size: 15px; color: inherit;'>\n<li style='margin-bottom: 5px;'>En funcionamiento: 0\u00baC a 49\u00baC (32\u00baF a 120\u00baF)<\/li>\n<li style='margin-bottom: 5px;'>Almacenamiento: -20\u00baC a 70\u00baC (-4\u00baF a 158\u00baF)<\/li>\n<\/ul><\/div>\n<\/p><\/div>\n<\/p><\/div>\n","protected":false},"excerpt":{"rendered":"<p>Fuente de poder ALTRONIX de 12\/24 Vcc @ 6 Amper, con capacidad de bater\u00eda de respaldo, requiere bater\u00eda, 8 salidas, con voltaje de entrada de 115 Vca<\/p>\n","protected":false},"featured_media":117869,"comment_status":"open","ping_status":"closed","template":"","meta":[],"product_brand":[],"product_cat":[1103],"product_tag":[495,142,457],"class_list":{"0":"post-117870","1":"product","2":"type-product","3":"status-publish","4":"has-post-thumbnail","6":"product_cat-fuentes-de-alimentacion-energia-videovigilancia","7":"product_tag-altronix","8":"product_tag-energia","9":"product_tag-fuentes-de-alimentacion","11":"first","12":"outofstock","13":"sale","14":"shipping-taxable","15":"purchasable","16":"product-type-simple"},"_links":{"self":[{"href":"https:\/\/soydeaqui.ddns.net\/pachuca\/index.php\/wp-json\/wp\/v2\/product\/117870","targetHints":{"allow":["GET"]}}],"collection":[{"href":"https:\/\/soydeaqui.ddns.net\/pachuca\/index.php\/wp-json\/wp\/v2\/product"}],"about":[{"href":"https:\/\/soydeaqui.ddns.net\/pachuca\/index.php\/wp-json\/wp\/v2\/types\/product"}],"replies":[{"embeddable":true,"href":"https:\/\/soydeaqui.ddns.net\/pachuca\/index.php\/wp-json\/wp\/v2\/comments?post=117870"}],"wp:featuredmedia":[{"embeddable":true,"href":"https:\/\/soydeaqui.ddns.net\/pachuca\/index.php\/wp-json\/wp\/v2\/media\/117869"}],"wp:attachment":[{"href":"https:\/\/soydeaqui.ddns.net\/pachuca\/index.php\/wp-json\/wp\/v2\/media?parent=117870"}],"wp:term":[{"taxonomy":"product_brand","embeddable":true,"href":"https:\/\/soydeaqui.ddns.net\/pachuca\/index.php\/wp-json\/wp\/v2\/product_brand?post=117870"},{"taxonomy":"product_cat","embeddable":true,"href":"https:\/\/soydeaqui.ddns.net\/pachuca\/index.php\/wp-json\/wp\/v2\/product_cat?post=117870"},{"taxonomy":"product_tag","embeddable":true,"href":"https:\/\/soydeaqui.ddns.net\/pachuca\/index.php\/wp-json\/wp\/v2\/product_tag?post=117870"}],"curies":[{"name":"wp","href":"https:\/\/api.w.org\/{rel}","templated":true}]}}