{"id":117860,"date":"2026-03-24T03:38:55","date_gmt":"2026-03-24T03:38:55","guid":{"rendered":"https:\/\/soydeaqui.ddns.net\/pachuca\/index.php\/producto\/ups-de-2200-va-2200-w-topologia-linea-interactiva-entrada-120-vca-nema-l5-30p-onda-senoidal-pura-torre-o-rack-2-ur-con-8-tomas-nema-5-20r-2\/"},"modified":"2026-03-24T03:39:10","modified_gmt":"2026-03-24T03:39:10","slug":"ups-de-2200-va-2200-w-topologia-linea-interactiva-entrada-120-vca-nema-l5-30p-onda-senoidal-pura-torre-o-rack-2-ur-con-8-tomas-nema-5-20r-2","status":"publish","type":"product","link":"https:\/\/soydeaqui.ddns.net\/pachuca\/index.php\/producto\/ups-de-2200-va-2200-w-topologia-linea-interactiva-entrada-120-vca-nema-l5-30p-onda-senoidal-pura-torre-o-rack-2-ur-con-8-tomas-nema-5-20r-2\/","title":{"rendered":"UPS de 2200 VA\/2200 W, Topolog\u00eda L\u00ednea Interactiva, Entrada 120 Vca NEMA L5-30P, Onda Senoidal Pura, Torre o Rack 2 UR, Con 8 Tomas NEMA 5-20R"},"content":{"rendered":"<div style='width: 100%; max-width: 1200px; margin: 0 auto; font-family: sans-serif; line-height: 1.6; color: inherit; background-color: transparent;'>\n<div style='display: flex; flex-wrap: wrap; gap: 30px; margin-bottom: 30px;'>\n<div style='flex: 1 1 300px; min-width: 280px;'> <img style='width: 100%; height: auto; border: 1px solid rgba(150&comma;150&comma;150&comma;0.3); border-radius: 8px;' src='https:\/\/ftp3.syscom.mx\/usuarios\/fotos\/logotipos\/cyberpower.png' alt=''> <\/div>\n<div style='flex: 1 1 300px; min-width: 280px;'>\n<h3 style='font-size: 22px; border-bottom: 2px solid currentColor; padding-bottom: 5px; margin-top: 0; color: inherit; opacity: 0.8;'>Descripci\u00f3n General<\/h3>\n<p style='font-size: 15px; color: inherit;'>CyberPower PR2200RT2U con dise\u00f1o de montaje en rack&comma; garantiza protecci\u00f3n de respaldo de energ\u00eda para sistemas de teatro en casa&comma; dispositivos multimedia&comma; equipos de TI&comma; computadoras&comma; estaciones de trabajo&comma; NAS \/ dispositivos de almacenamiento&comma; dispositivos de telecomunicaciones&comma; dispositivos de red y sistemas de video vigilancia. El UPS adopta la topolog\u00eda de l\u00ednea interactiva con regulaci\u00f3n autom\u00e1tica de voltaje (AVR) y ofrece salida de onda senoidal estabilizada para garantizar una alta calidad de potencia.<\/p>\n<\/p><\/div>\n<div style='flex: 1 1 300px; min-width: 280px;'>\n<h3 style='font-size: 22px; border-bottom: 2px solid currentColor; padding-bottom: 5px; margin-top: 0; color: inherit; opacity: 0.8;'>Caracter\u00edsticas<\/h3>\n<p style='font-size: 15px; color: inherit;'>El factor de potencia de salida del UPS es 1&comma; lo que significa que es capaz de conectarse a m\u00e1s cargas cr\u00edticas que un UPS convencional. Tambi\u00e9n cuenta con tecnolog\u00eda de gesti\u00f3n de bater\u00edas para ayudar a las bater\u00edas a obtener una vida \u00fatil \u00f3ptima al equilibrar el voltaje de la bater\u00eda. La carga de la bater\u00eda en dos fases puede cargar la bater\u00eda de forma r\u00e1pida y segura. Los paquetes de bater\u00edas intercambiables en caliente permiten un f\u00e1cil mantenimiento sin interrupci\u00f3n de la alimentaci\u00f3n. Su pantalla LCD de matriz multifuncional admite una operaci\u00f3n intuitiva y una configuraci\u00f3n r\u00e1pida. El panel LCD tambi\u00e9n puede rotar para cumplir con los requisitos de instalaci\u00f3n.<\/p>\n<\/p><\/div>\n<\/p><\/div>\n<div style='display: flex; flex-wrap: wrap; gap: 20px; margin-bottom: 30px;'>\n<div style='flex: 1 1 250px; border: 1px solid rgba(150&comma; 150&comma; 150&comma; 0.4); border-radius: 8px; overflow: hidden; display: flex; flex-direction: column;'>\n<div style='padding: 15px; border-bottom: 1px solid rgba(150&comma; 150&comma; 150&comma; 0.2); font-weight: bold; font-size: 18px; color: inherit;'>Especificaciones El\u00e9ctricas<\/div>\n<div style='padding: 15px; color: inherit;'>\n<ul style='padding-left: 20px; margin: 0; font-size: 14px; list-style-type: disc;'>\n<li style='margin-bottom: 5px;'><strong>Rango de voltaje de entrada:<\/strong> 70 &#8211; 155 Vca<\/li>\n<li style='margin-bottom: 5px;'><strong>Voltaje nominal de entrada:<\/strong> 100 &#8211; 120 Vca<\/li>\n<li style='margin-bottom: 5px;'><strong>Frecuencia de entrada:<\/strong> 50\/60Hz \u00b1 3Hz<\/li>\n<li style='margin-bottom: 5px;'><strong>Voltaje de salida de bater\u00eda:<\/strong> 120VCA \u00b1 2%<\/li>\n<li style='margin-bottom: 5px;'><strong>Frecuencia de salida en bater\u00eda:<\/strong> 50\/60Hz \u00b1 1%<\/li>\n<\/ul><\/div>\n<\/p><\/div>\n<div style='flex: 1 1 250px; border: 1px solid rgba(150&comma; 150&comma; 150&comma; 0.4); border-radius: 8px; overflow: hidden; display: flex; flex-direction: column;'>\n<div style='padding: 15px; border-bottom: 1px solid rgba(150&comma; 150&comma; 150&comma; 0.2); font-weight: bold; font-size: 18px; color: inherit;'>Conectividad<\/div>\n<div style='padding: 15px; color: inherit;'>\n<ul style='padding-left: 20px; margin: 0; font-size: 14px; list-style-type: disc;'>\n<li style='margin-bottom: 5px;'><strong>Enchufe de entrada:<\/strong> NEMA L5-30P <img style='width: 40px; height: 40px; border: 1px solid rgba(150&comma;150&comma;150&comma;0.3); border-radius: 4px; vertical-align: middle;' src='https:\/\/www.cyberpower.com\/mx\/es\/File\/GetImageByDocId\/GeneralAttribute-242' alt=''> <\/li>\n<li style='margin-bottom: 5px;'><strong>Longitud de cable de entrada:<\/strong> 3 m<\/li>\n<li style='margin-bottom: 5px;'><strong>Tomas de salida:<\/strong> 8 (8 Bater\u00eda y picos de energ\u00eda)<\/li>\n<li style='margin-bottom: 5px;'><strong>Tipos de tomas:<\/strong> 8 NEMA 5-20R <img style='width: 40px; height: 40px; border: 1px solid rgba(150&comma;150&comma;150&comma;0.3); border-radius: 4px; vertical-align: middle;' src='https:\/\/www.cyberpower.com\/mx\/es\/File\/GetImageByDocId\/GeneralAttribute-370' alt=''> <\/li>\n<\/ul><\/div>\n<\/p><\/div>\n<div style='flex: 1 1 250px; border: 1px solid rgba(150&comma; 150&comma; 150&comma; 0.4); border-radius: 8px; overflow: hidden; display: flex; flex-direction: column;'>\n<div style='padding: 15px; border-bottom: 1px solid rgba(150&comma; 150&comma; 150&comma; 0.2); font-weight: bold; font-size: 18px; color: inherit;'>Bater\u00eda<\/div>\n<div style='padding: 15px; color: inherit;'>\n<ul style='padding-left: 20px; margin: 0; font-size: 14px; list-style-type: disc;'>\n<li style='margin-bottom: 5px;'><strong>Especificaciones de bater\u00eda:<\/strong> 4 x 12V\/9Ah<\/li>\n<li style='margin-bottom: 5px;'><strong>Tiempo de respaldo con media carga (1100 W):<\/strong> 11.8 Minutos<\/li>\n<li style='margin-bottom: 5px;'><strong>Tiempo de respaldo con carga completa (2200 W):<\/strong> 3.2 Minutos<\/li>\n<\/ul><\/div>\n<\/p><\/div>\n<div style='flex: 1 1 250px; border: 1px solid rgba(150&comma; 150&comma; 150&comma; 0.4); border-radius: 8px; overflow: hidden; display: flex; flex-direction: column;'>\n<div style='padding: 15px; border-bottom: 1px solid rgba(150&comma; 150&comma; 150&comma; 0.2); font-weight: bold; font-size: 18px; color: inherit;'>Caracter\u00edsticas F\u00edsicas<\/div>\n<div style='padding: 15px; color: inherit;'>\n<ul style='padding-left: 20px; margin: 0; font-size: 14px; list-style-type: disc;'>\n<li style='margin-bottom: 5px;'><strong>Dimensiones:<\/strong> 433 x 86.5 x 412 mm (Ancho x Alto X Profundidad)<\/li>\n<li style='margin-bottom: 5px;'><strong>Peso:<\/strong> 27.1 kg<\/li>\n<\/ul><\/div>\n<\/p><\/div>\n<div style='flex: 1 1 250px; border: 1px solid rgba(150&comma; 150&comma; 150&comma; 0.4); border-radius: 8px; overflow: hidden; display: flex; flex-direction: column;'>\n<div style='padding: 15px; border-bottom: 1px solid rgba(150&comma; 150&comma; 150&comma; 0.2); font-weight: bold; font-size: 18px; color: inherit;'>Protecci\u00f3n<\/div>\n<div style='padding: 15px; color: inherit;'>\n<ul style='padding-left: 20px; margin: 0; font-size: 14px; list-style-type: disc;'>\n<li style='margin-bottom: 5px;'><strong>Protecci\u00f3n de picos:<\/strong> 2430 Joules<\/li>\n<li style='margin-bottom: 5px;'><strong>Protecci\u00f3n:<\/strong> Tel\u00e9fono \/Ethernet\/RJ11\/RJ45<\/li>\n<\/ul><\/div>\n<\/p><\/div>\n<div style='flex: 1 1 250px; border: 1px solid rgba(150&comma; 150&comma; 150&comma; 0.4); border-radius: 8px; overflow: hidden; display: flex; flex-direction: column;'>\n<div style='padding: 15px; border-bottom: 1px solid rgba(150&comma; 150&comma; 150&comma; 0.2); font-weight: bold; font-size: 18px; color: inherit;'>Caracter\u00edsticas Adicionales<\/div>\n<div style='padding: 15px; color: inherit;'>\n<ul style='padding-left: 20px; margin: 0; font-size: 14px; list-style-type: disc;'>\n<li style='margin-bottom: 5px;'><strong>Indicadores:<\/strong> Pantalla LCD de monitoreo y LED<\/li>\n<li style='margin-bottom: 5px;'><strong>Alarma audible:<\/strong> En bater\u00eda&comma; bater\u00eda baja y sobrecarga<\/li>\n<li style='margin-bottom: 5px;'><strong>Administraci\u00f3n remota:<\/strong> SNMP\/HTTP con tarjeta RMCARD205 (opcional)<\/li>\n<li style='margin-bottom: 5px;'><strong>Certificaciones:<\/strong> FCC Clase A&comma; UL&comma; NOM&comma; VCCI<\/li>\n<li style='margin-bottom: 5px;'><strong>Compatibilidad:<\/strong> NO Compatible con Generador<\/li>\n<li style='margin-bottom: 5px;'><strong>Incluye:<\/strong> Bater\u00eda<\/li>\n<\/ul><\/div>\n<\/p><\/div>\n<\/p><\/div>\n<hr style='border: 0; border-top: 1px solid rgba(150&comma; 150&comma; 150&comma; 0.3); margin: 30px 0;'>\n<div style='display: flex; flex-wrap: wrap; gap: 30px; margin-bottom: 30px;'>\n<div style='flex: 1 1 300px; min-width: 280px;'>\n<h3 style='font-size: 22px; border-bottom: 2px solid currentColor; padding-bottom: 5px; margin-top: 0; color: inherit; opacity: 0.8;'>Especificaciones T\u00e9cnicas<\/h3>\n<ul style='padding-left: 20px; font-size: 15px; color: inherit;'>\n<li style='margin-bottom: 5px;'><strong>Salida VA:<\/strong> 2200<\/li>\n<li style='margin-bottom: 5px;'><strong>Watts de salida:<\/strong> 2200<\/li>\n<li style='margin-bottom: 5px;'><strong>Factor de potencia:<\/strong> 1<\/li>\n<\/ul><\/div>\n<\/p><\/div>\n<\/p><\/div>\n","protected":false},"excerpt":{"rendered":"<p>UPS de 2200 VA\/2200 W, Topolog\u00eda L\u00ednea Interactiva, Entrada 120 Vca NEMA L5-30P, Onda Senoidal Pura, Torre o Rack 2 UR, Con 8 Tomas NEMA 5-20R<\/p>\n","protected":false},"featured_media":117859,"comment_status":"open","ping_status":"closed","template":"","meta":[],"product_brand":[],"product_cat":[1231],"product_tag":[677,142,1232],"class_list":{"0":"post-117860","1":"product","2":"type-product","3":"status-publish","4":"has-post-thumbnail","6":"product_cat-ups-no-break-energia-videovigilancia","7":"product_tag-cyberpower","8":"product_tag-energia","9":"product_tag-ups-no-break-2","11":"first","12":"instock","13":"sale","14":"shipping-taxable","15":"purchasable","16":"product-type-simple"},"_links":{"self":[{"href":"https:\/\/soydeaqui.ddns.net\/pachuca\/index.php\/wp-json\/wp\/v2\/product\/117860","targetHints":{"allow":["GET"]}}],"collection":[{"href":"https:\/\/soydeaqui.ddns.net\/pachuca\/index.php\/wp-json\/wp\/v2\/product"}],"about":[{"href":"https:\/\/soydeaqui.ddns.net\/pachuca\/index.php\/wp-json\/wp\/v2\/types\/product"}],"replies":[{"embeddable":true,"href":"https:\/\/soydeaqui.ddns.net\/pachuca\/index.php\/wp-json\/wp\/v2\/comments?post=117860"}],"wp:featuredmedia":[{"embeddable":true,"href":"https:\/\/soydeaqui.ddns.net\/pachuca\/index.php\/wp-json\/wp\/v2\/media\/117859"}],"wp:attachment":[{"href":"https:\/\/soydeaqui.ddns.net\/pachuca\/index.php\/wp-json\/wp\/v2\/media?parent=117860"}],"wp:term":[{"taxonomy":"product_brand","embeddable":true,"href":"https:\/\/soydeaqui.ddns.net\/pachuca\/index.php\/wp-json\/wp\/v2\/product_brand?post=117860"},{"taxonomy":"product_cat","embeddable":true,"href":"https:\/\/soydeaqui.ddns.net\/pachuca\/index.php\/wp-json\/wp\/v2\/product_cat?post=117860"},{"taxonomy":"product_tag","embeddable":true,"href":"https:\/\/soydeaqui.ddns.net\/pachuca\/index.php\/wp-json\/wp\/v2\/product_tag?post=117860"}],"curies":[{"name":"wp","href":"https:\/\/api.w.org\/{rel}","templated":true}]}}