{"id":117858,"date":"2026-03-24T03:38:50","date_gmt":"2026-03-24T03:38:50","guid":{"rendered":"https:\/\/soydeaqui.ddns.net\/pachuca\/index.php\/producto\/carrete-de-4-km-de-fibra-ptica-area-adss-g-652d-monomodo-de-24-hilos-exterior-span-100-loose-tube\/"},"modified":"2026-03-24T03:38:51","modified_gmt":"2026-03-24T03:38:51","slug":"carrete-de-4-km-de-fibra-ptica-area-adss-g-652d-monomodo-de-24-hilos-exterior-span-100-loose-tube","status":"publish","type":"product","link":"https:\/\/soydeaqui.ddns.net\/pachuca\/index.php\/producto\/carrete-de-4-km-de-fibra-ptica-area-adss-g-652d-monomodo-de-24-hilos-exterior-span-100-loose-tube\/","title":{"rendered":"Carrete de 4 km de Fibra ?ptica A?rea (ADSS) G.652D, Monomodo de 24 Hilos, Exterior, Span 100, Loose Tube"},"content":{"rendered":"<div style='width: 100%; max-width: 1200px; margin: 0 auto; font-family: sans-serif; line-height: 1.6; color: inherit; background-color: transparent;'> <!-- Logo --> <\/p>\n<div style='text-align: center; margin: 20px 0;'> <img style='width: 100%; max-width: 472px; height: auto; border: 1px solid rgba(150&comma;150&comma;150&comma;0.3); border-radius: 8px;' src='https:\/\/ftp3.syscom.mx\/usuarios\/orobles\/FiberHome\/linkedpro_by_fiberhome_logo2.png' alt='Logo'> <\/div>\n<p> <!-- Descripci\u00f3n --> <\/p>\n<div style='margin: 30px 0;'>\n<p style='font-size: 16px; color: inherit;'> El cable de fibra \u00f3ptica ADSS (All Dielectric Self Supported&comma; completamente diel\u00e9ctrico y autosoportado) est\u00e1 dise\u00f1ado para instalaciones a\u00e9reas entre postes. Los cables ADSS resisten la tracci\u00f3n necesaria gracias a los hilos de aramida&comma; no contiene elementos met\u00e1licos. <\/p>\n<\/p><\/div>\n<p> <!-- Especificaciones T\u00e9cnicas --> <\/p>\n<div style='display: flex; flex-wrap: wrap; gap: 20px; margin-bottom: 30px;'>\n<div style='flex: 1 1 250px; border: 1px solid rgba(150&comma; 150&comma; 150&comma; 0.4); border-radius: 8px; overflow: hidden; display: flex; flex-direction: column;'>\n<div style='padding: 15px; border-bottom: 1px solid rgba(150&comma; 150&comma; 150&comma; 0.2); font-weight: bold; font-size: 18px; color: inherit;'>Especificaciones T\u00e9cnicas<\/div>\n<div style='padding: 15px; color: inherit;'>\n<ul style='padding-left: 20px; margin: 0; font-size: 14px; list-style-type: disc;'>\n<li style='margin-bottom: 5px;'><span style='color: inherit;'>Fibra \u00d3ptica ADSS G.652D Monomodo Loose Tube<\/span><\/li>\n<li style='margin-bottom: 5px;'><span style='color: inherit;'>Cubierta Exterior: HDPE (Polietileno de Alta Densidad)<\/span><\/li>\n<li style='margin-bottom: 5px;'><span style='color: inherit;'><strong>Maxima tensi\u00f3n:<\/strong> 2500 N<\/span><\/li>\n<li style='margin-bottom: 5px;'><span style='color: inherit;'>Anti-tracking (hasta 110kV)<\/span><\/li>\n<li style='margin-bottom: 5px;'><span style='color: inherit;'>Temperatura de operaci\u00f3n: -20\u00baC \u00ef\u00bd\u017e +65\u00baC<\/span><\/li>\n<li style='margin-bottom: 5px;'><span style='color: inherit;'>Span (Distancia entre Postes): 100 metros<\/span><\/li>\n<li style='margin-bottom: 5px;'><span style='color: inherit;'>Protecci\u00f3n contra rayos UV y humedad<\/span><\/li>\n<li style='margin-bottom: 5px;'><span style='color: inherit;'>Diametro nominal (D): 10 \u00b1 0.5 mm<\/span><\/li>\n<li style='margin-bottom: 5px;'><span style='color: inherit;'>Radio m\u00ednimo de curvatura: Instalaci\u00f3n 25D&comma; Operaci\u00f3n 12.5D<\/span><\/li>\n<li style='margin-bottom: 5px;'><span style='color: inherit;'>Resistencia al aplastamiento: 1000N\/10cm<\/span><\/li>\n<li style='margin-bottom: 5px;'><span style='color: inherit;'>Peso nominal (kg\/km): 77 \u00b1 15 kg<\/span><\/li>\n<li style='margin-bottom: 5px;'><span style='color: inherit;'>24 hilos<\/span><\/li>\n<li style='margin-bottom: 5px;'><span style='color: inherit;'>Forro Negro<\/span><\/li>\n<li style='margin-bottom: 5px;'><span style='color: inherit;'>Precio por carrete de 4 km<\/span><\/li>\n<li style='margin-bottom: 5px;'><span style='color: inherit;'>Dimensiones del carrete (mm): 1300 x 1300 x 750<\/span><\/li>\n<li style='margin-bottom: 5px;'><span style='color: inherit;'>Peso Bruto del carrete: 411 kg<\/span><\/li>\n<\/ul><\/div>\n<\/p><\/div>\n<\/p><\/div>\n<p> <!-- Imagen de rendimiento --> <\/p>\n<div style='margin: 30px 0;'> <img style='width: 100%; height: auto; border: 1px solid rgba(150&comma;150&comma;150&comma;0.3); border-radius: 8px;' src='https:\/\/ftp3.syscom.mx\/usuarios\/fotos\/OCADSS06CS100\/4KM\/196779-cable_performance.png' alt='Cable Performance'> <\/div>\n<p> <!-- Accesorios compatibles --> <\/p>\n<div style='display: flex; flex-wrap: wrap; gap: 20px; margin-top: 30px;'>\n<div style='flex: 1 1 250px; border: 1px solid rgba(150&comma; 150&comma; 150&comma; 0.4); border-radius: 8px; overflow: hidden; display: flex; flex-direction: column;'>\n<div style='padding: 15px; border-bottom: 1px solid rgba(150&comma; 150&comma; 150&comma; 0.2); font-weight: bold; font-size: 18px; color: inherit;'>Accesorios Compatibles<\/div>\n<div style='padding: 15px; color: inherit;'>\n<ul style='padding-left: 20px; margin: 0; font-size: 14px; list-style-type: disc;'>\n<li style='margin-bottom: 5px;'><a href='https:\/\/www.syscom.mx\/producto\/LP-AC812-LINKEDPRO-BY-EPCOM-225146.html' target='_blank' rel='noopener' style='color: inherit; text-decoration: underline;'>LP-AC812<\/a><\/li>\n<li style='margin-bottom: 5px;'><a href='https:\/\/www.syscom.mx\/producto\/LP-RP1011-LINKEDPRO-BY-EPCOM-236392.html' target='_blank' rel='noopener' style='color: inherit; text-decoration: underline;'>LP-RP1011<\/a><\/li>\n<li style='margin-bottom: 5px;'><a href='https:\/\/www.syscom.mx\/producto\/DELT-002-PLP-205274.html' target='_blank' rel='noopener' style='color: inherit; text-decoration: underline;'>DELT-002<\/a><\/li>\n<\/ul><\/div>\n<\/p><\/div>\n<\/p><\/div>\n<p> <!-- Separador final --> <\/p>\n<hr style='border: 0; border-top: 1px solid rgba(150&comma; 150&comma; 150&comma; 0.3); margin: 30px 0;'> <\/div>\n","protected":false},"excerpt":{"rendered":"<p>Carrete de 4 km de Fibra ?ptica A?rea (ADSS) G.652D, Monomodo de 24 Hilos, Exterior, Span 100, Loose Tube<\/p>\n","protected":false},"featured_media":117857,"comment_status":"open","ping_status":"closed","template":"","meta":[],"product_brand":[],"product_cat":[625],"product_tag":[488,611,673],"class_list":{"0":"post-117858","1":"product","2":"type-product","3":"status-publish","4":"has-post-thumbnail","6":"product_cat-fibra-optica-cables-y-conectores","7":"product_tag-cables-y-conectores","8":"product_tag-fibra-optica","9":"product_tag-linkedpro-by-fiberhome","11":"first","12":"instock","13":"sale","14":"shipping-taxable","15":"purchasable","16":"product-type-simple"},"_links":{"self":[{"href":"https:\/\/soydeaqui.ddns.net\/pachuca\/index.php\/wp-json\/wp\/v2\/product\/117858","targetHints":{"allow":["GET"]}}],"collection":[{"href":"https:\/\/soydeaqui.ddns.net\/pachuca\/index.php\/wp-json\/wp\/v2\/product"}],"about":[{"href":"https:\/\/soydeaqui.ddns.net\/pachuca\/index.php\/wp-json\/wp\/v2\/types\/product"}],"replies":[{"embeddable":true,"href":"https:\/\/soydeaqui.ddns.net\/pachuca\/index.php\/wp-json\/wp\/v2\/comments?post=117858"}],"wp:featuredmedia":[{"embeddable":true,"href":"https:\/\/soydeaqui.ddns.net\/pachuca\/index.php\/wp-json\/wp\/v2\/media\/117857"}],"wp:attachment":[{"href":"https:\/\/soydeaqui.ddns.net\/pachuca\/index.php\/wp-json\/wp\/v2\/media?parent=117858"}],"wp:term":[{"taxonomy":"product_brand","embeddable":true,"href":"https:\/\/soydeaqui.ddns.net\/pachuca\/index.php\/wp-json\/wp\/v2\/product_brand?post=117858"},{"taxonomy":"product_cat","embeddable":true,"href":"https:\/\/soydeaqui.ddns.net\/pachuca\/index.php\/wp-json\/wp\/v2\/product_cat?post=117858"},{"taxonomy":"product_tag","embeddable":true,"href":"https:\/\/soydeaqui.ddns.net\/pachuca\/index.php\/wp-json\/wp\/v2\/product_tag?post=117858"}],"curies":[{"name":"wp","href":"https:\/\/api.w.org\/{rel}","templated":true}]}}