{"id":117854,"date":"2026-03-24T03:38:38","date_gmt":"2026-03-24T03:38:38","guid":{"rendered":"https:\/\/soydeaqui.ddns.net\/pachuca\/index.php\/producto\/carrete-de-4-km-de-fibra-ptica-area-adss-g-652d-monomodo-de-48-hilos-exterior-span-100-loose-tube\/"},"modified":"2026-03-24T03:38:39","modified_gmt":"2026-03-24T03:38:39","slug":"carrete-de-4-km-de-fibra-ptica-area-adss-g-652d-monomodo-de-48-hilos-exterior-span-100-loose-tube","status":"publish","type":"product","link":"https:\/\/soydeaqui.ddns.net\/pachuca\/index.php\/producto\/carrete-de-4-km-de-fibra-ptica-area-adss-g-652d-monomodo-de-48-hilos-exterior-span-100-loose-tube\/","title":{"rendered":"Carrete de 4 km de Fibra ?ptica A?rea (ADSS) G.652D, Monomodo de 48 Hilos, Exterior, Span 100, Loose Tube"},"content":{"rendered":"<div style='width: 100%; max-width: 1200px; margin: 0 auto; font-family: sans-serif; line-height: 1.6; color: inherit; background-color: transparent;'> <!-- Descripci\u00f3n principal --> <\/p>\n<div style='margin-bottom: 30px; font-size: 16px; color: inherit;'>\n<p style='margin: 0 0 15px; color: inherit;'>El cable de fibra \u00f3ptica ADSS (All Dielectric Self Supported&comma; completamente diel\u00e9ctrico y autosoportado) est\u00e1 dise\u00f1ado para instalaciones a\u00e9reas entre postes. Los cables ADSS resisten la tracci\u00f3n necesaria gracias a los hilos de aramida&comma; no contiene elementos met\u00e1licos.<\/p>\n<\/p><\/div>\n<p> <!-- Especificaciones t\u00e9cnicas --> <\/p>\n<div style='display: flex; flex-wrap: wrap; gap: 30px; margin-bottom: 30px;'>\n<div style='flex: 1 1 300px; min-width: 280px;'>\n<h3 style='font-size: 22px; border-bottom: 2px solid currentColor; padding-bottom: 5px; margin-top: 0; color: inherit; opacity: 0.8;'>Especificaciones T\u00e9cnicas<\/h3>\n<ul style='padding-left: 20px; font-size: 15px; color: inherit;'>\n<li style='margin-bottom: 5px;'><strong>Fibra \u00d3ptica:<\/strong> ADSS G.652D Monomodo Loose Tube<\/li>\n<li style='margin-bottom: 5px;'><strong>Cubierta Exterior:<\/strong> HDPE (Polietileno de Alta Densidad)<\/li>\n<li style='margin-bottom: 5px;'><strong>M\u00e1xima tensi\u00f3n:<\/strong> 2500 N<\/li>\n<li style='margin-bottom: 5px;'><strong>Anti-tracking:<\/strong> Hasta 110kV<\/li>\n<li style='margin-bottom: 5px;'><strong>Temperatura de operaci\u00f3n:<\/strong> -20\u00baC ~ +65\u00baC<\/li>\n<li style='margin-bottom: 5px;'><strong>Span:<\/strong> 100 metros (Distancia entre Postes)<\/li>\n<li style='margin-bottom: 5px;'><strong>Protecci\u00f3n:<\/strong> Rayos UV y humedad<\/li>\n<li style='margin-bottom: 5px;'><strong>Di\u00e1metro nominal:<\/strong> 10 \u00b1 0.5mm<\/li>\n<li style='margin-bottom: 5px;'><strong>Radio m\u00ednimo de curvatura:<\/strong> Instalaci\u00f3n 25D&comma; Operaci\u00f3n 12.5D<\/li>\n<li style='margin-bottom: 5px;'><strong>Resistencia al aplastamiento:<\/strong> 1000N\/10cm<\/li>\n<li style='margin-bottom: 5px;'><strong>Peso nominal:<\/strong> 77 \u00b1 10 kg\/km<\/li>\n<li style='margin-bottom: 5px;'><strong>Hilos:<\/strong> 48<\/li>\n<li style='margin-bottom: 5px;'><strong>Color:<\/strong> Forro Negro<\/li>\n<li style='margin-bottom: 5px;'><strong>Dimensiones del carrete:<\/strong> 1300 x 1300 x 750 mm<\/li>\n<li style='margin-bottom: 5px;'><strong>Peso Bruto del Carrete (4 km):<\/strong> 411 kg<\/li>\n<\/ul><\/div>\n<\/p><\/div>\n<p> <!-- Imagen --> <\/p>\n<div style='margin-bottom: 30px;'> <img style='width: 100%; height: auto; border: 1px solid rgba(150&comma;150&comma;150&comma;0.3); border-radius: 8px;' src='https:\/\/ftp3.syscom.mx\/usuarios\/fotos\/OCADSS06CS100\/4KM\/196779-cable_performance.png' alt='Cable Performance'> <\/div>\n<p> <!-- Accesorios compatibles --> <\/p>\n<div style='display: flex; flex-wrap: wrap; gap: 20px; margin-bottom: 30px;'>\n<div style='flex: 1 1 250px; border: 1px solid rgba(150&comma; 150&comma; 150&comma; 0.4); border-radius: 8px; overflow: hidden; display: flex; flex-direction: column;'>\n<div style='padding: 15px; border-bottom: 1px solid rgba(150&comma; 150&comma; 150&comma; 0.2); font-weight: bold; font-size: 18px; color: inherit;'>Tensor tipo abrazadera compatible<\/div>\n<div style='padding: 15px; color: inherit;'>\n<p style='margin: 0 0 10px; font-size: 15px; color: inherit;'><a href='https:\/\/www.syscom.mx\/producto\/LP-AC812-LINKEDPRO-BY-EPCOM-225146.html' target='_blank' rel='noopener' style='color: inherit; text-decoration: underline; font-weight: 600;'>LP-AC812<\/a><\/p>\n<\/p><\/div>\n<\/p><\/div>\n<div style='flex: 1 1 250px; border: 1px solid rgba(150&comma; 150&comma; 150&comma; 0.4); border-radius: 8px; overflow: hidden; display: flex; flex-direction: column;'>\n<div style='padding: 15px; border-bottom: 1px solid rgba(150&comma; 150&comma; 150&comma; 0.2); font-weight: bold; font-size: 18px; color: inherit;'>Preformado compatible<\/div>\n<div style='padding: 15px; color: inherit;'>\n<p style='margin: 0 0 10px; font-size: 15px; color: inherit;'><a href='https:\/\/www.syscom.mx\/producto\/LP-RP1011-LINKEDPRO-BY-EPCOM-236392.html' target='_blank' rel='noopener' style='color: inherit; text-decoration: underline; font-weight: 600;'>LP-RP1011<\/a><\/p>\n<p style='margin: 0 0 10px; font-size: 15px; color: inherit;'><a href='https:\/\/www.syscom.mx\/producto\/DELT-002-PLP-205274.html' target='_blank' rel='noopener' style='color: inherit; text-decoration: underline; font-weight: 600;'>DELT-002<\/a><\/p>\n<\/p><\/div>\n<\/p><\/div>\n<\/p><\/div>\n<p> <!-- Separador --> <\/p>\n<hr style='border: 0; border-top: 1px solid rgba(150&comma; 150&comma; 150&comma; 0.3); margin: 30px 0;'> <\/div>\n","protected":false},"excerpt":{"rendered":"<p>Carrete de 4 km de Fibra ?ptica A?rea (ADSS) G.652D, Monomodo de 48 Hilos, Exterior, Span 100, Loose Tube<\/p>\n","protected":false},"featured_media":117853,"comment_status":"open","ping_status":"closed","template":"","meta":[],"product_brand":[],"product_cat":[625],"product_tag":[488,611,673],"class_list":{"0":"post-117854","1":"product","2":"type-product","3":"status-publish","4":"has-post-thumbnail","6":"product_cat-fibra-optica-cables-y-conectores","7":"product_tag-cables-y-conectores","8":"product_tag-fibra-optica","9":"product_tag-linkedpro-by-fiberhome","11":"first","12":"instock","13":"sale","14":"shipping-taxable","15":"purchasable","16":"product-type-simple"},"_links":{"self":[{"href":"https:\/\/soydeaqui.ddns.net\/pachuca\/index.php\/wp-json\/wp\/v2\/product\/117854","targetHints":{"allow":["GET"]}}],"collection":[{"href":"https:\/\/soydeaqui.ddns.net\/pachuca\/index.php\/wp-json\/wp\/v2\/product"}],"about":[{"href":"https:\/\/soydeaqui.ddns.net\/pachuca\/index.php\/wp-json\/wp\/v2\/types\/product"}],"replies":[{"embeddable":true,"href":"https:\/\/soydeaqui.ddns.net\/pachuca\/index.php\/wp-json\/wp\/v2\/comments?post=117854"}],"wp:featuredmedia":[{"embeddable":true,"href":"https:\/\/soydeaqui.ddns.net\/pachuca\/index.php\/wp-json\/wp\/v2\/media\/117853"}],"wp:attachment":[{"href":"https:\/\/soydeaqui.ddns.net\/pachuca\/index.php\/wp-json\/wp\/v2\/media?parent=117854"}],"wp:term":[{"taxonomy":"product_brand","embeddable":true,"href":"https:\/\/soydeaqui.ddns.net\/pachuca\/index.php\/wp-json\/wp\/v2\/product_brand?post=117854"},{"taxonomy":"product_cat","embeddable":true,"href":"https:\/\/soydeaqui.ddns.net\/pachuca\/index.php\/wp-json\/wp\/v2\/product_cat?post=117854"},{"taxonomy":"product_tag","embeddable":true,"href":"https:\/\/soydeaqui.ddns.net\/pachuca\/index.php\/wp-json\/wp\/v2\/product_tag?post=117854"}],"curies":[{"name":"wp","href":"https:\/\/api.w.org\/{rel}","templated":true}]}}