{"id":117770,"date":"2026-03-24T03:34:00","date_gmt":"2026-03-24T03:34:00","guid":{"rendered":"https:\/\/soydeaqui.ddns.net\/pachuca\/index.php\/producto\/bobina-de-cable-utp-de-4-pares-pannet-para-exterior-con-gel-cat6-23-awg-industrial-para-climas-extremos-color-negro-305-metros-1000-pies\/"},"modified":"2026-03-24T03:34:11","modified_gmt":"2026-03-24T03:34:11","slug":"bobina-de-cable-utp-de-4-pares-pannet-para-exterior-con-gel-cat6-23-awg-industrial-para-climas-extremos-color-negro-305-metros-1000-pies","status":"publish","type":"product","link":"https:\/\/soydeaqui.ddns.net\/pachuca\/index.php\/producto\/bobina-de-cable-utp-de-4-pares-pannet-para-exterior-con-gel-cat6-23-awg-industrial-para-climas-extremos-color-negro-305-metros-1000-pies\/","title":{"rendered":"Bobina de Cable UTP de 4 Pares, PanNet, Para Exterior con Gel, Cat6 (23 AWG), Industrial para Climas Extremos, Color Negro, 305 Metros (1000 Pies)"},"content":{"rendered":"<div style='width: 100%; max-width: 1200px; margin: 0 auto; font-family: sans-serif; line-height: 1.6; color: inherit; background-color: transparent;'> <!-- Secci\u00f3n de descripci\u00f3n --> <\/p>\n<div style='margin-bottom: 30px;'>\n<p style='font-size: 15px; color: inherit; margin: 0 0 20px 0;'>Las bobinas cable de cobre&comma; categor\u00eda 6 planta externa (OSP) U\/UTP&comma; de 4 pares&comma; tiene una construcci\u00f3n 23 AWG con aislamiento de poliolefina (PE). El cable tiene una construcci\u00f3n rellena de gel para evitar la migraci\u00f3n de humedad en aplicaciones subterr\u00e1neas y h\u00famedas. Los conductores est\u00e1n trenzados en pares&comma; separados por una cruceta central y cubiertos por una cubierta de polietileno (PE) resistente a los rayos UV y a la abrasi\u00f3n. Solo para instalaciones Conduit.<\/p>\n<\/p><\/div>\n<p> <!-- Secci\u00f3n de aplicaciones --> <\/p>\n<div style='margin-bottom: 30px;'>\n<h3 style='font-size: 22px; border-bottom: 2px solid currentColor; padding-bottom: 5px; margin-top: 0; margin-bottom: 15px; color: inherit; opacity: 0.8;'>Aplicaciones<\/h3>\n<ul style='padding-left: 20px; font-size: 15px; color: inherit; list-style-type: disc;'>\n<li style='margin-bottom: 5px;'>Redes de Voz\/Datos y V\u00eddeo de Alta Velocidad<\/li>\n<li style='margin-bottom: 5px;'>Instalaciones de CCTV IP Megapixel<\/li>\n<li style='margin-bottom: 5px;'>Redes inal\u00e1mbricas&comma; ideal para instalaciones en torres<\/li>\n<li style='margin-bottom: 5px;'>Instalaciones industriales o minas<\/li>\n<li style='margin-bottom: 5px;'>Aplicaciones Power Over Ethernet IEEE 802.3af y 802.3at<\/li>\n<li style='margin-bottom: 5px;'>Aplicaciones en 10BASE-T&comma; 100BASE-T&comma; 1000BASE-T<\/li>\n<\/ul><\/div>\n<p> <!-- Secci\u00f3n de informaci\u00f3n t\u00e9cnica --> <\/p>\n<div style='margin-bottom: 30px;'>\n<h3 style='font-size: 22px; border-bottom: 2px solid currentColor; padding-bottom: 5px; margin-top: 0; margin-bottom: 15px; color: inherit; opacity: 0.8;'>Informaci\u00f3n t\u00e9cnica<\/h3>\n<ul style='padding-left: 20px; font-size: 15px; color: inherit; list-style-type: disc;'>\n<li style='margin-bottom: 5px;'><strong>Rendimiento:<\/strong> Certificado hasta 100 metros<\/li>\n<li style='margin-bottom: 5px;'><strong>Color:<\/strong> Negro<\/li>\n<li style='margin-bottom: 5px;'><strong>Conductor:<\/strong> Cobre solido de 23 AWG<\/li>\n<li style='margin-bottom: 5px;'><strong>Di\u00e1metro nominal:<\/strong> 6.6 mm<\/li>\n<li style='margin-bottom: 5px;'><strong>Recubrimiento:<\/strong> PE (Resistente a UV)<\/li>\n<li style='margin-bottom: 5px;'><strong>Construcci\u00f3n:<\/strong> UTP<\/li>\n<li style='margin-bottom: 5px;'><strong>Tensi\u00f3n m\u00e1xima:<\/strong> 110N<\/li>\n<li style='margin-bottom: 5px;'><strong>Clasificaci\u00f3n de temperatura:<\/strong> -30 a 60\u00b0C en instalaci\u00f3n y -40 a 80\u00b0C en operaci\u00f3n<\/li>\n<li style='margin-bottom: 5px;'><strong>Frecuencia:<\/strong> 250MHz<\/li>\n<\/ul><\/div>\n<p> <!-- Separador --> <\/p>\n<hr style='border: 0; border-top: 1px solid rgba(150&comma; 150&comma; 150&comma; 0.3); margin: 30px 0;'> <\/div>\n","protected":false},"excerpt":{"rendered":"<p>Bobina de Cable UTP de 4 Pares, PanNet, Para Exterior con Gel, Cat6 (23 AWG), Industrial para Climas Extremos, Color Negro, 305 Metros (1000 Pies)<\/p>\n","protected":false},"featured_media":117769,"comment_status":"open","ping_status":"closed","template":"","meta":[],"product_brand":[],"product_cat":[576],"product_tag":[488,577,445],"class_list":{"0":"post-117770","1":"product","2":"type-product","3":"status-publish","4":"has-post-thumbnail","6":"product_cat-categoria-6","7":"product_tag-cables-y-conectores","8":"product_tag-categoria-6","9":"product_tag-panduit","11":"first","12":"instock","13":"sale","14":"shipping-taxable","15":"purchasable","16":"product-type-simple"},"_links":{"self":[{"href":"https:\/\/soydeaqui.ddns.net\/pachuca\/index.php\/wp-json\/wp\/v2\/product\/117770","targetHints":{"allow":["GET"]}}],"collection":[{"href":"https:\/\/soydeaqui.ddns.net\/pachuca\/index.php\/wp-json\/wp\/v2\/product"}],"about":[{"href":"https:\/\/soydeaqui.ddns.net\/pachuca\/index.php\/wp-json\/wp\/v2\/types\/product"}],"replies":[{"embeddable":true,"href":"https:\/\/soydeaqui.ddns.net\/pachuca\/index.php\/wp-json\/wp\/v2\/comments?post=117770"}],"wp:featuredmedia":[{"embeddable":true,"href":"https:\/\/soydeaqui.ddns.net\/pachuca\/index.php\/wp-json\/wp\/v2\/media\/117769"}],"wp:attachment":[{"href":"https:\/\/soydeaqui.ddns.net\/pachuca\/index.php\/wp-json\/wp\/v2\/media?parent=117770"}],"wp:term":[{"taxonomy":"product_brand","embeddable":true,"href":"https:\/\/soydeaqui.ddns.net\/pachuca\/index.php\/wp-json\/wp\/v2\/product_brand?post=117770"},{"taxonomy":"product_cat","embeddable":true,"href":"https:\/\/soydeaqui.ddns.net\/pachuca\/index.php\/wp-json\/wp\/v2\/product_cat?post=117770"},{"taxonomy":"product_tag","embeddable":true,"href":"https:\/\/soydeaqui.ddns.net\/pachuca\/index.php\/wp-json\/wp\/v2\/product_tag?post=117770"}],"curies":[{"name":"wp","href":"https:\/\/api.w.org\/{rel}","templated":true}]}}