{"id":117766,"date":"2026-03-24T03:33:48","date_gmt":"2026-03-24T03:33:48","guid":{"rendered":"https:\/\/soydeaqui.ddns.net\/pachuca\/index.php\/producto\/bobina-de-cable-blindado-f-utp-de-4-pares-cat6a-soporte-de-aplicaciones-10gbase-t-lszh-libre-de-gases-txicos-color-azul-305-metros-1000-pies\/"},"modified":"2026-03-24T03:33:56","modified_gmt":"2026-03-24T03:33:56","slug":"bobina-de-cable-blindado-f-utp-de-4-pares-cat6a-soporte-de-aplicaciones-10gbase-t-lszh-libre-de-gases-txicos-color-azul-305-metros-1000-pies","status":"publish","type":"product","link":"https:\/\/soydeaqui.ddns.net\/pachuca\/index.php\/producto\/bobina-de-cable-blindado-f-utp-de-4-pares-cat6a-soporte-de-aplicaciones-10gbase-t-lszh-libre-de-gases-txicos-color-azul-305-metros-1000-pies\/","title":{"rendered":"Bobina de Cable Blindado F\/UTP de 4 Pares, Cat6A, Soporte de Aplicaciones 10GBase-T, LSZH (Libre de Gases T?xicos), Color Azul, 305 Metros (1000 Pies)"},"content":{"rendered":"<div style='width: 100%; max-width: 1200px; margin: 0 auto; font-family: sans-serif; line-height: 1.6; color: inherit; background-color: transparent;'>\n<div style='display: flex; flex-wrap: wrap; gap: 30px; margin-bottom: 30px;'>\n<div style='flex: 1 1 300px; min-width: 280px;'>\n<h3 style='font-size: 22px; border-bottom: 2px solid currentColor; padding-bottom: 5px; margin-top: 0; color: inherit; opacity: 0.8;'>Caracter\u00edsticas Principales<\/h3>\n<ul style='padding-left: 20px; font-size: 15px; color: inherit;'>\n<li style='margin-bottom: 5px;'>El cable de categor\u00eda 6A est\u00e1 construido con conductores de cobre de 23 AWG con aislamiento PE CM&comma; CMR o LSZH.<\/li>\n<li style='margin-bottom: 5px;'>Los conductores de cobre est\u00e1n trenzados en pares y separados por una cruceta central integrada.<\/li>\n<li style='margin-bottom: 5px;'>Los cuatro pares est\u00e1n rodeados por un blindaje de l\u00e1mina met\u00e1lica dentro de un forro de bajo contenido de humo y cero hal\u00f3genos.<\/li>\n<li style='margin-bottom: 5px;'>El cable de cobre blindado TX6A\u2122 10Gig\u2122 se puede instalar como parte de un sistema completo de cableado de cobre blindado TX6A\u2122 10Gig\u2122 para lograr un rendimiento certificado 10GBASE-T.<\/li>\n<\/ul><\/div>\n<\/p><\/div>\n<div style='display: flex; flex-wrap: wrap; gap: 20px; margin-bottom: 30px;'>\n<div style='flex: 1 1 250px; border: 1px solid rgba(150&comma; 150&comma; 150&comma; 0.4); border-radius: 8px; overflow: hidden; display: flex; flex-direction: column;'>\n<div style='padding: 15px; border-bottom: 1px solid rgba(150&comma; 150&comma; 150&comma; 0.2); font-weight: bold; font-size: 18px; color: inherit;'>Aplicaciones<\/div>\n<div style='padding: 15px; color: inherit;'>\n<ul style='padding-left: 20px; margin: 0; font-size: 14px; list-style-type: disc; color: inherit;'>\n<li style='margin-bottom: 5px;'>Redes de Voz\/Datos y V\u00eddeo de Alta Velocidad<\/li>\n<li style='margin-bottom: 5px;'>Instalaciones de CCTV IP Megapixel<\/li>\n<li style='margin-bottom: 5px;'>Redes inal\u00e1mbricas<\/li>\n<li style='margin-bottom: 5px;'>Aplicaciones Power Over Ethernet IEEE 802.3af y 802.3at<\/li>\n<li style='margin-bottom: 5px;'>Aplicaciones en 10BASE-T&comma; 100BASE-T&comma; 1000BASE-T y 10GBASE-T<\/li>\n<\/ul><\/div>\n<\/p><\/div>\n<div style='flex: 1 1 250px; border: 1px solid rgba(150&comma; 150&comma; 150&comma; 0.4); border-radius: 8px; overflow: hidden; display: flex; flex-direction: column;'>\n<div style='padding: 15px; border-bottom: 1px solid rgba(150&comma; 150&comma; 150&comma; 0.2); font-weight: bold; font-size: 18px; color: inherit;'>Especificaciones T\u00e9cnicas<\/div>\n<div style='padding: 15px; color: inherit;'>\n<ul style='padding-left: 20px; margin: 0; font-size: 14px; list-style-type: disc; color: inherit;'>\n<li style='margin-bottom: 5px;'><strong>Rendimiento:<\/strong> Certificado hasta 100 metros<\/li>\n<li style='margin-bottom: 5px;'><strong>Di\u00e1metro nominal:<\/strong> 7.3 mm<\/li>\n<li style='margin-bottom: 5px;'><strong>Color:<\/strong> Azul<\/li>\n<li style='margin-bottom: 5px;'><strong>Conductor:<\/strong> Cobre s\u00f3lido de 23 AWG<\/li>\n<li style='margin-bottom: 5px;'><strong>Recubrimiento:<\/strong> LSZH<\/li>\n<li style='margin-bottom: 5px;'><strong>Construcci\u00f3n:<\/strong> F\/UTP<\/li>\n<li style='margin-bottom: 5px;'><strong>Tensi\u00f3n m\u00e1xima:<\/strong> 110N<\/li>\n<li style='margin-bottom: 5px;'><strong>Clasificaci\u00f3n de temperatura:<\/strong> -20 a 75\u00b0C en operaci\u00f3n<\/li>\n<li style='margin-bottom: 5px;'><strong>Frecuencia:<\/strong> 500MHz<\/li>\n<\/ul><\/div>\n<\/p><\/div>\n<\/p><\/div>\n<div style='display: flex; flex-wrap: wrap; gap: 30px; margin-bottom: 30px;'>\n<div style='flex: 1 1 300px; min-width: 280px;'>\n<h3 style='font-size: 22px; border-bottom: 2px solid currentColor; padding-bottom: 5px; margin-top: 0; color: inherit; opacity: 0.8;'>Imagen del Producto<\/h3>\n<p> <img style='width: 100%; height: auto; border: 1px solid rgba(150&comma;150&comma;150&comma;0.3); border-radius: 8px;' src='https:\/\/ftp3.syscom.mx\/usuarios\/fotos\/PFL6X04BUCEG\/177960-sin_ti\u00cc\u0081tulo_2.jpeg' alt=''> <\/div>\n<\/p><\/div>\n<hr style='border: 0; border-top: 1px solid rgba(150&comma; 150&comma; 150&comma; 0.3); margin: 30px 0;'> <\/div>\n","protected":false},"excerpt":{"rendered":"<p>Bobina de Cable Blindado F\/UTP de 4 Pares, Cat6A, Soporte de Aplicaciones 10GBase-T, LSZH (Libre de Gases T?xicos), Color Azul, 305 Metros (1000 Pies)<\/p>\n","protected":false},"featured_media":117765,"comment_status":"open","ping_status":"closed","template":"","meta":[],"product_brand":[],"product_cat":[668],"product_tag":[488,669,445],"class_list":{"0":"post-117766","1":"product","2":"type-product","3":"status-publish","4":"has-post-thumbnail","6":"product_cat-categoria-6a","7":"product_tag-cables-y-conectores","8":"product_tag-categoria-6a","9":"product_tag-panduit","11":"first","12":"instock","13":"sale","14":"shipping-taxable","15":"purchasable","16":"product-type-simple"},"_links":{"self":[{"href":"https:\/\/soydeaqui.ddns.net\/pachuca\/index.php\/wp-json\/wp\/v2\/product\/117766","targetHints":{"allow":["GET"]}}],"collection":[{"href":"https:\/\/soydeaqui.ddns.net\/pachuca\/index.php\/wp-json\/wp\/v2\/product"}],"about":[{"href":"https:\/\/soydeaqui.ddns.net\/pachuca\/index.php\/wp-json\/wp\/v2\/types\/product"}],"replies":[{"embeddable":true,"href":"https:\/\/soydeaqui.ddns.net\/pachuca\/index.php\/wp-json\/wp\/v2\/comments?post=117766"}],"wp:featuredmedia":[{"embeddable":true,"href":"https:\/\/soydeaqui.ddns.net\/pachuca\/index.php\/wp-json\/wp\/v2\/media\/117765"}],"wp:attachment":[{"href":"https:\/\/soydeaqui.ddns.net\/pachuca\/index.php\/wp-json\/wp\/v2\/media?parent=117766"}],"wp:term":[{"taxonomy":"product_brand","embeddable":true,"href":"https:\/\/soydeaqui.ddns.net\/pachuca\/index.php\/wp-json\/wp\/v2\/product_brand?post=117766"},{"taxonomy":"product_cat","embeddable":true,"href":"https:\/\/soydeaqui.ddns.net\/pachuca\/index.php\/wp-json\/wp\/v2\/product_cat?post=117766"},{"taxonomy":"product_tag","embeddable":true,"href":"https:\/\/soydeaqui.ddns.net\/pachuca\/index.php\/wp-json\/wp\/v2\/product_tag?post=117766"}],"curies":[{"name":"wp","href":"https:\/\/api.w.org\/{rel}","templated":true}]}}