{"id":117729,"date":"2026-03-24T03:31:43","date_gmt":"2026-03-24T03:31:43","guid":{"rendered":"https:\/\/soydeaqui.ddns.net\/pachuca\/index.php\/producto\/videoportero-ip-multiapartamento-con-llamada-a-app-de-smartphone-y-lector-de-tarjetas-em-2da-generacion-modular-montaje-para-empotrar-incluido-apertura-con-contrasenas-y-tarjetas\/"},"modified":"2026-03-24T03:31:45","modified_gmt":"2026-03-24T03:31:45","slug":"videoportero-ip-multiapartamento-con-llamada-a-app-de-smartphone-y-lector-de-tarjetas-em-2da-generacion-modular-montaje-para-empotrar-incluido-apertura-con-contrasenas-y-tarjetas","status":"publish","type":"product","link":"https:\/\/soydeaqui.ddns.net\/pachuca\/index.php\/producto\/videoportero-ip-multiapartamento-con-llamada-a-app-de-smartphone-y-lector-de-tarjetas-em-2da-generacion-modular-montaje-para-empotrar-incluido-apertura-con-contrasenas-y-tarjetas\/","title":{"rendered":"Videoportero IP MULTIAPARTAMENTO con llamada a App de Smartphone y Lector de Tarjetas EM \/ 2da Generaci\u00f3n (Modular) \/ Montaje para EMPOTRAR incluido \/ Apertura con CONTRASE\u00d1AS y TARJETAS"},"content":{"rendered":"<div style='width: 100%; max-width: 1200px; margin: 0 auto; font-family: sans-serif; line-height: 1.6; color: inherit; background-color: transparent;'> <!-- Imagen principal --> <\/p>\n<div style='margin-bottom: 30px;'> <a href='#link' target='_blank' rel='noopener' style='text-decoration: none; color: inherit;'> <img style='width: 100%; height: auto; border: 1px solid rgba(150&comma;150&comma;150&comma;0.3); border-radius: 8px;' src='https:\/\/ftp3.syscom.mx\/usuarios\/rcovarrubias\/videoporteros\/Videoporteros%20Banner-segunda-generacion-2.jpg' alt=''> <\/a> <\/div>\n<p> <!-- Videos --> <\/p>\n<div style='display: grid; grid-template-columns: repeat(auto-fit&comma; minmax(300px&comma; 1fr)); gap: 30px; margin-bottom: 30px;'>\n<div style='position: relative; padding-bottom: 56.25%; height: 0; overflow: hidden;'>   <\/div>\n<div style='position: relative; padding-bottom: 56.25%; height: 0; overflow: hidden;'>   <\/div>\n<div style='position: relative; padding-bottom: 56.25%; height: 0; overflow: hidden;'>   <\/div>\n<\/p><\/div>\n<p> <!-- Secci\u00f3n de caracter\u00edsticas --> <\/p>\n<div style='display: flex; flex-wrap: wrap; gap: 30px; margin-bottom: 30px;'>\n<div style='flex: 1 1 300px; min-width: 280px;'>\n<h3 style='font-size: 22px; border-bottom: 2px solid currentColor; padding-bottom: 5px; margin-top: 0; color: inherit; opacity: 0.8;'>Caracter\u00edsticas del Frente de calle<\/h3>\n<ul style='padding-left: 20px; font-size: 15px; color: inherit;'>\n<li style='margin-bottom: 5px;'>Funci\u00f3n de TV Portero.<\/li>\n<li style='margin-bottom: 5px;'>C\u00e1mara de 2 MP (1920 X 1080).<\/li>\n<li style='margin-bottom: 5px;'>IR oculto 3m.<\/li>\n<li style='margin-bottom: 5px;'>Soporta 7 Frentes de calle (1 Principal y 6 Ext.)<\/li>\n<li style='margin-bottom: 5px;'>Codificaci\u00f3n H.264.<\/li>\n<li style='margin-bottom: 5px;'>WDR&comma; BLC&comma; DNR.<\/li>\n<li style='margin-bottom: 5px;'>2 Salidas de Relevador (Soporta 2 Puertas)<\/li>\n<li style='margin-bottom: 5px;'>Audio Omnidireccional.<\/li>\n<li style='margin-bottom: 5px;'>Conexi\u00f3n a un modulo adicional a elegir.<\/li>\n<li style='margin-bottom: 5px;'>Red: 10\/100 Mbps Self-Adaptive Ethernet<\/li>\n<li style='margin-bottom: 5px;'>Configurable mediante iVMS4200.<\/li>\n<\/ul><\/div>\n<div style='flex: 1 1 300px; min-width: 280px;'>\n<h3 style='font-size: 22px; border-bottom: 2px solid currentColor; padding-bottom: 5px; margin-top: 0; color: inherit; opacity: 0.8;'>Caracter\u00edsticas F\u00edsicas y El\u00e9ctricas<\/h3>\n<ul style='padding-left: 20px; font-size: 15px; color: inherit;'>\n<li style='margin-bottom: 5px;'>Voltaje de operaci\u00f3n: 12 Vcc&comma; 3A (no incluida) PoE (IEEE 802.3af)<\/li>\n<li style='margin-bottom: 5px;'>Consumo el\u00e9ctrico: 10 W<\/li>\n<li style='margin-bottom: 5px;'>Nivel de protecci\u00f3n: Exterior IP65.<\/li>\n<li style='margin-bottom: 5px;'>Material: Aluminio.<\/li>\n<li style='margin-bottom: 5px;'>Temperatura de operaci\u00f3n: -40\u00b0 C a +60\u00b0 C (-40\u00b0 F a 140\u00b0 F)<\/li>\n<li style='margin-bottom: 5px;'>Humedad: 10 a 95%<\/li>\n<li style='margin-bottom: 5px;'>Dimensiones: 98 mm \u00d7 99.8 mm \u00d7 43.9 mm (3.86&#8242; \u00d7 3.93&#8242; \u00d7 1.73&#8242;)<\/li>\n<\/ul><\/div>\n<div style='flex: 1 1 300px; min-width: 280px;'>\n<h3 style='font-size: 22px; border-bottom: 2px solid currentColor; padding-bottom: 5px; margin-top: 0; color: inherit; opacity: 0.8;'>Caracter\u00edsticas Destacadas<\/h3>\n<p style='margin-top: 0; font-size: 15px; color: inherit;'>KIT de Videoportero IP MULTIAPARTAMENTO con llamada a App de Smartphone y Lector de Tarjetas EM \/ 2da Generaci\u00f3n (Modular) \/ Montaje para EMPOTRAR incluido \/ Apertura con CONTRASE\u00d1AS<\/p>\n<ul style='padding-left: 20px; font-size: 15px; color: inherit;'>\n<li style='margin-bottom: 5px;'>1 Frente de calle DS-KD8003-IME1(B)<\/li>\n<li style='margin-bottom: 5px;'>1 m\u00f3dulo lector de tarjetas EM DSKD-E<\/li>\n<li style='margin-bottom: 5px;'>1 m\u00f3dulo de teclado de 9 digitos DS-KD-KP<\/li>\n<li style='margin-bottom: 5px;'>1 Montaje de 3 m\u00f3dulos para empotrar DS-KD-ACF3.<\/li>\n<\/ul>\n<p style='margin-top: 15px; margin-bottom: 5px; font-size: 15px; color: inherit;'><em>* No incluye monitores. es necesario contar con monitores para recibir la llamada en la app<\/em><\/p>\n<p style='margin-top: 5px; margin-bottom: 0; font-size: 15px; color: inherit;'><strong>Soporta hasta 250 apartamentos.<\/strong><\/p>\n<\/p><\/div>\n<\/p><\/div>\n<p> <!-- Familia de productos --> <\/p>\n<div style='margin-bottom: 30px;'>\n<h3 style='font-size: 18px; margin-bottom: 10px; text-align: center; color: inherit; opacity: 0.8;'>Familia de productos<\/h3>\n<p style='font-size: 10px; text-align: center; margin-bottom: 15px; color: inherit;'><em>[Solo ilustrativo]<\/em><\/p>\n<p> <img style='width: 100%; height: auto; border: 1px solid rgba(150&comma;150&comma;150&comma;0.3); border-radius: 8px;' src='https:\/\/ftp3.syscom.mx\/usuarios\/rcovarrubias\/videoporteros\/Videoportero%202daG.png' alt=''> <\/div>\n<p> <!-- Diagrama de aplicaci\u00f3n --> <\/p>\n<div style='margin-bottom: 30px;'>\n<h3 style='font-size: 18px; margin-bottom: 10px; text-align: center; color: inherit; opacity: 0.8;'>Diagrama de aplicaci\u00f3n<\/h3>\n<p> <img style='width: 100%; height: auto; border: 1px solid rgba(150&comma;150&comma;150&comma;0.3); border-radius: 8px;' src='https:\/\/ftp3.syscom.mx\/usuarios\/rcovarrubias\/videoporteros\/diagramas%20de%20conexion\/Diagrama%20Modular%203%20Mod.jpg' alt=''> <\/div>\n<\/p><\/div>\n","protected":false},"excerpt":{"rendered":"<p>Videoportero IP MULTIAPARTAMENTO con llamada a App de Smartphone y Lector de Tarjetas EM \/ 2da Generaci\u00f3n (Modular) \/ Montaje para EMPOTRAR incluido \/ Apertura con CONTRASE\u00d1AS y TARJETAS<\/p>\n","protected":false},"featured_media":117728,"comment_status":"open","ping_status":"closed","template":"","meta":[],"product_brand":[],"product_cat":[856],"product_tag":[54,557,857],"class_list":{"0":"post-117729","1":"product","2":"type-product","3":"status-publish","4":"has-post-thumbnail","6":"product_cat-videoporteros-ip","7":"product_tag-hikvision","8":"product_tag-videoporteros-e-interfonos","9":"product_tag-videoporteros-ip","11":"first","12":"instock","13":"sale","14":"shipping-taxable","15":"purchasable","16":"product-type-simple"},"_links":{"self":[{"href":"https:\/\/soydeaqui.ddns.net\/pachuca\/index.php\/wp-json\/wp\/v2\/product\/117729","targetHints":{"allow":["GET"]}}],"collection":[{"href":"https:\/\/soydeaqui.ddns.net\/pachuca\/index.php\/wp-json\/wp\/v2\/product"}],"about":[{"href":"https:\/\/soydeaqui.ddns.net\/pachuca\/index.php\/wp-json\/wp\/v2\/types\/product"}],"replies":[{"embeddable":true,"href":"https:\/\/soydeaqui.ddns.net\/pachuca\/index.php\/wp-json\/wp\/v2\/comments?post=117729"}],"wp:featuredmedia":[{"embeddable":true,"href":"https:\/\/soydeaqui.ddns.net\/pachuca\/index.php\/wp-json\/wp\/v2\/media\/117728"}],"wp:attachment":[{"href":"https:\/\/soydeaqui.ddns.net\/pachuca\/index.php\/wp-json\/wp\/v2\/media?parent=117729"}],"wp:term":[{"taxonomy":"product_brand","embeddable":true,"href":"https:\/\/soydeaqui.ddns.net\/pachuca\/index.php\/wp-json\/wp\/v2\/product_brand?post=117729"},{"taxonomy":"product_cat","embeddable":true,"href":"https:\/\/soydeaqui.ddns.net\/pachuca\/index.php\/wp-json\/wp\/v2\/product_cat?post=117729"},{"taxonomy":"product_tag","embeddable":true,"href":"https:\/\/soydeaqui.ddns.net\/pachuca\/index.php\/wp-json\/wp\/v2\/product_tag?post=117729"}],"curies":[{"name":"wp","href":"https:\/\/api.w.org\/{rel}","templated":true}]}}