{"id":117726,"date":"2026-03-24T03:31:34","date_gmt":"2026-03-24T03:31:34","guid":{"rendered":"https:\/\/soydeaqui.ddns.net\/pachuca\/index.php\/producto\/cable-coaxial-armado-con-conector-bnc-video-longitud-de-8-mts-optimizado-para-camaras-4k-uso-en-interior\/"},"modified":"2026-03-24T03:31:40","modified_gmt":"2026-03-24T03:31:40","slug":"cable-coaxial-armado-con-conector-bnc-video-longitud-de-8-mts-optimizado-para-camaras-4k-uso-en-interior","status":"publish","type":"product","link":"https:\/\/soydeaqui.ddns.net\/pachuca\/index.php\/producto\/cable-coaxial-armado-con-conector-bnc-video-longitud-de-8-mts-optimizado-para-camaras-4k-uso-en-interior\/","title":{"rendered":"Cable Coaxial Armado con Conector BNC (Video) \/ Longitud de 8 mts \/ Optimizado para C\u00e1maras 4K \/ Uso en Interior"},"content":{"rendered":"<div style='width: 100%; max-width: 1200px; margin: 0 auto; font-family: sans-serif; line-height: 1.6; color: inherit; background-color: transparent;'>\n<div style='display: flex; flex-wrap: wrap; gap: 30px; margin-bottom: 30px;'>\n<div style='flex: 1 1 300px; min-width: 280px;'>\n<h3 style='font-size: 22px; border-bottom: 2px solid currentColor; padding-bottom: 5px; margin-top: 0; color: inherit; opacity: 0.8;'>Caracter\u00edsticas principales<\/h3>\n<ul style='padding-left: 20px; font-size: 15px; color: inherit;'>\n<li style='margin-bottom: 5px;'>Cable en HD de video de 8 <strong>metros<\/strong>.<\/li>\n<li style='margin-bottom: 5px;'>Cable de alta calidad para aplicaciones en CCTV siam\u00e9s.<\/li>\n<li style='margin-bottom: 5px;'>Cobre s\u00f3lido n\u00facleo para HD CCTV anal\u00f3gico&comma; CVI&comma; TVI&comma; AHD y SDI.<\/li>\n<li style='margin-bottom: 5px;'>Preparado de antemano por cable 100% de clase premium de cobre para una f\u00e1cil instalaci\u00f3n sin ninguna disminuci\u00f3n en la calidad.<\/li>\n<\/ul><\/div>\n<div style='flex: 1 1 300px; min-width: 280px;'>\n<h3 style='font-size: 22px; border-bottom: 2px solid currentColor; padding-bottom: 5px; margin-top: 0; color: inherit; opacity: 0.8;'>Caracter\u00edsticas F\u00edsicas<\/h3>\n<ul style='padding-left: 20px; font-size: 15px; color: inherit;'>\n<li style='margin-bottom: 5px;'>Extensi\u00f3n de cable para HD en video a 8 metros.<\/li>\n<li style='margin-bottom: 5px;'>Resistente a la intemperie; excelente calidad de transmisi\u00f3n&comma; sin p\u00e9rdida de se\u00f1al.<\/li>\n<li style='margin-bottom: 5px;'>Plug and Play listo para <strong>4K<\/strong> o c\u00e1mara de circuito cerrado de televisi\u00f3n (IDE&comma; TVI&comma; TVI&comma; AHD).<\/li>\n<li style='margin-bottom: 5px;'>CCTV de v\u00eddeo SDI y cable de alimentaci\u00f3n&comma; tambi\u00e9n son compatibles con HDSDI&comma; HDTVI&comma; HDCVI&comma; AHD y las c\u00e1maras anal\u00f3gicas.<\/li>\n<li style='margin-bottom: 5px;'>Compatible con todos los dispositivos de circuito cerrado de televisi\u00f3n con BNC &#038; Alimentaci\u00f3n.<\/li>\n<li style='margin-bottom: 5px;'>Clasificado para su uso en sistemas de circuito cerrado de televisi\u00f3n. Por supuesto que funciona bien en anal\u00f3gico.<\/li>\n<\/ul><\/div>\n<div style='flex: 1 1 300px; min-width: 280px;'>\n<h3 style='font-size: 22px; border-bottom: 2px solid currentColor; padding-bottom: 5px; margin-top: 0; color: inherit; opacity: 0.8;'>Productos relacionados<\/h3>\n<ul style='padding-left: 20px; font-size: 14px; color: inherit;'>\n<li style='margin-bottom: 5px;'>5 Metros &#8211; <a style='color: #005cb9; text-decoration: none; font-weight: 600;' href='https:\/\/www.syscom.mx\/principal\/searchcont?route=DIY5MHD-EPCOM-TITANIUM-142283&#038;autodetect=diy'>DIY5MHD<\/a><\/li>\n<li style='margin-bottom: 5px;'>10 Metros &#8211; <a style='color: #005cb9; text-decoration: none; font-weight: 600;' href='https:\/\/www.syscom.mx\/principal\/searchcont?route=DIY10MHD-EPCOM-TITANIUM-142279&#038;autodetect=diy10'>DIY10MHD<\/a><\/li>\n<li style='margin-bottom: 5px;'>20 Metros &#8211; <a style='color: #005cb9; text-decoration: none; font-weight: 600;' href='https:\/\/www.syscom.mx\/principal\/searchcont?route=DIY-20M-HD-EPCOM-TITANIUM-88118&#038;autodetect=diy'>DIY-20M-HD<\/a><\/li>\n<li style='margin-bottom: 5px;'>30 Metros &#8211; <a style='color: #005cb9; text-decoration: none; font-weight: 600;' href='https:\/\/www.syscom.mx\/principal\/searchcont?route=DIY-30M-HD-EPCOM-TITANIUM-88119&#038;autodetect=diy'>DIY-30M-HD<\/a><\/li>\n<li style='margin-bottom: 5px;'>40 Metros &#8211; <a style='color: #005cb9; text-decoration: none; font-weight: 600;' href='https:\/\/www.syscom.mx\/principal\/searchcont?route=DIY-40M-HD-EPCOM-TITANIUM-88120&#038;autodetect=diy'>DIY-40M-HD<\/a><\/li>\n<li style='margin-bottom: 5px;'>50 Metros &#8211; <a style='color: #005cb9; text-decoration: none; font-weight: 600;' href='https:\/\/www.syscom.mx\/principal\/searchcont?route=DIY50MHD-EPCOM-TITANIUM-154689&#038;autodetect=diy'>DIY50MHD<\/a><\/li>\n<\/ul><\/div>\n<\/p><\/div>\n<\/p><\/div>\n","protected":false},"excerpt":{"rendered":"<p>Cable Coaxial Armado con Conector BNC (Video) \/ Longitud de 8 mts \/ Optimizado para C\u00e1maras 4K \/ Uso en Interior<\/p>\n","protected":false},"featured_media":117725,"comment_status":"open","ping_status":"closed","template":"","meta":[],"product_brand":[],"product_cat":[2277],"product_tag":[2278,488,507],"class_list":{"0":"post-117726","1":"product","2":"type-product","3":"status-publish","4":"has-post-thumbnail","6":"product_cat-cables-armados-coaxial","7":"product_tag-cables-armados-coaxial","8":"product_tag-cables-y-conectores","9":"product_tag-epcom-titanium","11":"first","12":"outofstock","13":"sale","14":"shipping-taxable","15":"purchasable","16":"product-type-simple"},"_links":{"self":[{"href":"https:\/\/soydeaqui.ddns.net\/pachuca\/index.php\/wp-json\/wp\/v2\/product\/117726","targetHints":{"allow":["GET"]}}],"collection":[{"href":"https:\/\/soydeaqui.ddns.net\/pachuca\/index.php\/wp-json\/wp\/v2\/product"}],"about":[{"href":"https:\/\/soydeaqui.ddns.net\/pachuca\/index.php\/wp-json\/wp\/v2\/types\/product"}],"replies":[{"embeddable":true,"href":"https:\/\/soydeaqui.ddns.net\/pachuca\/index.php\/wp-json\/wp\/v2\/comments?post=117726"}],"wp:featuredmedia":[{"embeddable":true,"href":"https:\/\/soydeaqui.ddns.net\/pachuca\/index.php\/wp-json\/wp\/v2\/media\/117725"}],"wp:attachment":[{"href":"https:\/\/soydeaqui.ddns.net\/pachuca\/index.php\/wp-json\/wp\/v2\/media?parent=117726"}],"wp:term":[{"taxonomy":"product_brand","embeddable":true,"href":"https:\/\/soydeaqui.ddns.net\/pachuca\/index.php\/wp-json\/wp\/v2\/product_brand?post=117726"},{"taxonomy":"product_cat","embeddable":true,"href":"https:\/\/soydeaqui.ddns.net\/pachuca\/index.php\/wp-json\/wp\/v2\/product_cat?post=117726"},{"taxonomy":"product_tag","embeddable":true,"href":"https:\/\/soydeaqui.ddns.net\/pachuca\/index.php\/wp-json\/wp\/v2\/product_tag?post=117726"}],"curies":[{"name":"wp","href":"https:\/\/api.w.org\/{rel}","templated":true}]}}