{"id":117714,"date":"2026-03-24T03:30:59","date_gmt":"2026-03-24T03:30:59","guid":{"rendered":"https:\/\/soydeaqui.ddns.net\/pachuca\/index.php\/producto\/controlador-ip-joystick-con-pantalla-tactil-de-10-1-s-o-android-ver-4-4-compatible-con-camaras-ip-domos-ip-ptz-ip-dvrs-y-nvrs-epcom-hilook-y-hikvision\/"},"modified":"2026-03-24T03:31:15","modified_gmt":"2026-03-24T03:31:15","slug":"controlador-ip-joystick-con-pantalla-tactil-de-10-1-s-o-android-ver-4-4-compatible-con-camaras-ip-domos-ip-ptz-ip-dvrs-y-nvrs-epcom-hilook-y-hikvision","status":"publish","type":"product","link":"https:\/\/soydeaqui.ddns.net\/pachuca\/index.php\/producto\/controlador-ip-joystick-con-pantalla-tactil-de-10-1-s-o-android-ver-4-4-compatible-con-camaras-ip-domos-ip-ptz-ip-dvrs-y-nvrs-epcom-hilook-y-hikvision\/","title":{"rendered":"Controlador IP (Joystick) con Pantalla T\u00e1ctil de 10.1&#8243; \/ S.O. Android ver. 4.4 \/ Compatible con c\u00e1maras IP, Domos IP \/ PTZ IP \/ DVRs y NVRs epcom, HiLook y HIKVISION"},"content":{"rendered":"<div style='width: 100%; max-width: 1200px; margin: 0 auto; font-family: sans-serif; line-height: 1.6; color: inherit; background-color: transparent;'> <!-- Logo --> <\/p>\n<div style='text-align: center; margin: 30px 0;'> <img style='width: 45%; height: auto; border: 1px solid rgba(150&comma;150&comma;150&comma;0.3); border-radius: 8px;' src='https:\/\/ftp3.syscom.mx\/usuarios\/jsosa\/HIKVISION\/imagenes\/logo\/hikvision%20see%20far.png' alt='Logo Hikvision'> <\/div>\n<p> <!-- Videos --> <\/p>\n<div style='display: flex; flex-wrap: wrap; gap: 30px; justify-content: center; margin: 30px 0;'>\n<div style='position: relative; padding-bottom: 56.25%; height: 0; overflow: hidden; flex: 1 1 400px; max-width: 560px;'>   <\/div>\n<div style='position: relative; padding-bottom: 56.25%; height: 0; overflow: hidden; flex: 1 1 400px; max-width: 560px;'>   <\/div>\n<\/p><\/div>\n<p> <!-- Secciones de caracter\u00edsticas --> <\/p>\n<div style='display: flex; flex-wrap: wrap; gap: 30px; margin: 30px 0;'> <!-- Caracter\u00edsticas del Joystick --> <\/p>\n<div style='flex: 1 1 300px; min-width: 280px;'>\n<div style='border-left: 5px solid #ff0000; border-radius: 5px; padding: 15px; box-shadow: 2px 2px 10px rgba(216&comma;216&comma;216&comma;0.3);'> <strong style='font-size: 18px; display: block; margin-bottom: 10px; color: inherit;'>Caracter\u00edsticas del Joystick:<\/strong> <\/p>\n<ul style='padding-left: 20px; margin: 0; font-size: 15px; color: inherit;'>\n<li style='margin-bottom: 8px;'>Sistema Operativo Android 4.4.<\/li>\n<li style='margin-bottom: 8px;'>Funci\u00f3n VOD (Decodifica Video en pantalla de Camaras IP&comma; Domos IP&comma; DVRs y NVRs).<\/li>\n<li style='margin-bottom: 8px;'>Soporta DVR\u00b4s epcom y HIKVISION y NVR\u00b4s HIKVISION (Series 7100&comma;7600&comma;7700&comma;9600) para control a traves de RED LAN.<\/li>\n<li style='margin-bottom: 8px;'>Capaz de controlar domos IP PTZ ( HIKVISION ) con Interfaz de Red LAN.<\/li>\n<li style='margin-bottom: 8px;'>Pantalla TFT LCD de 10.1\u201d Touch Screen (1024 x 600).<\/li>\n<li style='margin-bottom: 8px;'>Palanca: 4 ejes de movimiento.<\/li>\n<li style='margin-bottom: 8px;'>Nivel de seguridad de Usuarios: Administrador y Operador.<\/li>\n<\/ul><\/div>\n<\/p><\/div>\n<p> <!-- Interfaces Entrada \/ Salida --> <\/p>\n<div style='flex: 1 1 300px; min-width: 280px;'>\n<div style='border-left: 5px solid #ff0000; border-radius: 5px; padding: 15px; box-shadow: 2px 2px 10px rgba(216&comma;216&comma;216&comma;0.3);'> <strong style='font-size: 18px; display: block; margin-bottom: 10px; color: inherit;'>Interfaces Entrada \/ Salida:<\/strong> <\/p>\n<ul style='padding-left: 20px; margin: 0; font-size: 15px; color: inherit;'>\n<li style='margin-bottom: 8px;'>Red: 1 RJ45 (10M \/ 100M \/ 1000M) con conector IP66.<\/li>\n<li style='margin-bottom: 8px;'>Salida de Video: HDMI \/ DVI<\/li>\n<li style='margin-bottom: 8px;'>Entrada de audio: 1 puerto (conector plug 3.5mm)<\/li>\n<li style='margin-bottom: 8px;'>Salida de audio: 1 puerto (conector plug 3.5mm)<\/li>\n<li style='margin-bottom: 8px;'>Puerto USB: 2 puertos (2.0)<\/li>\n<li style='margin-bottom: 8px;'>Voltaje: 12Vcc&comma; Jack 3.5mm.<\/li>\n<li style='margin-bottom: 8px;'>Bot\u00f3n de reset.<\/li>\n<\/ul><\/div>\n<\/p><\/div>\n<p> <!-- Caracter\u00edsticas F\u00edsicas y El\u00e9ctricas --> <\/p>\n<div style='flex: 1 1 300px; min-width: 280px;'>\n<div style='border-left: 5px solid #ff0000; border-radius: 5px; padding: 15px; box-shadow: 2px 2px 10px rgba(216&comma;216&comma;216&comma;0.3);'> <strong style='font-size: 18px; display: block; margin-bottom: 10px; color: inherit;'>Caracter\u00edsticas F\u00edsicas y El\u00e9ctricas:<\/strong> <\/p>\n<ul style='padding-left: 20px; margin: 0; font-size: 15px; color: inherit;'>\n<li style='margin-bottom: 8px;'>Aplicaci\u00f3n: Interior.<\/li>\n<li style='margin-bottom: 8px;'>Temperatura de Operaci\u00f3n: -10 ~ 55\u00baC<\/li>\n<li style='margin-bottom: 8px;'>Alimentaci\u00f3n: 12 Vcc\/PoE (Incluye transformador)<\/li>\n<li style='margin-bottom: 8px;'>Consumo electrico: 15W<\/li>\n<li style='margin-bottom: 8px;'>Dimensiones: 404 x 180 163 mm.<\/li>\n<li style='margin-bottom: 8px;'>Peso: 1.7Kg.<\/li>\n<\/ul><\/div>\n<\/p><\/div>\n<\/p><\/div>\n<p> <!-- Imagen final --> <\/p>\n<div style='margin: 30px 0;'> <img style='width: 100%; height: auto; border: 1px solid rgba(150&comma;150&comma;150&comma;0.3); border-radius: 8px;' src='https:\/\/ftp3.syscom.mx\/usuarios\/jsosa\/HIKVISION\/imagenes\/banners\/solution%20complete.png' alt='Soluci\u00f3n completa'> <\/div>\n<\/p><\/div>\n","protected":false},"excerpt":{"rendered":"<p>Controlador IP (Joystick) con Pantalla T\u00e1ctil de 10.1&#8243; \/ S.O. Android ver. 4.4 \/ Compatible con c\u00e1maras IP, Domos IP \/ PTZ IP \/ DVRs y NVRs epcom, HiLook y HIKVISION<\/p>\n","protected":false},"featured_media":117713,"comment_status":"open","ping_status":"closed","template":"","meta":[],"product_brand":[],"product_cat":[2298],"product_tag":[417,2299,54],"class_list":{"0":"post-117714","1":"product","2":"type-product","3":"status-publish","4":"has-post-thumbnail","6":"product_cat-controladores-ptz","7":"product_tag-accesorios-generales","8":"product_tag-controladores-ptz","9":"product_tag-hikvision","11":"first","12":"instock","13":"sale","14":"shipping-taxable","15":"purchasable","16":"product-type-simple"},"_links":{"self":[{"href":"https:\/\/soydeaqui.ddns.net\/pachuca\/index.php\/wp-json\/wp\/v2\/product\/117714","targetHints":{"allow":["GET"]}}],"collection":[{"href":"https:\/\/soydeaqui.ddns.net\/pachuca\/index.php\/wp-json\/wp\/v2\/product"}],"about":[{"href":"https:\/\/soydeaqui.ddns.net\/pachuca\/index.php\/wp-json\/wp\/v2\/types\/product"}],"replies":[{"embeddable":true,"href":"https:\/\/soydeaqui.ddns.net\/pachuca\/index.php\/wp-json\/wp\/v2\/comments?post=117714"}],"wp:featuredmedia":[{"embeddable":true,"href":"https:\/\/soydeaqui.ddns.net\/pachuca\/index.php\/wp-json\/wp\/v2\/media\/117713"}],"wp:attachment":[{"href":"https:\/\/soydeaqui.ddns.net\/pachuca\/index.php\/wp-json\/wp\/v2\/media?parent=117714"}],"wp:term":[{"taxonomy":"product_brand","embeddable":true,"href":"https:\/\/soydeaqui.ddns.net\/pachuca\/index.php\/wp-json\/wp\/v2\/product_brand?post=117714"},{"taxonomy":"product_cat","embeddable":true,"href":"https:\/\/soydeaqui.ddns.net\/pachuca\/index.php\/wp-json\/wp\/v2\/product_cat?post=117714"},{"taxonomy":"product_tag","embeddable":true,"href":"https:\/\/soydeaqui.ddns.net\/pachuca\/index.php\/wp-json\/wp\/v2\/product_tag?post=117714"}],"curies":[{"name":"wp","href":"https:\/\/api.w.org\/{rel}","templated":true}]}}