{"id":117710,"date":"2026-03-24T03:30:46","date_gmt":"2026-03-24T03:30:46","guid":{"rendered":"https:\/\/soydeaqui.ddns.net\/pachuca\/index.php\/producto\/cliente-maxr-cnvision-para-enlazar-camaras-de-videovigilancia-a-hub-flexr-hasta-2-5km-o-hub-360r-hasta-1-5km\/"},"modified":"2026-03-24T03:30:49","modified_gmt":"2026-03-24T03:30:49","slug":"cliente-maxr-cnvision-para-enlazar-camaras-de-videovigilancia-a-hub-flexr-hasta-2-5km-o-hub-360r-hasta-1-5km","status":"publish","type":"product","link":"https:\/\/soydeaqui.ddns.net\/pachuca\/index.php\/producto\/cliente-maxr-cnvision-para-enlazar-camaras-de-videovigilancia-a-hub-flexr-hasta-2-5km-o-hub-360r-hasta-1-5km\/","title":{"rendered":"Cliente MAXr cnVision para enlazar c\u00e1maras de videovigilancia a HUB FLEXr (hasta 2.5km) o HUB 360r (hasta 1.5km)"},"content":{"rendered":"<div style='width: 100%; max-width: 1200px; margin: 0 auto; font-family: sans-serif; line-height: 1.6; color: inherit; background-color: transparent;'> <!-- Hero section --> <\/p>\n<div style='width: 100%; background: url(https:\/\/ftp3.syscom.mx\/usuarios\/ftp\/vista-producto\/cambium\/cnvision\/cnVision_camera_hero.png) center top no-repeat; background-size: cover; padding: 20px;'>\n<div style='display: flex; flex-wrap: wrap; align-items: center; justify-content: space-between; margin-bottom: 30px;'>\n<div style='flex: 1 1 200px;'> <img style='width: auto; max-width: 200px; height: auto; border: 1px solid rgba(150&comma;150&comma;150&comma;0.3); border-radius: 8px;' src='https:\/\/ftp3.syscom.mx\/usuarios\/ftp\/vista-producto\/cambium\/cnvision\/cnVision_logo_no_tag_RED_WHT copia.png' alt='Logo cnVision'> <\/div>\n<\/p><\/div>\n<div style='display: flex; flex-wrap: wrap; gap: 30px;'>\n<div style='flex: 1 1 400px;'>\n<h1 style='color: inherit; font-size: 32px; margin: 0; padding: 0;'>Enlaces inal\u00e1mbricos dise\u00f1ados especialmente para videovigilancia y CCTV<\/h1>\n<\/p><\/div>\n<div style='flex: 1 1 400px;'> <img style='width: 100%; height: auto; border: 1px solid rgba(150&comma;150&comma;150&comma;0.3); border-radius: 8px;' src='https:\/\/ftp3.syscom.mx\/usuarios\/ftp\/vista-producto\/cambium\/cnvision\/cnVision_collage copia.png' alt='Ilustraci\u00f3n cnVision'> <\/div>\n<\/p><\/div>\n<\/p><\/div>\n<p> <!-- Main title --> <\/p>\n<div style='width: 100%; max-width: 1000px; margin: 60px auto 80px;'>\n<h1 style='font-size: 24px; font-weight: bold; text-align: center; color: inherit; margin: 0;'>Donde quiera que necesite colocar una <strong>c\u00e1mara<\/strong>&comma;<strong> cnVision hace la conexi\u00f3n.<\/strong><\/h1>\n<\/p><\/div>\n<p> <!-- Network diagram --> <\/p>\n<div style='width: 100%; max-width: 1000px; margin: 0 auto 40px;'> <img style='width: 100%; height: auto; border: 1px solid rgba(150&comma;150&comma;150&comma;0.3); border-radius: 8px;' src='https:\/\/ftp3.syscom.mx\/usuarios\/ftp\/vista-producto\/cambium\/cnvision\/cnVision_network-1024x352 copia.png' alt='Diagrama de red cnVision'> <\/div>\n<p> <!-- Benefits section --> <\/p>\n<div style='width: 100%; background-color: rgba(235&comma;240&comma;244&comma;0.5); margin: 60px 0 80px;'>\n<div style='width: 100%; max-width: 1200px; margin: 0 auto; padding: 0 20px;'>\n<h1 style='font-size: 24px; font-weight: bold; text-align: center; color: inherit; margin: 40px 0;'>\u00bfCu\u00e1les son las ventajas de cnVision en comparaci\u00f3n con otras soluciones inal\u00e1mbricas?<\/h1>\n<div style='display: flex; flex-wrap: wrap; justify-content: space-around; gap: 20px; margin-top: 40px;'>\n<div style='flex: 1 1 180px; text-align: center;'> <img style='width: 80px; height: auto; border: 1px solid rgba(150&comma;150&comma;150&comma;0.3); border-radius: 8px;' src='https:\/\/ftp3.syscom.mx\/usuarios\/ftp\/vista-producto\/cambium\/cnvision\/easy_install copia.png' alt='F\u00e1cil de instalar'> <\/p>\n<p style='font-size: 16px; margin-top: 15px; color: inherit;'><strong>F\u00e1cil de instalar<\/strong><\/p>\n<\/p><\/div>\n<div style='flex: 1 1 180px; text-align: center;'> <img style='width: 80px; height: auto; border: 1px solid rgba(150&comma;150&comma;150&comma;0.3); border-radius: 8px;' src='https:\/\/ftp3.syscom.mx\/usuarios\/ftp\/vista-producto\/cambium\/cnvision\/cost_effective copia.png' alt='Costo-Beneficio'> <\/p>\n<p style='font-size: 16px; margin-top: 15px; color: inherit;'><strong>Costo-Beneficio<\/strong><\/p>\n<\/p><\/div>\n<div style='flex: 1 1 180px; text-align: center;'> <img style='width: 80px; height: auto; border: 1px solid rgba(150&comma;150&comma;150&comma;0.3); border-radius: 8px;' src='https:\/\/ftp3.syscom.mx\/usuarios\/ftp\/vista-producto\/cambium\/cnvision\/easy_manage copia.png' alt='F\u00e1cil de dise\u00f1ar y administrar'> <\/p>\n<p style='font-size: 16px; margin-top: 15px; color: inherit;'><strong>F\u00e1cil de dise\u00f1ar y administrar<\/strong><\/p>\n<\/p><\/div>\n<div style='flex: 1 1 180px; text-align: center;'> <img style='width: 80px; height: auto; border: 1px solid rgba(150&comma;150&comma;150&comma;0.3); border-radius: 8px;' src='https:\/\/ftp3.syscom.mx\/usuarios\/ftp\/vista-producto\/cambium\/cnvision\/secure copia.png' alt='Cifrado seguro'> <\/p>\n<p style='font-size: 16px; margin-top: 15px; color: inherit;'><strong>Cifrado seguro<\/strong><\/p>\n<\/p><\/div>\n<div style='flex: 1 1 180px; text-align: center;'> <img style='width: 80px; height: auto; border: 1px solid rgba(150&comma;150&comma;150&comma;0.3); border-radius: 8px;' src='https:\/\/ftp3.syscom.mx\/usuarios\/ftp\/vista-producto\/cambium\/cnvision\/support copia.png' alt='Soporte 24\/7'> <\/p>\n<p style='font-size: 16px; margin-top: 15px; color: inherit;'><strong>Soporte 24\/7<\/strong><\/p>\n<\/p><\/div>\n<div style='flex: 1 1 180px; text-align: center;'> <img style='width: 80px; height: auto; border: 1px solid rgba(150&comma;150&comma;150&comma;0.3); border-radius: 8px;' src='https:\/\/ftp3.syscom.mx\/usuarios\/ftp\/vista-producto\/cambium\/cnvision\/3yr_warranty copia.png' alt='3 a\u00f1os de garant\u00eda'> <\/p>\n<p style='font-size: 16px; margin-top: 15px; color: inherit;'><strong>3 a\u00f1os de garant\u00eda<\/strong><\/p>\n<\/p><\/div>\n<\/p><\/div>\n<\/p><\/div>\n<\/p><\/div>\n<p> <!-- Product line title --> <\/p>\n<div style='width: 100%; max-width: 1000px; margin: 40px auto 60px;'>\n<h1 style='font-size: 24px; font-weight: bold; text-align: center; color: inherit; margin: 0;'>Linea de soluciones cnVision para<\/h1>\n<h2 style='font-size: 24px; font-weight: bold; text-align: center; color: inherit; margin-top: 10px;'>Clientes y Hubs<\/h2>\n<\/p><\/div>\n<p> <!-- Product comparison --> <\/p>\n<div style='width: 100%; margin: 30px 0;'>\n<div style='display: flex; flex-wrap: wrap; justify-content: space-between; gap: 20px; margin-bottom: 30px;'>\n<div style='flex: 1 1 45%; min-width: 280px;'>\n<div style='border-bottom: 3px solid rgba(142&comma;142&comma;142&comma;0.5); padding-bottom: 10px; margin-bottom: 20px;'>\n<h3 style='font-size: 18px; font-weight: bold; text-align: center; color: inherit; margin: 0;'>Clientes (equipo que va del lado de la c\u00e1mara)<\/h3>\n<\/p><\/div>\n<div style='display: flex; flex-wrap: wrap; gap: 20px; justify-content: center;'>\n<div style='flex: 1 1 150px; text-align: center;'> <img style='width: 100%; height: auto; border: 1px solid rgba(150&comma;150&comma;150&comma;0.3); border-radius: 8px;' src='https:\/\/ftp3.syscom.mx\/usuarios\/ftp\/vista-producto\/cambium\/cnvision\/client-maxr-450x450 copia.png' alt='CLIENT MAXr'> <\/p>\n<p style='font-size: 14px; margin-top: 10px; color: inherit;'><strong>CLIENT MAXr<\/strong><\/p>\n<p style='font-size: 12px; color: inherit;'>Largo alcance<\/p>\n<p style='font-size: 12px; color: inherit;'>Protecci\u00f3n IP67<\/p>\n<\/p><\/div>\n<div style='flex: 1 1 150px; text-align: center;'> <img style='width: 100%; height: auto; border: 1px solid rgba(150&comma;150&comma;150&comma;0.3); border-radius: 8px;' src='https:\/\/ftp3.syscom.mx\/usuarios\/ftp\/vista-producto\/cambium\/cnvision\/client-mini-450x450 copia.png' alt='CLIENT MINI'> <\/p>\n<p style='font-size: 14px; margin-top: 10px; color: inherit;'><strong>CLIENT MINI<\/strong><\/p>\n<p style='font-size: 12px; color: inherit;'>Distancias medianas<\/p>\n<p style='font-size: 12px; color: inherit;'>Tambi\u00e9n se puede poner como HUB<\/p>\n<p style='font-size: 12px; color: inherit;'>Protecci\u00f3n IP55<\/p>\n<\/p><\/div>\n<div style='flex: 1 1 150px; text-align: center;'> <img style='width: 100%; height: auto; border: 1px solid rgba(150&comma;150&comma;150&comma;0.3); border-radius: 8px;' src='https:\/\/ftp3.syscom.mx\/usuarios\/ftp\/vista-producto\/cambium\/cnvision\/client-micro-450x450 copia.png' alt='CLIENT MICRO'> <\/p>\n<p style='font-size: 14px; margin-top: 10px; color: inherit;'><strong>CLIENT MICRO<\/strong><\/p>\n<p style='font-size: 12px; color: inherit;'>Cortas distancias<\/p>\n<p style='font-size: 12px; color: inherit;'>Tambi\u00e9n se puede poner como HUB<\/p>\n<p style='font-size: 12px; color: inherit;'>Protecci\u00f3n IP55<\/p>\n<\/p><\/div>\n<\/p><\/div>\n<\/p><\/div>\n<div style='flex: 1 1 45%; min-width: 280px;'>\n<div style='border-bottom: 3px solid rgba(142&comma;142&comma;142&comma;0.5); padding-bottom: 10px; margin-bottom: 20px;'>\n<h3 style='font-size: 18px; font-weight: bold; text-align: center; color: inherit; margin: 0;'>Hubs (Equipo que va del lado del NVR)<\/h3>\n<\/p><\/div>\n<div style='display: flex; flex-wrap: wrap; gap: 20px; justify-content: center;'>\n<div style='flex: 1 1 150px; text-align: center;'> <img style='width: 100%; height: auto; border: 1px solid rgba(150&comma;150&comma;150&comma;0.3); border-radius: 8px;' src='https:\/\/ftp3.syscom.mx\/usuarios\/ftp\/vista-producto\/cambium\/cnvision\/hub-flexr-450x450 copia.png' alt='HUB FLEXr'> <\/p>\n<p style='font-size: 14px; margin-top: 10px; color: inherit;'><strong>HUB FLEXr<\/strong><\/p>\n<p style='font-size: 12px; color: inherit;'>Hasta 5 millas \/ 8km<\/p>\n<p style='font-size: 12px; color: inherit;'>Distancia de cobertura depender\u00e1 de la antena que se le instale<\/p>\n<p style='font-size: 12px; color: inherit;'>Protecci\u00f3n IP67<\/p>\n<\/p><\/div>\n<div style='flex: 1 1 150px; text-align: center;'> <img style='width: 100%; height: auto; border: 1px solid rgba(150&comma;150&comma;150&comma;0.3); border-radius: 8px;' src='https:\/\/ftp3.syscom.mx\/usuarios\/ftp\/vista-producto\/cambium\/cnvision\/hub-360r-450x450 copia.png' alt='HUB 360r'> <\/p>\n<p style='font-size: 14px; margin-top: 10px; color: inherit;'><strong>HUB 360r<\/strong><\/p>\n<p style='font-size: 12px; color: inherit;'>Hasta 1 milla \/ 1.6km<\/p>\n<p style='font-size: 12px; color: inherit;'>Cobertura 360\u00b0<\/p>\n<p style='font-size: 12px; color: inherit;'>Protecci\u00f3n IP67<\/p>\n<\/p><\/div>\n<\/p><\/div>\n<\/p><\/div>\n<\/p><\/div>\n<\/p><\/div>\n<p> <!-- Range comparison --> <\/p>\n<div style='width: 100%; max-width: 1000px; margin: 0 auto 40px;'>\n<div style='display: flex; flex-wrap: wrap; gap: 30px;'>\n<div style='flex: 1 1 45%; min-width: 300px;'> <img style='width: 100%; height: auto; border: 1px solid rgba(150&comma;150&comma;150&comma;0.3); border-radius: 8px;' src='https:\/\/ftp3.syscom.mx\/usuarios\/ftp\/vista-producto\/cambium\/cnvision\/Client-range-graphic-1024x554.jpg' alt='Gr\u00e1fico de rango de cliente'> <\/p>\n<p style='font-size: 14px; margin-top: 10px; color: inherit;'><strong>Distancia de cliente<\/strong><\/p>\n<\/p><\/div>\n<div style='flex: 1 1 45%; min-width: 300px;'> <img style='width: 100%; height: auto; border: 1px solid rgba(150&comma;150&comma;150&comma;0.3); border-radius: 8px;' src='https:\/\/ftp3.syscom.mx\/usuarios\/ftp\/vista-producto\/cambium\/cnvision\/HUB-range-graphic-1024x554.jpg' alt='Gr\u00e1fico de rango de HUB'> <\/p>\n<p style='font-size: 14px; margin-top: 10px; color: inherit;'><strong>Distancia de Hub<\/strong><\/p>\n<\/p><\/div>\n<\/p><\/div>\n<\/p><\/div>\n<p> <!-- Installation image --> <\/p>\n<div style='width: 100%; max-width: 1200px; margin: 40px auto;'> <img style='width: 100%; height: auto; border: 1px solid rgba(150&comma;150&comma;150&comma;0.3); border-radius: 8px;' src='https:\/\/ftp3.syscom.mx\/usuarios\/ftp\/vista-producto\/cambium\/cnvision\/cnvision_install.jpg' alt='Instalaci\u00f3n cnVision'> <\/div>\n<p> <!-- Configuration section --> <\/p>\n<div style='width: 100%; background-color: rgba(235&comma;240&comma;244&comma;0.5); margin: 40px 0 60px;'>\n<div style='width: 100%; max-width: 1000px; margin: 0 auto; padding: 40px 20px;'>\n<h2 style='font-size: 24px; font-weight: bold; text-align: center; color: inherit; margin: 0 0 20px;'>Configurar su red es f\u00e1cil.<\/h2>\n<p style='font-size: 18px; text-align: center; color: inherit; margin: 0 0 30px;'>Solo unas pocas preguntas y estar\u00e1 en camino a la configuraci\u00f3n ideal.<\/p>\n<div style='margin: 40px 0;'>\n<h3 style='font-size: 18px; font-weight: bold; color: inherit; margin: 20px 0;'>\u00bfBusca conectar dos puntos?<\/h3>\n<p style='font-size: 14px; color: inherit; margin: 10px 0;'><strong>Elija dos clientes para conectar un punto &#8216;A&#8217; al punto &#8216;B&#8217;.<\/strong><\/p>\n<\/p><\/div>\n<div style='margin: 40px 0;'>\n<h3 style='font-size: 18px; font-weight: bold; color: inherit; margin: 20px 0;'>\u00bfBusca conectar m\u00faltiples puntos a un solo punto?<\/h3>\n<p style='font-size: 14px; color: inherit; margin: 10px 0;'><strong>Elija un Hub y la cantidad de clientes que sean necesarios.<\/strong><\/p>\n<\/p><\/div>\n<div style='display: flex; flex-wrap: wrap; gap: 30px; margin-top: 50px;'>\n<div style='flex: 1 1 300px; text-align: center;'>\n<h3 style='font-size: 18px; font-weight: bold; color: inherit; margin: 0 0 10px;'>Elija su HUB<\/h3>\n<p style='font-size: 14px; color: inherit;'>\u00bfDesde qu\u00e9 distancia estar\u00e1 monitoreando c\u00e1maras?<\/p>\n<\/p><\/div>\n<div style='flex: 1 1 180px; text-align: center;'> <img style='width: 100%; height: auto; border: 1px solid rgba(150&comma;150&comma;150&comma;0.3); border-radius: 8px;' src='https:\/\/ftp3.syscom.mx\/usuarios\/ftp\/vista-producto\/cambium\/cnvision\/hub-flexr-450x450 copia.png' alt='HUB FLEXr'> <\/p>\n<p style='font-size: 14px; margin-top: 10px; color: inherit;'><strong>HUB FLEXr<\/strong><\/p>\n<p style='font-size: 12px; color: inherit;'><strong>Hasta 5mi \/ 8km<\/strong><\/p>\n<\/p><\/div>\n<div style='flex: 1 1 180px; text-align: center;'> <img style='width: 100%; height: auto; border: 1px solid rgba(150&comma;150&comma;150&comma;0.3); border-radius: 8px;' src='https:\/\/ftp3.syscom.mx\/usuarios\/ftp\/vista-producto\/cambium\/cnvision\/hub-360r-450x450 copia.png' alt='HUB 360'> <\/p>\n<p style='font-size: 14px; margin-top: 10px; color: inherit;'><strong>HUB 360<\/strong><\/p>\n<p style='font-size: 12px; color: inherit;'><strong>Hasta 1 milla \/ 1.6km<\/strong><\/p>\n<\/p><\/div>\n<\/p><\/div>\n<div style='margin-top: 50px;'>\n<h3 style='font-size: 18px; font-weight: bold; color: inherit; margin: 0 0 10px;'>Elija los Clientes<\/h3>\n<p style='font-size: 14px; color: inherit;'>\u00bfCu\u00e1ntos puntos requieren comunicaci\u00f3n? \u00bfCu\u00e1l es la distancia? \u00bfCu\u00e1l es el nivel de robustez necesario?<\/p>\n<\/p><\/div>\n<div style='display: flex; flex-wrap: wrap; gap: 30px; margin-top: 30px;'>\n<div style='flex: 1 1 180px; text-align: center;'> <img style='width: 100%; height: auto; border: 1px solid rgba(150&comma;150&comma;150&comma;0.3); border-radius: 8px;' src='https:\/\/ftp3.syscom.mx\/usuarios\/ftp\/vista-producto\/cambium\/cnvision\/client-maxr-450x450 copia.png' alt='CLIENT MAXr'> <\/p>\n<p style='font-size: 14px; margin-top: 10px; color: inherit;'><strong>CLIENT MAXr<\/strong><\/p>\n<p style='font-size: 12px; color: inherit;'>Distancias largas<\/p>\n<\/p><\/div>\n<div style='flex: 1 1 180px; text-align: center;'> <img style='width: 100%; height: auto; border: 1px solid rgba(150&comma;150&comma;150&comma;0.3); border-radius: 8px;' src='https:\/\/ftp3.syscom.mx\/usuarios\/ftp\/vista-producto\/cambium\/cnvision\/client-mini-450x450 copia.png' alt='CLIENT MINI'> <\/p>\n<p style='font-size: 14px; margin-top: 10px; color: inherit;'><strong>CLIENT MINI<\/strong><\/p>\n<p style='font-size: 12px; color: inherit;'>Distancias medianas<\/p>\n<\/p><\/div>\n<div style='flex: 1 1 180px; text-align: center;'> <img style='width: 100%; height: auto; border: 1px solid rgba(150&comma;150&comma;150&comma;0.3); border-radius: 8px;' src='https:\/\/ftp3.syscom.mx\/usuarios\/ftp\/vista-producto\/cambium\/cnvision\/client-micro-450x450 copia.png' alt='CLIENT MICRO'> <\/p>\n<p style='font-size: 14px; margin-top: 10px; color: inherit;'><strong>CLIENT MICRO<\/strong><\/p>\n<p style='font-size: 12px; color: inherit;'>Distancias cortas<\/p>\n<\/p><\/div>\n<\/p><\/div>\n<\/p><\/div>\n<\/p><\/div>\n<p> <!-- Companion app --> <\/p>\n<div style='width: 100%; background-color: rgba(235&comma;240&comma;244&comma;0.5); margin: 20px 0 60px;'>\n<div style='width: 100%; max-width: 1000px; margin: 0 auto; padding: 40px 20px;'>\n<div style='display: flex; flex-wrap: wrap; align-items: center; justify-content: center; gap: 30px;'>\n<div style='flex: 1 1 300px;'> <img style='width: 100%; height: auto; border: 1px solid rgba(150&comma;150&comma;150&comma;0.3); border-radius: 8px;' src='https:\/\/ftp3.syscom.mx\/usuarios\/ftp\/vista-producto\/cambium\/cnvision\/cnCompanion copia.png' alt='cnCompanion'> <\/div>\n<div style='flex: 1 1 300px;'>\n<p style='font-size: 14px; color: inherit;'>\n<\/p><\/div>\n<\/p><\/div>\n<\/p><\/div>\n<\/p><\/div>\n<p> <!-- Laptop image --> <\/p>\n<div style='width: 100%; max-width: 1200px; margin: 40px auto;'> <img style='width: 100%; height: auto; border: 1px solid rgba(150&comma;150&comma;150&comma;0.3); border-radius: 8px;' src='https:\/\/ftp3.syscom.mx\/usuarios\/ftp\/vista-producto\/cambium\/cnvision\/cnVision_laptop.jpg' alt='Visualizaci\u00f3n en laptop'> <\/div>\n<p> <!-- Additional questions --> <\/p>\n<div style='width: 100%; max-width: 1000px; margin: 40px auto;'>\n<h2 style='font-size: 28px; font-weight: bold; text-align: center; color: inherit; margin: 0 0 40px;'>Algunas preguntas adicionales<\/h2>\n<div style='margin: 40px 0;'>\n<h3 style='font-size: 20px; font-weight: bold; color: inherit; margin: 0 0 20px;'>\u00bfQu\u00e9 antena debo de usar?<\/h3>\n<p style='font-size: 14px; color: inherit; margin: 10px 0;'>HUB 360 cuenta con una antena integrada de 360\u00b0.<\/p>\n<div style='width: 100%; max-width: 225px; margin: 20px auto;'> <img style='width: 100%; height: auto; border: 1px solid rgba(150&comma;150&comma;150&comma;0.3); border-radius: 8px;' src='https:\/\/ftp3.syscom.mx\/usuarios\/ftp\/vista-producto\/cambium\/cnvision\/HUB-360-range-1-225x225 copia.png' alt='Antena HUB 360'> <\/div>\n<p style='font-size: 14px; color: inherit; margin: 20px 0 0;'><strong>HUB FLEXr tiene varias opciones de antena:<\/strong><\/p>\n<\/p><\/div>\n<div style='display: flex; flex-wrap: wrap; gap: 30px; margin-top: 30px;'>\n<div style='flex: 1 1 250px; text-align: center;'> <img style='width: 100%; height: auto; border: 1px solid rgba(150&comma;150&comma;150&comma;0.3); border-radius: 8px;' src='https:\/\/ftp3.syscom.mx\/usuarios\/ftp\/vista-producto\/cambium\/cnvision\/omni-directional-320rv.jpg' alt='Antena omnidireccional'> <\/p>\n<p style='font-size: 14px; margin-top: 10px; color: inherit;'><strong>OMNIDIRECCIONAL<\/strong><\/p>\n<p style='font-size: 12px; color: inherit;'>360\u00ba Coverage 8 dBi \/ Short Range<\/p>\n<\/p><\/div>\n<div style='flex: 1 1 250px; text-align: center;'> <img style='width: 100%; height: auto; border: 1px solid rgba(150&comma;150&comma;150&comma;0.3); border-radius: 8px;' src='https:\/\/ftp3.syscom.mx\/usuarios\/ftp\/vista-producto\/cambium\/cnvision\/90-sector-320.jpg' alt='Antena sector de 90\u00ba'> <\/p>\n<p style='font-size: 14px; margin-top: 10px; color: inherit;'><strong>SECTOR DE 90\u00ba<\/strong><\/p>\n<p style='font-size: 12px; color: inherit;'>90\u00ba\/120\u00ba Distancias largas<\/p>\n<\/p><\/div>\n<div style='flex: 1 1 250px; text-align: center;'> <img style='width: 100%; height: auto; border: 1px solid rgba(150&comma;150&comma;150&comma;0.3); border-radius: 8px;' src='https:\/\/ftp3.syscom.mx\/usuarios\/ftp\/vista-producto\/cambium\/cnvision\/Symmetrical-Horn-HG3-TP-S60_2-FI-320.jpg' alt='Antenas RF-ELEMENTS'> <\/p>\n<p style='font-size: 14px; margin-top: 10px; color: inherit;'><strong>Antenas RF-ELEMENTS<\/strong><\/p>\n<p style='font-size: 12px; color: inherit;'>45\u00ba \u2013 90\u00ba Coverage<\/p>\n<p style='font-size: 12px; color: inherit;'>Cobertura asim\u00e9trica<\/p>\n<p style='font-size: 12px; color: inherit;'>Excelente inmunidad al ruido<\/p>\n<\/p><\/div>\n<\/p><\/div>\n<\/p><\/div>\n<\/p><\/div>\n","protected":false},"excerpt":{"rendered":"<p>Cliente MAXr cnVision para enlazar c\u00e1maras de videovigilancia a HUB FLEXr (hasta 2.5km) o HUB 360r (hasta 1.5km)<\/p>\n","protected":false},"featured_media":77028,"comment_status":"open","ping_status":"closed","template":"","meta":[],"product_brand":[],"product_cat":[1998],"product_tag":[1999,1316,1980],"class_list":{"0":"post-117710","1":"product","2":"type-product","3":"status-publish","4":"has-post-thumbnail","6":"product_cat-5-y-6-ghz","7":"product_tag-5-y-6-ghz","8":"product_tag-cambium-networks","9":"product_tag-enlaces-ptp-y-ptmp","11":"first","12":"outofstock","13":"sale","14":"shipping-taxable","15":"purchasable","16":"product-type-simple"},"_links":{"self":[{"href":"https:\/\/soydeaqui.ddns.net\/pachuca\/index.php\/wp-json\/wp\/v2\/product\/117710","targetHints":{"allow":["GET"]}}],"collection":[{"href":"https:\/\/soydeaqui.ddns.net\/pachuca\/index.php\/wp-json\/wp\/v2\/product"}],"about":[{"href":"https:\/\/soydeaqui.ddns.net\/pachuca\/index.php\/wp-json\/wp\/v2\/types\/product"}],"replies":[{"embeddable":true,"href":"https:\/\/soydeaqui.ddns.net\/pachuca\/index.php\/wp-json\/wp\/v2\/comments?post=117710"}],"wp:featuredmedia":[{"embeddable":true,"href":"https:\/\/soydeaqui.ddns.net\/pachuca\/index.php\/wp-json\/wp\/v2\/media\/77028"}],"wp:attachment":[{"href":"https:\/\/soydeaqui.ddns.net\/pachuca\/index.php\/wp-json\/wp\/v2\/media?parent=117710"}],"wp:term":[{"taxonomy":"product_brand","embeddable":true,"href":"https:\/\/soydeaqui.ddns.net\/pachuca\/index.php\/wp-json\/wp\/v2\/product_brand?post=117710"},{"taxonomy":"product_cat","embeddable":true,"href":"https:\/\/soydeaqui.ddns.net\/pachuca\/index.php\/wp-json\/wp\/v2\/product_cat?post=117710"},{"taxonomy":"product_tag","embeddable":true,"href":"https:\/\/soydeaqui.ddns.net\/pachuca\/index.php\/wp-json\/wp\/v2\/product_tag?post=117710"}],"curies":[{"name":"wp","href":"https:\/\/api.w.org\/{rel}","templated":true}]}}