{"id":117709,"date":"2026-03-24T03:30:41","date_gmt":"2026-03-24T03:30:41","guid":{"rendered":"https:\/\/soydeaqui.ddns.net\/pachuca\/index.php\/producto\/hub-flexr-cnvision-para-enlazar-camaras-de-videovigilancia-de-clientes-cnvision-a-distancias-de-hasta-3-km-distancia-dependera-de-la-antena\/"},"modified":"2026-03-24T03:30:44","modified_gmt":"2026-03-24T03:30:44","slug":"hub-flexr-cnvision-para-enlazar-camaras-de-videovigilancia-de-clientes-cnvision-a-distancias-de-hasta-3-km-distancia-dependera-de-la-antena","status":"publish","type":"product","link":"https:\/\/soydeaqui.ddns.net\/pachuca\/index.php\/producto\/hub-flexr-cnvision-para-enlazar-camaras-de-videovigilancia-de-clientes-cnvision-a-distancias-de-hasta-3-km-distancia-dependera-de-la-antena\/","title":{"rendered":"HUB FLEXr cnVision para enlazar c\u00e1maras de videovigilancia de Clientes cnVision a distancias de hasta 3 km (distancia depender\u00e1 de la antena)"},"content":{"rendered":"<div style='width: 100%; max-width: 1200px; margin: 0 auto; font-family: sans-serif; line-height: 1.6; color: inherit; background-color: transparent;'>\n<div style='width: 100%; background-image: url('https:\/\/ftp3.syscom.mx\/usuarios\/ftp\/vista-producto\/cambium\/cnvision\/cnVision_camera_hero.png'); background-position: center top; background-repeat: no-repeat; background-size: cover; position: relative;'>\n<div style='display: flex; flex-wrap: wrap; gap: 30px; padding: 40px 20px;'>\n<div style='flex: 1 1 200px; min-width: 180px;'><img style='width: 100%; height: auto; border: 1px solid rgba(150&comma;150&comma;150&comma;0.3); border-radius: 8px;' src='https:\/\/ftp3.syscom.mx\/usuarios\/ftp\/vista-producto\/cambium\/cnvision\/cnVision_logo_no_tag_RED_WHT copia.png' alt='Logo cnVision'><\/div>\n<\/div>\n<div style='display: flex; flex-wrap: wrap; gap: 30px; padding: 0 20px 40px;'>\n<div style='flex: 1 1 400px; min-width: 300px;'>\n<h1 style='font-size: 28px; color: inherit; margin-top: 0; margin-bottom: 15px;'>Enlaces inal\u00e1mbricos dise\u00f1ados especialmente para videovigilancia y CCTV<\/h1>\n<\/div>\n<div style='flex: 1 1 400px; min-width: 300px;'><img style='width: 100%; height: auto; border: 1px solid rgba(150&comma;150&comma;150&comma;0.3); border-radius: 8px;' src='https:\/\/ftp3.syscom.mx\/usuarios\/ftp\/vista-producto\/cambium\/cnvision\/cnVision_collage copia.png' alt='Collage cnVision'><\/div>\n<\/div>\n<\/div>\n<div style='width: 100%; text-align: center; margin: 60px 0 80px;'>\n<h1 style='font-size: 24px; margin: 0; color: inherit;'><span style='color: inherit;'><strong>Donde quiera que necesite colocar una<\/strong> <strong>c\u00e1mara<\/strong>&comma;<strong> cnVision hace la conexi\u00f3n.<\/strong><\/span><\/h1>\n<\/div>\n<div style='width: 100%; text-align: center; margin: 40px 0;'><img style='width: 100%; height: auto; border: 1px solid rgba(150&comma;150&comma;150&comma;0.3); border-radius: 8px; max-width: 800px;' src='https:\/\/ftp3.syscom.mx\/usuarios\/ftp\/vista-producto\/cambium\/cnvision\/cnVision_network-1024x352 copia.png' alt='Red cnVision'><\/div>\n<div style='width: 100%; background-color: #ebf0f4; margin: 60px 0 80px; padding: 40px 20px;'>\n<div style='max-width: 1200px; margin: 0 auto;'>\n<div style='width: 100%; text-align: center; margin-bottom: 40px;'>\n<h2 style='font-size: 24px; color: inherit; margin: 0;'><span style='color: inherit;'><strong>\u00bfCu\u00e1les son las ventajas de cnVision en comparaci\u00f3n con otras soluciones inal\u00e1mbricas?<\/strong><\/span><\/h2>\n<\/div>\n<div style='display: flex; flex-wrap: wrap; justify-content: center; gap: 30px; margin-top: 30px;'>\n<div style='flex: 1 1 180px; min-width: 150px; text-align: center;'><img style='width: 100%; height: auto; border: 1px solid rgba(150&comma;150&comma;150&comma;0.3); border-radius: 8px; max-width: 120px; margin: 0 auto 20px;' src='https:\/\/ftp3.syscom.mx\/usuarios\/ftp\/vista-producto\/cambium\/cnvision\/easy_install copia.png' alt='F\u00e1cil de instalar'><\/p>\n<p style='font-size: 16px; margin: 10px 0 0; color: inherit;'><strong>F\u00e1cil de instalar<\/strong><\/p>\n<\/div>\n<div style='flex: 1 1 180px; min-width: 150px; text-align: center;'><img style='width: 100%; height: auto; border: 1px solid rgba(150&comma;150&comma;150&comma;0.3); border-radius: 8px; max-width: 120px; margin: 0 auto 20px;' src='https:\/\/ftp3.syscom.mx\/usuarios\/ftp\/vista-producto\/cambium\/cnvision\/cost_effective copia.png' alt='Costo-Beneficio'><\/p>\n<p style='font-size: 16px; margin: 10px 0 0; color: inherit;'><strong>Costo-Beneficio<\/strong><\/p>\n<\/div>\n<div style='flex: 1 1 180px; min-width: 150px; text-align: center;'><img style='width: 100%; height: auto; border: 1px solid rgba(150&comma;150&comma;150&comma;0.3); border-radius: 8px; max-width: 120px; margin: 0 auto 20px;' src='https:\/\/ftp3.syscom.mx\/usuarios\/ftp\/vista-producto\/cambium\/cnvision\/easy_manage copia.png' alt='F\u00e1cil de dise\u00f1ar y administrar'><\/p>\n<p style='font-size: 16px; margin: 10px 0 0; color: inherit;'><strong>F\u00e1cil de dise\u00f1ar y administrar<\/strong><\/p>\n<\/div>\n<div style='flex: 1 1 180px; min-width: 150px; text-align: center;'><img style='width: 100%; height: auto; border: 1px solid rgba(150&comma;150&comma;150&comma;0.3); border-radius: 8px; max-width: 120px; margin: 0 auto 20px;' src='https:\/\/ftp3.syscom.mx\/usuarios\/ftp\/vista-producto\/cambium\/cnvision\/secure copia.png' alt='Cifrado seguro'><\/p>\n<p style='font-size: 16px; margin: 10px 0 0; color: inherit;'><strong>Cifrado seguro<\/strong><\/p>\n<\/div>\n<div style='flex: 1 1 180px; min-width: 150px; text-align: center;'><img style='width: 100%; height: auto; border: 1px solid rgba(150&comma;150&comma;150&comma;0.3); border-radius: 8px; max-width: 120px; margin: 0 auto 20px;' src='https:\/\/ftp3.syscom.mx\/usuarios\/ftp\/vista-producto\/cambium\/cnvision\/support copia.png' alt='Soporte 24\/7'><\/p>\n<p style='font-size: 16px; margin: 10px 0 0; color: inherit;'><strong>Soporte 24\/7<\/strong><\/p>\n<\/div>\n<div style='flex: 1 1 180px; min-width: 150px; text-align: center;'><img style='width: 100%; height: auto; border: 1px solid rgba(150&comma;150&comma;150&comma;0.3); border-radius: 8px; max-width: 120px; margin: 0 auto 20px;' src='https:\/\/ftp3.syscom.mx\/usuarios\/ftp\/vista-producto\/cambium\/cnvision\/3yr_warranty copia.png' alt='3 a\u00f1os de garant\u00eda'><\/p>\n<p style='font-size: 16px; margin: 10px 0 0; color: inherit;'><strong>3 a\u00f1os de garant\u00eda<\/strong><\/p>\n<\/div>\n<\/div>\n<\/div>\n<div style='width: 100%; text-align: center; margin: 60px 0 40px;'>\n<h2 style='font-size: 24px; margin: 0; color: inherit;'><span style='color: inherit;'><strong>L\u00ednea de soluciones cnVision para<\/strong><\/span><\/h2>\n<\/div>\n<div style='display: flex; flex-wrap: wrap; gap: 30px; margin-bottom: 40px;'>\n<div style='flex: 1 1 500px; min-width: 300px; border-bottom: 3px solid #8e8e8e; padding: 10px;'>\n<p style='font-size: 20px; text-align: center; margin: 0; color: inherit;'><strong>Clientes (equipo que va del lado de la c\u00e1mara)<\/strong><\/p>\n<\/div>\n<div style='flex: 1 1 500px; min-width: 300px; border-bottom: 3px solid #8e8e8e; padding: 10px;'>\n<p style='font-size: 20px; text-align: center; margin: 0; color: inherit;'><strong>Hubs (Equipo que va del lado del NVR)<\/strong><\/p>\n<\/div>\n<\/div>\n<div style='display: flex; flex-wrap: wrap; gap: 30px; margin-bottom: 30px;'>\n<div style='flex: 1 1 180px; min-width: 150px; text-align: center;'><img style='width: 100%; height: auto; border: 1px solid rgba(150&comma;150&comma;150&comma;0.3); border-radius: 8px; max-width: 150px; margin: 0 auto 15px;' src='https:\/\/ftp3.syscom.mx\/usuarios\/ftp\/vista-producto\/cambium\/cnvision\/client-maxr-450x450 copia.png' alt='CLIENT MAXr'><\/p>\n<h3 style='font-size: 16px; margin: 10px 0 5px; color: inherit;'><strong>CLIENT MAXr<\/strong><\/h3>\n<\/div>\n<div style='flex: 1 1 180px; min-width: 150px; text-align: center;'><img style='width: 100%; height: auto; border: 1px solid rgba(150&comma;150&comma;150&comma;0.3); border-radius: 8px; max-width: 150px; margin: 0 auto 15px;' src='https:\/\/ftp3.syscom.mx\/usuarios\/ftp\/vista-producto\/cambium\/cnvision\/client-mini-450x450 copia.png' alt='CLIENT MINI'><\/p>\n<h3 style='font-size: 16px; margin: 10px 0 5px; color: inherit;'><strong>CLIENT MINI<\/strong><\/h3>\n<\/div>\n<div style='flex: 1 1 180px; min-width: 150px; text-align: center;'><img style='width: 100%; height: auto; border: 1px solid rgba(150&comma;150&comma;150&comma;0.3); border-radius: 8px; max-width: 150px; margin: 0 auto 15px;' src='https:\/\/ftp3.syscom.mx\/usuarios\/ftp\/vista-producto\/cambium\/cnvision\/client-micro-450x450 copia.png' alt='CLIENT MICRO'><\/p>\n<h3 style='font-size: 16px; margin: 10px 0 5px; color: inherit;'><strong>CLIENT MICRO<\/strong><\/h3>\n<\/div>\n<div style='flex: 1 1 180px; min-width: 150px; text-align: center;'><img style='width: 100%; height: auto; border: 1px solid rgba(150&comma;150&comma;150&comma;0.3); border-radius: 8px; max-width: 150px; margin: 0 auto 15px;' src='https:\/\/ftp3.syscom.mx\/usuarios\/ftp\/vista-producto\/cambium\/cnvision\/hub-flexr-450x450 copia.png' alt='HUB FLEXr'><\/p>\n<h3 style='font-size: 16px; margin: 10px 0 5px; color: inherit;'><strong>HUB FLEXr<\/strong><\/h3>\n<\/div>\n<div style='flex: 1 1 180px; min-width: 150px; text-align: center;'><img style='width: 100%; height: auto; border: 1px solid rgba(150&comma;150&comma;150&comma;0.3); border-radius: 8px; max-width: 150px; margin: 0 auto 15px;' src='https:\/\/ftp3.syscom.mx\/usuarios\/ftp\/vista-producto\/cambium\/cnvision\/hub-360r-450x450 copia.png' alt='HUB 360r'><\/p>\n<h3 style='font-size: 16px; margin: 10px 0 5px; color: inherit;'><strong>HUB 360r<\/strong><\/h3>\n<\/div>\n<\/div>\n<div style='display: flex; flex-wrap: wrap; gap: 30px; margin-bottom: 30px;'>\n<div style='flex: 1 1 180px; min-width: 150px; text-align: center;'>\n<p style='font-size: 14px; margin: 10px 0; color: inherit;'><strong>Largo alcance<\/strong><\/p>\n<\/div>\n<div style='flex: 1 1 180px; min-width: 150px; text-align: center;'>\n<p style='font-size: 14px; margin: 10px 0; color: inherit;'><strong>Distancias medianas<\/strong><\/p>\n<\/div>\n<div style='flex: 1 1 180px; min-width: 150px; text-align: center;'>\n<p style='font-size: 14px; margin: 10px 0; color: inherit;'><strong>Cortas distancias<\/strong><\/p>\n<\/div>\n<div style='flex: 1 1 180px; min-width: 150px; text-align: center;'>\n<p style='font-size: 14px; margin: 10px 0; color: inherit;'><strong>Hasta 5 millas \/ 8km<\/strong><\/p>\n<\/div>\n<div style='flex: 1 1 180px; min-width: 150px; text-align: center;'>\n<p style='font-size: 14px; margin: 10px 0; color: inherit;'><strong>Hasta 1 milla\/ 1.6km<\/strong><\/p>\n<\/div>\n<\/div>\n<div style='display: flex; flex-wrap: wrap; gap: 30px; margin-bottom: 30px;'>\n<div style='flex: 1 1 180px; min-width: 150px; text-align: center;'>\n<p style='font-size: 13px; margin: 10px 0; color: inherit;'>Protecci\u00f3n IP67<\/p>\n<\/div>\n<div style='flex: 1 1 180px; min-width: 150px; text-align: center;'>\n<p style='font-size: 13px; margin: 10px 0; color: inherit;'>Tambi\u00e9n se puede poner como HUB<\/p>\n<\/div>\n<div style='flex: 1 1 180px; min-width: 150px; text-align: center;'>\n<p style='font-size: 13px; margin: 10px 0; color: inherit;'>Tambi\u00e9n se puede poner como HUB<\/p>\n<\/div>\n<div style='flex: 1 1 180px; min-width: 150px; text-align: center;'>\n<p style='font-size: 13px; margin: 10px 0; color: inherit;'>Distancia de cobertura depender\u00e1 de la antena que se le instale<\/p>\n<\/div>\n<div style='flex: 1 1 180px; min-width: 150px; text-align: center;'>\n<p style='font-size: 13px; margin: 10px 0; color: inherit;'>Cobertura 360\u00b0<\/p>\n<\/div>\n<\/div>\n<div style='display: flex; flex-wrap: wrap; gap: 30px; margin-bottom: 30px;'>\n<div style='flex: 1 1 180px; min-width: 150px; text-align: center;'>\n<p style='font-size: 13px; margin: 10px 0; color: inherit;'>\n<\/div>\n<div style='flex: 1 1 180px; min-width: 150px; text-align: center;'>\n<p style='font-size: 13px; margin: 10px 0; color: inherit;'>Protecci\u00f3n IP55<\/p>\n<\/div>\n<div style='flex: 1 1 180px; min-width: 150px; text-align: center;'>\n<p style='font-size: 13px; margin: 10px 0; color: inherit;'>Protecci\u00f3n IP55<\/p>\n<\/div>\n<div style='flex: 1 1 180px; min-width: 150px; text-align: center;'>\n<p style='font-size: 13px; margin: 10px 0; color: inherit;'>Protecci\u00f3n IP67<\/p>\n<\/div>\n<div style='flex: 1 1 180px; min-width: 150px; text-align: center;'>\n<p style='font-size: 13px; margin: 10px 0; color: inherit;'>Protecci\u00f3n IP67<\/p>\n<\/div>\n<\/div>\n<div style='display: flex; flex-wrap: wrap; gap: 30px; margin: 40px 0;'>\n<div style='flex: 1 1 500px; min-width: 300px;'><img style='width: 100%; height: auto; border: 1px solid rgba(150&comma;150&comma;150&comma;0.3); border-radius: 8px;' src='https:\/\/ftp3.syscom.mx\/usuarios\/ftp\/vista-producto\/cambium\/cnvision\/Client-range-graphic-1024x554.jpg' alt='Gr\u00e1fica de rango de cliente'><\/div>\n<div style='flex: 1 1 500px; min-width: 300px;'><img style='width: 100%; height: auto; border: 1px solid rgba(150&comma;150&comma;150&comma;0.3); border-radius: 8px;' src='https:\/\/ftp3.syscom.mx\/usuarios\/ftp\/vista-producto\/cambium\/cnvision\/HUB-range-graphic-1024x554.jpg' alt='Gr\u00e1fica de rango de HUB'><\/div>\n<\/div>\n<div style='display: flex; flex-wrap: wrap; gap: 30px; margin: 20px 0 40px; justify-content: space-between;'>\n<div style='flex: 1 1 300px; min-width: 250px;'>\n<p style='font-size: 15px; margin: 0; color: inherit;'><strong>Distancia de cliente<\/strong><\/p>\n<\/div>\n<div style='flex: 1 1 300px; min-width: 250px;'>\n<p style='font-size: 15px; margin: 0; color: inherit;'><strong>Distancia de Hub<\/strong><\/p>\n<\/div>\n<\/div>\n<div style='width: 100%; text-align: center; margin: 40px 0;'><img style='width: 100%; height: auto; border: 1px solid rgba(150&comma;150&comma;150&comma;0.3); border-radius: 8px; max-width: 1000px; margin: 0 auto;' src='https:\/\/ftp3.syscom.mx\/usuarios\/ftp\/vista-producto\/cambium\/cnvision\/cnvision_install.jpg' alt='Instalaci\u00f3n cnVision'><\/div>\n<div style='width: 100%; background-color: #ebf0f4; margin: 40px 0; padding: 40px 20px;'>\n<div style='max-width: 1200px; margin: 0 auto;'>\n<div style='width: 100%; text-align: center; margin-bottom: 30px;'>\n<h2 style='font-size: 24px; margin: 0 0 10px; color: inherit;'><strong>Configurar su red es f\u00e1cil.<\/strong><\/h2>\n<p style='font-size: 18px; margin: 0; color: inherit;'>Solo unas pocas preguntas y estar\u00e1 en camino a la configuraci\u00f3n ideal.<\/p>\n<\/div>\n<div style='width: 100%; margin: 30px 0;'>\n<p style='font-size: 18px; margin: 0 0 10px; color: inherit;'><strong>\u00bfBusca conectar dos puntos?<\/strong><\/p>\n<p style='font-size: 15px; margin: 0; color: inherit;'><strong>Elija dos clientes para conectar un punto &#8216;A&#8217; al punto &#8216;B&#8217;.<\/strong><\/p>\n<\/div>\n<div style='width: 100%; margin: 30px 0;'>\n<p style='font-size: 18px; margin: 0 0 10px; color: inherit;'><strong>\u00bfBusca conectar m\u00faltiples puntos a un solo punto?<\/strong><\/p>\n<p style='font-size: 15px; margin: 0; color: inherit;'><strong>Elija un Hub y la cantidad de clientes que sean necesarios.<\/strong><\/p>\n<\/div>\n<div style='width: 100%; background-color: #ebf0f4; margin: 60px 0; padding: 40px 20px;'>\n<div style='display: flex; flex-wrap: wrap; gap: 30px; justify-content: center; align-items: center;'>\n<div style='flex: 1 1 300px; min-width: 250px; text-align: center;'>\n<p style='font-size: 20px; margin: 0 0 10px; color: inherit;'><strong>Elija su HUB<\/strong><\/p>\n<p style='font-size: 16px; margin: 0; color: inherit;'><span style='color: inherit;'>\u00bfDesde qu\u00e9 distancia estar\u00e1 monitoreando c\u00e1maras?<\/span><\/p>\n<\/div>\n<div style='flex: 1 1 250px; min-width: 200px; text-align: center;'><img style='width: 100%; height: auto; border: 1px solid rgba(150&comma;150&comma;150&comma;0.3); border-radius: 8px; max-width: 150px; margin: 0 auto 15px;' src='https:\/\/ftp3.syscom.mx\/usuarios\/ftp\/vista-producto\/cambium\/cnvision\/hub-flexr-450x450 copia.png' alt='HUB FLEXr'><\/p>\n<p style='font-size: 14px; margin: 10px 0 5px; color: inherit;'><strong>HUB FLEXr<\/strong><\/p>\n<p style='font-size: 14px; margin: 0; color: inherit;'><strong>Hasta 5mi \/ 8km<\/strong><\/p>\n<\/div>\n<div style='flex: 1 1 250px; min-width: 200px; text-align: center;'><img style='width: 100%; height: auto; border: 1px solid rgba(150&comma;150&comma;150&comma;0.3); border-radius: 8px; max-width: 150px; margin: 0 auto 15px;' src='https:\/\/ftp3.syscom.mx\/usuarios\/ftp\/vista-producto\/cambium\/cnvision\/hub-360r-450x450 copia.png' alt='HUB 360'><\/p>\n<p style='font-size: 14px; margin: 10px 0 5px; color: inherit;'><strong>HUB 360<\/strong><\/p>\n<p style='font-size: 14px; margin: 0; color: inherit;'><strong>Hasta 1 milla\/ 1.6km<\/strong><\/p>\n<\/div>\n<\/div>\n<\/div>\n<div style='width: 100%; background-color: #ebf0f4; margin: 40px 0; padding: 40px 20px;'>\n<div style='display: flex; flex-wrap: wrap; gap: 30px; justify-content: center; align-items: center;'>\n<div style='flex: 1 1 250px; min-width: 200px; text-align: center;'>\n<p style='font-size: 20px; margin: 0 0 10px; color: inherit;'><strong>Elija los Clientes<\/strong><\/p>\n<p style='font-size: 16px; margin: 0; color: inherit;'><span style='color: inherit;'>\u00bfCu\u00e1ntos puntos requieren comunicaci\u00f3n? \u00bfCu\u00e1l es la distancia? \u00bfCu\u00e1l es el nivel de robustez necesario?<\/span><\/p>\n<\/div>\n<div style='flex: 1 1 250px; min-width: 200px; text-align: center;'><img style='width: 100%; height: auto; border: 1px solid rgba(150&comma;150&comma;150&comma;0.3); border-radius: 8px; max-width: 150px; margin: 0 auto 15px;' src='https:\/\/ftp3.syscom.mx\/usuarios\/ftp\/vista-producto\/cambium\/cnvision\/client-maxr-450x450 copia.png' alt='CLIENT MAXr'><\/p>\n<p style='font-size: 14px; margin: 10px 0 5px; color: inherit;'><strong>CLIENT MAXr<\/strong><\/p>\n<p style='font-size: 14px; margin: 0; color: inherit;'><strong>Distancias largas<\/strong><\/p>\n<\/div>\n<div style='flex: 1 1 250px; min-width: 200px; text-align: center;'><img style='width: 100%; height: auto; border: 1px solid rgba(150&comma;150&comma;150&comma;0.3); border-radius: 8px; max-width: 150px; margin: 0 auto 15px;' src='https:\/\/ftp3.syscom.mx\/usuarios\/ftp\/vista-producto\/cambium\/cnvision\/client-mini-450x450 copia.png' alt='CLIENT MINI'><\/p>\n<p style='font-size: 14px; margin: 10px 0 5px; color: inherit;'><strong>CLIENT MINI<\/strong><\/p>\n<p style='font-size: 14px; margin: 0; color: inherit;'><strong>Distancias medianas<\/strong><\/p>\n<\/div>\n<div style='flex: 1 1 250px; min-width: 200px; text-align: center;'><img style='width: 100%; height: auto; border: 1px solid rgba(150&comma;150&comma;150&comma;0.3); border-radius: 8px; max-width: 150px; margin: 0 auto 15px;' src='https:\/\/ftp3.syscom.mx\/usuarios\/ftp\/vista-producto\/cambium\/cnvision\/client-micro-450x450 copia.png' alt='CLIENT MICRO'><\/p>\n<p style='font-size: 14px; margin: 10px 0 5px; color: inherit;'><strong>CLIENT MICRO<\/strong><\/p>\n<p style='font-size: 14px; margin: 0; color: inherit;'><strong>Distancias cortas<\/strong><\/p>\n<\/div>\n<\/div>\n<\/div>\n<div style='width: 100%; background-color: #ebf0f4; margin: 40px 0; padding: 40px 20px;'>\n<div style='display: flex; flex-wrap: wrap; gap: 30px; justify-content: center; align-items: center;'>\n<div style='flex: 1 1 400px; min-width: 300px; text-align: center;'><img style='width: 100%; height: auto; border: 1px solid rgba(150&comma;150&comma;150&comma;0.3); border-radius: 8px; max-width: 300px; margin: 0 auto;' src='https:\/\/ftp3.syscom.mx\/usuarios\/ftp\/vista-producto\/cambium\/cnvision\/cnCompanion copia.png' alt='cnCompanion'><\/div>\n<div style='flex: 1 1 400px; min-width: 300px; text-align: center;'>\n<p style='font-size: 16px; margin: 0; color: inherit;'>\n<\/div>\n<\/div>\n<\/div>\n<div style='width: 100%; text-align: center; margin: 60px 0 40px;'>\n<h2 style='font-size: 28px; margin: 0 0 20px; color: inherit;'><strong>Algunas preguntas adicionales<\/strong><\/h2>\n<h3 style='font-size: 22px; margin: 0 0 20px; color: inherit;'><strong>\u00bfQu\u00e9 antena debo de usar?<\/strong><\/h3>\n<p style='font-size: 16px; margin: 0 0 20px; color: inherit;'>HUB 360 cuenta con una antena integrada de 360\u00b0.<\/p>\n<div style='width: 100%; text-align: center; margin: 20px 0;'><img style='width: 100%; height: auto; border: 1px solid rgba(150&comma;150&comma;150&comma;0.3); border-radius: 8px; max-width: 225px; margin: 0 auto;' src='https:\/\/ftp3.syscom.mx\/usuarios\/ftp\/vista-producto\/cambium\/cnvision\/HUB-360-range-1-225x225 copia.png' alt='Antena HUB 360'><\/div>\n<h3 style='font-size: 18px; margin: 30px 0 10px; color: inherit;'><strong>HUB FLEXr tiene varias opciones de antena:<\/strong><\/h3>\n<\/div>\n<div style='display: flex; flex-wrap: wrap; gap: 30px; margin: 40px 0;'>\n<div style='flex: 1 1 300px; min-width: 250px; text-align: center;'><img style='width: 100%; height: auto; border: 1px solid rgba(150&comma;150&comma;150&comma;0.3); border-radius: 8px; max-width: 200px; margin: 0 auto 15px;' src='https:\/\/ftp3.syscom.mx\/usuarios\/ftp\/vista-producto\/cambium\/cnvision\/omni-directional-320rv.jpg' alt='Antena Omnidireccional'><\/p>\n<p style='font-size: 16px; margin: 10px 0 5px; color: inherit;'><strong>OMNIDIRECCIONAL<\/strong><\/p>\n<p style='font-size: 14px; margin: 0; color: inherit;'>360\u00ba Coverage 8 dBi \/ Short Range<\/p>\n<\/div>\n<div style='flex: 1 1 300px; min-width: 250px; text-align: center;'><img style='width: 100%; height: auto; border: 1px solid rgba(150&comma;150&comma;150&comma;0.3); border-radius: 8px; max-width: 200px; margin: 0 auto 15px;' src='https:\/\/ftp3.syscom.mx\/usuarios\/ftp\/vista-producto\/cambium\/cnvision\/90-sector-320.jpg' alt='Sector de 90\u00ba'><\/p>\n<p style='font-size: 16px; margin: 10px 0 5px; color: inherit;'><strong>SECTOR DE 90\u00ba<\/strong><\/p>\n<p style='font-size: 14px; margin: 0; color: inherit;'>90\u00ba\/120\u00ba Distancias largas<\/p>\n<\/div>\n<div style='flex: 1 1 300px; min-width: 250px; text-align: center;'><img style='width: 100%; height: auto; border: 1px solid rgba(150&comma;150&comma;150&comma;0.3); border-radius: 8px; max-width: 200px; margin: 0 auto 15px;' src='https:\/\/ftp3.syscom.mx\/usuarios\/ftp\/vista-producto\/cambium\/cnvision\/Symmetrical-Horn-HG3-TP-S60_2-FI-320.jpg' alt='Antenas RF-ELEMENTS'><\/p>\n<p style='font-size: 16px; margin: 10px 0 5px; color: inherit;'><strong>Antenas RF-ELEMENTS<\/strong><\/p>\n<p style='font-size: 14px; margin: 5px 0; color: inherit;'>45\u00ba \u2013 90\u00ba Coverage<\/p>\n<p style='font-size: 14px; margin: 5px 0; color: inherit;'>Cobertura asim\u00e9trica<\/p>\n<p style='font-size: 14px; margin: 5px 0; color: inherit;'>Excelente inmunidad al ruido<\/p>\n<\/div>\n<\/div>\n<\/div>\n","protected":false},"excerpt":{"rendered":"<p>HUB FLEXr cnVision para enlazar c\u00e1maras de videovigilancia de Clientes cnVision a distancias de hasta 3 km (distancia depender\u00e1 de la antena)<\/p>\n","protected":false},"featured_media":117708,"comment_status":"open","ping_status":"closed","template":"","meta":[],"product_brand":[],"product_cat":[1998],"product_tag":[1999,1316,1980],"class_list":{"0":"post-117709","1":"product","2":"type-product","3":"status-publish","4":"has-post-thumbnail","6":"product_cat-5-y-6-ghz","7":"product_tag-5-y-6-ghz","8":"product_tag-cambium-networks","9":"product_tag-enlaces-ptp-y-ptmp","11":"first","12":"outofstock","13":"sale","14":"shipping-taxable","15":"purchasable","16":"product-type-simple"},"_links":{"self":[{"href":"https:\/\/soydeaqui.ddns.net\/pachuca\/index.php\/wp-json\/wp\/v2\/product\/117709","targetHints":{"allow":["GET"]}}],"collection":[{"href":"https:\/\/soydeaqui.ddns.net\/pachuca\/index.php\/wp-json\/wp\/v2\/product"}],"about":[{"href":"https:\/\/soydeaqui.ddns.net\/pachuca\/index.php\/wp-json\/wp\/v2\/types\/product"}],"replies":[{"embeddable":true,"href":"https:\/\/soydeaqui.ddns.net\/pachuca\/index.php\/wp-json\/wp\/v2\/comments?post=117709"}],"wp:featuredmedia":[{"embeddable":true,"href":"https:\/\/soydeaqui.ddns.net\/pachuca\/index.php\/wp-json\/wp\/v2\/media\/117708"}],"wp:attachment":[{"href":"https:\/\/soydeaqui.ddns.net\/pachuca\/index.php\/wp-json\/wp\/v2\/media?parent=117709"}],"wp:term":[{"taxonomy":"product_brand","embeddable":true,"href":"https:\/\/soydeaqui.ddns.net\/pachuca\/index.php\/wp-json\/wp\/v2\/product_brand?post=117709"},{"taxonomy":"product_cat","embeddable":true,"href":"https:\/\/soydeaqui.ddns.net\/pachuca\/index.php\/wp-json\/wp\/v2\/product_cat?post=117709"},{"taxonomy":"product_tag","embeddable":true,"href":"https:\/\/soydeaqui.ddns.net\/pachuca\/index.php\/wp-json\/wp\/v2\/product_tag?post=117709"}],"curies":[{"name":"wp","href":"https:\/\/api.w.org\/{rel}","templated":true}]}}