{"id":117707,"date":"2026-03-24T03:30:36","date_gmt":"2026-03-24T03:30:36","guid":{"rendered":"https:\/\/soydeaqui.ddns.net\/pachuca\/index.php\/producto\/hub-360r-cnvision-para-enlazar-camaras-de-videovigilancia-de-clientes-cnvision-a-distancias-de-hasta-1-5-km\/"},"modified":"2026-03-24T03:30:38","modified_gmt":"2026-03-24T03:30:38","slug":"hub-360r-cnvision-para-enlazar-camaras-de-videovigilancia-de-clientes-cnvision-a-distancias-de-hasta-1-5-km","status":"publish","type":"product","link":"https:\/\/soydeaqui.ddns.net\/pachuca\/index.php\/producto\/hub-360r-cnvision-para-enlazar-camaras-de-videovigilancia-de-clientes-cnvision-a-distancias-de-hasta-1-5-km\/","title":{"rendered":"HUB 360r cnVision para enlazar c\u00e1maras de videovigilancia de Clientes cnVision a distancias de hasta 1.5 km"},"content":{"rendered":"<div style='width: 100%; max-width: 1200px; margin: 0 auto; font-family: sans-serif; line-height: 1.6; color: inherit; background-color: transparent;'> <!-- Header con imagen de fondo --> <\/p>\n<div style='width: 100%; background: url(https:\/\/ftp3.syscom.mx\/usuarios\/ftp\/vista-producto\/cambium\/cnvision\/cnVision_camera_hero.png) center top no-repeat; background-size: cover; padding: 40px 0;'>\n<div style='display: flex; justify-content: space-between; align-items: center; flex-wrap: wrap; max-width: 1200px; margin: 0 auto; padding: 0 20px;'>\n<div style='flex: 1 1 200px;'> <img style='width: auto; max-width: 200px; height: auto; display: block; margin: 55px 0 0 60px;' src='https:\/\/ftp3.syscom.mx\/usuarios\/ftp\/vista-producto\/cambium\/cnvision\/cnVision_logo_no_tag_RED_WHT copia.png' alt='Logo cnVision'> <\/div>\n<div style='flex: 2 1 400px; color: white; padding-left: 7%;'>\n<h1 style='font-size: 2.5rem; margin: 0; font-weight: bold;'>Enlaces inal\u00e1mbricos dise\u00f1ados especialmente para videovigilancia y CCTV<\/h1>\n<\/p><\/div>\n<div style='flex: 1 1 300px;'> <img style='width: 100%; max-width: 300px; height: auto; display: block; margin: 80px auto 0;' src='https:\/\/ftp3.syscom.mx\/usuarios\/ftp\/vista-producto\/cambium\/cnvision\/cnVision_collage copia.png' alt='Collage cnVision'> <\/div>\n<\/p><\/div>\n<\/p><\/div>\n<p> <!-- Frase destacada --> <\/p>\n<div style='text-align: center; padding: 60px 20px;'>\n<h1 style='font-size: 2rem; margin: 0; color: inherit;'>Donde quiera que necesite colocar una <strong>c\u00e1mara<\/strong>&comma; <strong>cnVision hace la conexi\u00f3n.<\/strong><\/h1>\n<\/p><\/div>\n<p> <!-- Imagen de red --> <\/p>\n<div style='text-align: center; margin: 40px 0;'> <img style='width: 100%; max-width: 800px; height: auto; border: 1px solid rgba(150&comma;150&comma;150&comma;0.3); border-radius: 8px;' src='https:\/\/ftp3.syscom.mx\/usuarios\/ftp\/vista-producto\/cambium\/cnvision\/cnVision_network-1024x352 copia.png' alt='Red cnVision'> <\/div>\n<p> <!-- Ventajas de cnVision --> <\/p>\n<div style='background-color: #ebf0f4; margin: 60px 0 80px; padding: 40px 20px;'>\n<div style='max-width: 1200px; margin: 0 auto;'>\n<h2 style='font-size: 2rem; text-align: center; margin-bottom: 40px; color: inherit;'>\u00bfCu\u00e1les son las ventajas de cnVision en comparaci\u00f3n con otras soluciones inal\u00e1mbricas?<\/h2>\n<div style='display: flex; flex-wrap: wrap; justify-content: center; gap: 30px;'>\n<div style='flex: 1 1 180px; text-align: center; min-width: 150px;'> <img style='width: 80px; height: auto; margin: 0 auto 20px;' src='https:\/\/ftp3.syscom.mx\/usuarios\/ftp\/vista-producto\/cambium\/cnvision\/easy_install copia.png' alt='F\u00e1cil de instalar'> <\/p>\n<p style='font-size: 1.25rem; font-weight: bold; margin: 10px 0;'>F\u00e1cil de instalar<\/p>\n<\/p><\/div>\n<div style='flex: 1 1 180px; text-align: center; min-width: 150px;'> <img style='width: 80px; height: auto; margin: 0 auto 20px;' src='https:\/\/ftp3.syscom.mx\/usuarios\/ftp\/vista-producto\/cambium\/cnvision\/cost_effective copia.png' alt='Costo-Beneficio'> <\/p>\n<p style='font-size: 1.25rem; font-weight: bold; margin: 10px 0;'>Costo-Beneficio<\/p>\n<\/p><\/div>\n<div style='flex: 1 1 180px; text-align: center; min-width: 150px;'> <img style='width: 80px; height: auto; margin: 0 auto 20px;' src='https:\/\/ftp3.syscom.mx\/usuarios\/ftp\/vista-producto\/cambium\/cnvision\/easy_manage copia.png' alt='F\u00e1cil de dise\u00f1ar y administrar'> <\/p>\n<p style='font-size: 1.25rem; font-weight: bold; margin: 10px 0;'>F\u00e1cil de dise\u00f1ar y administrar<\/p>\n<\/p><\/div>\n<div style='flex: 1 1 180px; text-align: center; min-width: 150px;'> <img style='width: 80px; height: auto; margin: 0 auto 20px;' src='https:\/\/ftp3.syscom.mx\/usuarios\/ftp\/vista-producto\/cambium\/cnvision\/secure copia.png' alt='Cifrado seguro'> <\/p>\n<p style='font-size: 1.25rem; font-weight: bold; margin: 10px 0;'>Cifrado seguro<\/p>\n<\/p><\/div>\n<div style='flex: 1 1 180px; text-align: center; min-width: 150px;'> <img style='width: 80px; height: auto; margin: 0 auto 20px;' src='https:\/\/ftp3.syscom.mx\/usuarios\/ftp\/vista-producto\/cambium\/cnvision\/support copia.png' alt='Soporte 24\/7'> <\/p>\n<p style='font-size: 1.25rem; font-weight: bold; margin: 10px 0;'>Soporte 24\/7<\/p>\n<\/p><\/div>\n<div style='flex: 1 1 180px; text-align: center; min-width: 150px;'> <img style='width: 80px; height: auto; margin: 0 auto 20px;' src='https:\/\/ftp3.syscom.mx\/usuarios\/ftp\/vista-producto\/cambium\/cnvision\/3yr_warranty copia.png' alt='3 a\u00f1os de garant\u00eda'> <\/p>\n<p style='font-size: 1.25rem; font-weight: bold; margin: 10px 0;'>3 a\u00f1os de garant\u00eda<\/p>\n<\/p><\/div>\n<\/p><\/div>\n<\/p><\/div>\n<\/p><\/div>\n<p> <!-- Linea de soluciones --> <\/p>\n<div style='text-align: center; padding: 40px 20px;'>\n<h2 style='font-size: 2rem; margin-bottom: 40px; color: inherit;'>Linea de soluciones cnVision para<\/h2>\n<div style='display: flex; flex-wrap: wrap; justify-content: center; gap: 20px; max-width: 1000px; margin: 0 auto;'>\n<div style='flex: 1 1 300px; border-bottom: 3px solid #8e8e8e; padding: 10px; text-align: center;'>\n<p style='font-size: 1.2rem; margin: 0; font-weight: bold;'>Clientes (equipo que va del lado de la c\u00e1mara)<\/p>\n<\/p><\/div>\n<div style='flex: 1 1 300px; border-bottom: 3px solid #8e8e8e; padding: 10px; text-align: center;'>\n<p style='font-size: 1.2rem; margin: 0; font-weight: bold;'>Hubs (Equipo que va del lado del NVR)<\/p>\n<\/p><\/div>\n<\/p><\/div>\n<\/p><\/div>\n<p> <!-- Productos cnVision --> <\/p>\n<div style='display: flex; flex-wrap: wrap; justify-content: center; gap: 30px; max-width: 1200px; margin: 0 auto 40px; padding: 0 20px;'>\n<div style='flex: 1 1 180px; text-align: center; min-width: 150px;'> <img style='width: 100%; max-width: 200px; height: auto; border: 1px solid rgba(150&comma;150&comma;150&comma;0.3); border-radius: 8px;' src='https:\/\/ftp3.syscom.mx\/usuarios\/ftp\/vista-producto\/cambium\/cnvision\/client-maxr-450x450 copia.png' alt='CLIENT MAXr'> <\/p>\n<h3 style='font-size: 1rem; margin: 15px 0 5px; color: inherit;'>CLIENT MAXr<\/h3>\n<p style='font-size: 0.875rem; margin: 5px 0;'>Largo alcance<\/p>\n<p style='font-size: 0.875rem; margin: 5px 0;'>Protecci\u00f3n IP67<\/p>\n<\/p><\/div>\n<div style='flex: 1 1 180px; text-align: center; min-width: 150px;'> <img style='width: 100%; max-width: 200px; height: auto; border: 1px solid rgba(150&comma;150&comma;150&comma;0.3); border-radius: 8px;' src='https:\/\/ftp3.syscom.mx\/usuarios\/ftp\/vista-producto\/cambium\/cnvision\/client-mini-450x450 copia.png' alt='CLIENT MINI'> <\/p>\n<h3 style='font-size: 1rem; margin: 15px 0 5px; color: inherit;'>CLIENT MINI<\/h3>\n<p style='font-size: 0.875rem; margin: 5px 0;'>Distancias medianas<\/p>\n<p style='font-size: 0.875rem; margin: 5px 0;'>Protecci\u00f3n IP55<\/p>\n<\/p><\/div>\n<div style='flex: 1 1 180px; text-align: center; min-width: 150px;'> <img style='width: 100%; max-width: 200px; height: auto; border: 1px solid rgba(150&comma;150&comma;150&comma;0.3); border-radius: 8px;' src='https:\/\/ftp3.syscom.mx\/usuarios\/ftp\/vista-producto\/cambium\/cnvision\/client-micro-450x450 copia.png' alt='CLIENT MICRO'> <\/p>\n<h3 style='font-size: 1rem; margin: 15px 0 5px; color: inherit;'>CLIENT MICRO<\/h3>\n<p style='font-size: 0.875rem; margin: 5px 0;'>Cortas distancias<\/p>\n<p style='font-size: 0.875rem; margin: 5px 0;'>Protecci\u00f3n IP55<\/p>\n<\/p><\/div>\n<div style='flex: 1 1 180px; text-align: center; min-width: 150px;'> <img style='width: 100%; max-width: 200px; height: auto; border: 1px solid rgba(150&comma;150&comma;150&comma;0.3); border-radius: 8px;' src='https:\/\/ftp3.syscom.mx\/usuarios\/ftp\/vista-producto\/cambium\/cnvision\/hub-flexr-450x450 copia.png' alt='HUB FLEXr'> <\/p>\n<h3 style='font-size: 1rem; margin: 15px 0 5px; color: inherit;'>HUB FLEXr<\/h3>\n<p style='font-size: 0.875rem; margin: 5px 0;'>Hasta 5 millas \/ 8km<\/p>\n<p style='font-size: 0.875rem; margin: 5px 0;'>Distancia de cobertura depender\u00e1 de la antena que se le instale<\/p>\n<p style='font-size: 0.875rem; margin: 5px 0;'>Protecci\u00f3n IP67<\/p>\n<\/p><\/div>\n<div style='flex: 1 1 180px; text-align: center; min-width: 150px;'> <img style='width: 100%; max-width: 200px; height: auto; border: 1px solid rgba(150&comma;150&comma;150&comma;0.3); border-radius: 8px;' src='https:\/\/ftp3.syscom.mx\/usuarios\/ftp\/vista-producto\/cambium\/cnvision\/hub-360r-450x450 copia.png' alt='HUB 360r'> <\/p>\n<h3 style='font-size: 1rem; margin: 15px 0 5px; color: inherit;'>HUB 360r<\/h3>\n<p style='font-size: 0.875rem; margin: 5px 0;'>Hasta 1 milla \/ 1.6km<\/p>\n<p style='font-size: 0.875rem; margin: 5px 0;'>Cobertura 360\u00b0<\/p>\n<p style='font-size: 0.875rem; margin: 5px 0;'>Protecci\u00f3n IP67<\/p>\n<\/p><\/div>\n<\/p><\/div>\n<p> <!-- Gr\u00e1ficos de distancia --> <\/p>\n<div style='display: flex; flex-wrap: wrap; gap: 40px; justify-content: center; max-width: 1200px; margin: 0 auto 40px; padding: 0 20px;'>\n<div style='flex: 1 1 400px; min-width: 300px;'> <img style='width: 100%; max-width: 400px; height: auto; border: 1px solid rgba(150&comma;150&comma;150&comma;0.3); border-radius: 8px;' src='https:\/\/ftp3.syscom.mx\/usuarios\/ftp\/vista-producto\/cambium\/cnvision\/Client-range-graphic-1024x554.jpg' alt='Gr\u00e1fico de distancia de cliente'> <\/p>\n<p style='text-align: center; margin-top: 10px; font-size: 0.9rem;'>Distancia de cliente<\/p>\n<\/p><\/div>\n<div style='flex: 1 1 400px; min-width: 300px;'> <img style='width: 100%; max-width: 400px; height: auto; border: 1px solid rgba(150&comma;150&comma;150&comma;0.3); border-radius: 8px;' src='https:\/\/ftp3.syscom.mx\/usuarios\/ftp\/vista-producto\/cambium\/cnvision\/HUB-range-graphic-1024x554.jpg' alt='Gr\u00e1fico de distancia de HUB'> <\/p>\n<p style='text-align: center; margin-top: 10px; font-size: 0.9rem;'>Distancia de Hub<\/p>\n<\/p><\/div>\n<\/p><\/div>\n<p> <!-- Imagen de instalaci\u00f3n --> <\/p>\n<div style='text-align: center; margin: 40px 0;'> <img style='width: 100%; max-width: 1100px; height: auto; border: 1px solid rgba(150&comma;150&comma;150&comma;0.3); border-radius: 8px;' src='https:\/\/ftp3.syscom.mx\/usuarios\/ftp\/vista-producto\/cambium\/cnvision\/cnvision_install.jpg' alt='Instalaci\u00f3n cnVision'> <\/div>\n<p> <!-- Configuraci\u00f3n f\u00e1cil --> <\/p>\n<div style='background-color: #ebf0f4; margin: 60px 0 80px; padding: 40px 20px;'>\n<div style='max-width: 1200px; margin: 0 auto;'>\n<h2 style='font-size: 2rem; text-align: center; margin-bottom: 20px; color: inherit;'>Configurar su red es f\u00e1cil.<\/h2>\n<p style='text-align: center; font-size: 1.25rem; margin-bottom: 40px;'>Solo unas pocas preguntas y estar\u00e1 en camino a la configuraci\u00f3n ideal.<\/p>\n<div style='display: flex; flex-direction: column; gap: 30px;'>\n<div>\n<h3 style='font-size: 1.25rem; color: #000000; margin: 0; padding: 0;'>\u00bfBusca conectar dos puntos?<\/h3>\n<p style='margin: 10px 0 0 0;'>Elija dos clientes para conectar un punto &#8216;A&#8217; al punto &#8216;B&#8217;.<\/p>\n<\/p><\/div>\n<div>\n<h3 style='font-size: 1.25rem; color: #000000; margin: 0; padding: 0;'>\u00bfBusca conectar m\u00faltiples puntos a un solo punto?<\/h3>\n<p style='margin: 10px 0 0 0;'>Elija un Hub y la cantidad de clientes que sean necesarios.<\/p>\n<\/p><\/div>\n<\/p><\/div>\n<p> <!-- Selecci\u00f3n de HUB --> <\/p>\n<div style='margin-top: 40px;'>\n<h3 style='font-size: 1.5rem; color: #000000; margin: 0 0 20px;'>Elija su HUB<\/h3>\n<p style='margin: 0 0 30px;'>\u00bfDesde qu\u00e9 distancia estar\u00e1 monitoreando c\u00e1maras?<\/p>\n<div style='display: flex; flex-wrap: wrap; justify-content: center; gap: 40px;'>\n<div style='flex: 1 1 250px; text-align: center; min-width: 200px;'> <img style='width: 100%; max-width: 200px; height: auto; border: 1px solid rgba(150&comma;150&comma;150&comma;0.3); border-radius: 8px;' src='https:\/\/ftp3.syscom.mx\/usuarios\/ftp\/vista-producto\/cambium\/cnvision\/hub-flexr-450x450 copia.png' alt='HUB FLEXr'> <\/p>\n<p style='margin: 15px 0 5px; font-weight: bold;'>HUB FLEXr<\/p>\n<p style='margin: 5px 0;'>Up to 5mi \/ 8km<\/p>\n<\/p><\/div>\n<div style='flex: 1 1 250px; text-align: center; min-width: 200px;'> <img style='width: 100%; max-width: 200px; height: auto; border: 1px solid rgba(150&comma;150&comma;150&comma;0.3); border-radius: 8px;' src='https:\/\/ftp3.syscom.mx\/usuarios\/ftp\/vista-producto\/cambium\/cnvision\/hub-360r-450x450 copia.png' alt='HUB 360'> <\/p>\n<p style='margin: 15px 0 5px; font-weight: bold;'>HUB 360<\/p>\n<p style='margin: 5px 0;'>Up to 1 mile\/ 1.6km<\/p>\n<\/p><\/div>\n<\/p><\/div>\n<\/p><\/div>\n<p> <!-- Selecci\u00f3n de clientes --> <\/p>\n<div style='margin-top: 40px;'>\n<h3 style='font-size: 1.5rem; color: #000000; margin: 0 0 20px;'>Elija los Clientes<\/h3>\n<p style='margin: 0 0 30px;'>\u00bfCu\u00e1ntos puntos requieren comunicaci\u00f3n? \u00bfCu\u00e1l es la distancia? \u00bfCu\u00e1l es el nivel de robustez necesario?<\/p>\n<div style='display: flex; flex-wrap: wrap; justify-content: center; gap: 30px;'>\n<div style='flex: 1 1 200px; text-align: center; min-width: 150px;'> <img style='width: 100%; max-width: 200px; height: auto; border: 1px solid rgba(150&comma;150&comma;150&comma;0.3); border-radius: 8px;' src='https:\/\/ftp3.syscom.mx\/usuarios\/ftp\/vista-producto\/cambium\/cnvision\/client-maxr-450x450 copia.png' alt='CLIENT MAXr'> <\/p>\n<p style='margin: 15px 0 5px; font-weight: bold;'>CLIENT MAXr<\/p>\n<p style='margin: 5px 0;'>Distancias largas<\/p>\n<\/p><\/div>\n<div style='flex: 1 1 200px; text-align: center; min-width: 150px;'> <img style='width: 100%; max-width: 200px; height: auto; border: 1px solid rgba(150&comma;150&comma;150&comma;0.3); border-radius: 8px;' src='https:\/\/ftp3.syscom.mx\/usuarios\/ftp\/vista-producto\/cambium\/cnvision\/client-mini-450x450 copia.png' alt='CLIENT MINI'> <\/p>\n<p style='margin: 15px 0 5px; font-weight: bold;'>CLIENT MINI<\/p>\n<p style='margin: 5px 0;'>Distancias medianas<\/p>\n<\/p><\/div>\n<div style='flex: 1 1 200px; text-align: center; min-width: 150px;'> <img style='width: 100%; max-width: 200px; height: auto; border: 1px solid rgba(150&comma;150&comma;150&comma;0.3); border-radius: 8px;' src='https:\/\/ftp3.syscom.mx\/usuarios\/ftp\/vista-producto\/cambium\/cnvision\/client-micro-450x450 copia.png' alt='CLIENT MICRO'> <\/p>\n<p style='margin: 15px 0 5px; font-weight: bold;'>CLIENT MICRO<\/p>\n<p style='margin: 5px 0;'>Distancias cortas<\/p>\n<\/p><\/div>\n<\/p><\/div>\n<\/p><\/div>\n<p> <!-- cnCompanion --> <\/p>\n<div style='display: flex; flex-wrap: wrap; justify-content: center; align-items: center; gap: 40px; margin-top: 60px;'>\n<div style='flex: 1 1 400px; min-width: 300px;'> <img style='width: 100%; max-width: 400px; height: auto; border: 1px solid rgba(150&comma;150&comma;150&comma;0.3); border-radius: 8px;' src='https:\/\/ftp3.syscom.mx\/usuarios\/ftp\/vista-producto\/cambium\/cnvision\/cnCompanion copia.png' alt='cnCompanion'> <\/div>\n<\/p><\/div>\n<\/p><\/div>\n<\/p><\/div>\n<p> <!-- Laptop --> <\/p>\n<div style='text-align: center; margin: 40px 0;'> <img style='width: 100%; max-width: 1100px; height: auto; border: 1px solid rgba(150&comma;150&comma;150&comma;0.3); border-radius: 8px;' src='https:\/\/ftp3.syscom.mx\/usuarios\/ftp\/vista-producto\/cambium\/cnvision\/cnVision_laptop.jpg' alt='Laptop con cnVision'> <\/div>\n<p> <!-- Preguntas adicionales --> <\/p>\n<div style='max-width: 1200px; margin: 0 auto 40px; padding: 0 20px;'>\n<h2 style='font-size: 2.5rem; text-align: center; margin: 60px 0 20px; color: inherit;'>Algunas preguntas adicionales<\/h2>\n<h3 style='font-size: 1.5rem; margin: 20px 0; color: inherit;'>\u00bfQu\u00e9 antena debo de usar?<\/h3>\n<div style='display: flex; flex-wrap: wrap; justify-content: center; align-items: center; gap: 40px; margin: 20px 0;'>\n<div style='flex: 1 1 200px; min-width: 150px;'>\n<p style='text-align: center;'>HUB 360 cuenta con una antena integrada de 360\u00b0.<\/p>\n<p> <img style='width: 100%; max-width: 225px; height: auto; border: 1px solid rgba(150&comma;150&comma;150&comma;0.3); border-radius: 8px;' src='https:\/\/ftp3.syscom.mx\/usuarios\/ftp\/vista-producto\/cambium\/cnvision\/HUB-360-range-1-225x225 copia.png' alt='Antena HUB 360'> <\/div>\n<div style='flex: 2 1 400px; min-width: 200px;'>\n<p style='margin: 0 0 20px; font-weight: bold;'>HUB FLEXr tiene varias opciones de antena:<\/p>\n<div style='display: flex; flex-wrap: wrap; gap: 20px;'>\n<div style='flex: 1 1 200px; text-align: center; min-width: 150px;'> <img style='width: 100%; max-width: 160px; height: auto; border: 1px solid rgba(150&comma;150&comma;150&comma;0.3); border-radius: 8px;' src='https:\/\/ftp3.syscom.mx\/usuarios\/ftp\/vista-producto\/cambium\/cnvision\/omni-directional-320rv.jpg' alt='Antena Omnidireccional'> <\/p>\n<p style='margin: 10px 0 5px; font-weight: bold;'>OMNIDIRECCIONAL<\/p>\n<p style='margin: 5px 0;'>360\u00ba Coverage 8 dBi \/ Short Range<\/p>\n<\/p><\/div>\n<div style='flex: 1 1 200px; text-align: center; min-width: 150px;'> <img style='width: 100%; max-width: 160px; height: auto; border: 1px solid rgba(150&comma;150&comma;150&comma;0.3); border-radius: 8px;' src='https:\/\/ftp3.syscom.mx\/usuarios\/ftp\/vista-producto\/cambium\/cnvision\/90-sector-320.jpg' alt='Sector de 90\u00ba'> <\/p>\n<p style='margin: 10px 0 5px; font-weight: bold;'>SECTOR DE 90\u00ba<\/p>\n<p style='margin: 5px 0;'>90\u00ba\/120\u00ba Distancias largas<\/p>\n<\/p><\/div>\n<div style='flex: 1 1 200px; text-align: center; min-width: 150px;'> <img style='width: 100%; max-width: 160px; height: auto; border: 1px solid rgba(150&comma;150&comma;150&comma;0.3); border-radius: 8px;' src='https:\/\/ftp3.syscom.mx\/usuarios\/ftp\/vista-producto\/cambium\/cnvision\/Symmetrical-Horn-HG3-TP-S60_2-FI-320.jpg' alt='Antenas RF-ELEMENTS'> <\/p>\n<p style='margin: 10px 0 5px; font-weight: bold;'>Antenas RF-ELEMENTS<\/p>\n<p style='margin: 5px 0;'>45\u00ba \u2013 90\u00ba Coverage<\/p>\n<p style='margin: 5px 0;'>Cobertura asim\u00e9trica<\/p>\n<p style='margin: 5px 0;'>Excelente inmunidad al ruido<\/p>\n<\/p><\/div>\n<\/p><\/div>\n<\/p><\/div>\n<\/p><\/div>\n<\/p><\/div>\n<\/p><\/div>\n","protected":false},"excerpt":{"rendered":"<p>HUB 360r cnVision para enlazar c\u00e1maras de videovigilancia de Clientes cnVision a distancias de hasta 1.5 km<\/p>\n","protected":false},"featured_media":117706,"comment_status":"open","ping_status":"closed","template":"","meta":[],"product_brand":[],"product_cat":[1998],"product_tag":[1999,1316,1980],"class_list":{"0":"post-117707","1":"product","2":"type-product","3":"status-publish","4":"has-post-thumbnail","6":"product_cat-5-y-6-ghz","7":"product_tag-5-y-6-ghz","8":"product_tag-cambium-networks","9":"product_tag-enlaces-ptp-y-ptmp","11":"first","12":"outofstock","13":"sale","14":"shipping-taxable","15":"purchasable","16":"product-type-simple"},"_links":{"self":[{"href":"https:\/\/soydeaqui.ddns.net\/pachuca\/index.php\/wp-json\/wp\/v2\/product\/117707","targetHints":{"allow":["GET"]}}],"collection":[{"href":"https:\/\/soydeaqui.ddns.net\/pachuca\/index.php\/wp-json\/wp\/v2\/product"}],"about":[{"href":"https:\/\/soydeaqui.ddns.net\/pachuca\/index.php\/wp-json\/wp\/v2\/types\/product"}],"replies":[{"embeddable":true,"href":"https:\/\/soydeaqui.ddns.net\/pachuca\/index.php\/wp-json\/wp\/v2\/comments?post=117707"}],"wp:featuredmedia":[{"embeddable":true,"href":"https:\/\/soydeaqui.ddns.net\/pachuca\/index.php\/wp-json\/wp\/v2\/media\/117706"}],"wp:attachment":[{"href":"https:\/\/soydeaqui.ddns.net\/pachuca\/index.php\/wp-json\/wp\/v2\/media?parent=117707"}],"wp:term":[{"taxonomy":"product_brand","embeddable":true,"href":"https:\/\/soydeaqui.ddns.net\/pachuca\/index.php\/wp-json\/wp\/v2\/product_brand?post=117707"},{"taxonomy":"product_cat","embeddable":true,"href":"https:\/\/soydeaqui.ddns.net\/pachuca\/index.php\/wp-json\/wp\/v2\/product_cat?post=117707"},{"taxonomy":"product_tag","embeddable":true,"href":"https:\/\/soydeaqui.ddns.net\/pachuca\/index.php\/wp-json\/wp\/v2\/product_tag?post=117707"}],"curies":[{"name":"wp","href":"https:\/\/api.w.org\/{rel}","templated":true}]}}