{"id":117703,"date":"2026-03-24T03:30:22","date_gmt":"2026-03-24T03:30:22","guid":{"rendered":"https:\/\/soydeaqui.ddns.net\/pachuca\/index.php\/producto\/camara-ip-fish-eye-interior-6-megapixel-wdr-120db-ptz-digital-8x-video-analiticos-microsd-h-265\/"},"modified":"2026-03-24T03:30:31","modified_gmt":"2026-03-24T03:30:31","slug":"camara-ip-fish-eye-interior-6-megapixel-wdr-120db-ptz-digital-8x-video-analiticos-microsd-h-265","status":"publish","type":"product","link":"https:\/\/soydeaqui.ddns.net\/pachuca\/index.php\/producto\/camara-ip-fish-eye-interior-6-megapixel-wdr-120db-ptz-digital-8x-video-analiticos-microsd-h-265\/","title":{"rendered":"Camara IP Fish Eye Interior 6 Megapixel \/ WDR 120dB \/ PTZ Digital 8X \/ Video Anal\u00edticos \/ MicroSD \/ H.265"},"content":{"rendered":"<div style='width: 100%; max-width: 1200px; margin: 0 auto; font-family: sans-serif; line-height: 1.6; color: inherit; background-color: transparent;'>\n<div style='text-align: center; margin-bottom: 30px;'> <a href='https:\/\/www.syscom.mx\/principal\/consultarproductosazul?global_search=htasq&#038;ordenar=Relevancia&#038;pag=1' target='_blank' rel='noopener' style='display: inline-block;'> <img style='width: 100%; max-width: 300px; height: auto; border: 1px solid rgba(150&comma;150&comma;150&comma;0.3); border-radius: 8px;' src='https:\/\/ftp3.syscom.mx\/usuarios\/gmagos\/Hanwha\/fotos\/Wisenet%20Q.png' alt=''> <\/a> <\/div>\n<div style='display: grid; grid-template-columns: 1fr; gap: 30px; margin-bottom: 30px;'>\n<div style='position: relative; padding-bottom: 56.25%; height: 0; overflow: hidden; margin-bottom: 30px;'>   <\/div>\n<div>\n<h2 style='font-size: 24px; border-bottom: 2px solid currentColor; padding-bottom: 8px; margin-top: 0; color: inherit; opacity: 0.85;'>H.265 + WiseStream<\/h2>\n<p style='font-size: 15px; color: inherit;'> Mediante WiseStream&comma; la tecnolog\u00eda de compresi\u00f3n de v\u00eddeo de Hanwha Techwin&comma; la serie Wisenet Q reduce el almacenamiento de datos <strong style='color: inherit;'>hasta un 75%<\/strong> en comparaci\u00f3n con la actual tecnolog\u00eda H.264&comma; cuando se combina con la compresi\u00f3n H.265. Los costes del sistema se reducen enormemente sin comprometer la calidad de las im\u00e1genes. <\/p>\n<\/p><\/div>\n<\/p><\/div>\n<hr style='border: 0; border-top: 1px solid rgba(150&comma; 150&comma; 150&comma; 0.3); margin: 30px 0;'>\n<div style='display: grid; grid-template-columns: repeat(auto-fill&comma; minmax(280px&comma; 1fr)); gap: 20px; margin-bottom: 30px;'>\n<div style='border: 1px solid rgba(150&comma; 150&comma; 150&comma; 0.4); border-radius: 8px; overflow: hidden; display: flex; flex-direction: column;'>\n<div style='padding: 15px; border-bottom: 1px solid rgba(150&comma; 150&comma; 150&comma; 0.2); font-weight: bold; font-size: 18px; color: inherit;'>Caracter\u00edsticas principales<\/div>\n<div style='padding: 15px; color: inherit;'>\n<ul style='padding-left: 20px; margin: 0; font-size: 14px; list-style-type: disc;'>\n<li style='margin-bottom: 5px;'><strong style='color: inherit;'>Sensor de imagen:<\/strong> 1\/1.8 CMOS Scan Progresivo.<\/li>\n<li style='margin-bottom: 5px;'><strong style='color: inherit;'>Iluminaci\u00f3n m\u00ednima:<\/strong> Color: 0.2 Lux<\/li>\n<li style='margin-bottom: 5px;'><strong style='color: inherit;'>D\u00eda \/ Noche real:<\/strong> con filtro ICR.<\/li>\n<li style='margin-bottom: 5px;'><strong style='color: inherit;'>Lente Fijo:<\/strong> 1.14 mm. (Fish Eye)<\/li>\n<li style='margin-bottom: 5px;'><strong style='color: inherit;'>Funciones:<\/strong> WDR real (120dB).<\/li>\n<li style='margin-bottom: 5px;'>WiseStream II<\/li>\n<li style='margin-bottom: 5px;'><strong style='color: inherit;'>Video Anal\u00edtico:<\/strong> Conteo de Personas&comma; mapas de calor&comma; desenfoque&comma; sabotaje.<\/li>\n<\/ul><\/div>\n<\/p><\/div>\n<div style='border: 1px solid rgba(150&comma; 150&comma; 150&comma; 0.4); border-radius: 8px; overflow: hidden; display: flex; flex-direction: column;'>\n<div style='padding: 15px; border-bottom: 1px solid rgba(150&comma; 150&comma; 150&comma; 0.2); font-weight: bold; font-size: 18px; color: inherit;'>Compresi\u00f3n de v\u00eddeo y resoluci\u00f3n m\u00e1xima<\/div>\n<div style='padding: 15px; color: inherit;'>\n<ul style='padding-left: 20px; margin: 0; font-size: 14px; list-style-type: disc;'>\n<li style='margin-bottom: 5px;'><strong style='color: inherit;'>Resoluci\u00f3n m\u00e1xima:<\/strong> 6 Megap\u00edxel (2048 x 2048)<\/li>\n<li style='margin-bottom: 5px;'><strong style='color: inherit;'>Compresi\u00f3n:<\/strong> H.265&comma; H.264&comma; MJPEG.<\/li>\n<\/ul>\n<div style='margin-top: 15px;'> <strong style='color: inherit; font-size: 16px;'>Funciones de red y almacenamiento:<\/strong> <\/p>\n<ul style='padding-left: 20px; margin: 10px 0 0; font-size: 14px; list-style-type: disc;'>\n<li style='margin-bottom: 5px;'><strong style='color: inherit;'>Almacenamiento:<\/strong> Soporta microSD de hasta 256GB (no incluida).<\/li>\n<li style='margin-bottom: 5px;'><strong style='color: inherit;'>ONVIF:<\/strong> Profile S\/G\/T&comma; SUNAPI (HTTP API).<\/li>\n<\/ul><\/div>\n<\/p><\/div>\n<\/p><\/div>\n<div style='border: 1px solid rgba(150&comma; 150&comma; 150&comma; 0.4); border-radius: 8px; overflow: hidden; display: flex; flex-direction: column;'>\n<div style='padding: 15px; border-bottom: 1px solid rgba(150&comma; 150&comma; 150&comma; 0.2); font-weight: bold; font-size: 18px; color: inherit;'>Caracter\u00edsticas f\u00edsicas y el\u00e9ctricas<\/div>\n<div style='padding: 15px; color: inherit;'>\n<ul style='padding-left: 20px; margin: 0; font-size: 14px; list-style-type: disc;'>\n<li style='margin-bottom: 5px;'><strong style='color: inherit;'>Temperatura de operaci\u00f3n:<\/strong> -10 a 55 \u00b0C&comma; humedad menor a 90%.<\/li>\n<li style='margin-bottom: 5px;'><strong style='color: inherit;'>Alimentaci\u00f3n:<\/strong> PoE (802.3af&comma; Clase 3) \/ 6.4 W.<\/li>\n<li style='margin-bottom: 5px;'><strong style='color: inherit;'>Tipo de uso:<\/strong> Interior IP42<\/li>\n<li style='margin-bottom: 5px;'><strong style='color: inherit;'>Dimensiones:<\/strong> \u00d8 99 x 49 mm.<\/li>\n<li style='margin-bottom: 5px;'><strong style='color: inherit;'>Peso:<\/strong> 320 g.<\/li>\n<\/ul><\/div>\n<\/p><\/div>\n<\/p><\/div>\n<hr style='border: 0; border-top: 1px solid rgba(150&comma; 150&comma; 150&comma; 0.3); margin: 30px 0;'>\n<div style='display: flex; flex-wrap: wrap; gap: 30px; margin-bottom: 30px; justify-content: center;'>\n<div style='flex: 1 1 300px; min-width: 280px;'>\n<h3 style='font-size: 20px; border-bottom: 2px solid currentColor; padding-bottom: 5px; margin-top: 0; color: inherit; opacity: 0.8;'>Detecci\u00f3n de Movimiento<\/h3>\n<p> <img style='width: 100%; height: auto; border: 1px solid rgba(150&comma;150&comma;150&comma;0.3); border-radius: 8px;' src='https:\/\/ftp3.syscom.mx\/usuarios\/fotos\/QNO6010R\/88479-detecci\u00f3n_de_movimiento.jpg' alt=''> <\/div>\n<div style='flex: 1 1 300px; min-width: 280px;'>\n<h3 style='font-size: 20px; border-bottom: 2px solid currentColor; padding-bottom: 5px; margin-top: 0; color: inherit; opacity: 0.8;'>Detecci\u00f3n de Sabotaje<\/h3>\n<p> <img style='width: 100%; height: auto; border: 1px solid rgba(150&comma;150&comma;150&comma;0.3); border-radius: 8px;' src='https:\/\/ftp3.syscom.mx\/usuarios\/fotos\/LNV6010R\/157854-sabotaje.jpg' alt=''> <\/div>\n<div style='flex: 1 1 300px; min-width: 280px;'>\n<h3 style='font-size: 20px; border-bottom: 2px solid currentColor; padding-bottom: 5px; margin-top: 0; color: inherit; opacity: 0.8;'>Detecci\u00f3n de Desenfoque<\/h3>\n<p> <img style='width: 100%; height: auto; border: 1px solid rgba(150&comma;150&comma;150&comma;0.3); border-radius: 8px;' src='https:\/\/ftp3.syscom.mx\/usuarios\/fotos\/LNO6070R\/157853-imagen-desenfocada_1286-72.jpg' alt=''> <\/div>\n<\/p><\/div>\n<div style='text-align: center; margin-top: 20px;'>\n<p style='font-size: 15px; color: inherit;'> Para m\u00e1s informaci\u00f3n&comma; ingrese <a href='http:\/\/soporte.syscom.mx\/es\/articles\/2629283-hanwha-lista-de-tips-tecnicos' target='_blank' style='color: inherit; text-decoration: underline; opacity: 0.9;'>aqu\u00ed.<\/a> <\/p>\n<\/p><\/div>\n<\/p><\/div>\n","protected":false},"excerpt":{"rendered":"<p>Camara IP Fish Eye Interior 6 Megapixel \/ WDR 120dB \/ PTZ Digital 8X \/ Video Anal\u00edticos \/ MicroSD \/ H.265<\/p>\n","protected":false},"featured_media":117702,"comment_status":"open","ping_status":"closed","template":"","meta":[],"product_brand":[],"product_cat":[2248],"product_tag":[122,2249,1055],"class_list":{"0":"post-117703","1":"product","2":"type-product","3":"status-publish","4":"has-post-thumbnail","6":"product_cat-fisheye-y-hemisfericas","7":"product_tag-camaras-ip-y-nvrs","8":"product_tag-fisheye-y-hemisfericas","9":"product_tag-hanwha-vision","11":"first","12":"outofstock","13":"sale","14":"shipping-taxable","15":"purchasable","16":"product-type-simple"},"_links":{"self":[{"href":"https:\/\/soydeaqui.ddns.net\/pachuca\/index.php\/wp-json\/wp\/v2\/product\/117703","targetHints":{"allow":["GET"]}}],"collection":[{"href":"https:\/\/soydeaqui.ddns.net\/pachuca\/index.php\/wp-json\/wp\/v2\/product"}],"about":[{"href":"https:\/\/soydeaqui.ddns.net\/pachuca\/index.php\/wp-json\/wp\/v2\/types\/product"}],"replies":[{"embeddable":true,"href":"https:\/\/soydeaqui.ddns.net\/pachuca\/index.php\/wp-json\/wp\/v2\/comments?post=117703"}],"wp:featuredmedia":[{"embeddable":true,"href":"https:\/\/soydeaqui.ddns.net\/pachuca\/index.php\/wp-json\/wp\/v2\/media\/117702"}],"wp:attachment":[{"href":"https:\/\/soydeaqui.ddns.net\/pachuca\/index.php\/wp-json\/wp\/v2\/media?parent=117703"}],"wp:term":[{"taxonomy":"product_brand","embeddable":true,"href":"https:\/\/soydeaqui.ddns.net\/pachuca\/index.php\/wp-json\/wp\/v2\/product_brand?post=117703"},{"taxonomy":"product_cat","embeddable":true,"href":"https:\/\/soydeaqui.ddns.net\/pachuca\/index.php\/wp-json\/wp\/v2\/product_cat?post=117703"},{"taxonomy":"product_tag","embeddable":true,"href":"https:\/\/soydeaqui.ddns.net\/pachuca\/index.php\/wp-json\/wp\/v2\/product_tag?post=117703"}],"curies":[{"name":"wp","href":"https:\/\/api.w.org\/{rel}","templated":true}]}}