{"id":117686,"date":"2026-03-24T03:29:25","date_gmt":"2026-03-24T03:29:25","guid":{"rendered":"https:\/\/soydeaqui.ddns.net\/pachuca\/index.php\/producto\/bobina-de-cable-de-305-m-cat5e-ftp-blindado-para-intemperie-color-negro-ul-para-aplicaciones-en-video-vigilancia-redes-de-datos-carrete-easy-pull\/"},"modified":"2026-03-24T03:29:34","modified_gmt":"2026-03-24T03:29:34","slug":"bobina-de-cable-de-305-m-cat5e-ftp-blindado-para-intemperie-color-negro-ul-para-aplicaciones-en-video-vigilancia-redes-de-datos-carrete-easy-pull","status":"publish","type":"product","link":"https:\/\/soydeaqui.ddns.net\/pachuca\/index.php\/producto\/bobina-de-cable-de-305-m-cat5e-ftp-blindado-para-intemperie-color-negro-ul-para-aplicaciones-en-video-vigilancia-redes-de-datos-carrete-easy-pull\/","title":{"rendered":"Bobina de cable de 305 m, Cat5e , FTP, blindado, para intemperie, color negro, UL, para aplicaciones en video vigilancia, redes de datos (Carrete Easy Pull)"},"content":{"rendered":"<div style='width: 100%; max-width: 1200px; margin: 0 auto; font-family: sans-serif; line-height: 1.6; color: inherit; background-color: transparent;'> <!-- Imagen de marca --> <\/p>\n<div style='text-align: center; margin: 20px 0;'> <img style='width: 100%; max-width: 535px; height: auto; border: 1px solid rgba(150&comma;150&comma;150&comma;0.3); border-radius: 8px;' src='https:\/\/ftp3.syscom.mx\/usuarios\/jmolinar\/JonathanMolinar\/Camaras\/Ocultas\/LINKEDPROUL.jpg' alt=''> <\/div>\n<p> <!-- Secci\u00f3n de caracter\u00edsticas en grid --> <\/p>\n<div style='display: flex; flex-wrap: wrap; gap: 20px; margin: 30px 0;'> <!-- Caracter\u00edsticas principales --> <\/p>\n<div style='flex: 1 1 300px; min-width: 280px;'>\n<div style='border-left: 5px solid #F52207; border-radius: 8px; overflow: hidden; box-shadow: 0 2px 8px rgba(0&comma;0&comma;0&comma;0.05);'>\n<div style='padding: 15px; background-color: rgba(245&comma; 34&comma; 7&comma; 0.08); font-weight: bold; font-size: 16px; color: inherit;'> Caracter\u00edsticas <\/div>\n<div style='padding: 15px; color: inherit;'>\n<ul style='padding-left: 20px; margin: 0; font-size: 14px; list-style-type: disc;'>\n<li style='margin-bottom: 8px;'>Video vigilancia IP Megapixel \/ Instalaciones de video an\u00e1logo \/ Redes locales de alta velocidad<\/li>\n<li style='margin-bottom: 8px;'>Redes inal\u00e1mbricas<\/li>\n<li style='margin-bottom: 8px;'>Para aplicaciones de alta velocidad de datos&comma; Fast Ethernet y Gigabit Ethernet.<\/li>\n<li style='margin-bottom: 8px;'>Instalaciones Gigabit de voz\/datos.<\/li>\n<li style='margin-bottom: 8px;'>Envio de PoE en largas distancias.<\/li>\n<li style='margin-bottom: 8px;'>Conductores de puro cobre.<\/li>\n<li style='margin-bottom: 8px;'>Para instalaciones en exterior (CMX) y protecci\u00f3n UV.<\/li>\n<li style='margin-bottom: 8px;'>Cable de drenado a tierra de cobre recubierto de esta\u00f1o.<\/li>\n<li style='margin-bottom: 8px;'>Aislamiento PVC.<\/li>\n<li style='margin-bottom: 8px;'>Dise\u00f1ado para: Aplicaciones de datos de alta velocidad&comma; Fast Ethernet y Gigabit Ethernet.<\/li>\n<\/ul><\/div>\n<\/p><\/div>\n<\/p><\/div>\n<p> <!-- Caracter\u00edsticas f\u00edsicas y el\u00e9ctricas --> <\/p>\n<div style='flex: 1 1 300px; min-width: 280px;'>\n<div style='border-left: 5px solid #F52207; border-radius: 8px; overflow: hidden; box-shadow: 0 2px 8px rgba(0&comma;0&comma;0&comma;0.05);'>\n<div style='padding: 15px; background-color: rgba(245&comma; 34&comma; 7&comma; 0.08); font-weight: bold; font-size: 16px; color: inherit;'> Caracter\u00edsticas f\u00edsicas y el\u00e9ctricas <\/div>\n<div style='padding: 15px; color: inherit;'>\n<ul style='padding-left: 20px; margin: 0; font-size: 14px; list-style-type: disc;'>\n<li style='margin-bottom: 8px;'><strong>Conductor:<\/strong> 100% Cobre<\/li>\n<li style='margin-bottom: 8px;'><strong>Color Exterior:<\/strong> Negro.<\/li>\n<li style='margin-bottom: 8px;'><strong>Calibre:<\/strong> 24.<\/li>\n<li style='margin-bottom: 8px;'><strong>Aprobaciones:<\/strong> UL ( E488955&comma; E472815 )&comma; CMX&comma; ANSI\/TIA&comma; ISO\/IEC&comma; CENELEC EN.RoSH<\/li>\n<li style='margin-bottom: 8px;'><strong>Con blindaje:<\/strong> (Poli\u00e9ster Aluminizado) Mayor protecci\u00f3n contra interferencias El\u00e9ctricas&comma; contra Propagaci\u00f3n a la flama.<\/li>\n<li style='margin-bottom: 8px;'><strong>Di\u00e1metro:<\/strong> 6.5 \u00b1 0.2 mm.<\/li>\n<li style='margin-bottom: 8px;'><strong>Aplicaci\u00f3n:<\/strong> Intemperie.<\/li>\n<li style='margin-bottom: 8px;'><strong>Frecuencia:<\/strong> 100 MHz.<\/li>\n<\/ul><\/div>\n<\/p><\/div>\n<\/p><\/div>\n<p> <!-- Estandares y certificaciones --> <\/p>\n<div style='flex: 1 1 300px; min-width: 280px;'>\n<div style='border-left: 5px solid #F52207; border-radius: 8px; overflow: hidden; box-shadow: 0 2px 8px rgba(0&comma;0&comma;0&comma;0.05);'>\n<div style='padding: 15px; background-color: rgba(245&comma; 34&comma; 7&comma; 0.08); font-weight: bold; font-size: 16px; color: inherit;'> Estandares y certificaciones <\/div>\n<div style='padding: 15px; color: inherit;'>\n<ul style='padding-left: 20px; margin: 0; font-size: 14px; list-style-type: disc;'>\n<li style='margin-bottom: 8px;'>UL ( E488955&comma; E472815 )<\/li>\n<li style='margin-bottom: 8px;'>CMX<\/li>\n<li style='margin-bottom: 8px;'>ANSI\/TIA 568 C.2<\/li>\n<li style='margin-bottom: 8px;'>ISO\/IEC 11801 2nd Ed; IEC 61156-5<\/li>\n<li style='margin-bottom: 8px;'>CENELEC EN.RoHS<\/li>\n<li style='margin-bottom: 8px;'>Cumple con las Pruebas de Rendimiento para Enlace Permanente a 90 metros<\/li>\n<\/ul><\/div>\n<\/p><\/div>\n<\/p><\/div>\n<\/p><\/div>\n<p> <!-- Nota de compatibilidad --> <\/p>\n<div style='margin: 30px 0;'>\n<p style='font-size: 14px; color: inherit; margin: 0;'> Compatible \u00fanicamente con plugs <a style='color: inherit; text-decoration: underline; font-weight: 600;' href='https:\/\/www.syscom.mx\/producto\/TC5SG-100-LINKEDPRO-161920.html'>TC5SG-100<\/a> <\/p>\n<\/p><\/div>\n<p> <!-- Nota de precio --> <\/p>\n<div style='margin: 30px 0;'>\n<p style='font-size: 14px; color: inherit; margin: 0;'><strong>*Precio por carrete de 305 mts.<\/strong><\/p>\n<\/p><\/div>\n<p> <!-- Imagen de gu\u00eda --> <\/p>\n<div style='margin: 30px 0;'> <img style='width: 100%; height: auto; border: 1px solid rgba(150&comma;150&comma;150&comma;0.3); border-radius: 8px;' src='https:\/\/ftp3.syscom.mx\/usuarios\/ccasares\/CCTV\/Guia%20rapida%20de%20seleccion%20de%20cable.jpg' alt=''> <\/div>\n<p> <!-- Videos de YouTube --> <\/p>\n<div style='margin: 30px 0;'>\n<div style='position: relative; padding-bottom: 56.25%; height: 0; overflow: hidden; margin-bottom: 30px;'>   <\/div>\n<div style='position: relative; padding-bottom: 56.25%; height: 0; overflow: hidden; margin-bottom: 30px;'>   <\/div>\n<\/p><\/div>\n<\/p><\/div>\n","protected":false},"excerpt":{"rendered":"<p>Bobina de cable de 305 m, Cat5e , FTP, blindado, para intemperie, color negro, UL, para aplicaciones en video vigilancia, redes de datos (Carrete Easy Pull)<\/p>\n","protected":false},"featured_media":117685,"comment_status":"open","ping_status":"closed","template":"","meta":[],"product_brand":[],"product_cat":[619],"product_tag":[488,620,435],"class_list":{"0":"post-117686","1":"product","2":"type-product","3":"status-publish","4":"has-post-thumbnail","6":"product_cat-categoria-5e","7":"product_tag-cables-y-conectores","8":"product_tag-categoria-5e","9":"product_tag-linkedpro-by-epcom","11":"first","12":"outofstock","13":"sale","14":"shipping-taxable","15":"purchasable","16":"product-type-simple"},"_links":{"self":[{"href":"https:\/\/soydeaqui.ddns.net\/pachuca\/index.php\/wp-json\/wp\/v2\/product\/117686","targetHints":{"allow":["GET"]}}],"collection":[{"href":"https:\/\/soydeaqui.ddns.net\/pachuca\/index.php\/wp-json\/wp\/v2\/product"}],"about":[{"href":"https:\/\/soydeaqui.ddns.net\/pachuca\/index.php\/wp-json\/wp\/v2\/types\/product"}],"replies":[{"embeddable":true,"href":"https:\/\/soydeaqui.ddns.net\/pachuca\/index.php\/wp-json\/wp\/v2\/comments?post=117686"}],"wp:featuredmedia":[{"embeddable":true,"href":"https:\/\/soydeaqui.ddns.net\/pachuca\/index.php\/wp-json\/wp\/v2\/media\/117685"}],"wp:attachment":[{"href":"https:\/\/soydeaqui.ddns.net\/pachuca\/index.php\/wp-json\/wp\/v2\/media?parent=117686"}],"wp:term":[{"taxonomy":"product_brand","embeddable":true,"href":"https:\/\/soydeaqui.ddns.net\/pachuca\/index.php\/wp-json\/wp\/v2\/product_brand?post=117686"},{"taxonomy":"product_cat","embeddable":true,"href":"https:\/\/soydeaqui.ddns.net\/pachuca\/index.php\/wp-json\/wp\/v2\/product_cat?post=117686"},{"taxonomy":"product_tag","embeddable":true,"href":"https:\/\/soydeaqui.ddns.net\/pachuca\/index.php\/wp-json\/wp\/v2\/product_tag?post=117686"}],"curies":[{"name":"wp","href":"https:\/\/api.w.org\/{rel}","templated":true}]}}