{"id":117684,"date":"2026-03-24T03:29:19","date_gmt":"2026-03-24T03:29:19","guid":{"rendered":"https:\/\/soydeaqui.ddns.net\/pachuca\/index.php\/producto\/bobina-de-cable-blindado-f-utp-de-4-pares-para-exterior-con-gel-cat6a-23-awg-industrial-para-climas-extremos-enterrado-directo-color-negro-305-metros-1000-pies\/"},"modified":"2026-03-24T03:29:22","modified_gmt":"2026-03-24T03:29:22","slug":"bobina-de-cable-blindado-f-utp-de-4-pares-para-exterior-con-gel-cat6a-23-awg-industrial-para-climas-extremos-enterrado-directo-color-negro-305-metros-1000-pies","status":"publish","type":"product","link":"https:\/\/soydeaqui.ddns.net\/pachuca\/index.php\/producto\/bobina-de-cable-blindado-f-utp-de-4-pares-para-exterior-con-gel-cat6a-23-awg-industrial-para-climas-extremos-enterrado-directo-color-negro-305-metros-1000-pies\/","title":{"rendered":"Bobina de Cable Blindado F\/UTP de 4 Pares, Para Exterior con Gel, Cat6A (23 AWG), Industrial para Climas Extremos, Enterrado Directo, Color Negro, 305 Metros (1000 Pies)"},"content":{"rendered":"<div style='width: 100%; max-width: 1200px; margin: 0 auto; font-family: sans-serif; line-height: 1.6; color: inherit; background-color: transparent;'> <!-- Imagen principal --> <\/p>\n<div style='width: 100%; margin-bottom: 30px;'> <img style='width: 100%; height: auto; border: 1px solid rgba(150&comma;150&comma;150&comma;0.3); border-radius: 8px;' src='https:\/\/ftp3.syscom.mx\/usuarios\/fotos\/9A6O4A501AR1A\/171786-siemonarriba.jpg' alt=''> <\/div>\n<p> <!-- Descripci\u00f3n principal --> <\/p>\n<div style='display: flex; flex-wrap: wrap; gap: 30px; margin-bottom: 30px;'>\n<div style='flex: 1 1 300px; min-width: 280px;'>\n<p style='font-size: 15px; color: inherit; margin: 0 0 15px 0;'>El cable Cat6A F\/UTP Blindado Planta Externa (OSP) de Siemon&comma; proporciona los requisitos de rendimiento TIA e ISO para Categor\u00eda 6A\/Clase EA. Este robusto cable est\u00e1 dise\u00f1ado para soportar cualquier ambiente en lugares h\u00famedos para aplicaciones de planta externa&comma; incluyendo PoE+ y HDBaseT. Es adecuado para enterrado directo&comma; lash a\u00e9reo&comma; tuber\u00eda o conductos subterr\u00e1neos.<\/p>\n<\/p><\/div>\n<\/p><\/div>\n<p> <!-- Caracter\u00edsticas t\u00e9cnicas --> <\/p>\n<div style='display: flex; flex-wrap: wrap; gap: 30px; margin-bottom: 30px;'>\n<div style='flex: 1 1 300px; min-width: 280px;'>\n<p style='font-size: 15px; color: inherit; margin: 0 0 15px 0;'>Cuenta con cuatro pares separados por una cruceta central&comma; lleno de gel bloqueador de agua para evitar la entrada de humedad&comma; un blindaje de l\u00e1mina de aluminio para protecci\u00f3n contra ruido EMI o RFI&comma; y cubierta exterior resistente a rayos UV.<\/p>\n<\/p><\/div>\n<\/p><\/div>\n<p> <!-- Secci\u00f3n de aplicaciones --> <\/p>\n<div style='display: flex; flex-wrap: wrap; gap: 30px; margin-bottom: 30px;'>\n<div style='flex: 1 1 300px; min-width: 280px;'>\n<h3 style='font-size: 22px; border-bottom: 2px solid currentColor; padding-bottom: 5px; margin-top: 0; color: inherit; opacity: 0.8;'>Aplicaciones<\/h3>\n<ul style='padding-left: 20px; font-size: 15px; color: inherit;'>\n<li style='margin-bottom: 5px;'>Redes de Voz\/Datos y V\u00eddeo de Alta Velocidad<\/li>\n<li style='margin-bottom: 5px;'>Instalaciones de CCTV IP Megapixel<\/li>\n<li style='margin-bottom: 5px;'>Redes inal\u00e1mbricas&comma; ideal para instalaciones en torres<\/li>\n<li style='margin-bottom: 5px;'>Instalaciones industriales o minas<\/li>\n<li style='margin-bottom: 5px;'>Aplicaciones Power Over Ethernet IEEE 802.3af&comma; 802.3at&comma; 802.3bt (Tipo 3 y 4)<\/li>\n<li style='margin-bottom: 5px;'>Aplicaciones en 10BASE-T&comma; 100BASE-T&comma; 1000BASE-T&comma; 10GBASE-T<\/li>\n<\/ul><\/div>\n<\/p><\/div>\n<p> <!-- Secci\u00f3n de especificaciones --> <\/p>\n<div style='display: flex; flex-wrap: wrap; gap: 30px; margin-bottom: 30px;'>\n<div style='flex: 1 1 300px; min-width: 280px;'>\n<h3 style='font-size: 22px; border-bottom: 2px solid currentColor; padding-bottom: 5px; margin-top: 0; color: inherit; opacity: 0.8;'>Informaci\u00f3n t\u00e9cnica<\/h3>\n<ul style='padding-left: 20px; font-size: 15px; color: inherit;'>\n<li style='margin-bottom: 5px;'><strong>Rendimiento:<\/strong> Certificado hasta 100 metros<\/li>\n<li style='margin-bottom: 5px;'><strong>Color:<\/strong> Negro<\/li>\n<li style='margin-bottom: 5px;'><strong>Conductor:<\/strong> Cobre s\u00f3lido de 23 AWG<\/li>\n<li style='margin-bottom: 5px;'><strong>Recubrimiento:<\/strong> PE (Resistente a UV)<\/li>\n<li style='margin-bottom: 5px;'><strong>Construcci\u00f3n:<\/strong> F\/UTP<\/li>\n<li style='margin-bottom: 5px;'><strong>Tensi\u00f3n m\u00e1xima:<\/strong> 110N<\/li>\n<li style='margin-bottom: 5px;'><strong>Clasificaci\u00f3n de temperatura:<\/strong> -10 a 60\u00b0C en instalaci\u00f3n. -20 a 60\u00b0C en almacenamiento y -20 a 75\u00b0C en operaci\u00f3n.<\/li>\n<li style='margin-bottom: 5px;'><strong>Frecuencia:<\/strong> 500MHz<\/li>\n<\/ul><\/div>\n<div style='flex: 1 1 300px; min-width: 280px;'>\n<h3 style='font-size: 22px; border-bottom: 2px solid currentColor; padding-bottom: 5px; margin-top: 0; color: inherit; opacity: 0.8;'>Accesorios recomendados<\/h3>\n<ul style='padding-left: 20px; font-size: 15px; color: inherit;'>\n<li style='margin-bottom: 5px;'><strong>Plug Recomendado:<\/strong> <a style='color: inherit; text-decoration: underline;' href='https:\/\/www.syscom.mx\/principal\/searchcont?route=ZP1-6AS-00S-SIEMON-143287&#038;autodetect=zplug'>ZP1-6AS-00S<\/a>&comma; <a style='color: inherit; text-decoration: underline;' href='https:\/\/www.syscom.mx\/principal\/searchcont?route=ZP1-6AS-01S-SIEMON-143289&#038;autodetect=zplug'>ZP1-6AS-01S<\/a><\/li>\n<li style='margin-bottom: 5px;'><strong>Herramienta para Plug:<\/strong> <a style='color: inherit; text-decoration: underline;' href='https:\/\/www.syscom.mx\/principal\/searchcont?route=ZTOOL-ZP-SIEMON-143275&#038;autodetect=zplug'>ZTOOL-ZP<\/a><\/li>\n<\/ul><\/div>\n<\/p><\/div>\n<p> <!-- Imagen secundaria --> <\/p>\n<div style='display: flex; flex-wrap: wrap; gap: 30px; margin-bottom: 30px;'>\n<div style='flex: 1 1 100%;'> <img style='width: 100%; height: auto; border: 1px solid rgba(150&comma;150&comma;150&comma;0.3); border-radius: 8px;' src='https:\/\/ftp3.syscom.mx\/usuarios\/fotos\/9A6O4A501AR1A\/171786-sin_t\u00edtulo.jpeg' alt=''> <\/div>\n<\/p><\/div>\n<p> <!-- Imagen inferior --> <\/p>\n<div style='display: flex; flex-wrap: wrap; gap: 30px; margin-bottom: 30px;'>\n<div style='flex: 1 1 100%;'> <img style='width: 100%; height: auto; border: 1px solid rgba(150&comma;150&comma;150&comma;0.3); border-radius: 8px;' src='https:\/\/ftp3.syscom.mx\/usuarios\/fotos\/9A6O4A501AR1A\/171786-siemonabajo.png' alt=''> <\/div>\n<\/p><\/div>\n<\/p><\/div>\n","protected":false},"excerpt":{"rendered":"<p>Bobina de Cable Blindado F\/UTP de 4 Pares, Para Exterior con Gel, Cat6A (23 AWG), Industrial para Climas Extremos, Enterrado Directo, Color Negro, 305 Metros (1000 Pies)<\/p>\n","protected":false},"featured_media":117683,"comment_status":"open","ping_status":"closed","template":"","meta":[],"product_brand":[],"product_cat":[668],"product_tag":[488,669,600],"class_list":{"0":"post-117684","1":"product","2":"type-product","3":"status-publish","4":"has-post-thumbnail","6":"product_cat-categoria-6a","7":"product_tag-cables-y-conectores","8":"product_tag-categoria-6a","9":"product_tag-siemon","11":"first","12":"outofstock","13":"sale","14":"shipping-taxable","15":"purchasable","16":"product-type-simple"},"_links":{"self":[{"href":"https:\/\/soydeaqui.ddns.net\/pachuca\/index.php\/wp-json\/wp\/v2\/product\/117684","targetHints":{"allow":["GET"]}}],"collection":[{"href":"https:\/\/soydeaqui.ddns.net\/pachuca\/index.php\/wp-json\/wp\/v2\/product"}],"about":[{"href":"https:\/\/soydeaqui.ddns.net\/pachuca\/index.php\/wp-json\/wp\/v2\/types\/product"}],"replies":[{"embeddable":true,"href":"https:\/\/soydeaqui.ddns.net\/pachuca\/index.php\/wp-json\/wp\/v2\/comments?post=117684"}],"wp:featuredmedia":[{"embeddable":true,"href":"https:\/\/soydeaqui.ddns.net\/pachuca\/index.php\/wp-json\/wp\/v2\/media\/117683"}],"wp:attachment":[{"href":"https:\/\/soydeaqui.ddns.net\/pachuca\/index.php\/wp-json\/wp\/v2\/media?parent=117684"}],"wp:term":[{"taxonomy":"product_brand","embeddable":true,"href":"https:\/\/soydeaqui.ddns.net\/pachuca\/index.php\/wp-json\/wp\/v2\/product_brand?post=117684"},{"taxonomy":"product_cat","embeddable":true,"href":"https:\/\/soydeaqui.ddns.net\/pachuca\/index.php\/wp-json\/wp\/v2\/product_cat?post=117684"},{"taxonomy":"product_tag","embeddable":true,"href":"https:\/\/soydeaqui.ddns.net\/pachuca\/index.php\/wp-json\/wp\/v2\/product_tag?post=117684"}],"curies":[{"name":"wp","href":"https:\/\/api.w.org\/{rel}","templated":true}]}}