{"id":117682,"date":"2026-03-24T03:29:14","date_gmt":"2026-03-24T03:29:14","guid":{"rendered":"https:\/\/soydeaqui.ddns.net\/pachuca\/index.php\/producto\/base-no-penetrante-base-de-0-9-x-0-9-m-con-mastil-de-1-5-m-x-2-diam-ced-30-para-instalacion-de-antenas-hot-dip\/"},"modified":"2026-03-24T03:29:16","modified_gmt":"2026-03-24T03:29:16","slug":"base-no-penetrante-base-de-0-9-x-0-9-m-con-mastil-de-1-5-m-x-2-diam-ced-30-para-instalacion-de-antenas-hot-dip","status":"publish","type":"product","link":"https:\/\/soydeaqui.ddns.net\/pachuca\/index.php\/producto\/base-no-penetrante-base-de-0-9-x-0-9-m-con-mastil-de-1-5-m-x-2-diam-ced-30-para-instalacion-de-antenas-hot-dip\/","title":{"rendered":"Base No Penetrante Base de 0.9 x 0.9 m con M\u00e1stil de 1.5 m x 2&#8243; diam. Ced.30 para Instalaci\u00f3n de Antenas (HOT-DIP)."},"content":{"rendered":"<div style='width: 100%; max-width: 1200px; margin: 0 auto; font-family: sans-serif; line-height: 1.6; color: inherit; background-color: transparent;'> <!-- Secci\u00f3n de caracter\u00edsticas f\u00edsicas --> <\/p>\n<div style='display: flex; flex-wrap: wrap; gap: 30px; margin-bottom: 30px;'>\n<div style='flex: 1 1 300px; min-width: 280px;'>\n<h3 style='font-size: 22px; border-bottom: 2px solid currentColor; padding-bottom: 5px; margin-top: 0; color: inherit; opacity: 0.8;'>Caracter\u00edsticas F\u00edsicas<\/h3>\n<ul style='padding-left: 20px; font-size: 15px; color: inherit;'>\n<li style='margin-bottom: 5px;'><strong>Aplicaci\u00f3n:<\/strong> Exterior<\/li>\n<li style='margin-bottom: 5px;'><strong>Material:<\/strong> Acero<\/li>\n<li style='margin-bottom: 5px;'><strong>Protecci\u00f3n anticorrosiva:<\/strong> Galvanizado por inmersi\u00f3n en caliente<\/li>\n<li style='margin-bottom: 5px;'><strong>Dimensiones exteriores:<\/strong> 900 x 1500 x 900 mm (Ancho x Alto x Profundidad)<\/li>\n<\/ul><\/div>\n<\/p><\/div>\n<p> <!-- Secci\u00f3n de funciones destacadas --> <\/p>\n<div style='display: flex; flex-wrap: wrap; gap: 30px; margin-bottom: 30px;'>\n<div style='flex: 1 1 300px; min-width: 280px;'>\n<h3 style='font-size: 22px; border-bottom: 2px solid currentColor; padding-bottom: 5px; margin-top: 0; color: inherit; opacity: 0.8;'>Funciones destacadas<\/h3>\n<ul style='padding-left: 20px; font-size: 15px; color: inherit;'>\n<li style='margin-bottom: 5px;'>Equipo ideal para instalaci\u00f3n de antenas en techo sin necesidad de taladrar la superficie<\/li>\n<li style='margin-bottom: 5px;'>Se requiere contrapeso para sujeci\u00f3n del armaz\u00f3n<\/li>\n<li style='margin-bottom: 5px;'>Se recomienda para instalaciones m\u00f3viles o demostrativas<\/li>\n<li style='margin-bottom: 5px;'>El equipo es desarmable para facilitar el transporte<\/li>\n<li style='margin-bottom: 5px;'>Para Antenas de UHF&comma; VHF&comma; WIRELESS&comma; enlaces Punto a punto&comma; Punto multipunto&comma; Sitios de Repetici\u00f3n&comma; etc.<\/li>\n<\/ul><\/div>\n<\/p><\/div>\n<p> <!-- Separador --> <\/p>\n<hr style='border: 0; border-top: 1px solid rgba(150&comma; 150&comma; 150&comma; 0.3); margin: 30px 0;'> <\/div>\n","protected":false},"excerpt":{"rendered":"<p>Base No Penetrante Base de 0.9 x 0.9 m con M\u00e1stil de 1.5 m x 2&#8243; diam. Ced.30 para Instalaci\u00f3n de Antenas (HOT-DIP).<\/p>\n","protected":false},"featured_media":117681,"comment_status":"open","ping_status":"closed","template":"","meta":[],"product_brand":[],"product_cat":[1934],"product_tag":[1935,733,246],"class_list":{"0":"post-117682","1":"product","2":"type-product","3":"status-publish","4":"has-post-thumbnail","6":"product_cat-montajes-de-techo-pared","7":"product_tag-montajes-de-techo-pared","8":"product_tag-syscom-towers","9":"product_tag-torres-y-mastiles","11":"first","12":"instock","13":"sale","14":"shipping-taxable","15":"purchasable","16":"product-type-simple"},"_links":{"self":[{"href":"https:\/\/soydeaqui.ddns.net\/pachuca\/index.php\/wp-json\/wp\/v2\/product\/117682","targetHints":{"allow":["GET"]}}],"collection":[{"href":"https:\/\/soydeaqui.ddns.net\/pachuca\/index.php\/wp-json\/wp\/v2\/product"}],"about":[{"href":"https:\/\/soydeaqui.ddns.net\/pachuca\/index.php\/wp-json\/wp\/v2\/types\/product"}],"replies":[{"embeddable":true,"href":"https:\/\/soydeaqui.ddns.net\/pachuca\/index.php\/wp-json\/wp\/v2\/comments?post=117682"}],"wp:featuredmedia":[{"embeddable":true,"href":"https:\/\/soydeaqui.ddns.net\/pachuca\/index.php\/wp-json\/wp\/v2\/media\/117681"}],"wp:attachment":[{"href":"https:\/\/soydeaqui.ddns.net\/pachuca\/index.php\/wp-json\/wp\/v2\/media?parent=117682"}],"wp:term":[{"taxonomy":"product_brand","embeddable":true,"href":"https:\/\/soydeaqui.ddns.net\/pachuca\/index.php\/wp-json\/wp\/v2\/product_brand?post=117682"},{"taxonomy":"product_cat","embeddable":true,"href":"https:\/\/soydeaqui.ddns.net\/pachuca\/index.php\/wp-json\/wp\/v2\/product_cat?post=117682"},{"taxonomy":"product_tag","embeddable":true,"href":"https:\/\/soydeaqui.ddns.net\/pachuca\/index.php\/wp-json\/wp\/v2\/product_tag?post=117682"}],"curies":[{"name":"wp","href":"https:\/\/api.w.org\/{rel}","templated":true}]}}