{"id":117671,"date":"2026-03-24T03:28:33","date_gmt":"2026-03-24T03:28:33","guid":{"rendered":"https:\/\/soydeaqui.ddns.net\/pachuca\/index.php\/producto\/identificador-de-trfico-para-fibra-activa\/"},"modified":"2026-03-24T03:28:35","modified_gmt":"2026-03-24T03:28:35","slug":"identificador-de-trfico-para-fibra-activa","status":"publish","type":"product","link":"https:\/\/soydeaqui.ddns.net\/pachuca\/index.php\/producto\/identificador-de-trfico-para-fibra-activa\/","title":{"rendered":"Identificador de Tr?fico para Fibra Activa"},"content":{"rendered":"<div style='width: 100%; max-width: 1200px; margin: 0 auto; font-family: sans-serif; line-height: 1.6; color: inherit; background-color: transparent;'> <!-- Imagen de marca --> <\/p>\n<div style='display: flex; justify-content: center; margin-bottom: 30px;'> <img style='width: 100%; max-width: 270px; height: auto; border: 1px solid rgba(150&comma;150&comma;150&comma;0.3); border-radius: 8px;' src='https:\/\/ftp3.syscom.mx\/usuarios\/orobles\/GREENLEE\/TEMPO-COMMUNICATIONS-lg.jpg' alt=''> <\/div>\n<p> <!-- Descripci\u00f3n principal --> <\/p>\n<div style='margin-bottom: 30px; font-size: 15px; color: inherit;'>\n<p style='margin: 0 0 15px 0;'>El identificador de fibra FI-100 permite al t\u00e9cnico determinar r\u00e1pidamente la potencia del n\u00facleo aproximada y la direcci\u00f3n de la se\u00f1al en un cable de fibra \u00f3ptica sin desconectar la fibra. Se crea una peque\u00f1a macro curvatura no intrusiva para que solo se cree una peque\u00f1a p\u00e9rdida de inserci\u00f3n&comma; por lo que el t\u00e9cnico puede sondear fibras sin causar una condici\u00f3n de alarma. Se mantiene la integridad de los servicios cr\u00edticos.<\/p>\n<p style='margin: 0 0 15px 0;'>La tecnolog\u00eda de detecci\u00f3n de tono se emplea para que el t\u00e9cnico pueda rastrear se\u00f1ales de forma \u00fanica una vez m\u00e1s sin desconectar las fibras con servicios potencialmente cr\u00edticos.<\/p>\n<\/p><\/div>\n<p> <!-- Caracter\u00edsticas --> <\/p>\n<div style='margin-bottom: 30px;'>\n<h3 style='font-size: 22px; border-bottom: 2px solid currentColor; padding-bottom: 5px; margin-top: 0; margin-bottom: 15px; color: inherit; opacity: 0.8;'>Caracter\u00edsticas<\/h3>\n<ul style='padding-left: 20px; font-size: 15px; color: inherit; list-style-type: disc;'>\n<li style='margin-bottom: 8px;'>Mida la potencia de luz aproximada en el n\u00facleo de la fibra<\/li>\n<li style='margin-bottom: 8px;'>Identificaci\u00f3n r\u00e1pida y f\u00e1cil de la fibra utilizando detecci\u00f3n de tono<\/li>\n<li style='margin-bottom: 8px;'>Impide que el t\u00e9cnico desconecte los servicios cr\u00edticos durante los procesos de identificaci\u00f3n y resoluci\u00f3n de problemas.<\/li>\n<li style='margin-bottom: 8px;'>Baja p\u00e9rdida de inserci\u00f3n inducida<\/li>\n<li style='margin-bottom: 8px;'>Capaz de detectar la presencia de luz en la fibra insensible a las curvas<\/li>\n<li style='margin-bottom: 8px;'>Admite todas las fibras comunes&comma; incluidos los cables planos<\/li>\n<li style='margin-bottom: 8px;'>Detecci\u00f3n de tono<\/li>\n<li style='margin-bottom: 8px;'>Determina la direcci\u00f3n del recorrido de la luz.<\/li>\n<li style='margin-bottom: 8px;'>Resistente y f\u00e1cil de usar.<\/li>\n<\/ul><\/div>\n<p> <!-- Video --> <\/p>\n<div style='position: relative; padding-bottom: 56.25%; height: 0; overflow: hidden; margin-bottom: 30px;'>   <\/div>\n<\/p><\/div>\n","protected":false},"excerpt":{"rendered":"<p>Identificador de Tr?fico para Fibra Activa<\/p>\n","protected":false},"featured_media":117670,"comment_status":"open","ping_status":"closed","template":"","meta":[],"product_brand":[],"product_cat":[636],"product_tag":[611,25,658],"class_list":{"0":"post-117671","1":"product","2":"type-product","3":"status-publish","4":"has-post-thumbnail","6":"product_cat-herramientas-fibra-optica","7":"product_tag-fibra-optica","8":"product_tag-herramientas","9":"product_tag-tempo","11":"first","12":"outofstock","13":"sale","14":"shipping-taxable","15":"purchasable","16":"product-type-simple"},"_links":{"self":[{"href":"https:\/\/soydeaqui.ddns.net\/pachuca\/index.php\/wp-json\/wp\/v2\/product\/117671","targetHints":{"allow":["GET"]}}],"collection":[{"href":"https:\/\/soydeaqui.ddns.net\/pachuca\/index.php\/wp-json\/wp\/v2\/product"}],"about":[{"href":"https:\/\/soydeaqui.ddns.net\/pachuca\/index.php\/wp-json\/wp\/v2\/types\/product"}],"replies":[{"embeddable":true,"href":"https:\/\/soydeaqui.ddns.net\/pachuca\/index.php\/wp-json\/wp\/v2\/comments?post=117671"}],"wp:featuredmedia":[{"embeddable":true,"href":"https:\/\/soydeaqui.ddns.net\/pachuca\/index.php\/wp-json\/wp\/v2\/media\/117670"}],"wp:attachment":[{"href":"https:\/\/soydeaqui.ddns.net\/pachuca\/index.php\/wp-json\/wp\/v2\/media?parent=117671"}],"wp:term":[{"taxonomy":"product_brand","embeddable":true,"href":"https:\/\/soydeaqui.ddns.net\/pachuca\/index.php\/wp-json\/wp\/v2\/product_brand?post=117671"},{"taxonomy":"product_cat","embeddable":true,"href":"https:\/\/soydeaqui.ddns.net\/pachuca\/index.php\/wp-json\/wp\/v2\/product_cat?post=117671"},{"taxonomy":"product_tag","embeddable":true,"href":"https:\/\/soydeaqui.ddns.net\/pachuca\/index.php\/wp-json\/wp\/v2\/product_tag?post=117671"}],"curies":[{"name":"wp","href":"https:\/\/api.w.org\/{rel}","templated":true}]}}