{"id":117642,"date":"2026-03-24T03:26:54","date_gmt":"2026-03-24T03:26:54","guid":{"rendered":"https:\/\/soydeaqui.ddns.net\/pachuca\/index.php\/producto\/removedor-de-polvo-y-residuos-aire-comprimido-para-limpieza-de-equipos-electrnicos-440-ml\/"},"modified":"2026-03-24T03:27:06","modified_gmt":"2026-03-24T03:27:06","slug":"removedor-de-polvo-y-residuos-aire-comprimido-para-limpieza-de-equipos-electrnicos-440-ml","status":"publish","type":"product","link":"https:\/\/soydeaqui.ddns.net\/pachuca\/index.php\/producto\/removedor-de-polvo-y-residuos-aire-comprimido-para-limpieza-de-equipos-electrnicos-440-ml\/","title":{"rendered":"Removedor de Polvo y Residuos (Aire Comprimido) para Limpieza de Equipos Electr?nicos, 440 ml"},"content":{"rendered":"<div style='width: 100%; max-width: 1200px; margin: 0 auto; font-family: sans-serif; line-height: 1.6; color: inherit; background-color: transparent;'>\n<div style='width: 100%;'> <img style='width: 100%; height: auto; border: 1px solid rgba(150&comma;150&comma;150&comma;0.3); border-radius: 8px;' src='https:\/\/ftp3.syscom.mx\/usuarios\/fotos\/AEROJET440\/171894-silimexup.jpg' alt=''> <\/div>\n<div style='margin-top: 30px;'>\n<p style='font-size: 15px; color: inherit; margin-bottom: 20px;'> <span style='font-size: 16px;'>Aerojet440 es un potente removedor de polvo y\/o residuos&comma; para aplicaciones de CCTV&comma; controles de acceso&comma; equipo activo de Networking etc.<\/span> <\/p>\n<div style='margin-top: 25px;'>\n<h3 style='font-size: 20px; border-bottom: 2px solid currentColor; padding-bottom: 5px; margin-top: 0; color: inherit; opacity: 0.8;'>Indicaciones de uso<\/h3>\n<p style='font-size: 15px; color: inherit; margin-top: 15px;'> No agite el envase&comma; esto puede provocar que el gas salga en este estado l\u00edquido. Antes de usarse&comma; se recomienda hacer siempre uno o dos disparos fuera del \u00e1rea a limpiar. Para iniciar la limpieza dirija Aerojet440 hacia el \u00e1rea a tratar. Realize disparos cortos de un segundo a una distancia de 15 a 20 cm del \u00e1rea. <\/p>\n<\/p><\/div>\n<div style='margin-top: 25px;'>\n<h3 style='font-size: 20px; border-bottom: 2px solid currentColor; padding-bottom: 5px; margin-top: 0; color: inherit; opacity: 0.8;'>Precauciones de uso<\/h3>\n<ul style='padding-left: 20px; margin-top: 15px; font-size: 15px; color: inherit; list-style-type: disc;'>\n<li style='margin-bottom: 10px;'>No se ingiera&comma; hacerlo puede interrumpir el flujo de ox\u00edgeno a los pulmones provocando desvanecimiento y mareos&comma; existiendo adem\u00e1s la posibilidad de grandes quemaduras por el congelamiento en lengua&comma; paladar y garganta.<\/li>\n<li style='margin-bottom: 10px;'>No se exponga a temperaturas mayores a 50\u00b0 C .<\/li>\n<li style='margin-bottom: 10px;'>No perfore ni incinere el envase.<\/li>\n<li style='margin-bottom: 10px;'>No transporte en avi\u00f3n.<\/li>\n<li style='margin-bottom: 10px;'>No lo deje dentro la cabina del autom\u00f3vil.<\/li>\n<li style='margin-bottom: 10px;'>No lo deje al alcance de los ni\u00f1os.<\/li>\n<li style='margin-bottom: 10px;'>Evite agitar el producto en caso de hacerlo el contenido gaseoso modifica su estado l\u00edquido y podr\u00eda provocar quemaduras en la piel o choques t\u00e9rmicos en las partes o mecanismos de los equipos.<\/li>\n<\/ul><\/div>\n<div style='margin-top: 25px;'>\n<h3 style='font-size: 20px; border-bottom: 2px solid currentColor; padding-bottom: 5px; margin-top: 0; color: inherit; opacity: 0.8;'>Presentaci\u00f3n<\/h3>\n<p style='font-size: 15px; color: inherit; margin-top: 15px;'> Envase de 440ml. <\/p>\n<\/p><\/div>\n<div style='width: 100%; margin-top: 30px;'> <img style='width: 100%; height: auto; border: 1px solid rgba(150&comma;150&comma;150&comma;0.3); border-radius: 8px;' src='https:\/\/ftp3.syscom.mx\/usuarios\/fotos\/AEROJET440\/171894-linkdn.png' alt=''> <\/div>\n<\/p><\/div>\n<\/p><\/div>\n","protected":false},"excerpt":{"rendered":"<p>Removedor de Polvo y Residuos (Aire Comprimido) para Limpieza de Equipos Electr?nicos, 440 ml<\/p>\n","protected":false},"featured_media":117641,"comment_status":"open","ping_status":"closed","template":"","meta":[],"product_brand":[],"product_cat":[608],"product_tag":[586,25,607],"class_list":{"0":"post-117642","1":"product","2":"type-product","3":"status-publish","4":"has-post-thumbnail","6":"product_cat-herramientas-cableado-de-cobre","7":"product_tag-cableado-de-cobre","8":"product_tag-herramientas","9":"product_tag-silimex","11":"first","12":"instock","13":"sale","14":"shipping-taxable","15":"purchasable","16":"product-type-simple"},"_links":{"self":[{"href":"https:\/\/soydeaqui.ddns.net\/pachuca\/index.php\/wp-json\/wp\/v2\/product\/117642","targetHints":{"allow":["GET"]}}],"collection":[{"href":"https:\/\/soydeaqui.ddns.net\/pachuca\/index.php\/wp-json\/wp\/v2\/product"}],"about":[{"href":"https:\/\/soydeaqui.ddns.net\/pachuca\/index.php\/wp-json\/wp\/v2\/types\/product"}],"replies":[{"embeddable":true,"href":"https:\/\/soydeaqui.ddns.net\/pachuca\/index.php\/wp-json\/wp\/v2\/comments?post=117642"}],"wp:featuredmedia":[{"embeddable":true,"href":"https:\/\/soydeaqui.ddns.net\/pachuca\/index.php\/wp-json\/wp\/v2\/media\/117641"}],"wp:attachment":[{"href":"https:\/\/soydeaqui.ddns.net\/pachuca\/index.php\/wp-json\/wp\/v2\/media?parent=117642"}],"wp:term":[{"taxonomy":"product_brand","embeddable":true,"href":"https:\/\/soydeaqui.ddns.net\/pachuca\/index.php\/wp-json\/wp\/v2\/product_brand?post=117642"},{"taxonomy":"product_cat","embeddable":true,"href":"https:\/\/soydeaqui.ddns.net\/pachuca\/index.php\/wp-json\/wp\/v2\/product_cat?post=117642"},{"taxonomy":"product_tag","embeddable":true,"href":"https:\/\/soydeaqui.ddns.net\/pachuca\/index.php\/wp-json\/wp\/v2\/product_tag?post=117642"}],"curies":[{"name":"wp","href":"https:\/\/api.w.org\/{rel}","templated":true}]}}