{"id":117638,"date":"2026-03-24T03:26:42","date_gmt":"2026-03-24T03:26:42","guid":{"rendered":"https:\/\/soydeaqui.ddns.net\/pachuca\/index.php\/producto\/juego-de-10-puntas-de-torsion-con-adaptador-impact-gold-10-veces-mas-duracion\/"},"modified":"2026-03-24T03:26:44","modified_gmt":"2026-03-24T03:26:44","slug":"juego-de-10-puntas-de-torsion-con-adaptador-impact-gold-10-veces-mas-duracion","status":"publish","type":"product","link":"https:\/\/soydeaqui.ddns.net\/pachuca\/index.php\/producto\/juego-de-10-puntas-de-torsion-con-adaptador-impact-gold-10-veces-mas-duracion\/","title":{"rendered":"Juego de 10 Puntas de Torsi\u00f3n con Adaptador Impact Gold [10 Veces M\u00e1s Duraci\u00f3n]"},"content":{"rendered":"<div style='width: 100%; max-width: 1200px; margin: 0 auto; font-family: sans-serif; line-height: 1.6; color: inherit; background-color: transparent;'>\n<div style='display: flex; flex-wrap: wrap; gap: 30px; margin-bottom: 30px;'>\n<div style='flex: 1 1 300px; min-width: 280px;'>\n<h3 style='font-size: 22px; border-bottom: 2px solid currentColor; padding-bottom: 5px; margin-top: 0; color: inherit; opacity: 0.8;'>Juego de puntas de torsi\u00f3n<\/h3>\n<p style='font-size: 15px; color: inherit; margin-top: 15px;'>CONTIENE.-<\/p>\n<\/p><\/div>\n<\/p><\/div>\n<div style='display: flex; flex-wrap: wrap; gap: 20px; margin-bottom: 30px;'>\n<div style='flex: 1 1 100%; overflow-x: auto;'>\n<table style='width: 100%; border-collapse: collapse; min-width: 600px; color: inherit;'>\n<thead>\n<tr style='background-color: #8A8B8A;'>\n<th style='padding: 10px; border: 1px solid rgba(150&comma;150&comma;150&comma;0.3); text-align: center; color: white; font-weight: bold;'>Tama\u00f1o<\/th>\n<th style='padding: 10px; border: 1px solid rgba(150&comma;150&comma;150&comma;0.3); text-align: center; color: white; font-weight: bold;'>Longitud<\/th>\n<th style='padding: 10px; border: 1px solid rgba(150&comma;150&comma;150&comma;0.3); text-align: center; color: white; font-weight: bold;'>Zanco tipo<\/th>\n<th style='padding: 10px; border: 1px solid rgba(150&comma;150&comma;150&comma;0.3); text-align: center; color: white; font-weight: bold;'>Empaque piezas<\/th>\n<th style='padding: 10px; border: 1px solid rgba(150&comma;150&comma;150&comma;0.3); text-align: center; color: white; font-weight: bold;'>No. Parte<\/th>\n<th style='padding: 10px; border: 1px solid rgba(150&comma;150&comma;150&comma;0.3); text-align: center; color: white; font-weight: bold;'>Imagen 1<\/th>\n<th style='padding: 10px; border: 1px solid rgba(150&comma;150&comma;150&comma;0.3); text-align: center; color: white; font-weight: bold;'>Imagen 2<\/th>\n<\/tr>\n<\/thead>\n<tbody>\n<tr>\n<td style='padding: 10px; border: 1px solid rgba(150&comma;150&comma;150&comma;0.3); background-color: #EDEDED; text-align: center;'>Ph1&comma; Ph2&comma; Ph3<\/td>\n<td style='padding: 10px; border: 1px solid rgba(150&comma;150&comma;150&comma;0.3); background-color: #EDEDED; text-align: center;'>25<\/td>\n<td style='padding: 10px; border: 1px solid rgba(150&comma;150&comma;150&comma;0.3); background-color: #EDEDED; text-align: center;'>A<\/td>\n<td style='padding: 10px; border: 1px solid rgba(150&comma;150&comma;150&comma;0.3); background-color: #EDEDED; text-align: center;' rowspan='4'>1<\/td>\n<td style='padding: 10px; border: 1px solid rgba(150&comma;150&comma;150&comma;0.3); background-color: #EDEDED; text-align: center;' rowspan='4'>B-28597<\/td>\n<td style='padding: 10px; border: 1px solid rgba(150&comma;150&comma;150&comma;0.3); background-color: #EDEDED; text-align: center;' rowspan='4'> <a href='https:\/\/www.makita.com.mx\/wp-content\/uploads\/2018\/05\/B-28597-a.jpg' target='_blank' style='text-decoration: none;'> <img style='width: 100%; height: auto; max-width: 90px; border: 1px solid rgba(150&comma;150&comma;150&comma;0.3); border-radius: 8px;' src='file:\/\/\/C:\/Users\/E-EC1-~1\/AppData\/Local\/Temp\/msohtmlclip1\/01\/clip_image001.jpg' alt='B-28597 a'> <\/a> <\/td>\n<td style='padding: 10px; border: 1px solid rgba(150&comma;150&comma;150&comma;0.3); background-color: #EDEDED; text-align: center;' rowspan='4'> <a href='https:\/\/www.makita.com.mx\/wp-content\/uploads\/2018\/05\/B-28597-d.jpg' target='_blank' style='text-decoration: none;'> <img style='width: 100%; height: auto; max-width: 90px; border: 1px solid rgba(150&comma;150&comma;150&comma;0.3); border-radius: 8px;' src='file:\/\/\/C:\/Users\/E-EC1-~1\/AppData\/Local\/Temp\/msohtmlclip1\/01\/clip_image002.jpg' alt='B-28597 d'> <\/a> <\/td>\n<\/tr>\n<tr>\n<td style='padding: 10px; border: 1px solid rgba(150&comma;150&comma;150&comma;0.3); background-color: #FEFEFE; text-align: center;'>Pz1&comma; Pz2&comma; Pz3<\/td>\n<td style='padding: 10px; border: 1px solid rgba(150&comma;150&comma;150&comma;0.3); background-color: #FEFEFE; text-align: center;'>25<\/td>\n<td style='padding: 10px; border: 1px solid rgba(150&comma;150&comma;150&comma;0.3); background-color: #FEFEFE; text-align: center;'>A<\/td>\n<\/tr>\n<tr>\n<td style='padding: 10px; border: 1px solid rgba(150&comma;150&comma;150&comma;0.3); background-color: #EDEDED; text-align: center;'>T15&comma; T20&comma; T25&comma; T30<\/td>\n<td style='padding: 10px; border: 1px solid rgba(150&comma;150&comma;150&comma;0.3); background-color: #EDEDED; text-align: center;'>25<\/td>\n<td style='padding: 10px; border: 1px solid rgba(150&comma;150&comma;150&comma;0.3); background-color: #EDEDED; text-align: center;'>A<\/td>\n<\/tr>\n<tr>\n<td style='padding: 10px; border: 1px solid rgba(150&comma;150&comma;150&comma;0.3); background-color: #FEFEFE; text-align: center;'>Torsi\u00f3n Bit Holder<\/td>\n<td style='padding: 10px; border: 1px solid rgba(150&comma;150&comma;150&comma;0.3); background-color: #FEFEFE; text-align: center;'>66<\/td>\n<td style='padding: 10px; border: 1px solid rgba(150&comma;150&comma;150&comma;0.3); background-color: #FEFEFE; text-align: center;'>MZ-B<\/td>\n<\/tr>\n<\/tbody>\n<\/table><\/div>\n<\/p><\/div>\n<\/p><\/div>\n","protected":false},"excerpt":{"rendered":"<p>Juego de 10 Puntas de Torsi\u00f3n con Adaptador Impact Gold [10 Veces M\u00e1s Duraci\u00f3n]<\/p>\n","protected":false},"featured_media":117637,"comment_status":"open","ping_status":"closed","template":"","meta":[],"product_brand":[],"product_cat":[462],"product_tag":[25,131,252],"class_list":{"0":"post-117638","1":"product","2":"type-product","3":"status-publish","4":"has-post-thumbnail","6":"product_cat-herramientas-electricas-herramientas","7":"product_tag-herramientas","8":"product_tag-herramientas-electricas","9":"product_tag-makita","11":"first","12":"outofstock","13":"sale","14":"shipping-taxable","15":"purchasable","16":"product-type-simple"},"_links":{"self":[{"href":"https:\/\/soydeaqui.ddns.net\/pachuca\/index.php\/wp-json\/wp\/v2\/product\/117638","targetHints":{"allow":["GET"]}}],"collection":[{"href":"https:\/\/soydeaqui.ddns.net\/pachuca\/index.php\/wp-json\/wp\/v2\/product"}],"about":[{"href":"https:\/\/soydeaqui.ddns.net\/pachuca\/index.php\/wp-json\/wp\/v2\/types\/product"}],"replies":[{"embeddable":true,"href":"https:\/\/soydeaqui.ddns.net\/pachuca\/index.php\/wp-json\/wp\/v2\/comments?post=117638"}],"wp:featuredmedia":[{"embeddable":true,"href":"https:\/\/soydeaqui.ddns.net\/pachuca\/index.php\/wp-json\/wp\/v2\/media\/117637"}],"wp:attachment":[{"href":"https:\/\/soydeaqui.ddns.net\/pachuca\/index.php\/wp-json\/wp\/v2\/media?parent=117638"}],"wp:term":[{"taxonomy":"product_brand","embeddable":true,"href":"https:\/\/soydeaqui.ddns.net\/pachuca\/index.php\/wp-json\/wp\/v2\/product_brand?post=117638"},{"taxonomy":"product_cat","embeddable":true,"href":"https:\/\/soydeaqui.ddns.net\/pachuca\/index.php\/wp-json\/wp\/v2\/product_cat?post=117638"},{"taxonomy":"product_tag","embeddable":true,"href":"https:\/\/soydeaqui.ddns.net\/pachuca\/index.php\/wp-json\/wp\/v2\/product_tag?post=117638"}],"curies":[{"name":"wp","href":"https:\/\/api.w.org\/{rel}","templated":true}]}}