{"id":117624,"date":"2026-03-24T03:25:55","date_gmt":"2026-03-24T03:25:55","guid":{"rendered":"https:\/\/soydeaqui.ddns.net\/pachuca\/index.php\/producto\/mini-intercomunicador-para-hoteleria-y-hospitales-con-diseno-elegante-poe-1-boton-1-relevador-integrado-de-salida-y-entrada-2\/"},"modified":"2026-03-24T03:26:01","modified_gmt":"2026-03-24T03:26:01","slug":"mini-intercomunicador-para-hoteleria-y-hospitales-con-diseno-elegante-poe-1-boton-1-relevador-integrado-de-salida-y-entrada-2","status":"publish","type":"product","link":"https:\/\/soydeaqui.ddns.net\/pachuca\/index.php\/producto\/mini-intercomunicador-para-hoteleria-y-hospitales-con-diseno-elegante-poe-1-boton-1-relevador-integrado-de-salida-y-entrada-2\/","title":{"rendered":"Mini Intercomunicador para hoteler\u00eda y hospitales, con dise\u00f1o elegante, PoE, 1 bot\u00f3n, 1 relevador integrado de salida y entrada."},"content":{"rendered":"<div style='width: 100%; max-width: 1200px; margin: 0 auto; font-family: sans-serif; line-height: 1.6; color: inherit; background-color: transparent;'>\n<div style='display: flex; flex-wrap: wrap; gap: 30px; margin-bottom: 30px;'>\n<div style='flex: 1 1 300px; min-width: 280px;'> <img style='width: 100%; height: auto; border: 1px solid rgba(150&comma;150&comma;150&comma;0.3); border-radius: 8px;' src='https:\/\/ftp3.syscom.mx\/usuarios\/fotos\/I10V\/170913-i10_e_i10v_(3).gif' alt=''> <\/div>\n<div style='flex: 1 1 300px; min-width: 280px;'>\n<h3 style='font-size: 22px; border-bottom: 2px solid currentColor; padding-bottom: 5px; margin-top: 0; color: inherit; opacity: 0.8;'>Intercomunicador IP para Hoteles y Hospitales.<\/h3>\n<p style='font-size: 15px; color: inherit;'>El mas versatil y de multiples interfaces.<\/p>\n<ul style='padding-left: 20px; font-size: 15px; color: inherit;'>\n<li style='margin-bottom: 5px;'><strong>2 l\u00edneas SIP.<\/strong><\/li>\n<li style='margin-bottom: 5px;'><strong>IP54.<\/strong><\/li>\n<li style='margin-bottom: 5px;'><strong>Multi-protecci\u00f3n.<\/strong><\/li>\n<li style='margin-bottom: 5px;'><strong>Audio HD.<\/strong><\/li>\n<li style='margin-bottom: 5px;'><strong>Alimentacion v\u00eda PoE.<\/strong><\/li>\n<li style='margin-bottom: 5px;'><strong>Con 1 relevador y un puerto de entrada para conexion de lectoras&comma; sensonres&comma; botones&comma; etc.<\/strong><\/li>\n<\/ul>\n<h3 style='font-size: 22px; border-bottom: 2px solid currentColor; padding-bottom: 5px; margin-top: 25px; color: inherit; opacity: 0.8;'>Escenarios de Aplicaci\u00f3n<\/h3>\n<p style='font-size: 15px; color: inherit;'>Se puede instalar en ba\u00f1os de hoteles&comma; escuelas&comma; entradas de oficinas&comma; entradas en apartamentos&comma; supermercados&comma; etc.<\/p>\n<p style='font-size: 15px; color: inherit;'>A su vez&comma; permite la configuracion con multiples plataformas de IP-PBX y funcionar sin necesidad de IP-PBX por configuracion Peer to Peer.<\/p>\n<\/p><\/div>\n<\/p><\/div>\n<div style='display: flex; flex-wrap: wrap; gap: 20px; margin-bottom: 30px;'>\n<div style='flex: 1 1 250px; border: 1px solid rgba(150&comma; 150&comma; 150&comma; 0.4); border-radius: 8px; overflow: hidden; display: flex; flex-direction: column;'>\n<div style='padding: 15px; border-bottom: 1px solid rgba(150&comma; 150&comma; 150&comma; 0.2); font-weight: bold; font-size: 18px; color: inherit;'>Caracter\u00edsticas principales:<\/div>\n<div style='padding: 15px; color: inherit;'>\n<ul style='padding-left: 20px; margin: 0; font-size: 14px; list-style-type: disc;'>\n<li style='margin-bottom: 5px;'><strong>2 lineas SIP.<\/strong><\/li>\n<li style='margin-bottom: 5px;'><strong>IP54 a prueba de agua y polvo.<\/strong><\/li>\n<li style='margin-bottom: 5px;'><strong>-20 \u00b0 C a 50 \u00b0 C de amplio rango de adaptabilidad de temperatura.<\/strong><\/li>\n<li style='margin-bottom: 5px;'><strong>Altavoz incorporado de 1W y cancelador de eco ac\u00fastico (AEC).<\/strong><\/li>\n<li style='margin-bottom: 5px;'><strong>Interfaz de entrada \/ salida de circuito corto incorporada.<\/strong><\/li>\n<li style='margin-bottom: 5px;'><strong>Funcionalidad que incluye seguridad&comma; intercomunicaci\u00f3n y transmisi\u00f3n.<\/strong><\/li>\n<li style='margin-bottom: 5px;'><strong>Alta compatibilidad &#8211; Compatible con las principales plataformas: Aterisk&comma; Broadsoft&comma; 3CX&comma; Metaswitch&comma; Elastix&comma; Avaya etc.<\/strong><\/li>\n<li style='margin-bottom: 5px;'><strong>Garant\u00eda: 1 a\u00f1o.<\/strong><\/li>\n<\/ul><\/div>\n<\/p><\/div>\n<div style='flex: 1 1 250px; border: 1px solid rgba(150&comma; 150&comma; 150&comma; 0.4); border-radius: 8px; overflow: hidden; display: flex; flex-direction: column;'>\n<div style='padding: 15px; border-bottom: 1px solid rgba(150&comma; 150&comma; 150&comma; 0.2); font-weight: bold; font-size: 18px; color: inherit;'>Caracter\u00edsticas F\u00edsicas y El\u00e9ctricas:<\/div>\n<div style='padding: 15px; color: inherit;'>\n<ul style='padding-left: 20px; margin: 0; font-size: 14px; list-style-type: disc;'>\n<li style='margin-bottom: 5px;'><strong>Alimentacion v\u00eda PoE 802.3af o 12Vcc&comma; 1.0A (fuente no incluida).<\/strong><\/li>\n<li style='margin-bottom: 5px;'><strong>Montaje en pared.<\/strong><\/li>\n<li style='margin-bottom: 5px;'><strong>Nivel de protecci\u00f3n: IP64.<\/strong><\/li>\n<li style='margin-bottom: 5px;'><strong>Material: ABS.<\/strong><\/li>\n<li style='margin-bottom: 5px;'><strong>Temperatura de operaci\u00f3n: -20\u00ba ~ 50\u00ba C.<\/strong><\/li>\n<li style='margin-bottom: 5px;'><strong>Dimensiones: 88 \u00d7 88 \u00d7 31 mm.<\/strong><\/li>\n<li style='margin-bottom: 5px;'><strong>1 puerto RJ45.<\/strong><\/li>\n<li style='margin-bottom: 5px;'><strong>Peso 135g.<\/strong><\/li>\n<\/ul><\/div>\n<\/p><\/div>\n<div style='flex: 1 1 250px; border: 1px solid rgba(150&comma; 150&comma; 150&comma; 0.4); border-radius: 8px; overflow: hidden; display: flex; flex-direction: column;'>\n<div style='padding: 15px; border-bottom: 1px solid rgba(150&comma; 150&comma; 150&comma; 0.2); font-weight: bold; font-size: 18px; color: inherit;'>Caracter\u00edsticas de Red:<\/div>\n<div style='padding: 15px; color: inherit;'>\n<ul style='padding-left: 20px; margin: 0; font-size: 14px; list-style-type: disc;'>\n<li style='margin-bottom: 5px;'><strong>Puerto 10\/100Mbps.<\/strong><\/li>\n<li style='margin-bottom: 5px;'><strong>VPN: L2TP\/Open VPN.<\/strong><\/li>\n<li style='margin-bottom: 5px;'><strong>LLDP.<\/strong><\/li>\n<li style='margin-bottom: 5px;'><strong>QoS.<\/strong><\/li>\n<li style='margin-bottom: 5px;'><strong>TR-069.<\/strong><\/li>\n<\/ul><\/div>\n<\/p><\/div>\n<\/p><\/div>\n<hr style='border: 0; border-top: 1px solid rgba(150&comma; 150&comma; 150&comma; 0.3); margin: 30px 0;'>\n<div style='display: flex; flex-wrap: wrap; gap: 30px; margin-bottom: 30px;'>\n<div style='flex: 1 1 300px; min-width: 280px;'>\n<h3 style='font-size: 22px; border-bottom: 2px solid currentColor; padding-bottom: 5px; margin-top: 0; color: inherit; opacity: 0.8;'>Aplicaci\u00f3n de intercomunicaci\u00f3n del i10 en Hoteles y Hospitales.<\/h3>\n<p> <img style='width: 100%; height: auto; border: 1px solid rgba(150&comma;150&comma;150&comma;0.3); border-radius: 8px;' src='https:\/\/ftp3.syscom.mx\/usuarios\/esanchez\/FANVIL\/I10\/Captura%20de%20pantalla%202019-11-01%20a%20la%28s%29%2014.09.02.png' alt=''> <\/div>\n<div style='flex: 1 1 300px; min-width: 280px;'>\n<h3 style='font-size: 22px; border-bottom: 2px solid currentColor; padding-bottom: 5px; margin-top: 0; color: inherit; opacity: 0.8;'>Aplicaci\u00f3n de intercomunicaci\u00f3n del i10 en Hoteles y Hospitales sin IP-PBX<\/h3>\n<p> <img style='width: 100%; height: auto; border: 1px solid rgba(150&comma;150&comma;150&comma;0.3); border-radius: 8px;' src='https:\/\/ftp3.syscom.mx\/usuarios\/esanchez\/FANVIL\/I10\/Captura%20de%20pantalla%202019-11-01%20a%20la%28s%29%2014.38.23.png' alt=''> <\/div>\n<\/p><\/div>\n<\/p><\/div>\n","protected":false},"excerpt":{"rendered":"<p>Mini Intercomunicador para hoteler\u00eda y hospitales, con dise\u00f1o elegante, PoE, 1 bot\u00f3n, 1 relevador integrado de salida y entrada.<\/p>\n","protected":false},"featured_media":117623,"comment_status":"open","ping_status":"closed","template":"","meta":[],"product_brand":[],"product_cat":[866],"product_tag":[859,789,557],"class_list":{"0":"post-117624","1":"product","2":"type-product","3":"status-publish","4":"has-post-thumbnail","6":"product_cat-intercomunicadores-videoporteros-e-interfonos","7":"product_tag-fanvil","8":"product_tag-intercomunicadores","9":"product_tag-videoporteros-e-interfonos","11":"first","12":"outofstock","13":"sale","14":"shipping-taxable","15":"purchasable","16":"product-type-simple"},"_links":{"self":[{"href":"https:\/\/soydeaqui.ddns.net\/pachuca\/index.php\/wp-json\/wp\/v2\/product\/117624","targetHints":{"allow":["GET"]}}],"collection":[{"href":"https:\/\/soydeaqui.ddns.net\/pachuca\/index.php\/wp-json\/wp\/v2\/product"}],"about":[{"href":"https:\/\/soydeaqui.ddns.net\/pachuca\/index.php\/wp-json\/wp\/v2\/types\/product"}],"replies":[{"embeddable":true,"href":"https:\/\/soydeaqui.ddns.net\/pachuca\/index.php\/wp-json\/wp\/v2\/comments?post=117624"}],"wp:featuredmedia":[{"embeddable":true,"href":"https:\/\/soydeaqui.ddns.net\/pachuca\/index.php\/wp-json\/wp\/v2\/media\/117623"}],"wp:attachment":[{"href":"https:\/\/soydeaqui.ddns.net\/pachuca\/index.php\/wp-json\/wp\/v2\/media?parent=117624"}],"wp:term":[{"taxonomy":"product_brand","embeddable":true,"href":"https:\/\/soydeaqui.ddns.net\/pachuca\/index.php\/wp-json\/wp\/v2\/product_brand?post=117624"},{"taxonomy":"product_cat","embeddable":true,"href":"https:\/\/soydeaqui.ddns.net\/pachuca\/index.php\/wp-json\/wp\/v2\/product_cat?post=117624"},{"taxonomy":"product_tag","embeddable":true,"href":"https:\/\/soydeaqui.ddns.net\/pachuca\/index.php\/wp-json\/wp\/v2\/product_tag?post=117624"}],"curies":[{"name":"wp","href":"https:\/\/api.w.org\/{rel}","templated":true}]}}