{"id":117605,"date":"2026-03-24T03:24:50","date_gmt":"2026-03-24T03:24:50","guid":{"rendered":"https:\/\/soydeaqui.ddns.net\/pachuca\/index.php\/producto\/camara-ip-tipo-domo-antivandalica-5-megapixel-lente-4-mm-ir-20m-wdr-120db-ip66-h-265-wisestream\/"},"modified":"2026-03-24T03:24:57","modified_gmt":"2026-03-24T03:24:57","slug":"camara-ip-tipo-domo-antivandalica-5-megapixel-lente-4-mm-ir-20m-wdr-120db-ip66-h-265-wisestream","status":"publish","type":"product","link":"https:\/\/soydeaqui.ddns.net\/pachuca\/index.php\/producto\/camara-ip-tipo-domo-antivandalica-5-megapixel-lente-4-mm-ir-20m-wdr-120db-ip66-h-265-wisestream\/","title":{"rendered":"C\u00e1mara IP Tipo Domo Antivand\u00e1lica 5 Megap\u00edxel \/ Lente 4 mm \/ IR 20M \/ WDR 120db \/ IP66 \/ H.265 &#038; WiseStream"},"content":{"rendered":"<div style='width: 100%; max-width: 1200px; margin: 0 auto; font-family: sans-serif; line-height: 1.6; color: inherit; background-color: transparent;'> <!-- Video 1 --> <\/p>\n<div style='position: relative; padding-bottom: 56.25%; height: 0; overflow: hidden; margin-bottom: 30px;'>   <\/div>\n<p> <!-- Secci\u00f3n de texto y video --> <\/p>\n<div style='display: flex; flex-wrap: wrap; gap: 30px; margin-bottom: 30px;'>\n<div style='flex: 1 1 300px; min-width: 280px;'>\n<h3 style='font-size: 22px; border-bottom: 2px solid currentColor; padding-bottom: 5px; margin-top: 0; color: inherit; opacity: 0.8;'>H.265 + WiseStream<\/h3>\n<p style='font-size: 15px; color: inherit;'>Mediante WiseStream&comma; la tecnolog\u00eda de compresi\u00f3n de v\u00eddeo de Hanwha Techwin&comma; la serie Wisenet X reduce el almacenamiento de datos <strong style='color: #f37934;'>hasta un 75%<\/strong> en comparaci\u00f3n con la actual tecnolog\u00eda H.264&comma; cuando se combina con la compresi\u00f3n H.265. Los costes del sistema se reducen enormemente sin comprometer la calidad de las im\u00e1genes.<\/p>\n<\/p><\/div>\n<div style='flex: 1 1 300px; min-width: 280px;'>\n<div style='position: relative; padding-bottom: 56.25%; height: 0; overflow: hidden; margin-bottom: 30px;'>   <\/div>\n<\/p><\/div>\n<\/p><\/div>\n<p> <!-- Secci\u00f3n de lentes --> <\/p>\n<div style='margin-bottom: 30px;'>\n<h3 style='font-size: 22px; border-bottom: 2px solid currentColor; padding-bottom: 5px; margin-top: 0; color: inherit; opacity: 0.8;'>Diferentes \u00e1ngulos de visi\u00f3n<\/h3>\n<p style='font-size: 15px; color: inherit;'>La serie Q de Wisenet&comma; le ofrece variedad de lentes fijos para que elija el angulo de visi\u00f3n de acuerdo a la escena.<\/p>\n<p style='font-size: 15px; color: inherit;'>Opciones de lentes fijos: <span style='color: #f37934;'><strong>2.8&comma; 4 y 6 mm<\/strong><\/span><strong>.<\/strong><\/p>\n<\/p><\/div>\n<p> <!-- Secci\u00f3n de detecciones --> <\/p>\n<div style='display: grid; grid-template-columns: repeat(auto-fill&comma; minmax(280px&comma; 1fr)); gap: 30px; margin-bottom: 30px;'> <!-- Detecci\u00f3n de Movimiento --> <\/p>\n<div style='text-align: center;'>\n<h4 style='font-size: 18px; color: #f37934; margin-bottom: 15px;'><strong>Detecci\u00f3n de Movimiento<\/strong><\/h4>\n<p> <img style='width: 100%; height: auto; border: 1px solid rgba(150&comma;150&comma;150&comma;0.3); border-radius: 8px;' src='https:\/\/ftp3.syscom.mx\/usuarios\/fotos\/QNO6010R\/88479-detecci\u00f3n_de_movimiento.jpg' alt='Detecci\u00f3n de Movimiento'> <\/div>\n<p> <!-- Detecci\u00f3n de Sabotaje --> <\/p>\n<div style='text-align: center;'>\n<h4 style='font-size: 18px; color: #f37934; margin-bottom: 15px;'><strong>Detecci\u00f3n de Sabotaje<\/strong><\/h4>\n<p> <img style='width: 100%; height: auto; border: 1px solid rgba(150&comma;150&comma;150&comma;0.3); border-radius: 8px;' src='https:\/\/ftp3.syscom.mx\/usuarios\/fotos\/LNV6010R\/157854-sabotaje.jpg' alt='Detecci\u00f3n de Sabotaje'> <\/div>\n<p> <!-- Detecci\u00f3n de Desenfoque --> <\/p>\n<div style='text-align: center;'>\n<h4 style='font-size: 18px; color: #f37934; margin-bottom: 15px;'><strong>Detecci\u00f3n de Desenfoque<\/strong><\/h4>\n<p> <img style='width: 100%; height: auto; border: 1px solid rgba(150&comma;150&comma;150&comma;0.3); border-radius: 8px;' src='https:\/\/ftp3.syscom.mx\/usuarios\/fotos\/LNO6070R\/157853-imagen-desenfocada_1286-72.jpg' alt='Detecci\u00f3n de Desenfoque'> <\/div>\n<p> <!-- Detecci\u00f3n de Direcci\u00f3n --> <\/p>\n<div style='text-align: center;'>\n<h4 style='font-size: 18px; color: #f37934; margin-bottom: 15px;'><strong>Detecci\u00f3n de Direcci\u00f3n<\/strong><\/h4>\n<p> <img style='width: 100%; height: auto; border: 1px solid rgba(150&comma;150&comma;150&comma;0.3); border-radius: 8px;' src='https:\/\/ftp3.syscom.mx\/usuarios\/fotos\/QND6012R\/171514-direccion.png' alt='Detecci\u00f3n de Direcci\u00f3n'> <\/div>\n<p> <!-- Linea Virtual --> <\/p>\n<div style='text-align: center;'>\n<h4 style='font-size: 18px; color: #f37934; margin-bottom: 15px;'><strong>L\u00ednea Virtual<\/strong><\/h4>\n<p> <img style='width: 100%; height: auto; border: 1px solid rgba(150&comma;150&comma;150&comma;0.3); border-radius: 8px;' src='https:\/\/ftp3.syscom.mx\/usuarios\/fotos\/QND6012R\/171514-linea_virtual.png' alt='L\u00ednea Virtual'> <\/div>\n<p> <!-- Entrada \/ Salida --> <\/p>\n<div style='text-align: center;'>\n<h4 style='font-size: 18px; color: #f37934; margin-bottom: 15px;'><strong>Entrada \/ Salida<\/strong><\/h4>\n<p> <img style='width: 100%; height: auto; border: 1px solid rgba(150&comma;150&comma;150&comma;0.3); border-radius: 8px;' src='https:\/\/ftp3.syscom.mx\/usuarios\/fotos\/QND6012R\/171514-entrada_salida.png' alt='Entrada \/ Salida'> <\/div>\n<\/p><\/div>\n<p> <!-- Secci\u00f3n de especificaciones --> <\/p>\n<div style='display: flex; flex-wrap: wrap; gap: 20px; margin-bottom: 30px;'> <!-- Caracter\u00edsticas principales --> <\/p>\n<div style='flex: 1 1 250px; border: 1px solid rgba(150&comma; 150&comma; 150&comma; 0.4); border-radius: 8px; overflow: hidden; display: flex; flex-direction: column;'>\n<div style='padding: 15px; border-bottom: 1px solid rgba(150&comma; 150&comma; 150&comma; 0.2); font-weight: bold; font-size: 18px; color: inherit;'>Caracter\u00edsticas principales<\/div>\n<div style='padding: 15px; color: inherit;'>\n<ul style='padding-left: 20px; margin: 0; font-size: 14px; list-style-type: disc;'>\n<li style='margin-bottom: 5px;'><span style='color: inherit;'>Sensor de imagen: 1\/2.8 CMOS Scan Progresivo.<\/span><\/li>\n<li style='margin-bottom: 5px;'><span style='color: inherit;'>Iluminaci\u00f3n m\u00ednima: Color: 0.1Lux&comma; B\/N: 0Lux con IR encendido.<\/span><\/li>\n<li style='margin-bottom: 5px;'><span style='color: inherit;'>D\u00eda \/ Noche real con filtro ICR.<\/span><\/li>\n<li style='margin-bottom: 5px;'><span style='color: inherit;'>Lente Fijo: 4 mm.<\/span><\/li>\n<li style='margin-bottom: 5px;'><span style='color: inherit;'>Distancia de IR: 25 m IR inteligente.<\/span><\/li>\n<li style='margin-bottom: 5px;'><span style='color: inherit;'>Funciones: WDR real (120dB).<\/span><\/li>\n<\/ul><\/div>\n<\/p><\/div>\n<p> <!-- Compresi\u00f3n de v\u00eddeo --> <\/p>\n<div style='flex: 1 1 250px; border: 1px solid rgba(150&comma; 150&comma; 150&comma; 0.4); border-radius: 8px; overflow: hidden; display: flex; flex-direction: column;'>\n<div style='padding: 15px; border-bottom: 1px solid rgba(150&comma; 150&comma; 150&comma; 0.2); font-weight: bold; font-size: 18px; color: inherit;'>Compresi\u00f3n de v\u00eddeo y resoluci\u00f3n m\u00e1xima<\/div>\n<div style='padding: 15px; color: inherit;'>\n<ul style='padding-left: 20px; margin: 0; font-size: 14px; list-style-type: disc;'>\n<li style='margin-bottom: 5px;'><span style='color: inherit;'>Resoluci\u00f3n m\u00e1xima: 5 Megap\u00edxel (2592 x 1944)<\/span><\/li>\n<li style='margin-bottom: 5px;'><span style='color: inherit;'>Compresi\u00f3n: H.265&comma; H.264&comma; MJPEG.<\/span><\/li>\n<\/ul><\/div>\n<\/p><\/div>\n<p> <!-- Funciones de red y almacenamiento --> <\/p>\n<div style='flex: 1 1 250px; border: 1px solid rgba(150&comma; 150&comma; 150&comma; 0.4); border-radius: 8px; overflow: hidden; display: flex; flex-direction: column;'>\n<div style='padding: 15px; border-bottom: 1px solid rgba(150&comma; 150&comma; 150&comma; 0.2); font-weight: bold; font-size: 18px; color: inherit;'>Funciones de red y almacenamiento<\/div>\n<div style='padding: 15px; color: inherit;'>\n<ul style='padding-left: 20px; margin: 0; font-size: 14px; list-style-type: disc;'>\n<li style='margin-bottom: 5px;'><span style='color: inherit;'>Almacenamiento: Soporta microSD de hasta 128GB (no incluida).<\/span><\/li>\n<li style='margin-bottom: 5px;'><span style='color: inherit;'>ONVIF: Profile S\/G\/T&comma; SUNAPI (HTTP API).<\/span><\/li>\n<\/ul><\/div>\n<\/p><\/div>\n<p> <!-- Accesorios compatibles --> <\/p>\n<div style='flex: 1 1 250px; border: 1px solid rgba(150&comma; 150&comma; 150&comma; 0.4); border-radius: 8px; overflow: hidden; display: flex; flex-direction: column;'>\n<div style='padding: 15px; border-bottom: 1px solid rgba(150&comma; 150&comma; 150&comma; 0.2); font-weight: bold; font-size: 18px; color: inherit;'>Accesorios compatibles<\/div>\n<div style='padding: 15px; color: inherit;'>\n<ul style='padding-left: 20px; margin: 0; font-size: 14px; list-style-type: disc;'>\n<li style='margin-bottom: 5px;'><a href='https:\/\/www.syscom.mx\/producto\/SBV-120GW-Hanwha-Techwin-Wisenet-176304.html' target='_blank' rel='noopener' style='color: inherit; text-decoration: underline;'>Caja de conexiones compatible: SBV-120GW<\/a><\/li>\n<li style='margin-bottom: 5px;'><a href='https:\/\/www.syscom.mx\/producto\/SBP-122HMW-Hanwha-Techwin-Wisenet-164087.html' target='_blank' rel='noopener' style='color: inherit; text-decoration: underline;'>Plato adaptador para montaje: SBP-122HMW<\/a><\/li>\n<li style='margin-bottom: 5px;'><a href='https:\/\/www.syscom.mx\/producto\/SBP-137WMW1-Hanwha-Techwin-Wisenet-176275.html' target='_blank' rel='noopener' style='color: inherit; text-decoration: underline;'>Montaje de pared para interior: SBP-137WMW1<\/a><\/li>\n<li style='margin-bottom: 5px;'><a href='https:\/\/www.syscom.mx\/producto\/SBP-300WMW1-Hanwha-Techwin-Wisenet-164078.html' target='_blank' rel='noopener' style='color: inherit; text-decoration: underline;'>Montaje de pared SBP-300WMW1 (necesita plato adaptador)<\/a><\/li>\n<li style='margin-bottom: 5px;'><a href='https:\/\/www.syscom.mx\/producto\/SBP-300CMW-Hanwha-Techwin-Wisenet-164080.html' target='_blank' rel='noopener' style='color: inherit; text-decoration: underline;'>Montaje de pared SBP-300CMW (necesita plato adaptador)<\/a><\/li>\n<\/ul><\/div>\n<\/p><\/div>\n<p> <!-- Caracter\u00edsticas f\u00edsicas y el\u00e9ctricas --> <\/p>\n<div style='flex: 1 1 250px; border: 1px solid rgba(150&comma; 150&comma; 150&comma; 0.4); border-radius: 8px; overflow: hidden; display: flex; flex-direction: column;'>\n<div style='padding: 15px; border-bottom: 1px solid rgba(150&comma; 150&comma; 150&comma; 0.2); font-weight: bold; font-size: 18px; color: inherit;'>Caracter\u00edsticas f\u00edsicas y el\u00e9ctricas<\/div>\n<div style='padding: 15px; color: inherit;'>\n<ul style='padding-left: 20px; margin: 0; font-size: 14px; list-style-type: disc;'>\n<li style='margin-bottom: 5px;'><span style='color: inherit;'>Temperatura de operaci\u00f3n: -30 a 55 \u00b0C&comma; humedad menor a 90%.<\/span><\/li>\n<li style='margin-bottom: 5px;'><span style='color: inherit;'>Alimentaci\u00f3n: PoE (802.3af&comma; Clase 3) \/ 7.2 W.<\/span><\/li>\n<li style='margin-bottom: 5px;'><span style='color: inherit;'>Tipo de uso: Exterior \/ IP66 \/ IK10<\/span><\/li>\n<li style='margin-bottom: 5px;'><span style='color: inherit;'>Dimensiones: \u00d8 120.3 x 91.7 mm.<\/span><\/li>\n<li style='margin-bottom: 5px;'><span style='color: inherit;'>Peso: 510 g.<\/span><\/li>\n<\/ul><\/div>\n<\/p><\/div>\n<\/p><\/div>\n<p> <!-- Enlace a informaci\u00f3n adicional --> <\/p>\n<div style='margin-bottom: 30px;'>\n<p style='font-size: 15px; color: inherit;'><strong>Para m\u00e1s informaci\u00f3n&comma; ingrese <a href='http:\/\/soporte.syscom.mx\/es\/articles\/2629283-hanwha-lista-de-tips-tecnicos' target='_blank' rel='noopener' style='color: inherit; text-decoration: underline;'>aqu\u00ed<\/a>.<\/strong><\/p>\n<\/p><\/div>\n<p> <!-- Separador --> <\/p>\n<hr style='border: 0; border-top: 1px solid rgba(150&comma; 150&comma; 150&comma; 0.3); margin: 30px 0;'> <\/div>\n","protected":false},"excerpt":{"rendered":"<p>C\u00e1mara IP Tipo Domo Antivand\u00e1lica 5 Megap\u00edxel \/ Lente 4 mm \/ IR 20M \/ WDR 120db \/ IP66 \/ H.265 &#038; WiseStream<\/p>\n","protected":false},"featured_media":117604,"comment_status":"open","ping_status":"closed","template":"","meta":[],"product_brand":[],"product_cat":[2056],"product_tag":[122,2057,1055],"class_list":{"0":"post-117605","1":"product","2":"type-product","3":"status-publish","4":"has-post-thumbnail","6":"product_cat-domo-eyeball-turret","7":"product_tag-camaras-ip-y-nvrs","8":"product_tag-domo-eyeball-turret","9":"product_tag-hanwha-vision","11":"first","12":"outofstock","13":"sale","14":"shipping-taxable","15":"purchasable","16":"product-type-simple"},"_links":{"self":[{"href":"https:\/\/soydeaqui.ddns.net\/pachuca\/index.php\/wp-json\/wp\/v2\/product\/117605","targetHints":{"allow":["GET"]}}],"collection":[{"href":"https:\/\/soydeaqui.ddns.net\/pachuca\/index.php\/wp-json\/wp\/v2\/product"}],"about":[{"href":"https:\/\/soydeaqui.ddns.net\/pachuca\/index.php\/wp-json\/wp\/v2\/types\/product"}],"replies":[{"embeddable":true,"href":"https:\/\/soydeaqui.ddns.net\/pachuca\/index.php\/wp-json\/wp\/v2\/comments?post=117605"}],"wp:featuredmedia":[{"embeddable":true,"href":"https:\/\/soydeaqui.ddns.net\/pachuca\/index.php\/wp-json\/wp\/v2\/media\/117604"}],"wp:attachment":[{"href":"https:\/\/soydeaqui.ddns.net\/pachuca\/index.php\/wp-json\/wp\/v2\/media?parent=117605"}],"wp:term":[{"taxonomy":"product_brand","embeddable":true,"href":"https:\/\/soydeaqui.ddns.net\/pachuca\/index.php\/wp-json\/wp\/v2\/product_brand?post=117605"},{"taxonomy":"product_cat","embeddable":true,"href":"https:\/\/soydeaqui.ddns.net\/pachuca\/index.php\/wp-json\/wp\/v2\/product_cat?post=117605"},{"taxonomy":"product_tag","embeddable":true,"href":"https:\/\/soydeaqui.ddns.net\/pachuca\/index.php\/wp-json\/wp\/v2\/product_tag?post=117605"}],"curies":[{"name":"wp","href":"https:\/\/api.w.org\/{rel}","templated":true}]}}