{"id":117589,"date":"2026-03-24T03:23:55","date_gmt":"2026-03-24T03:23:55","guid":{"rendered":"https:\/\/soydeaqui.ddns.net\/pachuca\/index.php\/producto\/otdr-para-pruebas-en-enlaces-de-fibra-optica-longitudes-de-onda-1310-y-1550-nm-entrada-sc-upc\/"},"modified":"2026-03-24T03:24:16","modified_gmt":"2026-03-24T03:24:16","slug":"otdr-para-pruebas-en-enlaces-de-fibra-optica-longitudes-de-onda-1310-y-1550-nm-entrada-sc-upc","status":"publish","type":"product","link":"https:\/\/soydeaqui.ddns.net\/pachuca\/index.php\/producto\/otdr-para-pruebas-en-enlaces-de-fibra-optica-longitudes-de-onda-1310-y-1550-nm-entrada-sc-upc\/","title":{"rendered":"OTDR para pruebas en Enlaces de Fibra \u00d3ptica, longitudes de onda 1310 y 1550 nm, entrada SC\/UPC"},"content":{"rendered":"<div style='width: 100%; max-width: 1200px; margin: 0 auto; font-family: sans-serif; line-height: 1.6; color: inherit; background-color: transparent;'> <!-- Imagen del producto --> <\/p>\n<div style='text-align: center; margin-bottom: 30px;'> <img style='width: 100%; max-width: 270px; height: auto; border: 1px solid rgba(150&comma;150&comma;150&comma;0.3); border-radius: 8px;' src='https:\/\/ftp3.syscom.mx\/usuarios\/orobles\/GREENLEE\/TEMPO-COMMUNICATIONS-lg.jpg' alt=''> <\/div>\n<p> <!-- Descripci\u00f3n principal --> <\/p>\n<div style='margin-bottom: 30px;'>\n<p style='font-size: 16px; color: inherit;'> OTDR para pruebas en Enlaces de Fibra \u00d3ptica&comma; longitudes de onda 1310 y 1550 nm con entrada SC\/UPC. <\/p>\n<\/p><\/div>\n<p> <!-- Secciones de caracter\u00edsticas --> <\/p>\n<div style='display: flex; flex-wrap: wrap; gap: 30px; margin-bottom: 30px;'>\n<div style='flex: 1 1 300px; min-width: 280px;'>\n<h3 style='font-size: 22px; border-bottom: 2px solid currentColor; padding-bottom: 5px; margin-top: 0; color: inherit; opacity: 0.8;'>R\u00c1PIDO<\/h3>\n<ul style='padding-left: 20px; font-size: 15px; color: inherit;'>\n<li style='margin-bottom: 5px;'><strong>Funciones de prueba con un bot\u00f3n:<\/strong> Comienza las mediciones con tan solo presionar un bot\u00f3n.<\/li>\n<li style='margin-bottom: 5px;'><strong>Prueba autom\u00e1tica:<\/strong> Establece de manera autom\u00e1tica los par\u00e1metros de prueba para obtener resultados \u00f3ptimos de prueba.<\/li>\n<\/ul><\/div>\n<div style='flex: 1 1 300px; min-width: 280px;'>\n<h3 style='font-size: 22px; border-bottom: 2px solid currentColor; padding-bottom: 5px; margin-top: 0; color: inherit; opacity: 0.8;'>PRECISO<\/h3>\n<ul style='padding-left: 20px; font-size: 15px; color: inherit;'>\n<li style='margin-bottom: 5px;'><strong>Interfaz gr\u00e1fica:<\/strong> F\u00e1cil de leer&comma; incluso en condiciones de luz baja o brillante.<\/li>\n<li style='margin-bottom: 5px;'><strong>Rango din\u00e1mico de hasta 38 dB:<\/strong> Examina cables m\u00e1s largos y observa reflexiones menores.<\/li>\n<li style='margin-bottom: 5px;'><strong>Longitud y defectos de medidas:<\/strong> Encuentra fallas r\u00e1pidamente.<\/li>\n<\/ul><\/div>\n<div style='flex: 1 1 300px; min-width: 280px;'>\n<h3 style='font-size: 22px; border-bottom: 2px solid currentColor; padding-bottom: 5px; margin-top: 0; color: inherit; opacity: 0.8;'>CONFIABLE<\/h3>\n<ul style='padding-left: 20px; font-size: 15px; color: inherit;'>\n<li style='margin-bottom: 5px;'>El visor de enlaces anota el enlace de fibra completo en un formato de aprobado\/falla f\u00e1cil de interpretar.<\/li>\n<li style='margin-bottom: 5px;'>El an\u00e1lisis de macrocurvatura ubica las p\u00e9rdidas de fibra problem\u00e1ticas a 1550 nm.<\/li>\n<li style='margin-bottom: 5px;'>Informes de aceptaci\u00f3n de cable. Genera informes personalizados que incluyen firma de trazo y eventos de fibras.<\/li>\n<li style='margin-bottom: 5px;'>Bater\u00eda de larga duraci\u00f3n. Funciona por m\u00e1s tiempo sin carga. Hasta 8 horas de uso continuo.<\/li>\n<li style='margin-bottom: 5px;'>Construcci\u00f3n resistente. Prueba de ca\u00edda de 2 m&comma; resistente a los impactos y construido para funcionar (certificado por GR-196).<\/li>\n<li style='margin-bottom: 5px;'>Normas BellCore requeridas por las mayores empresas de telecomunicaciones.<\/li>\n<\/ul><\/div>\n<\/p><\/div>\n<p> <!-- Subcaracter\u00edsticas de confiabilidad --> <\/p>\n<div style='margin-bottom: 30px;'>\n<h3 style='font-size: 20px; border-bottom: 2px solid currentColor; padding-bottom: 5px; margin-top: 0; color: inherit; opacity: 0.8;'>Normas BellCore<\/h3>\n<ul style='padding-left: 20px; font-size: 15px; color: inherit;'>\n<li style='margin-bottom: 5px;'>Cumple con todas las especificaciones en los extremos de temperatura especificados.<\/li>\n<li style='margin-bottom: 5px;'>Operacional y dentro de las especificaciones luego de una tormenta de polvo simulada.<\/li>\n<li style='margin-bottom: 5px;'>Resistente a EMI de acuerdo con GR-1089.<\/li>\n<li style='margin-bottom: 5px;'>Resistente a la lluvia sin trayectorias directas.<\/li>\n<\/ul><\/div>\n<p> <!-- Caracter\u00edstica final --> <\/p>\n<div style='margin-bottom: 30px;'>\n<ul style='padding-left: 20px; font-size: 15px; color: inherit;'>\n<li style='margin-bottom: 5px;'><strong>Compatible con Fibra \u00d3ptica Monomodo<\/strong><\/li>\n<\/ul><\/div>\n<\/p><\/div>\n","protected":false},"excerpt":{"rendered":"<p>OTDR para pruebas en Enlaces de Fibra \u00d3ptica, longitudes de onda 1310 y 1550 nm, entrada SC\/UPC<\/p>\n","protected":false},"featured_media":117588,"comment_status":"open","ping_status":"closed","template":"","meta":[],"product_brand":[],"product_cat":[636],"product_tag":[611,25,658],"class_list":{"0":"post-117589","1":"product","2":"type-product","3":"status-publish","4":"has-post-thumbnail","6":"product_cat-herramientas-fibra-optica","7":"product_tag-fibra-optica","8":"product_tag-herramientas","9":"product_tag-tempo","11":"first","12":"outofstock","13":"sale","14":"shipping-taxable","15":"purchasable","16":"product-type-simple"},"_links":{"self":[{"href":"https:\/\/soydeaqui.ddns.net\/pachuca\/index.php\/wp-json\/wp\/v2\/product\/117589","targetHints":{"allow":["GET"]}}],"collection":[{"href":"https:\/\/soydeaqui.ddns.net\/pachuca\/index.php\/wp-json\/wp\/v2\/product"}],"about":[{"href":"https:\/\/soydeaqui.ddns.net\/pachuca\/index.php\/wp-json\/wp\/v2\/types\/product"}],"replies":[{"embeddable":true,"href":"https:\/\/soydeaqui.ddns.net\/pachuca\/index.php\/wp-json\/wp\/v2\/comments?post=117589"}],"wp:featuredmedia":[{"embeddable":true,"href":"https:\/\/soydeaqui.ddns.net\/pachuca\/index.php\/wp-json\/wp\/v2\/media\/117588"}],"wp:attachment":[{"href":"https:\/\/soydeaqui.ddns.net\/pachuca\/index.php\/wp-json\/wp\/v2\/media?parent=117589"}],"wp:term":[{"taxonomy":"product_brand","embeddable":true,"href":"https:\/\/soydeaqui.ddns.net\/pachuca\/index.php\/wp-json\/wp\/v2\/product_brand?post=117589"},{"taxonomy":"product_cat","embeddable":true,"href":"https:\/\/soydeaqui.ddns.net\/pachuca\/index.php\/wp-json\/wp\/v2\/product_cat?post=117589"},{"taxonomy":"product_tag","embeddable":true,"href":"https:\/\/soydeaqui.ddns.net\/pachuca\/index.php\/wp-json\/wp\/v2\/product_tag?post=117589"}],"curies":[{"name":"wp","href":"https:\/\/api.w.org\/{rel}","templated":true}]}}