{"id":117580,"date":"2026-03-24T03:23:24","date_gmt":"2026-03-24T03:23:24","guid":{"rendered":"https:\/\/soydeaqui.ddns.net\/pachuca\/index.php\/producto\/acusense-evita-falsas-alarmas-dvr-4-megapixel-16-canales-turbohd-8-canales-ip-1-bahia-de-disco-duro-audio-por-coaxitron-salida-de-video-en-full-hd\/"},"modified":"2026-03-24T03:23:44","modified_gmt":"2026-03-24T03:23:44","slug":"acusense-evita-falsas-alarmas-dvr-4-megapixel-16-canales-turbohd-8-canales-ip-1-bahia-de-disco-duro-audio-por-coaxitron-salida-de-video-en-full-hd","status":"publish","type":"product","link":"https:\/\/soydeaqui.ddns.net\/pachuca\/index.php\/producto\/acusense-evita-falsas-alarmas-dvr-4-megapixel-16-canales-turbohd-8-canales-ip-1-bahia-de-disco-duro-audio-por-coaxitron-salida-de-video-en-full-hd\/","title":{"rendered":"(ACUSENSE \/ Evita Falsas Alarmas) DVR 4 Megapixel \/ 16 Canales TURBOHD + 8 Canales IP \/  1 Bah\u00eda de Disco Duro \/ Audio por Coaxitron \/ Salida de V\u00eddeo en Full HD"},"content":{"rendered":"<div style='width: 100%; max-width: 1200px; margin: 0 auto; font-family: sans-serif; line-height: 1.6; color: inherit; background-color: transparent;'>\n<p style='text-align: center; margin: 0;'><img style='width: 100%; max-width: 45%; height: auto; border: 1px solid rgba(150&comma;150&comma;150&comma;0.3); border-radius: 8px;' src='https:\/\/ftp3.syscom.mx\/usuarios\/jsosa\/HIKVISION\/imagenes\/logo\/hikvision%20see%20far.png' alt='Hikvision Logo' \/><\/p>\n<div style='display: grid; grid-template-columns: repeat(auto-fill&comma; minmax(280px&comma; 1fr)); gap: 30px; margin: 30px 0;'>\n<div style='display: flex; flex-direction: column; gap: 15px;'>\n<h3 style='font-size: 22px; border-bottom: 2px solid currentColor; padding-bottom: 5px; margin-top: 0; color: inherit; opacity: 0.8;'>AcuSense vs Anal\u00edticos Tradicionales<\/h3>\n<div style='position: relative; padding-bottom: 56.25%; height: 0; overflow: hidden;'>   <\/div>\n<\/p><\/div>\n<div style='display: flex; flex-direction: column; gap: 15px;'>\n<h3 style='font-size: 22px; border-bottom: 2px solid currentColor; padding-bottom: 5px; margin-top: 0; color: inherit; opacity: 0.8;'>Inteligencia Artificial con AcuSense<\/h3>\n<div style='position: relative; padding-bottom: 56.25%; height: 0; overflow: hidden;'>   <\/div>\n<\/p><\/div>\n<div style='display: flex; flex-direction: column; gap: 15px;'>\n<h3 style='font-size: 22px; border-bottom: 2px solid currentColor; padding-bottom: 5px; margin-top: 0; color: inherit; opacity: 0.8;'>Crear Cuenta Hik-Connect<\/h3>\n<div style='position: relative; padding-bottom: 56.25%; height: 0; overflow: hidden;'>   <\/div>\n<\/p><\/div>\n<div style='display: flex; flex-direction: column; gap: 15px;'>\n<h3 style='font-size: 22px; border-bottom: 2px solid currentColor; padding-bottom: 5px; margin-top: 0; color: inherit; opacity: 0.8;'>Cruce de Linea en 90 Segundos<\/h3>\n<div style='position: relative; padding-bottom: 56.25%; height: 0; overflow: hidden;'>   <\/div>\n<\/p><\/div>\n<div style='display: flex; flex-direction: column; gap: 15px;'>\n<h3 style='font-size: 22px; border-bottom: 2px solid currentColor; padding-bottom: 5px; margin-top: 0; color: inherit; opacity: 0.8;'>Cambiar la resoluci\u00f3n de una c\u00e1mara TURBO<\/h3>\n<div style='position: relative; padding-bottom: 56.25%; height: 0; overflow: hidden;'>   <\/div>\n<\/p><\/div>\n<div style='display: flex; flex-direction: column; gap: 15px;'>\n<h3 style='font-size: 22px; border-bottom: 2px solid currentColor; padding-bottom: 5px; margin-top: 0; color: inherit; opacity: 0.8;'>Habilitar detecci\u00f3n de rostro grabadores l\u00ednea iDS72HQ<\/h3>\n<div style='position: relative; padding-bottom: 56.25%; height: 0; overflow: hidden;'>   <\/div>\n<\/p><\/div>\n<\/p><\/div>\n<div style='display: grid; grid-template-columns: repeat(auto-fill&comma; minmax(280px&comma; 1fr)); gap: 30px; margin: 30px 0;'>\n<div style='display: flex; flex-direction: column; gap: 15px;'>\n<h4 style='font-size: 20px; border-bottom: 2px solid currentColor; padding-bottom: 5px; margin-top: 0; color: inherit; opacity: 0.8;'>AcuSense \u00c1reas Restringidas<\/h4>\n<div style='position: relative; padding-bottom: 56.25%; height: 0; overflow: hidden;'>   <\/div>\n<\/p><\/div>\n<div style='display: flex; flex-direction: column; gap: 15px;'>\n<h4 style='font-size: 20px; border-bottom: 2px solid currentColor; padding-bottom: 5px; margin-top: 0; color: inherit; opacity: 0.8;'>AcuSense Almacenes<\/h4>\n<div style='position: relative; padding-bottom: 56.25%; height: 0; overflow: hidden;'>   <\/div>\n<\/p><\/div>\n<div style='display: flex; flex-direction: column; gap: 15px;'>\n<h4 style='font-size: 20px; border-bottom: 2px solid currentColor; padding-bottom: 5px; margin-top: 0; color: inherit; opacity: 0.8;'>Evite Falsas Alarmas<\/h4>\n<div style='position: relative; padding-bottom: 56.25%; height: 0; overflow: hidden;'>   <\/div>\n<\/p><\/div>\n<\/p><\/div>\n<p style='text-align: center; margin: 30px 0;'><strong>Audio&comma; Video y Datos por el Mismo Cable<\/strong><\/p>\n<p> <img style='width: 100%; max-width: 100%; height: auto; border: 1px solid rgba(150&comma;150&comma;150&comma;0.3); border-radius: 8px;' src='https:\/\/ftp3.syscom.mx\/usuarios\/jsosa\/HIKVISION\/imagenes\/coaxitron\/coaxitron.jpg' alt='Audio&comma; Video y Datos por el Mismo Cable' \/> <\/p>\n<div style='margin: 30px 0;'>\n<p><strong><span style='color: #ff0000;'>Nota importante:<\/span><\/strong><\/p>\n<p>Gracias a las nuevas actualizaciones (mejoras) ahora el DVR permite aceptar c\u00e1maras TURBOHD de 4 Megapixel que originalmente estaba dedicado a soportar 3 Megapixel&comma; el DVR podr\u00e1 grabar a 4 Megapixel Lite&comma; quiere decir que es un acoplamiento de se\u00f1al que permite aceptar c\u00e1maras de 4 Megapixel TURBOHD con grabacion Lite.<\/p>\n<ul>\n<li style='color: #ff0000;'>4 Megapixel Real = 2560 X 1440.<\/li>\n<li style='color: #ff0000;'>4 Megapixel Lite = 1280 X 1440.<\/li>\n<\/ul><\/div>\n<div style='display: grid; grid-template-columns: repeat(auto-fill&comma; minmax(280px&comma; 1fr)); gap: 30px; margin: 30px 0;'>\n<div style='border: 1px solid rgba(150&comma;150&comma;150&comma;0.4); border-left: 5px solid #ff0000; border-radius: 8px; padding: 15px; display: flex; flex-direction: column; gap: 15px;'>\n<h3 style='font-size: 18px; margin-top: 0; color: inherit;'>Caracter\u00edsticas principales:<\/h3>\n<ul style='padding-left: 20px; margin: 0;'>\n<li style='margin-bottom: 5px;'>Serie Turbo HD Versi\u00f3n 5.0<\/li>\n<li style='margin-bottom: 5px;'>Permite apagar canales anal\u00f3gicos TURBOHD y poder colocar c\u00e1maras IP en todos sus canales&comma; p\u00f3demos colocar hasta 24 c\u00e1maras IP en total. Por cada canal anal\u00f3gico TURBOHD que se apague se genera una canal IP adicional.<\/li>\n<li style='margin-bottom: 5px;'>DVR pentahibrido: HD-TVI \/ HD-CVI \/ Analogico \/ IP \/ AHD.<\/li>\n<li style='margin-bottom: 5px;'>Acceso remoto: PC (WINDOWS \/ MAC)&comma; Smart Phone (iPhone&comma; iPad&comma; Android).<\/li>\n<li style='margin-bottom: 5px;'>Compatibilidad con navegador Internet Explorer.<\/li>\n<li style='margin-bottom: 5px;'>Software cliente multi sitio de hasta 64 canales (iVMS-4200).<\/li>\n<li style='margin-bottom: 5px;'>Compatible con Hik-Connect P2P.<\/li>\n<li style='margin-bottom: 5px;'>Soporta servicio DDNS Hik-Connect Domain \/ DynDNS.<\/li>\n<li style='margin-bottom: 5px;'>Funciones Avanzadas: Detecci\u00f3n por cruce de linea &#038; deteccion de instrusion.<\/li>\n<li style='margin-bottom: 5px;'>1 entrada y 1 salida de audio.<\/li>\n<li style='margin-bottom: 5px;'>Soporta 1 HDD de hasta 10 TB (no incluido).<\/li>\n<li style='margin-bottom: 5px;'>Interfaz serial: RS-485 (HIKVISION C&comma; COAXITRON&comma; PELCO D&comma; PELCO P&comma; etc).<\/li>\n<\/ul>\n<p>El audio se recibe por la se\u00f1al TVI<\/p>\n<\/p><\/div>\n<div style='border: 1px solid rgba(150&comma;150&comma;150&comma;0.4); border-left: 5px solid #ff0000; border-radius: 8px; padding: 15px; display: flex; flex-direction: column; gap: 15px;'>\n<h3 style='font-size: 18px; margin-top: 0; color: inherit;'>Caracter\u00edsticas F\u00edsicas y El\u00e9ctricas:<\/h3>\n<ul style='padding-left: 20px; margin: 0;'>\n<li style='margin-bottom: 5px;'>Alimentaci\u00f3n: 12 Vcc (fuente incluida).<\/li>\n<li style='margin-bottom: 5px;'>Consumo sin HDD: 25 watts.<\/li>\n<li style='margin-bottom: 5px;'>Temperatura de operacion: -10 \u00baC hasta 55 \u00baC.<\/li>\n<li style='margin-bottom: 5px;'>Dimensiones: 315 x 242 x 45 mm (W \u00d7 D \u00d7 H)<\/li>\n<li style='margin-bottom: 5px;'>Peso: 1.78 Kg sin HDD.<\/li>\n<li style='margin-bottom: 5px;'>No compatible con control remoto.<\/li>\n<li style='margin-bottom: 5px;'>Garant\u00eda: 2 A\u00f1os.<\/li>\n<\/ul>\n<h4 style='font-size: 16px; margin-top: 15px; margin-bottom: 10px; color: inherit;'>Compresi\u00f3n y resoluci\u00f3n:<\/h4>\n<ul style='padding-left: 20px; margin: 0;'>\n<li style='margin-bottom: 5px;'>Compresion: H.265+ \/ H.265 \/ H.264+ \/ H.264.<\/li>\n<li style='margin-bottom: 5px;'>Soporta 16 canales TURBOHD \/ analogicos + 8 canales IP = 24 canales en total.<\/li>\n<li style='margin-bottom: 5px;'>Soporta 5 Tecnolog\u00edas:\n<ul style='padding-left: 20px; margin-top: 5px;'>\n<li style='margin-bottom: 5px;'>TVI:4MP lite &comma; 3MP&comma; 1080p @ 30IPS \/ 720p @60IPS<\/li>\n<li style='margin-bottom: 5px;'>AHD:4MP lite&comma; 1080p @ 30IPS&comma; 720p @30IPS<\/li>\n<li style='margin-bottom: 5px;'>CVI: 4MP lite&comma; 1080p @ 30IPS&comma; 720p @ 30IPS<\/li>\n<li style='margin-bottom: 5px;'>CVBS: 30 IPS<\/li>\n<li style='margin-bottom: 5px;'>IP: 6MP<\/li>\n<\/ul>\n<\/li>\n<li><strong>Nota: Acepta c\u00e1maras de 4MP&comma; 2MP y 1MP en todos sus canales BNC (C\u00e1maras de 3MP solo en el canal 1&comma; 2&comma; 3 y 4).<\/strong><\/li>\n<\/ul>\n<p style='background-color: rgba(32&comma; 33&comma; 36&comma; 0.04); padding: 10px; border-left: 4px solid #ff0000; color: inherit;'>Para conectar los canales IP requiere utilizar un switch\/switch poe (no incluido)<\/p>\n<\/p><\/div>\n<div style='border: 1px solid rgba(150&comma;150&comma;150&comma;0.4); border-left: 5px solid #ff0000; border-radius: 8px; padding: 15px; display: flex; flex-direction: column; gap: 15px;'>\n<h3 style='font-size: 18px; margin-top: 0; color: inherit;'>Caracter\u00edsticas Destacadas:<\/h3>\n<p>El DVR soporta 4 canales de video con activacion de detecci\u00f3n de cuerpo humano o deteccion de veh\u00edculos&comma; esto nos permite ser mas precisos al momento de tener alguna grabacion de poder descargar cualquier otro tipo de movimientos.<\/p>\n<p>Es necesario contemplar cu\u00e1l de los anal\u00edticos se utilizar\u00e1n ya que no es posible utilizar ambos al mismo tiempo. Al activar la detecci\u00f3n de cuerpo humano no es posible activar detecci\u00f3n de veh\u00edculos y viceversa.<\/p>\n<ul style='padding-left: 20px; margin: 0;'>\n<li style='margin-bottom: 5px;'>Gu\u00eda de configuraci\u00f3n filtro de humanos y veh\u00edculos click <a style='color: #005cb9; text-decoration: none;' href='https:\/\/soporte.syscom.mx\/es\/articles\/5388340-hikvision-acusense-guia-de-configuracion' target='_blank' rel='noopener'>aqu\u00ed<\/a><\/li>\n<\/ul>\n<p>Soporta audio en todos sus canales por coaxitron utilizando camaras con audio integrado (<a style='color: #005cb9; text-decoration: none;' href='https:\/\/www.syscom.mx\/principal\/promociones\/camaras_con_audio_por_coaxitron_2_mp-5477.html?ordenar=Relevancia&#038;pag=1' target='_blank' rel='noopener'>ver modelos compatibles<\/a>).<\/p>\n<p>Para utilizar audio de 2 v\u00edas se recomienda colocar un micr\u00f3fono en la entrada de audio&comma; no se recomienda para audio de 2 v\u00edas una c\u00e1mara con audio por coaxitron.<\/p>\n<p style='background-color: #ffffff; color: #333333; padding: 10px; border-left: 4px solid #ff0000; font-size: 14px;'>Los equipos con AcuSense pueden llegar a filtrar hasta el 95% de falsas alarmas&comma; la eficacia del filtrado depende de la distancia &#8211; \u00e1ngulo de visi\u00f3n del objetivo y la c\u00e1mara. Algunas mascotas&comma; insectos pueden generar alertamientos basados en lo anterior.<\/p>\n<\/p><\/div>\n<\/p><\/div>\n<h2 style='font-size: 24px; margin-top: 30px; margin-bottom: 15px; text-align: center;'><strong>Recursos<\/strong><\/h2>\n<div style='display: grid; grid-template-columns: repeat(auto-fill&comma; minmax(280px&comma; 1fr)); gap: 20px; margin: 30px 0;'>\n<div style='text-align: center;'> <a style='display: block;' href='https:\/\/www.hikvision.com\/es-la\/support\/download\/software\/ivms4200-series\/?q=serie%20ivms4200&#038;position=1' target='_blank' rel='noopener'> <img style='width: 100%; max-width: 100%; height: auto; border: 1px solid rgba(150&comma;150&comma;150&comma;0.3); border-radius: 8px;' src='https:\/\/ftp3.syscom.mx\/usuarios\/gmagos\/HIK\/IP\/IPC\/Imagenes%20pagina\/Descargas%20IVMS4200.jpg' alt='IVMS4200 Software' \/> <\/a> <\/div>\n<div style='text-align: center;'> <a style='display: block;' href='https:\/\/appstore.hikvision.com\/' target='_blank' rel='noopener'> <img style='width: 100%; max-width: 100%; height: auto; border: 1px solid rgba(150&comma;150&comma;150&comma;0.3); border-radius: 8px;' src='https:\/\/ftp3.syscom.mx\/usuarios\/gmagos\/HIK\/IP\/IPC\/Imagenes%20pagina\/Descargas%20de%20app.jpg' alt='Hikvision App Store' \/> <\/a> <\/div>\n<div style='text-align: center;'> <a style='display: block;' href='https:\/\/ftp3.syscom.mx\/usuarios\/ftp\/2020\/04\/15\/eb10b\/Especificaciones%20iDS-7200HQHI-M1S.pdf' target='_blank' rel='noopener'> <img style='width: 100%; max-width: 100%; height: auto; border: 1px solid rgba(150&comma;150&comma;150&comma;0.3); border-radius: 8px;' src='https:\/\/ftp3.syscom.mx\/usuarios\/gmagos\/HIK\/IP\/IPC\/Imagenes%20pagina\/Descarga%20de%20PDF.jpg' alt='Especificaciones PDF' \/> <\/a> <\/div>\n<\/p><\/div>\n<p style='text-align: center; margin: 30px 0;'><img style='width: 100%; max-width: 50%; height: auto; border: 1px solid rgba(150&comma;150&comma;150&comma;0.3); border-radius: 8px;' src='https:\/\/ftp3.syscom.mx\/usuarios\/jsosa\/HIKVISION\/imagenes\/Acusense%20Icon.png' alt='AcuSense Icon' \/><\/p>\n<p><strong>Tecnolog\u00eda AcuSense<\/strong><\/p>\n<p>La tecnolog\u00eda AcuSense se basa en el algoritmo <em><strong>Deep Learning<\/strong><\/em> de Hikvision. Los algoritmos de <strong><em>Deep Learning<\/em><\/strong> son mucho m\u00e1s profundos que los algoritmos inteligentes convencionales&comma; que solo operan de forma superficial. Estos realizan aprendizaje de caracter\u00edsticas&comma; proporcionando un rendimiento de an\u00e1lisis de contenido de v\u00eddeo (VCA) asombrosamente preciso y consistente.<\/p>\n<p>AcuSense es capaz de diferenciar&comma; con gran precisi\u00f3n&comma; un cuerpo humano y un veh\u00edculo en un escenario con una gran cantidad de objetos. No solo puede detectar la intrusi\u00f3n humana y del veh\u00edculo&comma; sino que tambi\u00e9n puede filtrar falsas alarmas que podr\u00edan haber sido disparadas por objetos en movimiento que no presentan un riesgo.<\/p>\n<p>La tecnolog\u00eda tambi\u00e9n brinda una funci\u00f3n de b\u00fasqueda de objetivos poderosa y r\u00e1pida que es capaz de analizar grabaciones y seleccionar todas las im\u00e1genes humanas o de veh\u00edculos que se vinculan al video clip relacionado.<\/p>\n<p><a style='color: #005cb9; text-decoration: none;' href='https:\/\/ftp3.syscom.mx\/usuarios\/jsosa\/HIKVISION\/presentaciones\/Presentation%20Turbo%20HD%205.0.pdf' target='_blank' rel='noopener'>Ver presentaci\u00f3n AcuSense<\/a><\/p>\n<div style='display: grid; grid-template-columns: repeat(auto-fill&comma; minmax(280px&comma; 1fr)); gap: 20px; margin: 30px 0;'>\n<div> <img style='width: 100%; height: auto; border: 1px solid rgba(150&comma;150&comma;150&comma;0.3); border-radius: 8px;' src='https:\/\/ftp3.syscom.mx\/usuarios\/jsosa\/josesosa\/Imagenes\/acusense1.jpg' alt='AcuSense Imagen 1' \/> <\/div>\n<div> <img style='width: 100%; height: auto; border: 1px solid rgba(150&comma;150&comma;150&comma;0.3); border-radius: 8px;' src='https:\/\/ftp3.syscom.mx\/usuarios\/jsosa\/josesosa\/Imagenes\/acusense2.jpg' alt='AcuSense Imagen 2' \/> <\/div>\n<div> <img style='width: 100%; height: auto; border: 1px solid rgba(150&comma;150&comma;150&comma;0.3); border-radius: 8px;' src='https:\/\/ftp3.syscom.mx\/usuarios\/jsosa\/josesosa\/Imagenes\/acusense3.jpg' alt='AcuSense Imagen 3' \/> <\/div>\n<\/p><\/div>\n<div style='display: grid; grid-template-columns: repeat(auto-fill&comma; minmax(280px&comma; 1fr)); gap: 20px; margin: 30px 0;'>\n<div> <img style='width: 100%; height: auto; border: 1px solid rgba(150&comma;150&comma;150&comma;0.3); border-radius: 8px;' src='https:\/\/ftp3.syscom.mx\/usuarios\/paginaweb\/Gifs\/Zi7LTq5.gif' alt='Zi7LTq5 GIF' \/> <\/div>\n<div style='display: flex; align-items: center; justify-content: center;'> <img style='width: 60%; height: auto; border: 1px solid rgba(150&comma;150&comma;150&comma;0.3); border-radius: 8px;' src='https:\/\/ftp3.syscom.mx\/usuarios\/fotos\/DS7208HQHIK1\/97560-pentahi.jpg' alt='Pentahibrido' \/> <\/div>\n<div> <img style='width: 100%; height: auto; border: 1px solid rgba(150&comma;150&comma;150&comma;0.3); border-radius: 8px;' src='https:\/\/ftp3.syscom.mx\/usuarios\/paginaweb\/Gifs\/tq5yYz4.gif' alt='tq5yYz4 GIF' \/> <\/div>\n<\/p><\/div>\n<h2 style='font-size: 20px; margin-top: 30px; margin-bottom: 15px;'><strong>\u00bfQue es H.265+?<\/strong><\/h2>\n<p>Es un formato de compresi\u00f3n inteligente que <strong>permite ahorrar hasta 80% de almacenamiento y ancho de banda<\/strong>&comma; para que la compresi\u00f3n se pueda activa debemos de contar con c\u00e1mara IP y NVR que soporten el mismo formato de compresi\u00f3n.<\/p>\n<div style='display: grid; grid-template-columns: repeat(auto-fill&comma; minmax(280px&comma; 1fr)); gap: 20px; margin: 30px 0;'>\n<div style='text-align: center;'>\n<p style='margin: 5px 0;'><strong>80% menos consumo que H.264<\/strong><\/p>\n<p> <img style='width: 100%; height: auto; border: 1px solid rgba(150&comma;150&comma;150&comma;0.3); border-radius: 8px;' src='https:\/\/3.bp.blogspot.com\/-c6ufw54r2xk\/WW_f4nkqWQI\/AAAAAAAAKVY\/I0edD6XJMPM-KppoJFsy-aINcLNxg6opQCEwYBhgL\/s400\/primero.tiff' alt='H.265+ Ahorro' \/> <\/div>\n<div style='text-align: center;'>\n<p style='margin: 5px 0;'><strong>Mismo dias de almacenamiento pero con menos discos duros<\/strong><\/p>\n<p> <img style='width: 100%; height: auto; border: 1px solid rgba(150&comma;150&comma;150&comma;0.3); border-radius: 8px;' src='https:\/\/1.bp.blogspot.com\/-tJoVn4NunDQ\/WW_f4qn0b0I\/AAAAAAAAKVU\/8aiRMT3NK0wg2s2bSbQI7zAQrjGN0ZJ5wCEwYBhgL\/s400\/tercero.tiff' alt='Almacenamiento H.265+' \/> <\/div>\n<div style='text-align: center;'>\n<p style='margin: 5px 0;'><strong>Hasta 20 c\u00e1maras Full HD tiempo real en un ancho de banda de 20Mbps<\/strong><\/p>\n<p> <img style='width: 100%; height: auto; border: 1px solid rgba(150&comma;150&comma;150&comma;0.3); border-radius: 8px;' src='https:\/\/2.bp.blogspot.com\/-4pPL-F39Ka4\/WW_f4Tqv-nI\/AAAAAAAAKVQ\/URQf8vDTvxM1pHB9hbg_DvHTemJ-B7isgCEwYBhgL\/s400\/segundo.tiff' alt='Ancho de Banda H.265+' \/> <\/div>\n<\/p><\/div>\n<p> <img style='width: 100%; height: auto; border: 1px solid rgba(150&comma;150&comma;150&comma;0.3); border-radius: 8px;' src='https:\/\/ftp3.syscom.mx\/usuarios\/jsosa\/josesosa\/Imagenes\/menosconsumoh.jpg' alt='Menos Consumo H.265+' \/> <img style='width: 100%; height: auto; border: 1px solid rgba(150&comma;150&comma;150&comma;0.3); border-radius: 8px;' src='https:\/\/ftp3.syscom.mx\/usuarios\/jsosa\/HIKVISION\/imagenes\/banners\/solution%20complete.png' alt='Soluci\u00f3n Completa' \/> <\/div>\n","protected":false},"excerpt":{"rendered":"<p>(ACUSENSE \/ Evita Falsas Alarmas) DVR 4 Megapixel \/ 16 Canales TURBOHD + 8 Canales IP \/  1 Bah\u00eda de Disco Duro \/ Audio por Coaxitron \/ Salida de V\u00eddeo en Full HD<\/p>\n","protected":false},"featured_media":117579,"comment_status":"open","ping_status":"closed","template":"","meta":[],"product_brand":[],"product_cat":[2254],"product_tag":[2255,54,2256],"class_list":{"0":"post-117580","1":"product","2":"type-product","3":"status-publish","4":"has-post-thumbnail","6":"product_cat-videograbadoras-analogicas-turbohd-tvi-ahd-cvi","7":"product_tag-camaras-y-dvrs-hd-turbohd-ahd-hd-tvi","8":"product_tag-hikvision","9":"product_tag-videograbadoras-analogicas-turbohd-tvi-ahd-cvi","11":"first","12":"outofstock","13":"sale","14":"shipping-taxable","15":"purchasable","16":"product-type-simple"},"_links":{"self":[{"href":"https:\/\/soydeaqui.ddns.net\/pachuca\/index.php\/wp-json\/wp\/v2\/product\/117580","targetHints":{"allow":["GET"]}}],"collection":[{"href":"https:\/\/soydeaqui.ddns.net\/pachuca\/index.php\/wp-json\/wp\/v2\/product"}],"about":[{"href":"https:\/\/soydeaqui.ddns.net\/pachuca\/index.php\/wp-json\/wp\/v2\/types\/product"}],"replies":[{"embeddable":true,"href":"https:\/\/soydeaqui.ddns.net\/pachuca\/index.php\/wp-json\/wp\/v2\/comments?post=117580"}],"wp:featuredmedia":[{"embeddable":true,"href":"https:\/\/soydeaqui.ddns.net\/pachuca\/index.php\/wp-json\/wp\/v2\/media\/117579"}],"wp:attachment":[{"href":"https:\/\/soydeaqui.ddns.net\/pachuca\/index.php\/wp-json\/wp\/v2\/media?parent=117580"}],"wp:term":[{"taxonomy":"product_brand","embeddable":true,"href":"https:\/\/soydeaqui.ddns.net\/pachuca\/index.php\/wp-json\/wp\/v2\/product_brand?post=117580"},{"taxonomy":"product_cat","embeddable":true,"href":"https:\/\/soydeaqui.ddns.net\/pachuca\/index.php\/wp-json\/wp\/v2\/product_cat?post=117580"},{"taxonomy":"product_tag","embeddable":true,"href":"https:\/\/soydeaqui.ddns.net\/pachuca\/index.php\/wp-json\/wp\/v2\/product_tag?post=117580"}],"curies":[{"name":"wp","href":"https:\/\/api.w.org\/{rel}","templated":true}]}}