{"id":117563,"date":"2026-03-24T03:22:25","date_gmt":"2026-03-24T03:22:25","guid":{"rendered":"https:\/\/soydeaqui.ddns.net\/pachuca\/index.php\/producto\/medidor-de-alta-potencia-para-fibra-optica-con-localizador-visual-de-fallos-vfl-entrada-universal-de-2-5-mm-para-conectores-sc-st-y-fc\/"},"modified":"2026-03-24T03:22:27","modified_gmt":"2026-03-24T03:22:27","slug":"medidor-de-alta-potencia-para-fibra-optica-con-localizador-visual-de-fallos-vfl-entrada-universal-de-2-5-mm-para-conectores-sc-st-y-fc","status":"publish","type":"product","link":"https:\/\/soydeaqui.ddns.net\/pachuca\/index.php\/producto\/medidor-de-alta-potencia-para-fibra-optica-con-localizador-visual-de-fallos-vfl-entrada-universal-de-2-5-mm-para-conectores-sc-st-y-fc\/","title":{"rendered":"Medidor de Alta Potencia para Fibra \u00d3ptica con Localizador Visual de Fallos (VFL), entrada universal de 2.5 mm (para conectores SC, ST y FC)"},"content":{"rendered":"<div style='width: 100%; max-width: 1200px; margin: 0 auto; font-family: sans-serif; line-height: 1.6; color: inherit; background-color: transparent;'>\n<div style='display: flex; flex-wrap: wrap; gap: 30px; margin-bottom: 30px;'>\n<div style='flex: 1 1 100%; text-align: center;'> <img style='width: 100%; max-width: 270px; height: auto; border: 1px solid rgba(150&comma;150&comma;150&comma;0.3); border-radius: 8px;' src='https:\/\/ftp3.syscom.mx\/usuarios\/orobles\/GREENLEE\/TEMPO-COMMUNICATIONS-lg.jpg' alt=''> <\/div>\n<\/p><\/div>\n<div style='display: flex; flex-wrap: wrap; gap: 30px; margin-bottom: 30px;'>\n<div style='flex: 1 1 300px; min-width: 280px;'>\n<p style='font-size: 14pt; color: inherit; margin: 0 0 15px 0;'>El Micro OPM es un instrumento combinado de medidor de potencia \u00f3ptica (OPM) y localizador de fallas visuales (VFL) que proporciona al t\u00e9cnico de fibra \u00f3ptica las herramientas que necesita para solucionar problemas de redes FTT (x) y punto a punto. El Micro OPM es compatible con redes monomodo y multimodo.<\/p>\n<p style='font-size: 14pt; color: inherit; margin: 0 0 15px 0;'>El OPM utiliza un diodo InGaAs y est\u00e1 calibrado a 850&comma; 1300&comma; 1310&comma; 1490&comma; 1550 y 1625 nm. Cuenta con detecci\u00f3n de tono a 270Hz&comma; 1kHz y 2kHz para medir e identificar todas las longitudes de onda comunes.<\/p>\n<p style='font-size: 14pt; color: inherit; margin: 0 0 15px 0;'>El VFL utiliza un l\u00e1ser de 650 nm de 1 mW que se puede utilizar para detectar de forma segura macro curvas&comma; conectores contaminados o defectuosos y fibras rotas o da\u00f1adas. El LED blanco se puede usar para ayudar al t\u00e9cnico mientras trabaja en lugares con poca luz.<\/p>\n<\/p><\/div>\n<\/p><\/div>\n<div style='display: flex; flex-wrap: wrap; gap: 20px; margin-bottom: 30px;'>\n<div style='flex: 1 1 250px; border: 1px solid rgba(150&comma; 150&comma; 150&comma; 0.4); border-radius: 8px; overflow: hidden; display: flex; flex-direction: column;'>\n<div style='padding: 15px; border-bottom: 1px solid rgba(150&comma; 150&comma; 150&comma; 0.2); font-weight: bold; font-size: 18px; color: inherit;'>Caracter\u00edsticas<\/div>\n<div style='padding: 15px; color: inherit;'>\n<ul style='padding-left: 20px; margin: 0; font-size: 14pt; list-style-type: disc;'>\n<li style='margin-bottom: 5px; color: inherit;'><span style='color: inherit;'>Amplio rango de medici\u00f3n de -50 a +26 dBm (1310\/1490\/1550\/1625) y -40 a +26 dBm (850\/1300)<\/span><\/li>\n<li style='margin-bottom: 5px; color: inherit;'><span style='color: inherit;'>VFL opcional para localizaci\u00f3n segura y efectiva de fallas<\/span><\/li>\n<li style='margin-bottom: 5px; color: inherit;'><span style='color: inherit;'>Rango VFL: Hasta 4 km<\/span><\/li>\n<li style='margin-bottom: 5px; color: inherit;'><span style='color: inherit;'>Compatible con fibra monomodo y multimodo<\/span><\/li>\n<li style='margin-bottom: 5px; color: inherit;'><span style='color: inherit;'>Longitudes de onda calibradas de 850\/1300\/1310\/1490\/1550\/1625 nm<\/span><\/li>\n<li style='margin-bottom: 5px; color: inherit;'><span style='color: inherit;'>Detecci\u00f3n de tono de 270Hz&comma; 1kHz y 2kHz<\/span><\/li>\n<li style='margin-bottom: 5px; color: inherit;'><span style='color: inherit;'>Apagado autom\u00e1tico<\/span><\/li>\n<\/ul><\/div>\n<\/p><\/div>\n<\/p><\/div>\n<div style='display: flex; flex-wrap: wrap; gap: 30px; margin-bottom: 30px;'>\n<div style='flex: 1 1 100%;'>\n<div style='position: relative; padding-bottom: 56.25%; height: 0; overflow: hidden; margin-bottom: 30px;'>   <\/div>\n<div style='position: relative; padding-bottom: 56.25%; height: 0; overflow: hidden; margin-bottom: 30px;'>   <\/div>\n<div style='position: relative; padding-bottom: 56.25%; height: 0; overflow: hidden; margin-bottom: 30px;'>   <\/div>\n<\/p><\/div>\n<\/p><\/div>\n<hr style='border: 0; border-top: 1px solid rgba(150&comma; 150&comma; 150&comma; 0.3); margin: 30px 0;'> <\/div>\n","protected":false},"excerpt":{"rendered":"<p>Medidor de Alta Potencia para Fibra \u00d3ptica con Localizador Visual de Fallos (VFL), entrada universal de 2.5 mm (para conectores SC, ST y FC)<\/p>\n","protected":false},"featured_media":117562,"comment_status":"open","ping_status":"closed","template":"","meta":[],"product_brand":[],"product_cat":[636],"product_tag":[611,25,658],"class_list":{"0":"post-117563","1":"product","2":"type-product","3":"status-publish","4":"has-post-thumbnail","6":"product_cat-herramientas-fibra-optica","7":"product_tag-fibra-optica","8":"product_tag-herramientas","9":"product_tag-tempo","11":"first","12":"outofstock","13":"sale","14":"shipping-taxable","15":"purchasable","16":"product-type-simple"},"_links":{"self":[{"href":"https:\/\/soydeaqui.ddns.net\/pachuca\/index.php\/wp-json\/wp\/v2\/product\/117563","targetHints":{"allow":["GET"]}}],"collection":[{"href":"https:\/\/soydeaqui.ddns.net\/pachuca\/index.php\/wp-json\/wp\/v2\/product"}],"about":[{"href":"https:\/\/soydeaqui.ddns.net\/pachuca\/index.php\/wp-json\/wp\/v2\/types\/product"}],"replies":[{"embeddable":true,"href":"https:\/\/soydeaqui.ddns.net\/pachuca\/index.php\/wp-json\/wp\/v2\/comments?post=117563"}],"wp:featuredmedia":[{"embeddable":true,"href":"https:\/\/soydeaqui.ddns.net\/pachuca\/index.php\/wp-json\/wp\/v2\/media\/117562"}],"wp:attachment":[{"href":"https:\/\/soydeaqui.ddns.net\/pachuca\/index.php\/wp-json\/wp\/v2\/media?parent=117563"}],"wp:term":[{"taxonomy":"product_brand","embeddable":true,"href":"https:\/\/soydeaqui.ddns.net\/pachuca\/index.php\/wp-json\/wp\/v2\/product_brand?post=117563"},{"taxonomy":"product_cat","embeddable":true,"href":"https:\/\/soydeaqui.ddns.net\/pachuca\/index.php\/wp-json\/wp\/v2\/product_cat?post=117563"},{"taxonomy":"product_tag","embeddable":true,"href":"https:\/\/soydeaqui.ddns.net\/pachuca\/index.php\/wp-json\/wp\/v2\/product_tag?post=117563"}],"curies":[{"name":"wp","href":"https:\/\/api.w.org\/{rel}","templated":true}]}}