{"id":117548,"date":"2026-03-24T03:21:33","date_gmt":"2026-03-24T03:21:33","guid":{"rendered":"https:\/\/soydeaqui.ddns.net\/pachuca\/index.php\/producto\/carrete-de-1-km-de-fibra-ptica-drop-interior-exterior-g-657a2-monomodo-de-1-hilo-unifibra-dielctrica-forro-negro\/"},"modified":"2026-03-24T03:21:52","modified_gmt":"2026-03-24T03:21:52","slug":"carrete-de-1-km-de-fibra-ptica-drop-interior-exterior-g-657a2-monomodo-de-1-hilo-unifibra-dielctrica-forro-negro","status":"publish","type":"product","link":"https:\/\/soydeaqui.ddns.net\/pachuca\/index.php\/producto\/carrete-de-1-km-de-fibra-ptica-drop-interior-exterior-g-657a2-monomodo-de-1-hilo-unifibra-dielctrica-forro-negro\/","title":{"rendered":"Carrete de 1 km de Fibra ?ptica Drop, Interior\/Exterior G.657A2 Monomodo de 1 Hilo (Unifibra), Diel?ctrica, Forro Negro"},"content":{"rendered":"<div style='width: 100%; max-width: 1200px; margin: 0 auto; font-family: sans-serif; line-height: 1.6; color: inherit; background-color: transparent;'>\n<div style='display: flex; flex-wrap: wrap; gap: 30px; margin-bottom: 30px;'>\n<div style='flex: 1 1 300px; min-width: 280px;'> <img style='width: 100%; height: auto; border: 1px solid rgba(150&comma;150&comma;150&comma;0.3); border-radius: 8px;' src='https:\/\/ftp3.syscom.mx\/usuarios\/orobles\/FiberHome\/linkedpro_by_fiberhome_logo2.png' alt='Logo'> <\/div>\n<\/p><\/div>\n<div style='display: flex; flex-wrap: wrap; gap: 30px; margin-bottom: 30px;'>\n<div style='flex: 1 1 300px; min-width: 280px;'>\n<p style='font-size: 15px; color: inherit; margin: 0 0 15px;'>El cable de fibra \u00f3ptica tipo Drop&comma; es ideal para instalaciones en interiores o exteriores dentro de canalizaciones.<\/p>\n<\/p><\/div>\n<\/p><\/div>\n<div style='display: flex; flex-wrap: wrap; gap: 30px; margin-bottom: 30px;'>\n<div style='flex: 1 1 300px; min-width: 280px;'>\n<h3 style='font-size: 22px; border-bottom: 2px solid currentColor; padding-bottom: 5px; margin-top: 0; color: inherit; opacity: 0.8;'>Caracter\u00edsticas<\/h3>\n<ul style='padding-left: 20px; font-size: 15px; color: inherit; list-style-type: disc;'>\n<li style='margin-bottom: 5px; color: inherit;'>Fibra \u00d3ptica Drop G.657A2 plana BIF (insensible a las curvaturas)<\/li>\n<li style='margin-bottom: 5px; color: inherit;'>Forro: LSZH (Bajo Humo&comma; Cero Hal\u00f3genos)<\/li>\n<li style='margin-bottom: 5px; color: inherit;'>Tensi\u00f3n Maxima: 80N<\/li>\n<li style='margin-bottom: 5px; color: inherit;'>Aplicaciones: Interior\/Exterior (No A\u00e9rea)<\/li>\n<li style='margin-bottom: 5px; color: inherit;'>Rango de Temperatura: -20\u00b0C a +60\u00b0C<\/li>\n<li style='margin-bottom: 5px; color: inherit;'>Peso (kg\/km): 12 \u00b1 3 kg\/km<\/li>\n<li style='margin-bottom: 5px; color: inherit;'>1 hilo (unifibra)<\/li>\n<li style='margin-bottom: 5px; color: inherit;'>Di\u00e1metro: 2 \u00b1 0.3 mm (H) x 3 \u00b1 0.3 mm<\/li>\n<li style='margin-bottom: 5px; color: inherit;'>Radio m\u00ednimo de curvatura: Instalaci\u00f3n 30H&comma; Operaci\u00f3n 15H<\/li>\n<li style='margin-bottom: 5px; color: inherit;'>Resistencia al aplastamiento: 1000N\/10cm<\/li>\n<li style='margin-bottom: 5px; color: inherit;'>Dimensiones (mm): 360 x 360 x 260<\/li>\n<\/ul><\/div>\n<\/p><\/div>\n<div style='display: flex; flex-wrap: wrap; gap: 30px; margin-bottom: 30px;'>\n<div style='flex: 1 1 300px; min-width: 280px;'> <img style='width: 100%; height: auto; border: 1px solid rgba(150&comma;150&comma;150&comma;0.3); border-radius: 8px;' src='https:\/\/ftp3.syscom.mx\/usuarios\/orobles\/FiberHome\/Fibra\/Seccion-Transversal-H.JPG' alt='Secci\u00f3n transversal'> <\/div>\n<\/p><\/div>\n<div style='display: flex; flex-wrap: wrap; gap: 30px; margin-bottom: 30px;'>\n<div style='flex: 1 1 300px; min-width: 280px;'> <img style='width: 100%; height: auto; border: 1px solid rgba(150&comma;150&comma;150&comma;0.3); border-radius: 8px;' src='https:\/\/ftp3.syscom.mx\/usuarios\/orobles\/FiberHome\/ICDROPA21C-1.JPG' alt='Vista del producto'> <\/div>\n<\/p><\/div>\n<div style='display: flex; flex-wrap: wrap; gap: 30px; margin-bottom: 30px;'>\n<div style='flex: 1 1 300px; min-width: 280px;'> <img style='width: 100%; height: auto; border: 1px solid rgba(150&comma;150&comma;150&comma;0.3); border-radius: 8px;' src='https:\/\/ftp3.syscom.mx\/usuarios\/orobles\/FiberHome\/ICDROPA21C-1.png' alt='Vista detallada'> <\/div>\n<\/p><\/div>\n<div style='display: flex; flex-wrap: wrap; gap: 30px; margin-bottom: 30px;'>\n<div style='flex: 1 1 300px; min-width: 280px;'>\n<p style='font-size: 14px; color: inherit; margin: 0;'><em>*Precio por carrete de 1 km<\/em><\/p>\n<\/p><\/div>\n<\/p><\/div>\n<\/p><\/div>\n","protected":false},"excerpt":{"rendered":"<p>Carrete de 1 km de Fibra ?ptica Drop, Interior\/Exterior G.657A2 Monomodo de 1 Hilo (Unifibra), Diel?ctrica, Forro Negro<\/p>\n","protected":false},"featured_media":117547,"comment_status":"open","ping_status":"closed","template":"","meta":[],"product_brand":[],"product_cat":[625],"product_tag":[488,611,673],"class_list":{"0":"post-117548","1":"product","2":"type-product","3":"status-publish","4":"has-post-thumbnail","6":"product_cat-fibra-optica-cables-y-conectores","7":"product_tag-cables-y-conectores","8":"product_tag-fibra-optica","9":"product_tag-linkedpro-by-fiberhome","11":"first","12":"instock","13":"sale","14":"shipping-taxable","15":"purchasable","16":"product-type-simple"},"_links":{"self":[{"href":"https:\/\/soydeaqui.ddns.net\/pachuca\/index.php\/wp-json\/wp\/v2\/product\/117548","targetHints":{"allow":["GET"]}}],"collection":[{"href":"https:\/\/soydeaqui.ddns.net\/pachuca\/index.php\/wp-json\/wp\/v2\/product"}],"about":[{"href":"https:\/\/soydeaqui.ddns.net\/pachuca\/index.php\/wp-json\/wp\/v2\/types\/product"}],"replies":[{"embeddable":true,"href":"https:\/\/soydeaqui.ddns.net\/pachuca\/index.php\/wp-json\/wp\/v2\/comments?post=117548"}],"wp:featuredmedia":[{"embeddable":true,"href":"https:\/\/soydeaqui.ddns.net\/pachuca\/index.php\/wp-json\/wp\/v2\/media\/117547"}],"wp:attachment":[{"href":"https:\/\/soydeaqui.ddns.net\/pachuca\/index.php\/wp-json\/wp\/v2\/media?parent=117548"}],"wp:term":[{"taxonomy":"product_brand","embeddable":true,"href":"https:\/\/soydeaqui.ddns.net\/pachuca\/index.php\/wp-json\/wp\/v2\/product_brand?post=117548"},{"taxonomy":"product_cat","embeddable":true,"href":"https:\/\/soydeaqui.ddns.net\/pachuca\/index.php\/wp-json\/wp\/v2\/product_cat?post=117548"},{"taxonomy":"product_tag","embeddable":true,"href":"https:\/\/soydeaqui.ddns.net\/pachuca\/index.php\/wp-json\/wp\/v2\/product_tag?post=117548"}],"curies":[{"name":"wp","href":"https:\/\/api.w.org\/{rel}","templated":true}]}}