{"id":117535,"date":"2026-03-24T03:20:49","date_gmt":"2026-03-24T03:20:49","guid":{"rendered":"https:\/\/soydeaqui.ddns.net\/pachuca\/index.php\/producto\/ups-de-750-va-375-w-topologia-standby-entrada-120-vca-nema-5-15p-de-escritorio-con-8-tomas-nema-5-15r-2\/"},"modified":"2026-03-24T03:21:11","modified_gmt":"2026-03-24T03:21:11","slug":"ups-de-750-va-375-w-topologia-standby-entrada-120-vca-nema-5-15p-de-escritorio-con-8-tomas-nema-5-15r-2","status":"publish","type":"product","link":"https:\/\/soydeaqui.ddns.net\/pachuca\/index.php\/producto\/ups-de-750-va-375-w-topologia-standby-entrada-120-vca-nema-5-15p-de-escritorio-con-8-tomas-nema-5-15r-2\/","title":{"rendered":"UPS de 750 VA\/375 W, Topolog\u00eda Standby, Entrada 120 Vca NEMA 5-15P, de Escritorio, Con 8 Tomas NEMA 5-15R"},"content":{"rendered":"<div style='width: 100%; max-width: 1200px; margin: 0 auto; font-family: sans-serif; line-height: 1.6; color: inherit; background-color: transparent;'> <!-- Imagen de marca --> <\/p>\n<div style='display: flex; justify-content: center; margin-bottom: 20px;'> <img style='width: 100%; max-width: 600px; height: auto; border: 1px solid rgba(150&comma;150&comma;150&comma;0.3); border-radius: 8px;' src='https:\/\/ftp3.syscom.mx\/usuarios\/fotos\/logotipos\/cyberpower.png' alt=''> <\/div>\n<p> <!-- Descripci\u00f3n principal --> <\/p>\n<div style='margin-bottom: 30px;'>\n<p style='font-size: 15px; margin-bottom: 15px;'>El sistema de fuente de alimentaci\u00f3n ininterrumpida (UPS) CyberPower SL750U proporciona protecci\u00f3n contra sobretensiones inducidas por rayos y otros eventos de energ\u00eda que pueden da\u00f1ar los equipos electr\u00f3nicos. Esta unidad proporciona suficiente bater\u00eda de respaldo a los dispositivos conectados durante una falla de energ\u00eda de la red p\u00fablica&comma; por lo que puede realizar un apagado grato para protegerse contra la p\u00e9rdida de datos y da\u00f1os a componentes electr\u00f3nicos valiosos&comma; como computadoras&comma; consolas de juegos y equipos de redes dom\u00e9sticas.<\/p>\n<p style='font-size: 15px; margin-bottom: 15px;'>El SL750U tiene dos puertos de carga USB Tipo A con una salida total compartida de 2.4 Amp que le brinda un tiempo de carga m\u00e1s r\u00e1pido y puede usarse con la bater\u00eda de respaldo. El perfil delgado permite una instalaci\u00f3n discreta y las ranuras de montaje tambi\u00e9n permiten aplicaciones en pared.<\/p>\n<\/p><\/div>\n<p> <!-- Secci\u00f3n de aplicaciones --> <\/p>\n<div style='margin-bottom: 30px;'>\n<h3 style='font-size: 22px; border-bottom: 2px solid currentColor; padding-bottom: 5px; margin-top: 0; color: inherit; opacity: 0.8;'>Aplicaciones t\u00edpicas<\/h3>\n<ul style='padding-left: 20px; font-size: 15px; color: inherit;'>\n<li style='margin-bottom: 5px;'>Computadoras de Escritorio<\/li>\n<li style='margin-bottom: 5px;'>Redes dom\u00e9sticas \/ VoIP<\/li>\n<li style='margin-bottom: 5px;'>Electr\u00f3nica personal<\/li>\n<\/ul><\/div>\n<p> <!-- Secci\u00f3n de especificaciones --> <\/p>\n<div style='margin-bottom: 30px;'>\n<h3 style='font-size: 22px; border-bottom: 2px solid currentColor; padding-bottom: 5px; margin-top: 0; color: inherit; opacity: 0.8;'>Especificaciones T\u00e9cnicas<\/h3>\n<div style='display: flex; flex-wrap: wrap; gap: 20px; margin-top: 15px;'>\n<div style='flex: 1 1 250px; border: 1px solid rgba(150&comma; 150&comma; 150&comma; 0.4); border-radius: 8px; overflow: hidden; display: flex; flex-direction: column;'>\n<div style='padding: 15px; border-bottom: 1px solid rgba(150&comma; 150&comma; 150&comma; 0.2); font-weight: bold; font-size: 18px; color: inherit;'>Especificaciones B\u00e1sicas<\/div>\n<div style='padding: 15px; color: inherit;'>\n<ul style='padding-left: 20px; margin: 0; font-size: 14px; list-style-type: disc;'>\n<li style='margin-bottom: 5px;'><strong>Topolog\u00eda:<\/strong> Standby<\/li>\n<li style='margin-bottom: 5px;'><strong>Capacidad:<\/strong> 750 VA \/ 375 W<\/li>\n<li style='margin-bottom: 5px;'><strong>Rango de voltaje de entrada:<\/strong> 96 &#8211; 140 Vca<\/li>\n<li style='margin-bottom: 5px;'><strong>Tipo de Conector de Entrada:<\/strong> NEMA 5-15P <img style='width: 40px; height: 40px; vertical-align: middle; margin-left: 8px;' src='https:\/\/www.cyberpower.com\/mx\/es\/File\/GetImageByDocId\/GeneralAttribute-235' alt=''> <\/li>\n<li style='margin-bottom: 5px;'><strong>Longitud del cable:<\/strong> 1.52 m<\/li>\n<li style='margin-bottom: 5px;'><strong>Forma de onda:<\/strong> Simulada<\/li>\n<\/ul><\/div>\n<\/p><\/div>\n<div style='flex: 1 1 250px; border: 1px solid rgba(150&comma; 150&comma; 150&comma; 0.4); border-radius: 8px; overflow: hidden; display: flex; flex-direction: column;'>\n<div style='padding: 15px; border-bottom: 1px solid rgba(150&comma; 150&comma; 150&comma; 0.2); font-weight: bold; font-size: 18px; color: inherit;'>Especificaciones El\u00e9ctricas<\/div>\n<div style='padding: 15px; color: inherit;'>\n<ul style='padding-left: 20px; margin: 0; font-size: 14px; list-style-type: disc;'>\n<li style='margin-bottom: 5px;'><strong>Voltaje:<\/strong> 120 \u00b1 5%<\/li>\n<li style='margin-bottom: 5px;'><strong>Frecuencia:<\/strong> 60 \u00b1 1%<\/li>\n<li style='margin-bottom: 5px;'><strong>Tomas de salida:<\/strong> 8 (5 Bater\u00eda y protecci\u00f3n&comma; y 3 protecci\u00f3n)<\/li>\n<li style='margin-bottom: 5px;'><strong>Tipo de Tomas:<\/strong> NEMA 5-15R (8) <img style='width: 40px; height: 40px; vertical-align: middle; margin-left: 8px;' src='https:\/\/www.cyberpower.com\/mx\/es\/File\/GetImageByDocId\/GeneralAttribute-238' alt=''> <\/li>\n<li style='margin-bottom: 5px;'><strong>Protecci\u00f3n de sobrecarga:<\/strong> Disyuntor<\/li>\n<li style='margin-bottom: 5px;'><strong>Supresi\u00f3n de picos:<\/strong> 890 Joules<\/li>\n<\/ul><\/div>\n<\/p><\/div>\n<div style='flex: 1 1 250px; border: 1px solid rgba(150&comma; 150&comma; 150&comma; 0.4); border-radius: 8px; overflow: hidden; display: flex; flex-direction: column;'>\n<div style='padding: 15px; border-bottom: 1px solid rgba(150&comma; 150&comma; 150&comma; 0.2); font-weight: bold; font-size: 18px; color: inherit;'>Caracter\u00edsticas F\u00edsicas<\/div>\n<div style='padding: 15px; color: inherit;'>\n<ul style='padding-left: 20px; margin: 0; font-size: 14px; list-style-type: disc;'>\n<li style='margin-bottom: 5px;'><strong>Dimensiones:<\/strong> 325 x 137 x 70 mm (Ancho x Alto x Profundidad)<\/li>\n<li style='margin-bottom: 5px;'><strong>Peso:<\/strong> 3.07 kg<\/li>\n<li style='margin-bottom: 5px;'><strong>Certificaciones:<\/strong> RoHS y NOM<\/li>\n<\/ul><\/div>\n<\/p><\/div>\n<div style='flex: 1 1 250px; border: 1px solid rgba(150&comma; 150&comma; 150&comma; 0.4); border-radius: 8px; overflow: hidden; display: flex; flex-direction: column;'>\n<div style='padding: 15px; border-bottom: 1px solid rgba(150&comma; 150&comma; 150&comma; 0.2); font-weight: bold; font-size: 18px; color: inherit;'>Notas Importantes<\/div>\n<div style='padding: 15px; color: inherit;'>\n<ul style='padding-left: 20px; margin: 0; font-size: 14px; list-style-type: disc;'>\n<li style='margin-bottom: 5px;'><strong>Incluye bater\u00eda<\/strong><\/li>\n<li style='margin-bottom: 5px;'><strong>NO es compatible con generador de energ\u00eda (plantas de respaldo)<\/strong><\/li>\n<\/ul><\/div>\n<\/p><\/div>\n<\/p><\/div>\n<\/p><\/div>\n<p> <!-- Secci\u00f3n de alarmas audibles --> <\/p>\n<div style='margin-bottom: 30px;'>\n<h3 style='font-size: 22px; border-bottom: 2px solid currentColor; padding-bottom: 5px; margin-top: 0; color: inherit; opacity: 0.8;'>Alarmas Audibles<\/h3>\n<p style='font-size: 15px; margin: 15px 0;'>El UPS incluye alarmas audibles para notificar al usuario en los siguientes casos:<\/p>\n<ul style='padding-left: 20px; font-size: 14px; color: inherit;'>\n<li style='margin-bottom: 5px;'>Operaci\u00f3n en bater\u00eda<\/li>\n<li style='margin-bottom: 5px;'>Bater\u00eda baja<\/li>\n<li style='margin-bottom: 5px;'>Sobrecarga<\/li>\n<li style='margin-bottom: 5px;'>Fallo en el sistema<\/li>\n<\/ul><\/div>\n<p> <!-- Separador final --> <\/p>\n<hr style='border: 0; border-top: 1px solid rgba(150&comma; 150&comma; 150&comma; 0.3); margin: 30px 0;'> <\/div>\n","protected":false},"excerpt":{"rendered":"<p>UPS de 750 VA\/375 W, Topolog\u00eda Standby, Entrada 120 Vca NEMA 5-15P, de Escritorio, Con 8 Tomas NEMA 5-15R<\/p>\n","protected":false},"featured_media":117534,"comment_status":"open","ping_status":"closed","template":"","meta":[],"product_brand":[],"product_cat":[1231],"product_tag":[677,142,1232],"class_list":{"0":"post-117535","1":"product","2":"type-product","3":"status-publish","4":"has-post-thumbnail","6":"product_cat-ups-no-break-energia-videovigilancia","7":"product_tag-cyberpower","8":"product_tag-energia","9":"product_tag-ups-no-break-2","11":"first","12":"instock","13":"sale","14":"shipping-taxable","15":"purchasable","16":"product-type-simple"},"_links":{"self":[{"href":"https:\/\/soydeaqui.ddns.net\/pachuca\/index.php\/wp-json\/wp\/v2\/product\/117535","targetHints":{"allow":["GET"]}}],"collection":[{"href":"https:\/\/soydeaqui.ddns.net\/pachuca\/index.php\/wp-json\/wp\/v2\/product"}],"about":[{"href":"https:\/\/soydeaqui.ddns.net\/pachuca\/index.php\/wp-json\/wp\/v2\/types\/product"}],"replies":[{"embeddable":true,"href":"https:\/\/soydeaqui.ddns.net\/pachuca\/index.php\/wp-json\/wp\/v2\/comments?post=117535"}],"wp:featuredmedia":[{"embeddable":true,"href":"https:\/\/soydeaqui.ddns.net\/pachuca\/index.php\/wp-json\/wp\/v2\/media\/117534"}],"wp:attachment":[{"href":"https:\/\/soydeaqui.ddns.net\/pachuca\/index.php\/wp-json\/wp\/v2\/media?parent=117535"}],"wp:term":[{"taxonomy":"product_brand","embeddable":true,"href":"https:\/\/soydeaqui.ddns.net\/pachuca\/index.php\/wp-json\/wp\/v2\/product_brand?post=117535"},{"taxonomy":"product_cat","embeddable":true,"href":"https:\/\/soydeaqui.ddns.net\/pachuca\/index.php\/wp-json\/wp\/v2\/product_cat?post=117535"},{"taxonomy":"product_tag","embeddable":true,"href":"https:\/\/soydeaqui.ddns.net\/pachuca\/index.php\/wp-json\/wp\/v2\/product_tag?post=117535"}],"curies":[{"name":"wp","href":"https:\/\/api.w.org\/{rel}","templated":true}]}}