{"id":117527,"date":"2026-03-24T03:20:24","date_gmt":"2026-03-24T03:20:24","guid":{"rendered":"https:\/\/soydeaqui.ddns.net\/pachuca\/index.php\/producto\/google-nest-nest-cam-camara-para-interiores-iq-cuenta-con-asistente-de-google-integrado\/"},"modified":"2026-03-24T03:20:40","modified_gmt":"2026-03-24T03:20:40","slug":"google-nest-nest-cam-camara-para-interiores-iq-cuenta-con-asistente-de-google-integrado","status":"publish","type":"product","link":"https:\/\/soydeaqui.ddns.net\/pachuca\/index.php\/producto\/google-nest-nest-cam-camara-para-interiores-iq-cuenta-con-asistente-de-google-integrado\/","title":{"rendered":"Google Nest \/ Nest Cam C\u00e1mara para interiores IQ &#8211;  Cuenta con asistente de Google integrado"},"content":{"rendered":"<div style='width: 100%; max-width: 1200px; margin: 0 auto; font-family: sans-serif; line-height: 1.6; color: inherit; background-color: transparent;'> <!-- Imagen logo Nest --> <\/p>\n<div style='display: flex; justify-content: center; margin: 20px 0;'> <img style='width: 35%; height: auto; border: 1px solid rgba(150&comma;150&comma;150&comma;0.3); border-radius: 8px;' src='https:\/\/ftp3.syscom.mx\/usuarios\/luis.vargas\/NEST\/logo_nest.png' alt='Logo Nest'> <\/div>\n<p> <!-- Secci\u00f3n 1 - Inteligencia y procesamiento --> <\/p>\n<div style='display: flex; flex-wrap: wrap; gap: 30px; margin: 30px 0;'>\n<div style='flex: 1 1 300px; min-width: 280px;'> <img style='width: 100%; height: auto; border: 1px solid rgba(150&comma;150&comma;150&comma;0.3); border-radius: 8px;' src='https:\/\/ftp3.syscom.mx\/usuarios\/luis.vargas\/NEST\/NC3100US\/imagen1.jpg' alt='Nest Cam IQ'> <\/div>\n<div style='flex: 1 1 300px; min-width: 280px;'>\n<h3 style='font-size: 22px; border-bottom: 2px solid currentColor; padding-bottom: 5px; margin-top: 0; color: inherit; opacity: 0.8;'>M\u00e1s que inteligente<\/h3>\n<p style='font-size: 15px; color: inherit; text-align: justify;'>La Nest Cam IQ tiene un gran poder de procesamiento&comma; que le permite en distinguir entre una persona y otras cosas.<\/p>\n<ul style='padding-left: 20px; font-size: 15px; color: inherit;'>\n<li style='margin-bottom: 5px;'><strong>Procesador:<\/strong> 6 n\u00facleos<\/li>\n<li style='margin-bottom: 5px;'><strong>Asistente:<\/strong> Google Integrado<\/li>\n<li style='margin-bottom: 5px;'><strong>Alerta:<\/strong> Detecci\u00f3n de persona<\/li>\n<\/ul><\/div>\n<\/p><\/div>\n<p> <!-- Secci\u00f3n 2 - Supersight --> <\/p>\n<div style='display: flex; flex-wrap: wrap; gap: 30px; margin: 30px 0;'>\n<div style='flex: 1 1 300px; min-width: 280px;'>\n<h3 style='font-size: 22px; border-bottom: 2px solid currentColor; padding-bottom: 5px; margin-top: 0; color: inherit; opacity: 0.8;'>Tiene una visi\u00f3n tan potente&comma; que la llamamos Supersight<\/h3>\n<p style='font-size: 15px; color: inherit; text-align: justify;'>\u00bfQu\u00e9 consigues cuando combinas un sensor 4K con HDR e im\u00e1genes inteligentes? Supersight: Una nueva forma de cuidar tu casa con vista de lince<\/p>\n<ul style='padding-left: 20px; font-size: 15px; color: inherit;'>\n<li style='margin-bottom: 5px;'><strong>Sensor:<\/strong> 4K<\/li>\n<li style='margin-bottom: 5px;'><strong>Vista:<\/strong> Seguimiento con acercamiento<\/li>\n<li style='margin-bottom: 5px;'><strong>Resoluci\u00f3n:<\/strong> HD de 1080p<\/li>\n<\/ul><\/div>\n<div style='flex: 1 1 300px; min-width: 280px;'> <img style='width: 100%; height: auto; border: 1px solid rgba(150&comma;150&comma;150&comma;0.3); border-radius: 8px;' src='https:\/\/ftp3.syscom.mx\/usuarios\/luis.vargas\/NEST\/NC3100US\/sensor.jpg' alt='Sensor Supersight'> <\/div>\n<\/p><\/div>\n<p> <!-- Secci\u00f3n 3 - Audio --> <\/p>\n<div style='display: flex; flex-wrap: wrap; gap: 30px; margin: 30px 0;'>\n<div style='flex: 1 1 300px; min-width: 280px;'> <img style='width: 100%; height: auto; border: 1px solid rgba(150&comma;150&comma;150&comma;0.3); border-radius: 8px;' src='https:\/\/ftp3.syscom.mx\/usuarios\/luis.vargas\/NEST\/NC3100US\/Imagen3.jpg' alt='Sistema de audio'> <\/div>\n<div style='flex: 1 1 300px; min-width: 280px;'>\n<h3 style='font-size: 22px; border-bottom: 2px solid currentColor; padding-bottom: 5px; margin-top: 0; color: inherit; opacity: 0.8;'>Habla en voz alta y tiene un micr\u00f3fono importante<\/h3>\n<p style='font-size: 15px; color: inherit; text-align: justify;'>Una bocina potente puede ahuyentar a los intrusos de lejos. Y&comma; con cancelaci\u00f3n de ruido y la suspensi\u00f3n de eco&comma; los puedes escuchar alto y claro.<\/p>\n<ul style='padding-left: 20px; font-size: 15px; color: inherit;'>\n<li style='margin-bottom: 5px;'><strong>Micr\u00f3fonos:<\/strong> 3<\/li>\n<li style='margin-bottom: 5px;'><strong>Bocina:<\/strong> 7 veces m\u00e1s potente<\/li>\n<li style='margin-bottom: 5px;'><strong>Audio:<\/strong> Supresi\u00f3n de ruido y eco<\/li>\n<\/ul><\/div>\n<\/p><\/div>\n<p> <!-- Secci\u00f3n 4 - Visi\u00f3n nocturna --> <\/p>\n<div style='display: flex; flex-wrap: wrap; gap: 30px; margin: 30px 0;'>\n<div style='flex: 1 1 300px; min-width: 280px;'>\n<h3 style='font-size: 22px; border-bottom: 2px solid currentColor; padding-bottom: 5px; margin-top: 0; color: inherit; opacity: 0.8;'>Brillante con todo tipo de luz<\/h3>\n<p style='font-size: 15px; color: inherit; text-align: justify;'>El HDR y los LED infrarrojos invisibles ilumina toda la habitaci\u00f3n de manera uniforme. Por eso&comma; los p\u00edxeles se mantienen brillantes y n\u00edtidos en la oscuridad m\u00e1s profunda o con poca luz.<\/p>\n<ul style='padding-left: 20px; font-size: 15px; color: inherit;'>\n<li style='margin-bottom: 5px;'><strong>Iluminaci\u00f3n:<\/strong> HDR de d\u00eda<\/li>\n<li style='margin-bottom: 5px;'><strong>Infrarrojos:<\/strong> 940 nm<\/li>\n<li style='margin-bottom: 5px;'><strong>LED:<\/strong> M\u00e1s brillantes<\/li>\n<\/ul><\/div>\n<div style='flex: 1 1 300px; min-width: 280px;'> <img style='width: 100%; height: auto; border: 1px solid rgba(150&comma;150&comma;150&comma;0.3); border-radius: 8px;' src='https:\/\/ftp3.syscom.mx\/usuarios\/luis.vargas\/NEST\/NC3100US\/Imagen5.png' alt='Visi\u00f3n nocturna'> <\/div>\n<\/p><\/div>\n<p> <!-- Separador --> <\/p>\n<hr style='border: 0; border-top: 1px solid rgba(150&comma; 150&comma; 150&comma; 0.3); margin: 30px 0;'> <!-- Especificaciones t\u00e9cnicas --> <\/p>\n<div style='display: flex; flex-wrap: wrap; gap: 20px; margin: 30px 0;'>\n<div style='flex: 1 1 250px; border: 1px solid rgba(150&comma; 150&comma; 150&comma; 0.4); border-radius: 8px; overflow: hidden; display: flex; flex-direction: column;'>\n<div style='padding: 15px; border-bottom: 1px solid rgba(150&comma; 150&comma; 150&comma; 0.2); font-weight: bold; font-size: 18px; color: inherit;'>C\u00e1mara<\/div>\n<div style='padding: 15px; color: inherit;'>\n<ul style='padding-left: 20px; margin: 0; font-size: 14px; list-style-type: disc;'>\n<li style='margin-bottom: 5px;'><strong>Sensor:<\/strong> 1\/2.5&#8221;<\/li>\n<li style='margin-bottom: 5px;'><strong>Resoluci\u00f3n:<\/strong> 8 Megap\u00edxeles (4K)<\/li>\n<li style='margin-bottom: 5px;'><strong>Zoom:<\/strong> Digital 12x<\/li>\n<\/ul><\/div>\n<\/p><\/div>\n<div style='flex: 1 1 250px; border: 1px solid rgba(150&comma; 150&comma; 150&comma; 0.4); border-radius: 8px; overflow: hidden; display: flex; flex-direction: column;'>\n<div style='padding: 15px; border-bottom: 1px solid rgba(150&comma; 150&comma; 150&comma; 0.2); font-weight: bold; font-size: 18px; color: inherit;'>Video<\/div>\n<div style='padding: 15px; color: inherit;'>\n<ul style='padding-left: 20px; margin: 0; font-size: 14px; list-style-type: disc;'>\n<li style='margin-bottom: 5px;'><strong>Resoluci\u00f3n:<\/strong> 1080p<\/li>\n<li style='margin-bottom: 5px;'><strong>Velocidad:<\/strong> 30 fps<\/li>\n<li style='margin-bottom: 5px;'><strong>Calidad:<\/strong> HDR<\/li>\n<li style='margin-bottom: 5px;'><strong>Codificaci\u00f3n:<\/strong> H.264<\/li>\n<\/ul><\/div>\n<\/p><\/div>\n<div style='flex: 1 1 250px; border: 1px solid rgba(150&comma; 150&comma; 150&comma; 0.4); border-radius: 8px; overflow: hidden; display: flex; flex-direction: column;'>\n<div style='padding: 15px; border-bottom: 1px solid rgba(150&comma; 150&comma; 150&comma; 0.2); font-weight: bold; font-size: 18px; color: inherit;'>Campo de visi\u00f3n<\/div>\n<div style='padding: 15px; color: inherit;'>\n<ul style='padding-left: 20px; margin: 0; font-size: 14px; list-style-type: disc;'>\n<li style='margin-bottom: 5px;'><strong>\u00c1ngulo:<\/strong> Diagonal de 130\u00ba<\/li>\n<\/ul><\/div>\n<\/p><\/div>\n<div style='flex: 1 1 250px; border: 1px solid rgba(150&comma; 150&comma; 150&comma; 0.4); border-radius: 8px; overflow: hidden; display: flex; flex-direction: column;'>\n<div style='padding: 15px; border-bottom: 1px solid rgba(150&comma; 150&comma; 150&comma; 0.2); font-weight: bold; font-size: 18px; color: inherit;'>Visi\u00f3n nocturna<\/div>\n<div style='padding: 15px; color: inherit;'>\n<ul style='padding-left: 20px; margin: 0; font-size: 14px; list-style-type: disc;'>\n<li style='margin-bottom: 5px;'><strong>LED Infrarrojos:<\/strong> Alta potencia de 940 nm<\/li>\n<\/ul><\/div>\n<\/p><\/div>\n<div style='flex: 1 1 250px; border: 1px solid rgba(150&comma; 150&comma; 150&comma; 0.4); border-radius: 8px; overflow: hidden; display: flex; flex-direction: column;'>\n<div style='padding: 15px; border-bottom: 1px solid rgba(150&comma; 150&comma; 150&comma; 0.2); font-weight: bold; font-size: 18px; color: inherit;'>Audio y Luces<\/div>\n<div style='padding: 15px; color: inherit;'>\n<ul style='padding-left: 20px; margin: 0; font-size: 14px; list-style-type: disc;'>\n<li style='margin-bottom: 5px;'><strong>Altavoz:<\/strong> Alta calidad<\/li>\n<li style='margin-bottom: 5px;'><strong>Micr\u00f3fonos:<\/strong> 3<\/li>\n<li style='margin-bottom: 5px;'><strong>Luz:<\/strong> Estado y aro luminoso RGB<\/li>\n<\/ul><\/div>\n<\/p><\/div>\n<div style='flex: 1 1 250px; border: 1px solid rgba(150&comma; 150&comma; 150&comma; 0.4); border-radius: 8px; overflow: hidden; display: flex; flex-direction: column;'>\n<div style='padding: 15px; border-bottom: 1px solid rgba(150&comma; 150&comma; 150&comma; 0.2); font-weight: bold; font-size: 18px; color: inherit;'>Conexi\u00f3n inal\u00e1mbrica<\/div>\n<div style='padding: 15px; color: inherit;'>\n<ul style='padding-left: 20px; margin: 0; font-size: 14px; list-style-type: disc;'>\n<li style='margin-bottom: 5px;'><strong>Wi-Fi:<\/strong> 802.11 a\/b\/g\/n\/ac&comma; 2.4 GHz o 5 GHz<\/li>\n<li style='margin-bottom: 5px;'><strong>Seguridad:<\/strong> Encriptaci\u00f3n WEP&comma; WPA&comma; WPA2<\/li>\n<\/ul><\/div>\n<\/p><\/div>\n<div style='flex: 1 1 250px; border: 1px solid rgba(150&comma; 150&comma; 150&comma; 0.4); border-radius: 8px; overflow: hidden; display: flex; flex-direction: column;'>\n<div style='padding: 15px; border-bottom: 1px solid rgba(150&comma; 150&comma; 150&comma; 0.2); font-weight: bold; font-size: 18px; color: inherit;'>Idiomas<\/div>\n<div style='padding: 15px; color: inherit;'>\n<ul style='padding-left: 20px; margin: 0; font-size: 14px; list-style-type: disc;'>\n<li style='margin-bottom: 5px;'>Ingl\u00e9s (EE.UU.&comma; UK)&comma; Holand\u00e9s&comma; Franc\u00e9s (Canad\u00e1&comma; Francia)&comma; Alem\u00e1n&comma; Italiano&comma; Espa\u00f1ol (Am\u00e9rica&comma; Espa\u00f1a)<\/li>\n<\/ul><\/div>\n<\/p><\/div>\n<div style='flex: 1 1 250px; border: 1px solid rgba(150&comma; 150&comma; 150&comma; 0.4); border-radius: 8px; overflow: hidden; display: flex; flex-direction: column;'>\n<div style='padding: 15px; border-bottom: 1px solid rgba(150&comma; 150&comma; 150&comma; 0.2); font-weight: bold; font-size: 18px; color: inherit;'>Seguridad<\/div>\n<div style='padding: 15px; color: inherit;'>\n<ul style='padding-left: 20px; margin: 0; font-size: 14px; list-style-type: disc;'>\n<li style='margin-bottom: 5px;'><strong>Encriptaci\u00f3n:<\/strong> AES de 128 bits con TLS\/SSL<\/li>\n<\/ul><\/div>\n<\/p><\/div>\n<div style='flex: 1 1 250px; border: 1px solid rgba(150&comma; 150&comma; 150&comma; 0.4); border-radius: 8px; overflow: hidden; display: flex; flex-direction: column;'>\n<div style='padding: 15px; border-bottom: 1px solid rgba(150&comma; 150&comma; 150&comma; 0.2); font-weight: bold; font-size: 18px; color: inherit;'>Temperatura de funcionamiento<\/div>\n<div style='padding: 15px; color: inherit;'>\n<ul style='padding-left: 20px; margin: 0; font-size: 14px; list-style-type: disc;'>\n<li style='margin-bottom: 5px;'>De 0 a 40 \u00baC (32 a 104 \u00baF)<\/li>\n<\/ul><\/div>\n<\/p><\/div>\n<div style='flex: 1 1 250px; border: 1px solid rgba(150&comma; 150&comma; 150&comma; 0.4); border-radius: 8px; overflow: hidden; display: flex; flex-direction: column;'>\n<div style='padding: 15px; border-bottom: 1px solid rgba(150&comma; 150&comma; 150&comma; 0.2); font-weight: bold; font-size: 18px; color: inherit;'>Tama\u00f1o y peso<\/div>\n<div style='padding: 15px; color: inherit;'>\n<ul style='padding-left: 20px; margin: 0; font-size: 14px; list-style-type: disc;'>\n<li style='margin-bottom: 5px;'><strong>Dimensiones:<\/strong> 12.4cm x 7.4cm x 7.4cm (4.9&#8242; x 2.9&#8242; x 2.9&#8242;)<\/li>\n<li style='margin-bottom: 5px;'><strong>Peso:<\/strong> 357g (12.6 oz)<\/li>\n<li style='margin-bottom: 5px;'><strong>Cable:<\/strong> 3m (10 ft)<\/li>\n<\/ul><\/div>\n<\/p><\/div>\n<div style='flex: 1 1 250px; border: 1px solid rgba(150&comma; 150&comma; 150&comma; 0.4); border-radius: 8px; overflow: hidden; display: flex; flex-direction: column;'>\n<div style='padding: 15px; border-bottom: 1px solid rgba(150&comma; 150&comma; 150&comma; 0.2); font-weight: bold; font-size: 18px; color: inherit;'>Alimentaci\u00f3n<\/div>\n<div style='padding: 15px; color: inherit;'>\n<ul style='padding-left: 20px; margin: 0; font-size: 14px; list-style-type: disc;'>\n<li style='margin-bottom: 5px;'><strong>Adaptador:<\/strong>\n<ul style='margin: 5px 0 5px 20px; padding: 0; list-style-type: circle;'>\n<li style='margin-bottom: 3px;'><strong>Entrada:<\/strong> 100-240 VCA&comma; 50\/60 Hz&comma; 0.65A<\/li>\n<li style='margin-bottom: 3px;'><strong>Salida:<\/strong> 15 VCC&comma; 1.87A<\/li>\n<\/ul>\n<\/li>\n<li style='margin-bottom: 5px;'><strong>C\u00e1mara:<\/strong>\n<ul style='margin: 5px 0 5px 20px; padding: 0; list-style-type: circle;'>\n<li style='margin-bottom: 3px;'><strong>Entrada:<\/strong> 15 VCC&comma; 1A<\/li>\n<\/ul>\n<\/li>\n<\/ul><\/div>\n<\/p><\/div>\n<div style='flex: 1 1 250px; border: 1px solid rgba(150&comma; 150&comma; 150&comma; 0.4); border-radius: 8px; overflow: hidden; display: flex; flex-direction: column;'>\n<div style='padding: 15px; border-bottom: 1px solid rgba(150&comma; 150&comma; 150&comma; 0.2); font-weight: bold; font-size: 18px; color: inherit;'>Requisitos de conectividad<\/div>\n<div style='padding: 15px; color: inherit;'>\n<ul style='padding-left: 20px; margin: 0; font-size: 14px; list-style-type: disc;'>\n<li style='margin-bottom: 5px;'><strong>Conexi\u00f3n:<\/strong> Wi-Fi<\/li>\n<li style='margin-bottom: 5px;'>Conexi\u00f3n a internet de banda ancha que funcione con al menos 2Mbps de velocidad de carga (una conexi\u00f3n DSL tal vez no sea suficiente)<\/li>\n<li style='margin-bottom: 5px;'>Requiere un tel\u00e9fono celular o tablet compatibles con la app de Nest gratuita y Bluetooth 4.0. Algunos tel\u00e9fonos&comma; tablets y redes no admiten la calidad de 1080p.<\/li>\n<\/ul><\/div>\n<\/p><\/div>\n<\/p><\/div>\n<p> <!-- Separador --> <\/p>\n<hr style='border: 0; border-top: 1px solid rgba(150&comma; 150&comma; 150&comma; 0.3); margin: 30px 0;'> <!-- V\u00eddeos --> <\/p>\n<h3 style='font-size: 20px; margin-bottom: 20px; color: inherit; opacity: 0.8; text-decoration: underline;'>VIDEOS<\/h3>\n<div style='display: grid; grid-template-columns: repeat(auto-fill&comma; minmax(300px&comma; 1fr)); gap: 20px; margin: 20px 0;'> <!-- Video 1 --> <\/p>\n<div style='position: relative; padding-bottom: 56.25%; height: 0; overflow: hidden;'>   <\/div>\n<p> <!-- Video 2 --> <\/p>\n<div style='position: relative; padding-bottom: 56.25%; height: 0; overflow: hidden;'>   <\/div>\n<p> <!-- Video 3 --> <\/p>\n<div style='position: relative; padding-bottom: 56.25%; height: 0; overflow: hidden;'>   <\/div>\n<\/p><\/div>\n<\/p><\/div>\n","protected":false},"excerpt":{"rendered":"<p>Google Nest \/ Nest Cam C\u00e1mara para interiores IQ &#8211;  Cuenta con asistente de Google integrado<\/p>\n","protected":false},"featured_media":117526,"comment_status":"open","ping_status":"closed","template":"","meta":[],"product_brand":[],"product_cat":[2238],"product_tag":[122,2239,2385],"class_list":{"0":"post-117527","1":"product","2":"type-product","3":"status-publish","4":"has-post-thumbnail","6":"product_cat-cubo","7":"product_tag-camaras-ip-y-nvrs","8":"product_tag-cubo","9":"product_tag-google","11":"first","12":"outofstock","13":"sale","14":"shipping-taxable","15":"purchasable","16":"product-type-simple"},"_links":{"self":[{"href":"https:\/\/soydeaqui.ddns.net\/pachuca\/index.php\/wp-json\/wp\/v2\/product\/117527","targetHints":{"allow":["GET"]}}],"collection":[{"href":"https:\/\/soydeaqui.ddns.net\/pachuca\/index.php\/wp-json\/wp\/v2\/product"}],"about":[{"href":"https:\/\/soydeaqui.ddns.net\/pachuca\/index.php\/wp-json\/wp\/v2\/types\/product"}],"replies":[{"embeddable":true,"href":"https:\/\/soydeaqui.ddns.net\/pachuca\/index.php\/wp-json\/wp\/v2\/comments?post=117527"}],"wp:featuredmedia":[{"embeddable":true,"href":"https:\/\/soydeaqui.ddns.net\/pachuca\/index.php\/wp-json\/wp\/v2\/media\/117526"}],"wp:attachment":[{"href":"https:\/\/soydeaqui.ddns.net\/pachuca\/index.php\/wp-json\/wp\/v2\/media?parent=117527"}],"wp:term":[{"taxonomy":"product_brand","embeddable":true,"href":"https:\/\/soydeaqui.ddns.net\/pachuca\/index.php\/wp-json\/wp\/v2\/product_brand?post=117527"},{"taxonomy":"product_cat","embeddable":true,"href":"https:\/\/soydeaqui.ddns.net\/pachuca\/index.php\/wp-json\/wp\/v2\/product_cat?post=117527"},{"taxonomy":"product_tag","embeddable":true,"href":"https:\/\/soydeaqui.ddns.net\/pachuca\/index.php\/wp-json\/wp\/v2\/product_tag?post=117527"}],"curies":[{"name":"wp","href":"https:\/\/api.w.org\/{rel}","templated":true}]}}