{"id":117509,"date":"2026-03-24T03:19:28","date_gmt":"2026-03-24T03:19:28","guid":{"rendered":"https:\/\/soydeaqui.ddns.net\/pachuca\/index.php\/producto\/tubo-termoencogible-termofit-negro-de-1-2-m-1-5-de-diametro-reduce-de-21-poliolefina\/"},"modified":"2026-03-24T03:19:44","modified_gmt":"2026-03-24T03:19:44","slug":"tubo-termoencogible-termofit-negro-de-1-2-m-1-5-de-diametro-reduce-de-21-poliolefina","status":"publish","type":"product","link":"https:\/\/soydeaqui.ddns.net\/pachuca\/index.php\/producto\/tubo-termoencogible-termofit-negro-de-1-2-m-1-5-de-diametro-reduce-de-21-poliolefina\/","title":{"rendered":"Tubo Termoencogible (Termofit) Negro de 1.2 m, 1.5&#8243; de Di\u00e1metro, Reduce de 2:1, Poliolefina."},"content":{"rendered":"<div style='width: 100%; max-width: 1200px; margin: 0 auto; font-family: sans-serif; line-height: 1.6; color: inherit; background-color: transparent;'> <!-- Secci\u00f3n de caracter\u00edsticas principales --> <\/p>\n<div style='margin-bottom: 30px;'>\n<h2 style='font-size: 20px; border-bottom: 2px solid currentColor; padding-bottom: 8px; margin-top: 0; color: inherit; opacity: 0.85;'>Caracter\u00edsticas Principales<\/h2>\n<ul style='padding-left: 20px; font-size: 15px; color: inherit;'>\n<li style='margin-bottom: 5px;'>Relaci\u00f3n de contracci\u00f3n 2:1 para ajuste perfecto<\/li>\n<li style='margin-bottom: 5px;'>Resistencia diel\u00e9ctrica de 900 V para seguridad el\u00e9ctrica<\/li>\n<li style='margin-bottom: 5px;'>Operaci\u00f3n de -55\u00b0C a +135\u00b0C para versatilidad<\/li>\n<li style='margin-bottom: 5px;'>Material poliolefinas resistente a qu\u00edmicos<\/li>\n<li style='margin-bottom: 5px;'>Di\u00e1metro recuperado de 19.05 mm para firmeza<\/li>\n<\/ul><\/div>\n<p> <!-- Secci\u00f3n de especificaciones t\u00e9cnicas --> <\/p>\n<div style='display: flex; flex-wrap: wrap; gap: 30px; margin-bottom: 30px;'>\n<div style='flex: 1 1 300px; min-width: 280px;'>\n<h3 style='font-size: 18px; border-bottom: 2px solid currentColor; padding-bottom: 5px; margin-top: 0; color: inherit; opacity: 0.8;'>Especificaciones T\u00e9cnicas<\/h3>\n<ul style='padding-left: 20px; font-size: 15px; color: inherit;'>\n<li style='margin-bottom: 5px;'><strong>Di\u00e1metro Interno:<\/strong> 1.5 in (38.10 mm)<\/li>\n<li style='margin-bottom: 5px;'><strong>Di\u00e1metro Recuperado:<\/strong> 19.05 mm<\/li>\n<li style='margin-bottom: 5px;'><strong>Relaci\u00f3n de Contracci\u00f3n:<\/strong> 2:1<\/li>\n<li style='margin-bottom: 5px;'><strong>Material:<\/strong> Poliolefina (PO)<\/li>\n<li style='margin-bottom: 5px;'><strong>Color:<\/strong> Negro<\/li>\n<li style='margin-bottom: 5px;'><strong>Longitud:<\/strong> 1.2 m<\/li>\n<\/ul><\/div>\n<div style='flex: 1 1 300px; min-width: 280px;'>\n<h3 style='font-size: 18px; border-bottom: 2px solid currentColor; padding-bottom: 5px; margin-top: 0; color: inherit; opacity: 0.8;'>Rango de Temperatura<\/h3>\n<ul style='padding-left: 20px; font-size: 15px; color: inherit;'>\n<li style='margin-bottom: 5px;'><strong>Operaci\u00f3n Continua:<\/strong> -55\u00b0C a +135\u00b0C<\/li>\n<li style='margin-bottom: 5px;'><strong>Temperatura M\u00e1xima:<\/strong> +135\u00b0C<\/li>\n<li style='margin-bottom: 5px;'><strong>Temperatura M\u00ednima de Encogimiento:<\/strong> 100\u00b0C<\/li>\n<li style='margin-bottom: 5px;'><strong>Resistencia T\u00e9rmica:<\/strong> 300\u00b0C por corto tiempo<\/li>\n<\/ul><\/div>\n<div style='flex: 1 1 300px; min-width: 280px;'>\n<h3 style='font-size: 18px; border-bottom: 2px solid currentColor; padding-bottom: 5px; margin-top: 0; color: inherit; opacity: 0.8;'>Propiedades El\u00e9ctricas<\/h3>\n<ul style='padding-left: 20px; font-size: 15px; color: inherit;'>\n<li style='margin-bottom: 5px;'><strong>Resistencia Diel\u00e9ctrica:<\/strong> 900 V\/mil<\/li>\n<li style='margin-bottom: 5px;'><strong>Resistividad Volum\u00e9trica:<\/strong> 10<sup>15<\/sup> ohm\/cm<\/li>\n<li style='margin-bottom: 5px;'><strong>Clasificaci\u00f3n UL:<\/strong> 600 volts m\u00e1ximo @ 125\u00b0C<\/li>\n<li style='margin-bottom: 5px;'><strong>Clasificaci\u00f3n CSA:<\/strong> 600 volts m\u00e1ximo @ 125\u00b0C<\/li>\n<\/ul><\/div>\n<\/p><\/div>\n<p> <!-- Secci\u00f3n de propiedades adicionales --> <\/p>\n<div style='display: flex; flex-wrap: wrap; gap: 30px; margin-bottom: 30px;'>\n<div style='flex: 1 1 300px; min-width: 280px;'>\n<h3 style='font-size: 18px; border-bottom: 2px solid currentColor; padding-bottom: 5px; margin-top: 0; color: inherit; opacity: 0.8;'>Propiedades F\u00edsicas<\/h3>\n<ul style='padding-left: 20px; font-size: 15px; color: inherit;'>\n<li style='margin-bottom: 5px;'><strong>Resistencia a la Tensi\u00f3n:<\/strong> 2400 psi<\/li>\n<li style='margin-bottom: 5px;'><strong>Elongaci\u00f3n:<\/strong> 400%<\/li>\n<li style='margin-bottom: 5px;'><strong>M\u00f3dulo Secante (2%):<\/strong> 13&comma;000 psi<\/li>\n<li style='margin-bottom: 5px;'><strong>Cambios Longitudinales:<\/strong> \u00b15%<\/li>\n<li style='margin-bottom: 5px;'><strong>Densidad:<\/strong> 1.3 (Opaco)<\/li>\n<\/ul><\/div>\n<div style='flex: 1 1 300px; min-width: 280px;'>\n<h3 style='font-size: 18px; border-bottom: 2px solid currentColor; padding-bottom: 5px; margin-top: 0; color: inherit; opacity: 0.8;'>Resistencias<\/h3>\n<ul style='padding-left: 20px; font-size: 15px; color: inherit;'>\n<li style='margin-bottom: 5px;'><strong>Resistencia Qu\u00edmica:<\/strong> Excelente<\/li>\n<li style='margin-bottom: 5px;'><strong>Resistencia a Fungus:<\/strong> No nutriente<\/li>\n<li style='margin-bottom: 5px;'><strong>Absorci\u00f3n de Agua:<\/strong> 0.2%<\/li>\n<li style='margin-bottom: 5px;'><strong>Resistencia a Disolventes:<\/strong> Excelente<\/li>\n<li style='margin-bottom: 5px;'><strong>Autoextinguible:<\/strong> S\u00ed (excepto transparente)<\/li>\n<\/ul><\/div>\n<div style='flex: 1 1 300px; min-width: 280px;'>\n<h3 style='font-size: 18px; border-bottom: 2px solid currentColor; padding-bottom: 5px; margin-top: 0; color: inherit; opacity: 0.8;'>Certificaciones<\/h3>\n<ul style='padding-left: 20px; font-size: 15px; color: inherit;'>\n<li style='margin-bottom: 5px;'><strong>AS23053\/5:<\/strong> Clase 1&comma; Clase 2 (transparente)<\/li>\n<li style='margin-bottom: 5px;'><strong>UL Reconocido:<\/strong> Archivo E-39100&comma; 600V m\u00e1ximo @ 125\u00b0C<\/li>\n<li style='margin-bottom: 5px;'><strong>CSA Certificado:<\/strong> CSA LR38227&comma; 600V m\u00e1ximo @ 125\u00b0C<\/li>\n<\/ul><\/div>\n<\/p><\/div>\n<p> <!-- Secci\u00f3n de aplicaciones --> <\/p>\n<div style='margin-bottom: 30px;'>\n<h3 style='font-size: 18px; border-bottom: 2px solid currentColor; padding-bottom: 5px; margin-top: 0; color: inherit; opacity: 0.8;'>Aplicaciones<\/h3>\n<p style='font-size: 15px; color: inherit; margin-bottom: 15px;'>El tubo termoencogible 3M FP-301 se utiliza com\u00fanmente como aislamiento el\u00e9ctrico en empalmes de cables y terminales. Tambi\u00e9n es adecuado para:<\/p>\n<ul style='padding-left: 20px; font-size: 15px; color: inherit;'>\n<li style='margin-bottom: 5px;'>Cubierta para arneses de alambrado liviano<\/li>\n<li style='margin-bottom: 5px;'>Marcado de cables<\/li>\n<li style='margin-bottom: 5px;'>Agrupamiento de cables<\/li>\n<li style='margin-bottom: 5px;'>Embalaje de componentes<\/li>\n<li style='margin-bottom: 5px;'>Cubierta resistente al fuego<\/li>\n<\/ul><\/div>\n<p> <!-- Secci\u00f3n de almacenamiento y disponibilidad --> <\/p>\n<div style='display: flex; flex-wrap: wrap; gap: 30px;'>\n<div style='flex: 1 1 300px; min-width: 280px;'>\n<h3 style='font-size: 18px; border-bottom: 2px solid currentColor; padding-bottom: 5px; margin-top: 0; color: inherit; opacity: 0.8;'>Almacenamiento<\/h3>\n<p style='font-size: 15px; color: inherit; margin-bottom: 15px;'>Tiene una vida \u00fatil de 10 a\u00f1os desde la fecha de fabricaci\u00f3n cuando se almacena en condiciones controladas de humedad (10\u00b0C a 27\u00b0C y <75% de humedad relativa).<\/p>\n<\/p><\/div>\n<div style='flex: 1 1 300px; min-width: 280px;'>\n<h3 style='font-size: 18px; border-bottom: 2px solid currentColor; padding-bottom: 5px; margin-top: 0; color: inherit; opacity: 0.8;'>Disponibilidad<\/h3>\n<p style='font-size: 15px; color: inherit; margin-bottom: 15px;'>Disponible en longitudes de 4 pies&comma; carretes grandes (21&#8242; de di\u00e1metro) y carretes peque\u00f1os (8\u00bd&#8217; de di\u00e1metro).<\/p>\n<\/p><\/div>\n<\/p><\/div>\n<p> <!-- Separador --> <\/p>\n<hr style='border: 0; border-top: 1px solid rgba(150&comma; 150&comma; 150&comma; 0.3); margin: 30px 0;'> <\/div>\n","protected":false},"excerpt":{"rendered":"<p>Tubo Termoencogible (Termofit) Negro de 1.2 m, 1.5&#8243; de Di\u00e1metro, Reduce de 2:1, Poliolefina.<\/p>\n","protected":false},"featured_media":117508,"comment_status":"open","ping_status":"closed","template":"","meta":[],"product_brand":[],"product_cat":[930],"product_tag":[931,932,547],"class_list":{"0":"post-117509","1":"product","2":"type-product","3":"status-publish","4":"has-post-thumbnail","6":"product_cat-estacion-de-soldar-y-desoldadoras","7":"product_tag-equipo-de-laboratorio","8":"product_tag-estacion-de-soldar-y-desoldadoras","9":"product_tag-syscom-parts","11":"first","12":"outofstock","13":"sale","14":"shipping-taxable","15":"purchasable","16":"product-type-simple"},"_links":{"self":[{"href":"https:\/\/soydeaqui.ddns.net\/pachuca\/index.php\/wp-json\/wp\/v2\/product\/117509","targetHints":{"allow":["GET"]}}],"collection":[{"href":"https:\/\/soydeaqui.ddns.net\/pachuca\/index.php\/wp-json\/wp\/v2\/product"}],"about":[{"href":"https:\/\/soydeaqui.ddns.net\/pachuca\/index.php\/wp-json\/wp\/v2\/types\/product"}],"replies":[{"embeddable":true,"href":"https:\/\/soydeaqui.ddns.net\/pachuca\/index.php\/wp-json\/wp\/v2\/comments?post=117509"}],"wp:featuredmedia":[{"embeddable":true,"href":"https:\/\/soydeaqui.ddns.net\/pachuca\/index.php\/wp-json\/wp\/v2\/media\/117508"}],"wp:attachment":[{"href":"https:\/\/soydeaqui.ddns.net\/pachuca\/index.php\/wp-json\/wp\/v2\/media?parent=117509"}],"wp:term":[{"taxonomy":"product_brand","embeddable":true,"href":"https:\/\/soydeaqui.ddns.net\/pachuca\/index.php\/wp-json\/wp\/v2\/product_brand?post=117509"},{"taxonomy":"product_cat","embeddable":true,"href":"https:\/\/soydeaqui.ddns.net\/pachuca\/index.php\/wp-json\/wp\/v2\/product_cat?post=117509"},{"taxonomy":"product_tag","embeddable":true,"href":"https:\/\/soydeaqui.ddns.net\/pachuca\/index.php\/wp-json\/wp\/v2\/product_tag?post=117509"}],"curies":[{"name":"wp","href":"https:\/\/api.w.org\/{rel}","templated":true}]}}