{"id":117481,"date":"2026-03-24T03:17:54","date_gmt":"2026-03-24T03:17:54","guid":{"rendered":"https:\/\/soydeaqui.ddns.net\/pachuca\/index.php\/producto\/kit-de-7-unidades-de-identificacin-remota-para-nc-500\/"},"modified":"2026-03-24T03:18:03","modified_gmt":"2026-03-24T03:18:03","slug":"kit-de-7-unidades-de-identificacin-remota-para-nc-500","status":"publish","type":"product","link":"https:\/\/soydeaqui.ddns.net\/pachuca\/index.php\/producto\/kit-de-7-unidades-de-identificacin-remota-para-nc-500\/","title":{"rendered":"Kit de 7 Unidades de Identificaci?n Remota para NC-500"},"content":{"rendered":"<div style='width: 100%; max-width: 1200px; margin: 0 auto; font-family: sans-serif; line-height: 1.6; color: inherit;'>\n<div style='display: flex; flex-wrap: wrap; gap: 30px; margin-bottom: 30px;'>\n<div style='flex: 1 1 300px; min-width: 280px;'>\n<h3 style='font-size: 22px; border-bottom: 2px solid currentColor; padding-bottom: 5px; margin-top: 0; color: inherit; opacity: 0.8;'>Descripci\u00f3n General<\/h3>\n<p style='font-size: 15px; color: inherit;'>El Kit NC-510 de Tempo incluye 7 unidades de identificaci\u00f3n y prueba remota con conectores RJ45 y F (macho). El kit incluye un estuche para almacenamiento seguro de las unidades adicionales. El kit principal NC-500 (probador NC-500) se vende por separado. El dise\u00f1o port\u00e1til y compacto facilita su transporte y almacenamiento.<\/p>\n<\/p><\/div>\n<\/p><\/div>\n<div style='display: flex; flex-wrap: wrap; gap: 30px; margin-bottom: 30px;'>\n<div style='flex: 1 1 300px; min-width: 280px;'>\n<h3 style='font-size: 22px; border-bottom: 2px solid currentColor; padding-bottom: 5px; margin-top: 0; color: inherit; opacity: 0.8;'>Caracter\u00edsticas Principales<\/h3>\n<ul style='padding-left: 20px; font-size: 15px; color: inherit;'>\n<li style='margin-bottom: 5px;'>Incluye 7 unidades de identificaci\u00f3n y prueba remota<\/li>\n<li style='margin-bottom: 5px;'>Compatibilidad con conectores RJ45 y F macho<\/li>\n<li style='margin-bottom: 5px;'>Estuche para almacenamiento seguro de unidades adicionales<\/li>\n<li style='margin-bottom: 5px;'>Kit principal NC-500 compatible (se vende por separado)<\/li>\n<li style='margin-bottom: 5px;'>Dise\u00f1o port\u00e1til y f\u00e1cil de transportar<\/li>\n<\/ul><\/div>\n<\/p><\/div>\n<div style='display: flex; flex-wrap: wrap; gap: 20px; margin-bottom: 30px;'>\n<div style='flex: 1 1 250px; border: 1px solid rgba(150&comma; 150&comma; 150&comma; 0.4); border-radius: 8px; overflow: hidden; display: flex; flex-direction: column;'>\n<div style='padding: 15px; border-bottom: 1px solid rgba(150&comma; 150&comma; 150&comma; 0.2); font-weight: bold; font-size: 18px; color: inherit;'>Caracter\u00edsticas T\u00e9cnicas<\/div>\n<div style='padding: 15px; color: inherit;'>\n<ul style='padding-left: 20px; margin: 0; font-size: 14px; list-style-type: disc;'>\n<li style='margin-bottom: 5px;'>Identifica dispositivos de red activos en redes Ethernet 10\/100\/1000 Base-T (802.3)<\/li>\n<li style='margin-bottom: 5px;'>Identifica PoE (detecci\u00f3n de dispositivo fuente)<\/li>\n<li style='margin-bottom: 5px;'>Funci\u00f3n de bloc de notas\/memorando &#8211; almacenado en memoria no vol\u00e1til<\/li>\n<li style='margin-bottom: 5px;'>Conector &#8216;F&#8217; reemplazable en campo<\/li>\n<li style='margin-bottom: 5px;'>Biblioteca de cables NVP permite 5 tipos de cable fijos y 5 seleccionables por el usuario &#8211; almacenados en memoria no vol\u00e1til<\/li>\n<\/ul><\/div>\n<\/p><\/div>\n<div style='flex: 1 1 250px; border: 1px solid rgba(150&comma; 150&comma; 150&comma; 0.4); border-radius: 8px; overflow: hidden; display: flex; flex-direction: column;'>\n<div style='padding: 15px; border-bottom: 1px solid rgba(150&comma; 150&comma; 150&comma; 0.2); font-weight: bold; font-size: 18px; color: inherit;'>Aplicaciones<\/div>\n<div style='padding: 15px; color: inherit;'>\n<ul style='padding-left: 20px; margin: 0; font-size: 14px; list-style-type: disc;'>\n<li style='margin-bottom: 5px;'>Prueba de continuidad y asignaci\u00f3n correcta de pares<\/li>\n<li style='margin-bottom: 5px;'>Medici\u00f3n de longitud de cables<\/li>\n<li style='margin-bottom: 5px;'>Detecci\u00f3n de cables Power over Ethernet (PoE)<\/li>\n<li style='margin-bottom: 5px;'>Detecci\u00f3n de cortos&comma; circuitos abiertos&comma; pares invertidos&comma; cruzados y divididos<\/li>\n<li style='margin-bottom: 5px;'>Identificaci\u00f3n de tomas remotas<\/li>\n<li style='margin-bottom: 5px;'>Generaci\u00f3n de cuatro tonos distintos para trazado de cables<\/li>\n<\/ul><\/div>\n<\/p><\/div>\n<div style='flex: 1 1 250px; border: 1px solid rgba(150&comma; 150&comma; 150&comma; 0.4); border-radius: 8px; overflow: hidden; display: flex; flex-direction: column;'>\n<div style='padding: 15px; border-bottom: 1px solid rgba(150&comma; 150&comma; 150&comma; 0.2); font-weight: bold; font-size: 18px; color: inherit;'>Especificaciones<\/div>\n<div style='padding: 15px; color: inherit;'>\n<ul style='padding-left: 20px; margin: 0; font-size: 14px; list-style-type: disc;'>\n<li style='margin-bottom: 5px;'><strong>Dimensiones:<\/strong> 3.3&#8242; x 1.4&#8242; x 6.7&#8242; (8.5 cm x 3.5 cm x 17 cm)<\/li>\n<li style='margin-bottom: 5px;'><strong>Peso:<\/strong> 0.45 lb. (200 g)<\/li>\n<li style='margin-bottom: 5px;'><strong>Alimentaci\u00f3n:<\/strong> Bater\u00eda alcalina de 9V (PP3)<\/li>\n<li style='margin-bottom: 5px;'><strong>Pantalla:<\/strong> LCD de puntos: 128 x 128 puntos<\/li>\n<li style='margin-bottom: 5px;'><strong>Conexiones:<\/strong> Tomas RJ45 blindadas&comma; conectores coaxiales F tipo hembra<\/li>\n<\/ul><\/div>\n<\/p><\/div>\n<\/p><\/div>\n<hr style='border: 0; border-top: 1px solid rgba(150&comma; 150&comma; 150&comma; 0.3); margin: 30px 0;'> <\/div>\n","protected":false},"excerpt":{"rendered":"<p>Kit de 7 Unidades de Identificaci?n Remota para NC-500<\/p>\n","protected":false},"featured_media":117480,"comment_status":"open","ping_status":"closed","template":"","meta":[],"product_brand":[],"product_cat":[608],"product_tag":[586,25,658],"class_list":{"0":"post-117481","1":"product","2":"type-product","3":"status-publish","4":"has-post-thumbnail","6":"product_cat-herramientas-cableado-de-cobre","7":"product_tag-cableado-de-cobre","8":"product_tag-herramientas","9":"product_tag-tempo","11":"first","12":"instock","13":"sale","14":"shipping-taxable","15":"purchasable","16":"product-type-simple"},"_links":{"self":[{"href":"https:\/\/soydeaqui.ddns.net\/pachuca\/index.php\/wp-json\/wp\/v2\/product\/117481","targetHints":{"allow":["GET"]}}],"collection":[{"href":"https:\/\/soydeaqui.ddns.net\/pachuca\/index.php\/wp-json\/wp\/v2\/product"}],"about":[{"href":"https:\/\/soydeaqui.ddns.net\/pachuca\/index.php\/wp-json\/wp\/v2\/types\/product"}],"replies":[{"embeddable":true,"href":"https:\/\/soydeaqui.ddns.net\/pachuca\/index.php\/wp-json\/wp\/v2\/comments?post=117481"}],"wp:featuredmedia":[{"embeddable":true,"href":"https:\/\/soydeaqui.ddns.net\/pachuca\/index.php\/wp-json\/wp\/v2\/media\/117480"}],"wp:attachment":[{"href":"https:\/\/soydeaqui.ddns.net\/pachuca\/index.php\/wp-json\/wp\/v2\/media?parent=117481"}],"wp:term":[{"taxonomy":"product_brand","embeddable":true,"href":"https:\/\/soydeaqui.ddns.net\/pachuca\/index.php\/wp-json\/wp\/v2\/product_brand?post=117481"},{"taxonomy":"product_cat","embeddable":true,"href":"https:\/\/soydeaqui.ddns.net\/pachuca\/index.php\/wp-json\/wp\/v2\/product_cat?post=117481"},{"taxonomy":"product_tag","embeddable":true,"href":"https:\/\/soydeaqui.ddns.net\/pachuca\/index.php\/wp-json\/wp\/v2\/product_tag?post=117481"}],"curies":[{"name":"wp","href":"https:\/\/api.w.org\/{rel}","templated":true}]}}